{"id":32356,"date":"2024-05-14T16:03:56","date_gmt":"2024-05-14T16:03:56","guid":{"rendered":"https:\/\/sakaba.mghosteur.com\/?post_type=product&#038;p=32356"},"modified":"2024-05-14T16:03:56","modified_gmt":"2024-05-14T16:03:56","slug":"shea-moisture-strengthen-restore-shampoo","status":"publish","type":"product","link":"https:\/\/sakaba.mghosteur.com\/en\/product\/shea-moisture-strengthen-restore-shampoo\/","title":{"rendered":"SHEA MOISTURE STRENGTHEN &#038;RESTORE SHAMPOO"},"content":{"rendered":"","protected":false},"excerpt":{"rendered":"","protected":false},"featured_media":0,"comment_status":"open","ping_status":"closed","template":"","meta":[],"product_brand":[967],"product_cat":[377],"product_tag":[],"class_list":{"0":"post-32356","1":"product","2":"type-product","3":"status-publish","5":"product_brand-sheamoisture","6":"product_cat-bath-body-works","8":"first","9":"instock","10":"shipping-taxable","11":"product-type-simple"},"jetpack-related-posts":[{"id":25911,"url":"https:\/\/sakaba.mghosteur.com\/en\/product\/shea-moisture-hydrate-repair-shampoo\/","url_meta":{"origin":32356,"position":0},"title":"SHEA MOISTURE  HYDRATE + REPAIR SHAMPOO","author":"admin","date":"November 23, 2022","format":false,"excerpt":"","rel":"","context":"Similar post","block_context":{"text":"Similar post","link":""},"img":{"alt_text":"","src":"","width":0,"height":0},"classes":[]},{"id":25905,"url":"https:\/\/sakaba.mghosteur.com\/en\/product\/sheamoisture-jamaican-black-castor-oil-strengthen-restore-edge-treatment\/","url_meta":{"origin":32356,"position":1},"title":"SheaMoisture Jamaican Black Castor Oil Strengthen &#038; Restore Edge Treatment","author":"admin","date":"November 23, 2022","format":false,"excerpt":"","rel":"","context":"Similar post","block_context":{"text":"Similar post","link":""},"img":{"alt_text":"","src":"","width":0,"height":0},"classes":[]},{"id":25919,"url":"https:\/\/sakaba.mghosteur.com\/en\/product\/sheamoisture-jamaican-black-castor-oil-strengthen-restore-serum\/","url_meta":{"origin":32356,"position":2},"title":"SheaMoisture Jamaican Black Castor Oil Strengthen &#038; Restore Serum","author":"admin","date":"November 23, 2022","format":false,"excerpt":"","rel":"","context":"Similar post","block_context":{"text":"Similar post","link":""},"img":{"alt_text":"","src":"","width":0,"height":0},"classes":[]},{"id":25907,"url":"https:\/\/sakaba.mghosteur.com\/en\/product\/sheamoisture-jamaican-black-castor-oil-strengthen-grow-restore-conditioner\/","url_meta":{"origin":32356,"position":3},"title":"SheaMoisture Jamaican Black Castor Oil Strengthen, Grow &#038; Restore Conditioner","author":"admin","date":"November 23, 2022","format":false,"excerpt":"","rel":"","context":"Similar post","block_context":{"text":"Similar post","link":""},"img":{"alt_text":"","src":"","width":0,"height":0},"classes":[]},{"id":26114,"url":"https:\/\/sakaba.mghosteur.com\/en\/product\/motions-active-moisture-plus-conditioner-nourish-restore\/","url_meta":{"origin":32356,"position":4},"title":"Motions Active Moisture Plus Conditioner Nourish &#038; restore","author":"admin","date":"November 24, 2022","format":false,"excerpt":"","rel":"","context":"Similar post","block_context":{"text":"Similar post","link":""},"img":{"alt_text":"","src":"","width":0,"height":0},"classes":[]},{"id":32386,"url":"https:\/\/sakaba.mghosteur.com\/en\/product\/sheamoisture-strengthen-restore-treatement-masque-57g\/","url_meta":{"origin":32356,"position":5},"title":"SHEAMOISTURE STRENGTHEN &amp; RESTORE TREATEMENT MASQUE 57G","author":"admin","date":"May 14, 2024","format":false,"excerpt":"Ce masque intense revitalisant redonne force et r\u00e9sistance aux cheveux ab\u00eem\u00e9s, cassants ou trait\u00e9s chimiquement. Il convient parfaitement aux personnes qui colorent, lissent, permanentent ou chauffent r\u00e9guli\u00e8rement leurs cheveux, ou qui ont les cheveux naturellement cr\u00e9pus, boucl\u00e9s ou ondul\u00e9s. Formul\u00e9 avec de l'huile de ricin noire de Jama\u00efque et du\u2026","rel":"","context":"Similar post","block_context":{"text":"Similar post","link":""},"img":{"alt_text":"","src":"","width":0,"height":0},"classes":[]}],"_links":{"self":[{"href":"https:\/\/sakaba.mghosteur.com\/en\/wp-json\/wp\/v2\/product\/32356","targetHints":{"allow":["GET"]}}],"collection":[{"href":"https:\/\/sakaba.mghosteur.com\/en\/wp-json\/wp\/v2\/product"}],"about":[{"href":"https:\/\/sakaba.mghosteur.com\/en\/wp-json\/wp\/v2\/types\/product"}],"replies":[{"embeddable":true,"href":"https:\/\/sakaba.mghosteur.com\/en\/wp-json\/wp\/v2\/comments?post=32356"}],"version-history":[{"count":0,"href":"https:\/\/sakaba.mghosteur.com\/en\/wp-json\/wp\/v2\/product\/32356\/revisions"}],"wp:attachment":[{"href":"https:\/\/sakaba.mghosteur.com\/en\/wp-json\/wp\/v2\/media?parent=32356"}],"wp:term":[{"taxonomy":"product_brand","embeddable":true,"href":"https:\/\/sakaba.mghosteur.com\/en\/wp-json\/wp\/v2\/product_brand?post=32356"},{"taxonomy":"product_cat","embeddable":true,"href":"https:\/\/sakaba.mghosteur.com\/en\/wp-json\/wp\/v2\/product_cat?post=32356"},{"taxonomy":"product_tag","embeddable":true,"href":"https:\/\/sakaba.mghosteur.com\/en\/wp-json\/wp\/v2\/product_tag?post=32356"}],"curies":[{"name":"wp","href":"https:\/\/api.w.org\/{rel}","templated":true}]}}