{"id":32359,"date":"2024-05-14T16:04:50","date_gmt":"2024-05-14T16:04:50","guid":{"rendered":"https:\/\/sakaba.mghosteur.com\/?post_type=product&#038;p=32359"},"modified":"2024-09-01T03:15:17","modified_gmt":"2024-09-01T03:15:17","slug":"sheamoisture-beard-balm","status":"publish","type":"product","link":"https:\/\/sakaba.mghosteur.com\/en\/product\/sheamoisture-beard-balm\/","title":{"rendered":"SheaMoisture BEARD BALM"},"content":{"rendered":"<p>Fa\u00e7onnez, lissez et d\u00e9finissez les poils du visage pour une barbe bien entretenue toute la journ\u00e9e avec ce baume coiffant. Infus\u00e9 au beurre de karit\u00e9 et au maracuja, il aide \u00e0 sceller les effets nourrissants et hydratants pour une barbe soign\u00e9e et douce.<\/p>\n<p>Mode d&#8217;emploi : R\u00e9chauffez une petite quantit\u00e9 entre les doigts et appliquez sur la barbe pour la conditionner, la g\u00e9rer et la coiffer. Ajoutez-en davantage si n\u00e9cessaire. Pour des r\u00e9sultats optimaux, nettoyez d&#8217;abord avec le BEARD WASH. Ce produit peut \u00eatre superpos\u00e9 sur le D\u00c9M\u00caLEUR \u00c0 BARBE COMPL\u00c8TE.<\/p>\n<p>Ingr\u00e9dients : Huile de graines de Ricinus Communis (ricin), cire d&#8217;Euphorbia Cerifera (Candelilla), beurre de Butyrospermum Parkii (karit\u00e9)*\u2020, huile de graines de Vitis Vinifera (raisin), huile de Cocos Nucifera (noix de coco), huile de ricin hydrog\u00e9n\u00e9e, Copernicia Cerifera (Carnauba) Cire, huile de noyau d&#8217;Argania Spinosa, huile de graines de Passiflora Edulis, huile de feuille de Melaleuca Alternifolia (arbre \u00e0 th\u00e9), ac\u00e9tate de tocoph\u00e9ryle, parfum (m\u00e9lange d&#8217;huiles essentielles)<\/p>","protected":false},"excerpt":{"rendered":"<p>Fa\u00e7onnez, lissez et d\u00e9finissez les poils du visage pour une barbe bien entretenue toute la journ\u00e9e avec ce baume coiffant. Infus\u00e9 au beurre de karit\u00e9 et au maracuja, il aide \u00e0 sceller les effets nourrissants et hydratants pour une barbe soign\u00e9e et douce. Mode d&#8217;emploi : R\u00e9chauffez une petite quantit\u00e9 entre les doigts et appliquez<span class=\"read-more-faq\"><a href=\"https:\/\/sakaba.mghosteur.com\/en\/product\/sheamoisture-beard-balm\/\">Read More<\/a><\/span><\/p>","protected":false},"featured_media":0,"comment_status":"open","ping_status":"closed","template":"","meta":[],"product_brand":[967],"product_cat":[288,628],"product_tag":[],"class_list":{"0":"post-32359","1":"product","2":"type-product","3":"status-publish","5":"product_brand-sheamoisture","6":"product_cat-aaf-homme","7":"product_cat-soin-barbe","9":"first","10":"instock","11":"shipping-taxable","12":"product-type-simple"},"jetpack-related-posts":[{"id":32365,"url":"https:\/\/sakaba.mghosteur.com\/en\/product\/sheamoisture-beard-wash\/","url_meta":{"origin":32359,"position":0},"title":"SheaMoisture BEARD WASH","author":"admin","date":"May 14, 2024","format":false,"excerpt":"Shea Moisture Nettoyant pour barbe \u00e0 l'huile de maracuja et au beurre de karit\u00e9 6 oz Offrez \u00e0 votre barbe un nettoyage en profondeur avec le nettoyant pour barbe \u00e0 l'huile de maracuja et au beurre de karit\u00e9. Ce produit \u00e9limine efficacement la salet\u00e9, les flocons et les odeurs, tout\u2026","rel":"","context":"Similar post","block_context":{"text":"Similar post","link":""},"img":{"alt_text":"","src":"","width":0,"height":0},"classes":[]},{"id":32362,"url":"https:\/\/sakaba.mghosteur.com\/en\/product\/sheamoisture-beard-conditioning-oil\/","url_meta":{"origin":32359,"position":1},"title":"SheaMoisture BEARD CONDITIONING OIL","author":"admin","date":"May 14, 2024","format":false,"excerpt":"D\u00e9couvrez notre Huile revitalisante pour barbe \u00e0 l'huile de maracuja et au beurre de karit\u00e9 Shea Moisture, une solution de qualit\u00e9 pour l'entretien de votre barbe. Con\u00e7ue sp\u00e9cialement pour les hommes, cette huile est un incontournable pour ceux qui cherchent \u00e0 hydrater et \u00e0 adoucir leur barbe. L'huile de maracuja\u2026","rel":"","context":"Similar post","block_context":{"text":"Similar post","link":""},"img":{"alt_text":"","src":"","width":0,"height":0},"classes":[]},{"id":32374,"url":"https:\/\/sakaba.mghosteur.com\/en\/product\/sheamoisture-full-beard-detanger\/","url_meta":{"origin":32359,"position":2},"title":"SheaMoisture FULL BEARD DETANGER","author":"admin","date":"May 14, 2024","format":false,"excerpt":"D\u00c9M\u00caLANT \u00c0 BARBE SHEA MOISTURE POUR UNE BARBE FOURNIE Ce d\u00e9m\u00ealant est sp\u00e9cialement con\u00e7u pour revitaliser et adoucir les poils rudes et \u00e9pais d'une barbe fournie et majestueuse. Sa formule unique glisse facilement \u00e0 travers les poils, les disciplinant sans causer de tiraillement ni de douleur. L'huile de maracuja et\u2026","rel":"","context":"Similar post","block_context":{"text":"Similar post","link":""},"img":{"alt_text":"","src":"","width":0,"height":0},"classes":[]},{"id":26785,"url":"https:\/\/sakaba.mghosteur.com\/en\/product\/cantu-shea-butter-beard-oil\/","url_meta":{"origin":32359,"position":3},"title":"Cantu shea butter beard oil","author":"admin","date":"November 28, 2022","format":false,"excerpt":"","rel":"","context":"Similar post","block_context":{"text":"Similar post","link":""},"img":{"alt_text":"","src":"","width":0,"height":0},"classes":[]},{"id":24832,"url":"https:\/\/sakaba.mghosteur.com\/en\/product\/eos-100-natural-shea-lip-balm-vanilla-bean\/","url_meta":{"origin":32359,"position":4},"title":"EOS 100% Natural Shea Lip Balm Vanilla Bean","author":"admin","date":"November 11, 2022","format":false,"excerpt":"Le Baume \u00e0 L\u00e8vres B\u00e2ton Vanille de la marque EOS est un produit de beaut\u00e9 naturel et biologique qui hydrate et nourrit vos l\u00e8vres tout en leur offrant une saveur de vanille douce, riche et cr\u00e9meuse. Ce baume \u00e0 l\u00e8vres est compos\u00e9 d'ingr\u00e9dients de qualit\u00e9 sup\u00e9rieure, tels que l'huile de\u2026","rel":"","context":"Similar post","block_context":{"text":"Similar post","link":""},"img":{"alt_text":"","src":"","width":0,"height":0},"classes":[]},{"id":32386,"url":"https:\/\/sakaba.mghosteur.com\/en\/product\/sheamoisture-strengthen-restore-treatement-masque-57g\/","url_meta":{"origin":32359,"position":5},"title":"SHEAMOISTURE STRENGTHEN &amp; RESTORE TREATEMENT MASQUE 57G","author":"admin","date":"May 14, 2024","format":false,"excerpt":"Ce masque intense revitalisant redonne force et r\u00e9sistance aux cheveux ab\u00eem\u00e9s, cassants ou trait\u00e9s chimiquement. Il convient parfaitement aux personnes qui colorent, lissent, permanentent ou chauffent r\u00e9guli\u00e8rement leurs cheveux, ou qui ont les cheveux naturellement cr\u00e9pus, boucl\u00e9s ou ondul\u00e9s. Formul\u00e9 avec de l'huile de ricin noire de Jama\u00efque et du\u2026","rel":"","context":"Similar post","block_context":{"text":"Similar post","link":""},"img":{"alt_text":"","src":"","width":0,"height":0},"classes":[]}],"_links":{"self":[{"href":"https:\/\/sakaba.mghosteur.com\/en\/wp-json\/wp\/v2\/product\/32359","targetHints":{"allow":["GET"]}}],"collection":[{"href":"https:\/\/sakaba.mghosteur.com\/en\/wp-json\/wp\/v2\/product"}],"about":[{"href":"https:\/\/sakaba.mghosteur.com\/en\/wp-json\/wp\/v2\/types\/product"}],"replies":[{"embeddable":true,"href":"https:\/\/sakaba.mghosteur.com\/en\/wp-json\/wp\/v2\/comments?post=32359"}],"version-history":[{"count":0,"href":"https:\/\/sakaba.mghosteur.com\/en\/wp-json\/wp\/v2\/product\/32359\/revisions"}],"wp:attachment":[{"href":"https:\/\/sakaba.mghosteur.com\/en\/wp-json\/wp\/v2\/media?parent=32359"}],"wp:term":[{"taxonomy":"product_brand","embeddable":true,"href":"https:\/\/sakaba.mghosteur.com\/en\/wp-json\/wp\/v2\/product_brand?post=32359"},{"taxonomy":"product_cat","embeddable":true,"href":"https:\/\/sakaba.mghosteur.com\/en\/wp-json\/wp\/v2\/product_cat?post=32359"},{"taxonomy":"product_tag","embeddable":true,"href":"https:\/\/sakaba.mghosteur.com\/en\/wp-json\/wp\/v2\/product_tag?post=32359"}],"curies":[{"name":"wp","href":"https:\/\/api.w.org\/{rel}","templated":true}]}}