{"id":32362,"date":"2024-05-14T16:05:43","date_gmt":"2024-05-14T16:05:43","guid":{"rendered":"https:\/\/sakaba.mghosteur.com\/?post_type=product&#038;p=32362"},"modified":"2024-08-22T00:43:05","modified_gmt":"2024-08-22T00:43:05","slug":"sheamoisture-beard-conditioning-oil","status":"publish","type":"product","link":"https:\/\/sakaba.mghosteur.com\/en\/product\/sheamoisture-beard-conditioning-oil\/","title":{"rendered":"SheaMoisture BEARD CONDITIONING OIL"},"content":{"rendered":"<p>D\u00e9couvrez notre Huile revitalisante pour barbe \u00e0 l&#8217;huile de maracuja et au beurre de karit\u00e9 Shea Moisture, une solution de qualit\u00e9 pour l&#8217;entretien de votre barbe. Con\u00e7ue sp\u00e9cialement pour les hommes, cette huile est un incontournable pour ceux qui cherchent \u00e0 hydrater et \u00e0 adoucir leur barbe.<\/p>\n<p>L&#8217;huile de maracuja et le beurre de karit\u00e9 se combinent pour offrir \u00e0 votre barbe une hydratation profonde et durable. Absorb\u00e9e rapidement, cette formule l\u00e9g\u00e8re revitalise les barbes pleines tout en restaurant l&#8217;humidit\u00e9 de la peau s\u00e8che du visage.<\/p>\n<p>Non seulement cette huile prend soin de votre barbe, mais elle laisse \u00e9galement une senteur fra\u00eeche et masculine de plein air.<\/p>\n<p>Fabriqu\u00e9e avec du beurre de karit\u00e9 issu du commerce \u00e9quitable, notre Huile revitalisante pour barbe est exempte de sulfates, de parab\u00e8nes, de phtalates, d&#8217;huile min\u00e9rale et de vaseline. Vous pouvez ainsi profiter d&#8217;un soin de qualit\u00e9 sans compromis sur les ingr\u00e9dients.<\/p>\n<p>Pour une utilisation optimale, appliquez quelques gouttes sur le bout des doigts apr\u00e8s avoir nettoy\u00e9 et s\u00e9ch\u00e9 votre barbe. Massez doucement de la racine aux pointes. Si vous avez les cheveux \u00e9pais et r\u00eaches, n&#8217;h\u00e9sitez pas \u00e0 utiliser une quantit\u00e9 suppl\u00e9mentaire.<\/p>\n<p>Shea Moisture perp\u00e9tue l&#8217;h\u00e9ritage de Sofi Tucker, une entrepreneure visionnaire dont la passion pour le beurre de karit\u00e9 a inspir\u00e9 notre marque depuis 1912. En achetant nos produits, vous soutenez notre engagement \u00e0 r\u00e9investir dans les communaut\u00e9s o\u00f9 nos ingr\u00e9dients sont r\u00e9colt\u00e9s et nos produits sont fabriqu\u00e9s.<\/p>","protected":false},"excerpt":{"rendered":"<p>D\u00e9couvrez notre Huile revitalisante pour barbe \u00e0 l&#8217;huile de maracuja et au beurre de karit\u00e9 Shea Moisture, une solution de qualit\u00e9 pour l&#8217;entretien de votre barbe. Con\u00e7ue sp\u00e9cialement pour les hommes, cette huile est un incontournable pour ceux qui cherchent \u00e0 hydrater et \u00e0 adoucir leur barbe. L&#8217;huile de maracuja et le beurre de karit\u00e9<span class=\"read-more-faq\"><a href=\"https:\/\/sakaba.mghosteur.com\/en\/product\/sheamoisture-beard-conditioning-oil\/\">Read More<\/a><\/span><\/p>","protected":false},"featured_media":0,"comment_status":"open","ping_status":"closed","template":"","meta":[],"product_brand":[967],"product_cat":[288,628],"product_tag":[],"class_list":{"0":"post-32362","1":"product","2":"type-product","3":"status-publish","5":"product_brand-sheamoisture","6":"product_cat-aaf-homme","7":"product_cat-soin-barbe","9":"first","10":"instock","11":"shipping-taxable","12":"product-type-simple"},"jetpack-related-posts":[{"id":32365,"url":"https:\/\/sakaba.mghosteur.com\/en\/product\/sheamoisture-beard-wash\/","url_meta":{"origin":32362,"position":0},"title":"SheaMoisture BEARD WASH","author":"admin","date":"May 14, 2024","format":false,"excerpt":"Shea Moisture Nettoyant pour barbe \u00e0 l'huile de maracuja et au beurre de karit\u00e9 6 oz Offrez \u00e0 votre barbe un nettoyage en profondeur avec le nettoyant pour barbe \u00e0 l'huile de maracuja et au beurre de karit\u00e9. Ce produit \u00e9limine efficacement la salet\u00e9, les flocons et les odeurs, tout\u2026","rel":"","context":"Similar post","block_context":{"text":"Similar post","link":""},"img":{"alt_text":"","src":"","width":0,"height":0},"classes":[]},{"id":32359,"url":"https:\/\/sakaba.mghosteur.com\/en\/product\/sheamoisture-beard-balm\/","url_meta":{"origin":32362,"position":1},"title":"SheaMoisture BEARD BALM","author":"admin","date":"May 14, 2024","format":false,"excerpt":"Fa\u00e7onnez, lissez et d\u00e9finissez les poils du visage pour une barbe bien entretenue toute la journ\u00e9e avec ce baume coiffant. Infus\u00e9 au beurre de karit\u00e9 et au maracuja, il aide \u00e0 sceller les effets nourrissants et hydratants pour une barbe soign\u00e9e et douce. Mode d'emploi : R\u00e9chauffez une petite quantit\u00e9\u2026","rel":"","context":"Similar post","block_context":{"text":"Similar post","link":""},"img":{"alt_text":"","src":"","width":0,"height":0},"classes":[]},{"id":32374,"url":"https:\/\/sakaba.mghosteur.com\/en\/product\/sheamoisture-full-beard-detanger\/","url_meta":{"origin":32362,"position":2},"title":"SheaMoisture FULL BEARD DETANGER","author":"admin","date":"May 14, 2024","format":false,"excerpt":"D\u00c9M\u00caLANT \u00c0 BARBE SHEA MOISTURE POUR UNE BARBE FOURNIE Ce d\u00e9m\u00ealant est sp\u00e9cialement con\u00e7u pour revitaliser et adoucir les poils rudes et \u00e9pais d'une barbe fournie et majestueuse. Sa formule unique glisse facilement \u00e0 travers les poils, les disciplinant sans causer de tiraillement ni de douleur. L'huile de maracuja et\u2026","rel":"","context":"Similar post","block_context":{"text":"Similar post","link":""},"img":{"alt_text":"","src":"","width":0,"height":0},"classes":[]},{"id":56216,"url":"https:\/\/sakaba.mghosteur.com\/en\/product\/tree-hut-cotton-candy-shea-sugar-scrub\/","url_meta":{"origin":32362,"position":3},"title":"Tree Hut Cotton Candy Shea Sugar Scrub","author":"Sope DIA","date":"January 3, 2026","format":false,"excerpt":"GOMMAGE AU SUCRE BARBE \u00c0 PAPA\u00a0: La marque de gommage corporel n\u00b0\u00a01 aux \u00c9tats-Unis* exfolie en douceur pour \u00e9liminer les cellules mortes et r\u00e9v\u00e9ler une peau douce et lisse. Laissez-vous envo\u00fbter par le parfum gourmand d\u2019une friandise de f\u00eate foraine aux notes de fraise, de sucre fil\u00e9 et de cr\u00e8me\u2026","rel":"","context":"Similar post","block_context":{"text":"Similar post","link":""},"img":{"alt_text":"","src":"","width":0,"height":0},"classes":[]},{"id":26785,"url":"https:\/\/sakaba.mghosteur.com\/en\/product\/cantu-shea-butter-beard-oil\/","url_meta":{"origin":32362,"position":4},"title":"Cantu shea butter beard oil","author":"admin","date":"November 28, 2022","format":false,"excerpt":"","rel":"","context":"Similar post","block_context":{"text":"Similar post","link":""},"img":{"alt_text":"","src":"","width":0,"height":0},"classes":[]},{"id":24138,"url":"https:\/\/sakaba.mghosteur.com\/en\/product\/jergens-enriching-shea-butter\/","url_meta":{"origin":32362,"position":5},"title":"JERGENS ENRICHING SHEA BUTTER","author":"admin","date":"November 9, 2022","format":false,"excerpt":"La lotion pour le corps et les mains enrichissante au beurre de karit\u00e9 de Jergens de Satin Skin est un hydratant en profondeur qui revitalise la peau terne et s\u00e8che. Sa formule l\u00e9g\u00e8rement parfum\u00e9e hydrate et renforce la brillance de la peau, la laissant 3 fois plus \u00e9clatante. Cette formule\u2026","rel":"","context":"Similar post","block_context":{"text":"Similar post","link":""},"img":{"alt_text":"","src":"","width":0,"height":0},"classes":[]}],"_links":{"self":[{"href":"https:\/\/sakaba.mghosteur.com\/en\/wp-json\/wp\/v2\/product\/32362","targetHints":{"allow":["GET"]}}],"collection":[{"href":"https:\/\/sakaba.mghosteur.com\/en\/wp-json\/wp\/v2\/product"}],"about":[{"href":"https:\/\/sakaba.mghosteur.com\/en\/wp-json\/wp\/v2\/types\/product"}],"replies":[{"embeddable":true,"href":"https:\/\/sakaba.mghosteur.com\/en\/wp-json\/wp\/v2\/comments?post=32362"}],"version-history":[{"count":0,"href":"https:\/\/sakaba.mghosteur.com\/en\/wp-json\/wp\/v2\/product\/32362\/revisions"}],"wp:attachment":[{"href":"https:\/\/sakaba.mghosteur.com\/en\/wp-json\/wp\/v2\/media?parent=32362"}],"wp:term":[{"taxonomy":"product_brand","embeddable":true,"href":"https:\/\/sakaba.mghosteur.com\/en\/wp-json\/wp\/v2\/product_brand?post=32362"},{"taxonomy":"product_cat","embeddable":true,"href":"https:\/\/sakaba.mghosteur.com\/en\/wp-json\/wp\/v2\/product_cat?post=32362"},{"taxonomy":"product_tag","embeddable":true,"href":"https:\/\/sakaba.mghosteur.com\/en\/wp-json\/wp\/v2\/product_tag?post=32362"}],"curies":[{"name":"wp","href":"https:\/\/api.w.org\/{rel}","templated":true}]}}