{"id":32365,"date":"2024-05-14T16:07:00","date_gmt":"2024-05-14T16:07:00","guid":{"rendered":"https:\/\/sakaba.mghosteur.com\/?post_type=product&#038;p=32365"},"modified":"2024-08-29T02:27:36","modified_gmt":"2024-08-29T02:27:36","slug":"sheamoisture-beard-wash","status":"publish","type":"product","link":"https:\/\/sakaba.mghosteur.com\/en\/product\/sheamoisture-beard-wash\/","title":{"rendered":"SheaMoisture BEARD WASH"},"content":{"rendered":"<p>Shea Moisture Nettoyant pour barbe \u00e0 l&#8217;huile de maracuja et au beurre de karit\u00e9 6 oz<\/p>\n<p>Offrez \u00e0 votre barbe un nettoyage en profondeur avec le nettoyant pour barbe \u00e0 l&#8217;huile de maracuja et au beurre de karit\u00e9. Ce produit \u00e9limine efficacement la salet\u00e9, les flocons et les odeurs, tout en pr\u00e9servant l&#8217;hydratation naturelle de vos poils et de votre peau.<\/p>\n<p>L&#8217;huile de maracuja revigorante et le beurre de karit\u00e9 revitalisant se combinent dans cette formule \u00e9quilibr\u00e9e pour offrir \u00e0 votre barbe une propret\u00e9 impeccable. Con\u00e7u avec un pH \u00e9quilibr\u00e9, ce nettoyant assure une exp\u00e9rience de toilettage agr\u00e9able et rafra\u00eechissante \u00e0 chaque utilisation.<\/p>\n<p><strong>Mode d&#8217;emploi :<\/strong> Appliquez une petite quantit\u00e9 de nettoyant dans le creux de votre main, puis massez d\u00e9licatement votre barbe et votre visage, en insistant sur les zones o\u00f9 la salet\u00e9 s&#8217;accumule. Effectuez des mouvements circulaires pour une meilleure r\u00e9partition du produit. Ensuite, rincez abondamment \u00e0 l&#8217;eau ti\u00e8de. Pour des r\u00e9sultats optimaux, compl\u00e9tez votre routine de soins avec notre D\u00e9m\u00ealant \u00e0 Barbe Compl\u00e8te ou notre Huile de Conditionnement de Barbe.<\/p>","protected":false},"excerpt":{"rendered":"<p>Shea Moisture Nettoyant pour barbe \u00e0 l&#8217;huile de maracuja et au beurre de karit\u00e9 6 oz Offrez \u00e0 votre barbe un nettoyage en profondeur avec le nettoyant pour barbe \u00e0 l&#8217;huile de maracuja et au beurre de karit\u00e9. Ce produit \u00e9limine efficacement la salet\u00e9, les flocons et les odeurs, tout en pr\u00e9servant l&#8217;hydratation naturelle de<span class=\"read-more-faq\"><a href=\"https:\/\/sakaba.mghosteur.com\/en\/product\/sheamoisture-beard-wash\/\">Read More<\/a><\/span><\/p>","protected":false},"featured_media":0,"comment_status":"open","ping_status":"closed","template":"","meta":[],"product_brand":[967],"product_cat":[288,628],"product_tag":[],"class_list":{"0":"post-32365","1":"product","2":"type-product","3":"status-publish","5":"product_brand-sheamoisture","6":"product_cat-aaf-homme","7":"product_cat-soin-barbe","9":"first","10":"instock","11":"shipping-taxable","12":"product-type-simple"},"jetpack-related-posts":[{"id":32362,"url":"https:\/\/sakaba.mghosteur.com\/en\/product\/sheamoisture-beard-conditioning-oil\/","url_meta":{"origin":32365,"position":0},"title":"SheaMoisture BEARD CONDITIONING OIL","author":"admin","date":"May 14, 2024","format":false,"excerpt":"D\u00e9couvrez notre Huile revitalisante pour barbe \u00e0 l'huile de maracuja et au beurre de karit\u00e9 Shea Moisture, une solution de qualit\u00e9 pour l'entretien de votre barbe. Con\u00e7ue sp\u00e9cialement pour les hommes, cette huile est un incontournable pour ceux qui cherchent \u00e0 hydrater et \u00e0 adoucir leur barbe. L'huile de maracuja\u2026","rel":"","context":"Similar post","block_context":{"text":"Similar post","link":""},"img":{"alt_text":"","src":"","width":0,"height":0},"classes":[]},{"id":32359,"url":"https:\/\/sakaba.mghosteur.com\/en\/product\/sheamoisture-beard-balm\/","url_meta":{"origin":32365,"position":1},"title":"SheaMoisture BEARD BALM","author":"admin","date":"May 14, 2024","format":false,"excerpt":"Fa\u00e7onnez, lissez et d\u00e9finissez les poils du visage pour une barbe bien entretenue toute la journ\u00e9e avec ce baume coiffant. Infus\u00e9 au beurre de karit\u00e9 et au maracuja, il aide \u00e0 sceller les effets nourrissants et hydratants pour une barbe soign\u00e9e et douce. Mode d'emploi : R\u00e9chauffez une petite quantit\u00e9\u2026","rel":"","context":"Similar post","block_context":{"text":"Similar post","link":""},"img":{"alt_text":"","src":"","width":0,"height":0},"classes":[]},{"id":32374,"url":"https:\/\/sakaba.mghosteur.com\/en\/product\/sheamoisture-full-beard-detanger\/","url_meta":{"origin":32365,"position":2},"title":"SheaMoisture FULL BEARD DETANGER","author":"admin","date":"May 14, 2024","format":false,"excerpt":"D\u00c9M\u00caLANT \u00c0 BARBE SHEA MOISTURE POUR UNE BARBE FOURNIE Ce d\u00e9m\u00ealant est sp\u00e9cialement con\u00e7u pour revitaliser et adoucir les poils rudes et \u00e9pais d'une barbe fournie et majestueuse. Sa formule unique glisse facilement \u00e0 travers les poils, les disciplinant sans causer de tiraillement ni de douleur. L'huile de maracuja et\u2026","rel":"","context":"Similar post","block_context":{"text":"Similar post","link":""},"img":{"alt_text":"","src":"","width":0,"height":0},"classes":[]},{"id":29253,"url":"https:\/\/sakaba.mghosteur.com\/en\/product\/good-molecules-instant-cleansing-balm\/","url_meta":{"origin":32365,"position":3},"title":"GOOD MOLECULES INSTANT CLEANSING BALM","author":"admin","date":"March 22, 2023","format":false,"excerpt":"Le baume nettoyant instantan\u00e9 de Good Molecules est un produit de nettoyage doux et efficace qui \u00e9limine facilement le maquillage, la salet\u00e9 et les impuret\u00e9s de votre peau. Sa formule est enrichie en huile d'argousier, huile de cam\u00e9lia et beurre de karit\u00e9 pour nourrir votre peau pendant le nettoyage. Ce\u2026","rel":"","context":"Similar post","block_context":{"text":"Similar post","link":""},"img":{"alt_text":"","src":"","width":0,"height":0},"classes":[]},{"id":56216,"url":"https:\/\/sakaba.mghosteur.com\/en\/product\/tree-hut-cotton-candy-shea-sugar-scrub\/","url_meta":{"origin":32365,"position":4},"title":"Tree Hut Cotton Candy Shea Sugar Scrub","author":"Sope DIA","date":"January 3, 2026","format":false,"excerpt":"GOMMAGE AU SUCRE BARBE \u00c0 PAPA\u00a0: La marque de gommage corporel n\u00b0\u00a01 aux \u00c9tats-Unis* exfolie en douceur pour \u00e9liminer les cellules mortes et r\u00e9v\u00e9ler une peau douce et lisse. Laissez-vous envo\u00fbter par le parfum gourmand d\u2019une friandise de f\u00eate foraine aux notes de fraise, de sucre fil\u00e9 et de cr\u00e8me\u2026","rel":"","context":"Similar post","block_context":{"text":"Similar post","link":""},"img":{"alt_text":"","src":"","width":0,"height":0},"classes":[]},{"id":26785,"url":"https:\/\/sakaba.mghosteur.com\/en\/product\/cantu-shea-butter-beard-oil\/","url_meta":{"origin":32365,"position":5},"title":"Cantu shea butter beard oil","author":"admin","date":"November 28, 2022","format":false,"excerpt":"","rel":"","context":"Similar post","block_context":{"text":"Similar post","link":""},"img":{"alt_text":"","src":"","width":0,"height":0},"classes":[]}],"_links":{"self":[{"href":"https:\/\/sakaba.mghosteur.com\/en\/wp-json\/wp\/v2\/product\/32365","targetHints":{"allow":["GET"]}}],"collection":[{"href":"https:\/\/sakaba.mghosteur.com\/en\/wp-json\/wp\/v2\/product"}],"about":[{"href":"https:\/\/sakaba.mghosteur.com\/en\/wp-json\/wp\/v2\/types\/product"}],"replies":[{"embeddable":true,"href":"https:\/\/sakaba.mghosteur.com\/en\/wp-json\/wp\/v2\/comments?post=32365"}],"version-history":[{"count":0,"href":"https:\/\/sakaba.mghosteur.com\/en\/wp-json\/wp\/v2\/product\/32365\/revisions"}],"wp:attachment":[{"href":"https:\/\/sakaba.mghosteur.com\/en\/wp-json\/wp\/v2\/media?parent=32365"}],"wp:term":[{"taxonomy":"product_brand","embeddable":true,"href":"https:\/\/sakaba.mghosteur.com\/en\/wp-json\/wp\/v2\/product_brand?post=32365"},{"taxonomy":"product_cat","embeddable":true,"href":"https:\/\/sakaba.mghosteur.com\/en\/wp-json\/wp\/v2\/product_cat?post=32365"},{"taxonomy":"product_tag","embeddable":true,"href":"https:\/\/sakaba.mghosteur.com\/en\/wp-json\/wp\/v2\/product_tag?post=32365"}],"curies":[{"name":"wp","href":"https:\/\/api.w.org\/{rel}","templated":true}]}}