{"id":32371,"date":"2024-05-14T16:09:31","date_gmt":"2024-05-14T16:09:31","guid":{"rendered":"https:\/\/sakaba.mghosteur.com\/?post_type=product&#038;p=32371"},"modified":"2024-09-01T03:34:35","modified_gmt":"2024-09-01T03:34:35","slug":"sheamoisture-deep-conditioner","status":"publish","type":"product","link":"https:\/\/sakaba.mghosteur.com\/en\/product\/sheamoisture-deep-conditioner\/","title":{"rendered":"SheaMoisture DEEP CONDITIONER"},"content":{"rendered":"<p>Apr\u00e8s-shampooing profond SheaMoisture &#8211; Beurre d&#8217;avocat et miel de Manuka<\/p>\n<p>Le revitalisant capillaire en profondeur SheaMoisture Men Avocado Butter and Manuka Honey est un essentiel pour les hommes soucieux de leurs cheveux. Con\u00e7u pour r\u00e9pondre aux besoins des cheveux boucl\u00e9s, il offre une hydratation intense sans compromettre le bien-\u00eatre animal.<\/p>\n<p>D\u00e9velopp\u00e9 pour les hommes de couleur, ce traitement revitalisant est adapt\u00e9 m\u00eame pour un usage quotidien. Fond\u00e9 sur une approche centr\u00e9e sur l&#8217;hydratation, il respecte la chimie naturelle de vos cheveux, agissant comme un masque capillaire nourrissant.<\/p>\n<p>Infus\u00e9 avec du beurre d&#8217;avocat et du miel de Manuka, cet apr\u00e8s-shampooing hydratant est sp\u00e9cialement formul\u00e9 pour les cheveux serr\u00e9s et ab\u00eem\u00e9s, procurant une hydratation en profondeur. Appliquez g\u00e9n\u00e9reusement sur cheveux mouill\u00e9s apr\u00e8s le shampooing, massez doucement sur le cuir chevelu, puis rincez abondamment. Pour des r\u00e9sultats optimaux, compl\u00e9tez avec la pommade SheaMoisture Men Waves ou la cr\u00e8me d\u00e9finissante.<\/p>\n<p>Les traitements professionnels de la gamme SheaMoisture Men sont le fruit d&#8217;une tradition familiale, test\u00e9s et approuv\u00e9s depuis des g\u00e9n\u00e9rations. Sans parab\u00e8nes, huiles min\u00e9rales ou sulfates, cet apr\u00e8s-shampooing incarne l&#8217;engagement de SheaMoisture envers les communaut\u00e9s et l&#8217;h\u00e9ritage de Sofi Tucker, fondatrice visionnaire.<\/p>","protected":false},"excerpt":{"rendered":"<p>Apr\u00e8s-shampooing profond SheaMoisture &#8211; Beurre d&#8217;avocat et miel de Manuka Le revitalisant capillaire en profondeur SheaMoisture Men Avocado Butter and Manuka Honey est un essentiel pour les hommes soucieux de leurs cheveux. Con\u00e7u pour r\u00e9pondre aux besoins des cheveux boucl\u00e9s, il offre une hydratation intense sans compromettre le bien-\u00eatre animal. D\u00e9velopp\u00e9 pour les hommes de<span class=\"read-more-faq\"><a href=\"https:\/\/sakaba.mghosteur.com\/en\/product\/sheamoisture-deep-conditioner\/\">Read More<\/a><\/span><\/p>","protected":false},"featured_media":0,"comment_status":"open","ping_status":"closed","template":"","meta":[],"product_brand":[967],"product_cat":[372,288],"product_tag":[],"class_list":{"0":"post-32371","1":"product","2":"type-product","3":"status-publish","5":"product_brand-sheamoisture","6":"product_cat-cheveux-homme","7":"product_cat-aaf-homme","9":"first","10":"instock","11":"shipping-taxable","12":"product-type-simple"},"jetpack-related-posts":[{"id":32368,"url":"https:\/\/sakaba.mghosteur.com\/en\/product\/sheamoisture-coconut-hibiscus-curl-enhancing-smoothie-57g\/","url_meta":{"origin":32371,"position":0},"title":"SHEAMOISTURE COCONUT HIBISCUS CURL ENHANCING SMOOTHIE 57G","author":"admin","date":"May 14, 2024","format":false,"excerpt":"Apr\u00e8s-shampooing profond SheaMoisture - Beurre d'avocat et miel de Manuka Le revitalisant capillaire en profondeur SheaMoisture Men Avocado Butter and Manuka Honey est un essentiel pour les hommes soucieux de leurs cheveux. Con\u00e7u pour r\u00e9pondre aux besoins des cheveux boucl\u00e9s, il offre une hydratation intense sans compromettre le bien-\u00eatre animal.\u2026","rel":"","context":"Similar post","block_context":{"text":"Similar post","link":""},"img":{"alt_text":"","src":"","width":0,"height":0},"classes":[]},{"id":32380,"url":"https:\/\/sakaba.mghosteur.com\/en\/product\/sheamoisture-moisturizing-shampoo\/","url_meta":{"origin":32371,"position":1},"title":"SheaMoisture MOISTURIZING SHAMPOO","author":"admin","date":"May 14, 2024","format":false,"excerpt":"Le Shampooing Hydratant SheaMoisture pour Hommes est sp\u00e9cialement con\u00e7u pour prendre soin des cheveux masculins et restaure d\u00e9licatement l'hydratation des cheveux secs. Fabriqu\u00e9 avec des ingr\u00e9dients naturels comme le beurre de karit\u00e9 brut \u00e9quitable et l'huile de Mafura, ce shampooing pour hommes transforme les cheveux secs en cheveux sains. Profitez\u2026","rel":"","context":"Similar post","block_context":{"text":"Similar post","link":""},"img":{"alt_text":"","src":"","width":0,"height":0},"classes":[]},{"id":32377,"url":"https:\/\/sakaba.mghosteur.com\/en\/product\/sheamoisture-intensive-hydration-hair-masque-57g\/","url_meta":{"origin":32371,"position":2},"title":"SHEAMOISTURE INTENSIVE HYDRATION HAIR MASQUE 57g","author":"admin","date":"May 14, 2024","format":false,"excerpt":"D\u00e9couvrez ce produit enrichi d'extrait de figue et d'huile de baobab, con\u00e7u pour hydrater et revitaliser les cheveux extra secs et ab\u00eem\u00e9s. \u00c9labor\u00e9 avec du beurre de karit\u00e9 issu du commerce \u00e9quitable, ce produit est formul\u00e9 sans phtalates, parab\u00e8nes, huile min\u00e9rale, et n'est pas test\u00e9 sur les animaux, ni ne\u2026","rel":"","context":"Similar post","block_context":{"text":"Similar post","link":""},"img":{"alt_text":"","src":"","width":0,"height":0},"classes":[]},{"id":32386,"url":"https:\/\/sakaba.mghosteur.com\/en\/product\/sheamoisture-strengthen-restore-treatement-masque-57g\/","url_meta":{"origin":32371,"position":3},"title":"SHEAMOISTURE STRENGTHEN &amp; RESTORE TREATEMENT MASQUE 57G","author":"admin","date":"May 14, 2024","format":false,"excerpt":"Ce masque intense revitalisant redonne force et r\u00e9sistance aux cheveux ab\u00eem\u00e9s, cassants ou trait\u00e9s chimiquement. Il convient parfaitement aux personnes qui colorent, lissent, permanentent ou chauffent r\u00e9guli\u00e8rement leurs cheveux, ou qui ont les cheveux naturellement cr\u00e9pus, boucl\u00e9s ou ondul\u00e9s. Formul\u00e9 avec de l'huile de ricin noire de Jama\u00efque et du\u2026","rel":"","context":"Similar post","block_context":{"text":"Similar post","link":""},"img":{"alt_text":"","src":"","width":0,"height":0},"classes":[]},{"id":32383,"url":"https:\/\/sakaba.mghosteur.com\/en\/product\/sheamoisture-raw-shea-butter-deep-moisturizing-masque-56g\/","url_meta":{"origin":32371,"position":4},"title":"SHEAMOISTURE RAW SHEA BUTTER DEEP MOISTURIZING MASQUE 56G","author":"admin","date":"May 14, 2024","format":false,"excerpt":"Masque de traitement intensif pour cheveux secs, endommag\u00e9s ou en transition ! Ce masque de traitement intensif est con\u00e7u pour hydrater et revitaliser en profondeur les cheveux secs et ab\u00eem\u00e9s. Id\u00e9al pour ceux qui passent des cheveux trait\u00e9s chimiquement aux cheveux naturels. Sa formule est enrichie en beurre de karit\u00e9\u2026","rel":"","context":"Similar post","block_context":{"text":"Similar post","link":""},"img":{"alt_text":"","src":"","width":0,"height":0},"classes":[]},{"id":25936,"url":"https:\/\/sakaba.mghosteur.com\/en\/product\/mielle-rosemary-hair-masque\/","url_meta":{"origin":32371,"position":5},"title":"MIELLE  ROSEMARY  HAIR MASQUE","author":"admin","date":"November 23, 2022","format":false,"excerpt":"Le masque capillaire fortifiant au romarin et \u00e0 la menthe de Mielle est un masque capillaire compos\u00e9 d'ingr\u00e9dients naturels et biologiques tels que le romarin, l'huile de s\u00e9same, le miel et l'huile de coco. Il est con\u00e7u pour offrir une hydratation profonde et une force saine aux cheveux. Le masque\u2026","rel":"","context":"Similar post","block_context":{"text":"Similar post","link":""},"img":{"alt_text":"","src":"","width":0,"height":0},"classes":[]}],"_links":{"self":[{"href":"https:\/\/sakaba.mghosteur.com\/en\/wp-json\/wp\/v2\/product\/32371","targetHints":{"allow":["GET"]}}],"collection":[{"href":"https:\/\/sakaba.mghosteur.com\/en\/wp-json\/wp\/v2\/product"}],"about":[{"href":"https:\/\/sakaba.mghosteur.com\/en\/wp-json\/wp\/v2\/types\/product"}],"replies":[{"embeddable":true,"href":"https:\/\/sakaba.mghosteur.com\/en\/wp-json\/wp\/v2\/comments?post=32371"}],"version-history":[{"count":0,"href":"https:\/\/sakaba.mghosteur.com\/en\/wp-json\/wp\/v2\/product\/32371\/revisions"}],"wp:attachment":[{"href":"https:\/\/sakaba.mghosteur.com\/en\/wp-json\/wp\/v2\/media?parent=32371"}],"wp:term":[{"taxonomy":"product_brand","embeddable":true,"href":"https:\/\/sakaba.mghosteur.com\/en\/wp-json\/wp\/v2\/product_brand?post=32371"},{"taxonomy":"product_cat","embeddable":true,"href":"https:\/\/sakaba.mghosteur.com\/en\/wp-json\/wp\/v2\/product_cat?post=32371"},{"taxonomy":"product_tag","embeddable":true,"href":"https:\/\/sakaba.mghosteur.com\/en\/wp-json\/wp\/v2\/product_tag?post=32371"}],"curies":[{"name":"wp","href":"https:\/\/api.w.org\/{rel}","templated":true}]}}