{"id":32374,"date":"2024-05-14T16:10:25","date_gmt":"2024-05-14T16:10:25","guid":{"rendered":"https:\/\/sakaba.mghosteur.com\/?post_type=product&#038;p=32374"},"modified":"2024-09-01T03:34:09","modified_gmt":"2024-09-01T03:34:09","slug":"sheamoisture-full-beard-detanger","status":"publish","type":"product","link":"https:\/\/sakaba.mghosteur.com\/en\/product\/sheamoisture-full-beard-detanger\/","title":{"rendered":"SheaMoisture FULL BEARD DETANGER"},"content":{"rendered":"<p>D\u00c9M\u00caLANT \u00c0 BARBE SHEA MOISTURE POUR UNE BARBE FOURNIE<\/p>\n<p>Ce d\u00e9m\u00ealant est sp\u00e9cialement con\u00e7u pour revitaliser et adoucir les poils rudes et \u00e9pais d&#8217;une barbe fournie et majestueuse. Sa formule unique glisse facilement \u00e0 travers les poils, les disciplinant sans causer de tiraillement ni de douleur. L&#8217;huile de maracuja et le beurre de karit\u00e9 se combinent pour offrir une exp\u00e9rience adoucissante remarquable, d\u00e9nouant les n\u0153uds sans effort.<\/p>\n<p>Contenance: 118ml Conseils d&#8217;utilisation:<\/p>\n<p>Appliquez une petite quantit\u00e9 dans la paume de votre main, massez-la dans votre barbe et peignez-la des racines aux extr\u00e9mit\u00e9s. Ne pas rincer. Pour les barbes plus longues, appliquez davantage de produit au besoin. Pour des r\u00e9sultats optimaux, utilisez d&#8217;abord notre NETTOYANT \u00c0 BARBE.<\/p>","protected":false},"excerpt":{"rendered":"<p>D\u00c9M\u00caLANT \u00c0 BARBE SHEA MOISTURE POUR UNE BARBE FOURNIE Ce d\u00e9m\u00ealant est sp\u00e9cialement con\u00e7u pour revitaliser et adoucir les poils rudes et \u00e9pais d&#8217;une barbe fournie et majestueuse. Sa formule unique glisse facilement \u00e0 travers les poils, les disciplinant sans causer de tiraillement ni de douleur. L&#8217;huile de maracuja et le beurre de karit\u00e9 se<span class=\"read-more-faq\"><a href=\"https:\/\/sakaba.mghosteur.com\/en\/product\/sheamoisture-full-beard-detanger\/\">Read More<\/a><\/span><\/p>","protected":false},"featured_media":0,"comment_status":"open","ping_status":"closed","template":"","meta":[],"product_brand":[967],"product_cat":[377,288,628],"product_tag":[],"class_list":{"0":"post-32374","1":"product","2":"type-product","3":"status-publish","5":"product_brand-sheamoisture","6":"product_cat-bath-body-works","7":"product_cat-aaf-homme","8":"product_cat-soin-barbe","10":"first","11":"instock","12":"shipping-taxable","13":"product-type-simple"},"jetpack-related-posts":[{"id":32365,"url":"https:\/\/sakaba.mghosteur.com\/en\/product\/sheamoisture-beard-wash\/","url_meta":{"origin":32374,"position":0},"title":"SheaMoisture BEARD WASH","author":"admin","date":"May 14, 2024","format":false,"excerpt":"Shea Moisture Nettoyant pour barbe \u00e0 l'huile de maracuja et au beurre de karit\u00e9 6 oz Offrez \u00e0 votre barbe un nettoyage en profondeur avec le nettoyant pour barbe \u00e0 l'huile de maracuja et au beurre de karit\u00e9. Ce produit \u00e9limine efficacement la salet\u00e9, les flocons et les odeurs, tout\u2026","rel":"","context":"Similar post","block_context":{"text":"Similar post","link":""},"img":{"alt_text":"","src":"","width":0,"height":0},"classes":[]},{"id":32362,"url":"https:\/\/sakaba.mghosteur.com\/en\/product\/sheamoisture-beard-conditioning-oil\/","url_meta":{"origin":32374,"position":1},"title":"SheaMoisture BEARD CONDITIONING OIL","author":"admin","date":"May 14, 2024","format":false,"excerpt":"D\u00e9couvrez notre Huile revitalisante pour barbe \u00e0 l'huile de maracuja et au beurre de karit\u00e9 Shea Moisture, une solution de qualit\u00e9 pour l'entretien de votre barbe. Con\u00e7ue sp\u00e9cialement pour les hommes, cette huile est un incontournable pour ceux qui cherchent \u00e0 hydrater et \u00e0 adoucir leur barbe. L'huile de maracuja\u2026","rel":"","context":"Similar post","block_context":{"text":"Similar post","link":""},"img":{"alt_text":"","src":"","width":0,"height":0},"classes":[]},{"id":32359,"url":"https:\/\/sakaba.mghosteur.com\/en\/product\/sheamoisture-beard-balm\/","url_meta":{"origin":32374,"position":2},"title":"SheaMoisture BEARD BALM","author":"admin","date":"May 14, 2024","format":false,"excerpt":"Fa\u00e7onnez, lissez et d\u00e9finissez les poils du visage pour une barbe bien entretenue toute la journ\u00e9e avec ce baume coiffant. Infus\u00e9 au beurre de karit\u00e9 et au maracuja, il aide \u00e0 sceller les effets nourrissants et hydratants pour une barbe soign\u00e9e et douce. Mode d'emploi : R\u00e9chauffez une petite quantit\u00e9\u2026","rel":"","context":"Similar post","block_context":{"text":"Similar post","link":""},"img":{"alt_text":"","src":"","width":0,"height":0},"classes":[]},{"id":32177,"url":"https:\/\/sakaba.mghosteur.com\/en\/product\/tree-hut-moisturizing-shave-oil-vanilla\/","url_meta":{"origin":32374,"position":3},"title":"TREE HUT MOISTURIZING SHAVE OIL VANILLA","author":"admin","date":"May 13, 2024","format":false,"excerpt":"Dites \u00ab adieu \u00bb aux poils de barbe, aux entailles et aux bosses et dites \u00ab bonjour \u00bb \u00e0 une belle peau ! Obtenez votre rasage de plus pr\u00e8s avec l'huile de rasage hydratante Tree Hut Bare au parfum cr\u00e9meux et classique de vanille.","rel":"","context":"Similar post","block_context":{"text":"Similar post","link":""},"img":{"alt_text":"","src":"","width":0,"height":0},"classes":[]},{"id":32183,"url":"https:\/\/sakaba.mghosteur.com\/en\/product\/tree-hut-moisturizing-shave-oil-watermelon\/","url_meta":{"origin":32374,"position":4},"title":"TREE HUT MOISTURIZING SHAVE OIL WATERMELON","author":"admin","date":"May 13, 2024","format":false,"excerpt":"Dites \u00ab adieu \u00bb aux poils de barbe, aux entailles et aux bosses et dites \u00ab bonjour \u00bb \u00e0 une belle peau ! Obtenez votre rasage de plus pr\u00e8s avec l'huile de rasage hydratante Tree Hut Bare au parfum d\u00e9salt\u00e9rant de past\u00e8que.","rel":"","context":"Similar post","block_context":{"text":"Similar post","link":""},"img":{"alt_text":"","src":"","width":0,"height":0},"classes":[]},{"id":26785,"url":"https:\/\/sakaba.mghosteur.com\/en\/product\/cantu-shea-butter-beard-oil\/","url_meta":{"origin":32374,"position":5},"title":"Cantu shea butter beard oil","author":"admin","date":"November 28, 2022","format":false,"excerpt":"","rel":"","context":"Similar post","block_context":{"text":"Similar post","link":""},"img":{"alt_text":"","src":"","width":0,"height":0},"classes":[]}],"_links":{"self":[{"href":"https:\/\/sakaba.mghosteur.com\/en\/wp-json\/wp\/v2\/product\/32374","targetHints":{"allow":["GET"]}}],"collection":[{"href":"https:\/\/sakaba.mghosteur.com\/en\/wp-json\/wp\/v2\/product"}],"about":[{"href":"https:\/\/sakaba.mghosteur.com\/en\/wp-json\/wp\/v2\/types\/product"}],"replies":[{"embeddable":true,"href":"https:\/\/sakaba.mghosteur.com\/en\/wp-json\/wp\/v2\/comments?post=32374"}],"version-history":[{"count":0,"href":"https:\/\/sakaba.mghosteur.com\/en\/wp-json\/wp\/v2\/product\/32374\/revisions"}],"wp:attachment":[{"href":"https:\/\/sakaba.mghosteur.com\/en\/wp-json\/wp\/v2\/media?parent=32374"}],"wp:term":[{"taxonomy":"product_brand","embeddable":true,"href":"https:\/\/sakaba.mghosteur.com\/en\/wp-json\/wp\/v2\/product_brand?post=32374"},{"taxonomy":"product_cat","embeddable":true,"href":"https:\/\/sakaba.mghosteur.com\/en\/wp-json\/wp\/v2\/product_cat?post=32374"},{"taxonomy":"product_tag","embeddable":true,"href":"https:\/\/sakaba.mghosteur.com\/en\/wp-json\/wp\/v2\/product_tag?post=32374"}],"curies":[{"name":"wp","href":"https:\/\/api.w.org\/{rel}","templated":true}]}}