{"id":32377,"date":"2024-05-14T16:11:30","date_gmt":"2024-05-14T16:11:30","guid":{"rendered":"https:\/\/sakaba.mghosteur.com\/?post_type=product&#038;p=32377"},"modified":"2024-09-01T02:56:13","modified_gmt":"2024-09-01T02:56:13","slug":"sheamoisture-intensive-hydration-hair-masque-57g","status":"publish","type":"product","link":"https:\/\/sakaba.mghosteur.com\/en\/product\/sheamoisture-intensive-hydration-hair-masque-57g\/","title":{"rendered":"SHEAMOISTURE INTENSIVE HYDRATION HAIR MASQUE 57g"},"content":{"rendered":"<p>D\u00e9couvrez ce produit enrichi d&#8217;extrait de figue et d&#8217;huile de baobab, con\u00e7u pour hydrater et revitaliser les cheveux extra secs et ab\u00eem\u00e9s. \u00c9labor\u00e9 avec du beurre de karit\u00e9 issu du commerce \u00e9quitable, ce produit est formul\u00e9 sans phtalates, parab\u00e8nes, huile min\u00e9rale, et n&#8217;est pas test\u00e9 sur les animaux, ni ne contient de p\u00e9trolatum. Il est \u00e9galement sans danger pour les cheveux color\u00e9s, respectant ainsi notre engagement envers le commerce \u00e9thique et la production durable. Enrichi en miel de manuka et en huile de mafura, ce traitement revitalisant intense p\u00e9n\u00e8tre profond\u00e9ment dans les cheveux, fournissant une dose puissante d&#8217;hydratation. Ce masque aide \u00e0 restaurer et \u00e0 retenir l&#8217;hydratation, rendant vos cheveux plus forts, plus sains et sans frisottis. Une solution sans cruaut\u00e9 pour des cheveux \u00e9clatants de sant\u00e9.<\/p>","protected":false},"excerpt":{"rendered":"<p>D\u00e9couvrez ce produit enrichi d&#8217;extrait de figue et d&#8217;huile de baobab, con\u00e7u pour hydrater et revitaliser les cheveux extra secs et ab\u00eem\u00e9s. \u00c9labor\u00e9 avec du beurre de karit\u00e9 issu du commerce \u00e9quitable, ce produit est formul\u00e9 sans phtalates, parab\u00e8nes, huile min\u00e9rale, et n&#8217;est pas test\u00e9 sur les animaux, ni ne contient de p\u00e9trolatum. Il est<span class=\"read-more-faq\"><a href=\"https:\/\/sakaba.mghosteur.com\/en\/product\/sheamoisture-intensive-hydration-hair-masque-57g\/\">Read More<\/a><\/span><\/p>","protected":false},"featured_media":0,"comment_status":"open","ping_status":"closed","template":"","meta":[],"product_brand":[967],"product_cat":[284,368],"product_tag":[],"class_list":{"0":"post-32377","1":"product","2":"type-product","3":"status-publish","5":"product_brand-sheamoisture","6":"product_cat-aad-cheveux","7":"product_cat-shampoing-et-apres-shampoing","9":"first","10":"instock","11":"shipping-taxable","12":"product-type-simple"},"jetpack-related-posts":[{"id":32386,"url":"https:\/\/sakaba.mghosteur.com\/en\/product\/sheamoisture-strengthen-restore-treatement-masque-57g\/","url_meta":{"origin":32377,"position":0},"title":"SHEAMOISTURE STRENGTHEN &amp; RESTORE TREATEMENT MASQUE 57G","author":"admin","date":"May 14, 2024","format":false,"excerpt":"Ce masque intense revitalisant redonne force et r\u00e9sistance aux cheveux ab\u00eem\u00e9s, cassants ou trait\u00e9s chimiquement. Il convient parfaitement aux personnes qui colorent, lissent, permanentent ou chauffent r\u00e9guli\u00e8rement leurs cheveux, ou qui ont les cheveux naturellement cr\u00e9pus, boucl\u00e9s ou ondul\u00e9s. Formul\u00e9 avec de l'huile de ricin noire de Jama\u00efque et du\u2026","rel":"","context":"Similar post","block_context":{"text":"Similar post","link":""},"img":{"alt_text":"","src":"","width":0,"height":0},"classes":[]},{"id":32383,"url":"https:\/\/sakaba.mghosteur.com\/en\/product\/sheamoisture-raw-shea-butter-deep-moisturizing-masque-56g\/","url_meta":{"origin":32377,"position":1},"title":"SHEAMOISTURE RAW SHEA BUTTER DEEP MOISTURIZING MASQUE 56G","author":"admin","date":"May 14, 2024","format":false,"excerpt":"Masque de traitement intensif pour cheveux secs, endommag\u00e9s ou en transition ! Ce masque de traitement intensif est con\u00e7u pour hydrater et revitaliser en profondeur les cheveux secs et ab\u00eem\u00e9s. Id\u00e9al pour ceux qui passent des cheveux trait\u00e9s chimiquement aux cheveux naturels. Sa formule est enrichie en beurre de karit\u00e9\u2026","rel":"","context":"Similar post","block_context":{"text":"Similar post","link":""},"img":{"alt_text":"","src":"","width":0,"height":0},"classes":[]},{"id":25744,"url":"https:\/\/sakaba.mghosteur.com\/en\/product\/aunt-jackies-butter-creme-intense-moisture-seasant\/","url_meta":{"origin":32377,"position":2},"title":"AUNT JACKIE&#8217;S BUTTER CREME  INTENSE MOISTURE SEASANT","author":"admin","date":"November 22, 2022","format":false,"excerpt":"Le soin hydratant intensif Butter Creme de Aunt Jackie est un soin revitalisant sans rin\u00e7age con\u00e7u pour les cheveux chroniquement secs. Il est compos\u00e9 d'huile de coco et de ricin, ainsi que de beurre de karit\u00e9, de mono\u00ef et d'extrait de romarin. Il est sans sulfate, sans parab\u00e8ne et ne\u2026","rel":"","context":"Similar post","block_context":{"text":"Similar post","link":""},"img":{"alt_text":"","src":"","width":0,"height":0},"classes":[]},{"id":32371,"url":"https:\/\/sakaba.mghosteur.com\/en\/product\/sheamoisture-deep-conditioner\/","url_meta":{"origin":32377,"position":3},"title":"SheaMoisture DEEP CONDITIONER","author":"admin","date":"May 14, 2024","format":false,"excerpt":"Apr\u00e8s-shampooing profond SheaMoisture - Beurre d'avocat et miel de Manuka Le revitalisant capillaire en profondeur SheaMoisture Men Avocado Butter and Manuka Honey est un essentiel pour les hommes soucieux de leurs cheveux. Con\u00e7u pour r\u00e9pondre aux besoins des cheveux boucl\u00e9s, il offre une hydratation intense sans compromettre le bien-\u00eatre animal.\u2026","rel":"","context":"Similar post","block_context":{"text":"Similar post","link":""},"img":{"alt_text":"","src":"","width":0,"height":0},"classes":[]},{"id":26092,"url":"https:\/\/sakaba.mghosteur.com\/en\/product\/mielle-babassu-mint-deep-conditioner\/","url_meta":{"origin":32377,"position":4},"title":"MIELLE BABASSU &amp; MINT DEEP CONDITIONER","author":"admin","date":"November 24, 2022","format":false,"excerpt":"Le revitalisant en profondeur \u00e0 base de prot\u00e9ines et d'hydratation \u00e0 l'huile de babassu et \u00e0 la menthe restaurera les cheveux secs et ab\u00eem\u00e9s. Ce fruit de palmier originaire d'Amazonie est riche en st\u00e9rols et en tocoph\u00e9rols, qui sont sains pour les cheveux et le cuir chevelu. Enrichi en acides\u2026","rel":"","context":"Similar post","block_context":{"text":"Similar post","link":""},"img":{"alt_text":"","src":"","width":0,"height":0},"classes":[]},{"id":32368,"url":"https:\/\/sakaba.mghosteur.com\/en\/product\/sheamoisture-coconut-hibiscus-curl-enhancing-smoothie-57g\/","url_meta":{"origin":32377,"position":5},"title":"SHEAMOISTURE COCONUT HIBISCUS CURL ENHANCING SMOOTHIE 57G","author":"admin","date":"May 14, 2024","format":false,"excerpt":"Apr\u00e8s-shampooing profond SheaMoisture - Beurre d'avocat et miel de Manuka Le revitalisant capillaire en profondeur SheaMoisture Men Avocado Butter and Manuka Honey est un essentiel pour les hommes soucieux de leurs cheveux. Con\u00e7u pour r\u00e9pondre aux besoins des cheveux boucl\u00e9s, il offre une hydratation intense sans compromettre le bien-\u00eatre animal.\u2026","rel":"","context":"Similar post","block_context":{"text":"Similar post","link":""},"img":{"alt_text":"","src":"","width":0,"height":0},"classes":[]}],"_links":{"self":[{"href":"https:\/\/sakaba.mghosteur.com\/en\/wp-json\/wp\/v2\/product\/32377","targetHints":{"allow":["GET"]}}],"collection":[{"href":"https:\/\/sakaba.mghosteur.com\/en\/wp-json\/wp\/v2\/product"}],"about":[{"href":"https:\/\/sakaba.mghosteur.com\/en\/wp-json\/wp\/v2\/types\/product"}],"replies":[{"embeddable":true,"href":"https:\/\/sakaba.mghosteur.com\/en\/wp-json\/wp\/v2\/comments?post=32377"}],"version-history":[{"count":0,"href":"https:\/\/sakaba.mghosteur.com\/en\/wp-json\/wp\/v2\/product\/32377\/revisions"}],"wp:attachment":[{"href":"https:\/\/sakaba.mghosteur.com\/en\/wp-json\/wp\/v2\/media?parent=32377"}],"wp:term":[{"taxonomy":"product_brand","embeddable":true,"href":"https:\/\/sakaba.mghosteur.com\/en\/wp-json\/wp\/v2\/product_brand?post=32377"},{"taxonomy":"product_cat","embeddable":true,"href":"https:\/\/sakaba.mghosteur.com\/en\/wp-json\/wp\/v2\/product_cat?post=32377"},{"taxonomy":"product_tag","embeddable":true,"href":"https:\/\/sakaba.mghosteur.com\/en\/wp-json\/wp\/v2\/product_tag?post=32377"}],"curies":[{"name":"wp","href":"https:\/\/api.w.org\/{rel}","templated":true}]}}