{"id":32380,"date":"2024-05-14T16:12:23","date_gmt":"2024-05-14T16:12:23","guid":{"rendered":"https:\/\/sakaba.mghosteur.com\/?post_type=product&#038;p=32380"},"modified":"2024-09-01T03:33:41","modified_gmt":"2024-09-01T03:33:41","slug":"sheamoisture-moisturizing-shampoo","status":"publish","type":"product","link":"https:\/\/sakaba.mghosteur.com\/en\/product\/sheamoisture-moisturizing-shampoo\/","title":{"rendered":"SheaMoisture MOISTURIZING SHAMPOO"},"content":{"rendered":"<p>Le Shampooing Hydratant SheaMoisture pour Hommes est sp\u00e9cialement con\u00e7u pour prendre soin des cheveux masculins et restaure d\u00e9licatement l&#8217;hydratation des cheveux secs.<br \/>\nFabriqu\u00e9 avec des ingr\u00e9dients naturels comme le beurre de karit\u00e9 brut \u00e9quitable et l&#8217;huile de Mafura, ce shampooing pour hommes transforme les cheveux secs en cheveux sains.<br \/>\nProfitez de cheveux propres et agr\u00e9ablement parfum\u00e9s avec ce shampooing hydratant, qui offre un parfum chaleureux de beurre de karit\u00e9 associ\u00e9 \u00e0 la subtile vanille de l&#8217;huile de Mafura.<br \/>\nLes produits capillaires pour hommes SheaMoisture ne contiennent jamais de sulfates, de parab\u00e8nes ni d&#8217;huile min\u00e9rale, et ne sont jamais test\u00e9s sur les animaux.<br \/>\nQuel que soit votre type de cheveux ou votre routine de soins, appr\u00e9ciez des cheveux plus sains avec les produits capillaires pour hommes SheaMoisture, qui conviennent \u00e9galement bien aux cheveux fins, \u00e9pais, gras et secs.<br \/>\nEntreprise familiale depuis des g\u00e9n\u00e9rations, SheaMoisture fabrique des produits de toilettage et capillaires doux au beurre de karit\u00e9 depuis 1912.<\/p>","protected":false},"excerpt":{"rendered":"<p>Le Shampooing Hydratant SheaMoisture pour Hommes est sp\u00e9cialement con\u00e7u pour prendre soin des cheveux masculins et restaure d\u00e9licatement l&#8217;hydratation des cheveux secs. Fabriqu\u00e9 avec des ingr\u00e9dients naturels comme le beurre de karit\u00e9 brut \u00e9quitable et l&#8217;huile de Mafura, ce shampooing pour hommes transforme les cheveux secs en cheveux sains. Profitez de cheveux propres et agr\u00e9ablement<span class=\"read-more-faq\"><a href=\"https:\/\/sakaba.mghosteur.com\/en\/product\/sheamoisture-moisturizing-shampoo\/\">Read More<\/a><\/span><\/p>","protected":false},"featured_media":0,"comment_status":"open","ping_status":"closed","template":"","meta":[],"product_brand":[967],"product_cat":[372,288],"product_tag":[],"class_list":{"0":"post-32380","1":"product","2":"type-product","3":"status-publish","5":"product_brand-sheamoisture","6":"product_cat-cheveux-homme","7":"product_cat-aaf-homme","9":"first","10":"instock","11":"shipping-taxable","12":"product-type-simple"},"jetpack-related-posts":[{"id":32371,"url":"https:\/\/sakaba.mghosteur.com\/en\/product\/sheamoisture-deep-conditioner\/","url_meta":{"origin":32380,"position":0},"title":"SheaMoisture DEEP CONDITIONER","author":"admin","date":"May 14, 2024","format":false,"excerpt":"Apr\u00e8s-shampooing profond SheaMoisture - Beurre d'avocat et miel de Manuka Le revitalisant capillaire en profondeur SheaMoisture Men Avocado Butter and Manuka Honey est un essentiel pour les hommes soucieux de leurs cheveux. Con\u00e7u pour r\u00e9pondre aux besoins des cheveux boucl\u00e9s, il offre une hydratation intense sans compromettre le bien-\u00eatre animal.\u2026","rel":"","context":"Similar post","block_context":{"text":"Similar post","link":""},"img":{"alt_text":"","src":"","width":0,"height":0},"classes":[]},{"id":32368,"url":"https:\/\/sakaba.mghosteur.com\/en\/product\/sheamoisture-coconut-hibiscus-curl-enhancing-smoothie-57g\/","url_meta":{"origin":32380,"position":1},"title":"SHEAMOISTURE COCONUT HIBISCUS CURL ENHANCING SMOOTHIE 57G","author":"admin","date":"May 14, 2024","format":false,"excerpt":"Apr\u00e8s-shampooing profond SheaMoisture - Beurre d'avocat et miel de Manuka Le revitalisant capillaire en profondeur SheaMoisture Men Avocado Butter and Manuka Honey est un essentiel pour les hommes soucieux de leurs cheveux. Con\u00e7u pour r\u00e9pondre aux besoins des cheveux boucl\u00e9s, il offre une hydratation intense sans compromettre le bien-\u00eatre animal.\u2026","rel":"","context":"Similar post","block_context":{"text":"Similar post","link":""},"img":{"alt_text":"","src":"","width":0,"height":0},"classes":[]},{"id":32377,"url":"https:\/\/sakaba.mghosteur.com\/en\/product\/sheamoisture-intensive-hydration-hair-masque-57g\/","url_meta":{"origin":32380,"position":2},"title":"SHEAMOISTURE INTENSIVE HYDRATION HAIR MASQUE 57g","author":"admin","date":"May 14, 2024","format":false,"excerpt":"D\u00e9couvrez ce produit enrichi d'extrait de figue et d'huile de baobab, con\u00e7u pour hydrater et revitaliser les cheveux extra secs et ab\u00eem\u00e9s. \u00c9labor\u00e9 avec du beurre de karit\u00e9 issu du commerce \u00e9quitable, ce produit est formul\u00e9 sans phtalates, parab\u00e8nes, huile min\u00e9rale, et n'est pas test\u00e9 sur les animaux, ni ne\u2026","rel":"","context":"Similar post","block_context":{"text":"Similar post","link":""},"img":{"alt_text":"","src":"","width":0,"height":0},"classes":[]},{"id":32362,"url":"https:\/\/sakaba.mghosteur.com\/en\/product\/sheamoisture-beard-conditioning-oil\/","url_meta":{"origin":32380,"position":3},"title":"SheaMoisture BEARD CONDITIONING OIL","author":"admin","date":"May 14, 2024","format":false,"excerpt":"D\u00e9couvrez notre Huile revitalisante pour barbe \u00e0 l'huile de maracuja et au beurre de karit\u00e9 Shea Moisture, une solution de qualit\u00e9 pour l'entretien de votre barbe. Con\u00e7ue sp\u00e9cialement pour les hommes, cette huile est un incontournable pour ceux qui cherchent \u00e0 hydrater et \u00e0 adoucir leur barbe. L'huile de maracuja\u2026","rel":"","context":"Similar post","block_context":{"text":"Similar post","link":""},"img":{"alt_text":"","src":"","width":0,"height":0},"classes":[]},{"id":32386,"url":"https:\/\/sakaba.mghosteur.com\/en\/product\/sheamoisture-strengthen-restore-treatement-masque-57g\/","url_meta":{"origin":32380,"position":4},"title":"SHEAMOISTURE STRENGTHEN &amp; RESTORE TREATEMENT MASQUE 57G","author":"admin","date":"May 14, 2024","format":false,"excerpt":"Ce masque intense revitalisant redonne force et r\u00e9sistance aux cheveux ab\u00eem\u00e9s, cassants ou trait\u00e9s chimiquement. Il convient parfaitement aux personnes qui colorent, lissent, permanentent ou chauffent r\u00e9guli\u00e8rement leurs cheveux, ou qui ont les cheveux naturellement cr\u00e9pus, boucl\u00e9s ou ondul\u00e9s. Formul\u00e9 avec de l'huile de ricin noire de Jama\u00efque et du\u2026","rel":"","context":"Similar post","block_context":{"text":"Similar post","link":""},"img":{"alt_text":"","src":"","width":0,"height":0},"classes":[]},{"id":32383,"url":"https:\/\/sakaba.mghosteur.com\/en\/product\/sheamoisture-raw-shea-butter-deep-moisturizing-masque-56g\/","url_meta":{"origin":32380,"position":5},"title":"SHEAMOISTURE RAW SHEA BUTTER DEEP MOISTURIZING MASQUE 56G","author":"admin","date":"May 14, 2024","format":false,"excerpt":"Masque de traitement intensif pour cheveux secs, endommag\u00e9s ou en transition ! Ce masque de traitement intensif est con\u00e7u pour hydrater et revitaliser en profondeur les cheveux secs et ab\u00eem\u00e9s. Id\u00e9al pour ceux qui passent des cheveux trait\u00e9s chimiquement aux cheveux naturels. Sa formule est enrichie en beurre de karit\u00e9\u2026","rel":"","context":"Similar post","block_context":{"text":"Similar post","link":""},"img":{"alt_text":"","src":"","width":0,"height":0},"classes":[]}],"_links":{"self":[{"href":"https:\/\/sakaba.mghosteur.com\/en\/wp-json\/wp\/v2\/product\/32380","targetHints":{"allow":["GET"]}}],"collection":[{"href":"https:\/\/sakaba.mghosteur.com\/en\/wp-json\/wp\/v2\/product"}],"about":[{"href":"https:\/\/sakaba.mghosteur.com\/en\/wp-json\/wp\/v2\/types\/product"}],"replies":[{"embeddable":true,"href":"https:\/\/sakaba.mghosteur.com\/en\/wp-json\/wp\/v2\/comments?post=32380"}],"version-history":[{"count":0,"href":"https:\/\/sakaba.mghosteur.com\/en\/wp-json\/wp\/v2\/product\/32380\/revisions"}],"wp:attachment":[{"href":"https:\/\/sakaba.mghosteur.com\/en\/wp-json\/wp\/v2\/media?parent=32380"}],"wp:term":[{"taxonomy":"product_brand","embeddable":true,"href":"https:\/\/sakaba.mghosteur.com\/en\/wp-json\/wp\/v2\/product_brand?post=32380"},{"taxonomy":"product_cat","embeddable":true,"href":"https:\/\/sakaba.mghosteur.com\/en\/wp-json\/wp\/v2\/product_cat?post=32380"},{"taxonomy":"product_tag","embeddable":true,"href":"https:\/\/sakaba.mghosteur.com\/en\/wp-json\/wp\/v2\/product_tag?post=32380"}],"curies":[{"name":"wp","href":"https:\/\/api.w.org\/{rel}","templated":true}]}}