{"id":32386,"date":"2024-05-14T16:15:19","date_gmt":"2024-05-14T16:15:19","guid":{"rendered":"https:\/\/sakaba.mghosteur.com\/?post_type=product&#038;p=32386"},"modified":"2024-09-01T02:56:31","modified_gmt":"2024-09-01T02:56:31","slug":"sheamoisture-strengthen-restore-treatement-masque-57g","status":"publish","type":"product","link":"https:\/\/sakaba.mghosteur.com\/en\/product\/sheamoisture-strengthen-restore-treatement-masque-57g\/","title":{"rendered":"SHEAMOISTURE STRENGTHEN &amp; RESTORE TREATEMENT MASQUE 57G"},"content":{"rendered":"<p>Ce masque intense revitalisant redonne force et r\u00e9sistance aux cheveux ab\u00eem\u00e9s, cassants ou trait\u00e9s chimiquement. Il convient parfaitement aux personnes qui colorent, lissent, permanentent ou chauffent r\u00e9guli\u00e8rement leurs cheveux, ou qui ont les cheveux naturellement cr\u00e9pus, boucl\u00e9s ou ondul\u00e9s. Formul\u00e9 avec de l&#8217;huile de ricin noire de Jama\u00efque et du beurre de karit\u00e9 issu du commerce \u00e9quitable, cet apr\u00e8s-shampooing permet de renforcer les cheveux ab\u00eem\u00e9s et cassants, tout en aidant \u00e0 r\u00e9duire la casse et \u00e0 renforcer l&#8217;\u00e9lasticit\u00e9 des cheveux. Les cheveux sont doux, faciles \u00e0 coiffer et brillants. La menthe poivr\u00e9e aide \u00e0 revigorer le cuir chevelu avec une sensation de picotement. Ce produit est \u00e9labor\u00e9 dans le respect de valeurs \u00e9thiques : sans sulfates, parab\u00e8nes, phtalates, huile min\u00e9rale, p\u00e9trolatum, ni tests sur les animaux. De plus, il est sans danger pour les cheveux color\u00e9s et s&#8217;inscrit dans une d\u00e9marche de commerce \u00e9thique et de production durable, une tradition maintenue par notre entreprise familiale certifi\u00e9e B Corp.<\/p>","protected":false},"excerpt":{"rendered":"<p>Ce masque intense revitalisant redonne force et r\u00e9sistance aux cheveux ab\u00eem\u00e9s, cassants ou trait\u00e9s chimiquement. Il convient parfaitement aux personnes qui colorent, lissent, permanentent ou chauffent r\u00e9guli\u00e8rement leurs cheveux, ou qui ont les cheveux naturellement cr\u00e9pus, boucl\u00e9s ou ondul\u00e9s. Formul\u00e9 avec de l&#8217;huile de ricin noire de Jama\u00efque et du beurre de karit\u00e9 issu du<span class=\"read-more-faq\"><a href=\"https:\/\/sakaba.mghosteur.com\/en\/product\/sheamoisture-strengthen-restore-treatement-masque-57g\/\">Read More<\/a><\/span><\/p>","protected":false},"featured_media":0,"comment_status":"open","ping_status":"closed","template":"","meta":[],"product_brand":[967],"product_cat":[284,368],"product_tag":[],"class_list":{"0":"post-32386","1":"product","2":"type-product","3":"status-publish","5":"product_brand-sheamoisture","6":"product_cat-aad-cheveux","7":"product_cat-shampoing-et-apres-shampoing","9":"first","10":"instock","11":"shipping-taxable","12":"product-type-simple"},"jetpack-related-posts":[{"id":32377,"url":"https:\/\/sakaba.mghosteur.com\/en\/product\/sheamoisture-intensive-hydration-hair-masque-57g\/","url_meta":{"origin":32386,"position":0},"title":"SHEAMOISTURE INTENSIVE HYDRATION HAIR MASQUE 57g","author":"admin","date":"May 14, 2024","format":false,"excerpt":"D\u00e9couvrez ce produit enrichi d'extrait de figue et d'huile de baobab, con\u00e7u pour hydrater et revitaliser les cheveux extra secs et ab\u00eem\u00e9s. \u00c9labor\u00e9 avec du beurre de karit\u00e9 issu du commerce \u00e9quitable, ce produit est formul\u00e9 sans phtalates, parab\u00e8nes, huile min\u00e9rale, et n'est pas test\u00e9 sur les animaux, ni ne\u2026","rel":"","context":"Similar post","block_context":{"text":"Similar post","link":""},"img":{"alt_text":"","src":"","width":0,"height":0},"classes":[]},{"id":26061,"url":"https:\/\/sakaba.mghosteur.com\/en\/product\/carols-daughter-almond-milk\/","url_meta":{"origin":32386,"position":1},"title":"CAROL\u2019S DAUGHTER ALMOND MILK ULTRA NOURISHING MASK","author":"admin","date":"November 24, 2022","format":false,"excerpt":"Le masque capillaire au lait d'amande aide \u00e0 r\u00e9parer les cheveux cass\u00e9s et trop trait\u00e9s pour qu'ils paraissent plus doux et plus sains plus longtemps, en inversant les dommages de l'int\u00e9rieur vers l'ext\u00e9rieur. Cr\u00e9\u00e9 pour les cheveux naturellement boucl\u00e9s,le masque utilise les ingr\u00e9dients dont vos boucles ont besoin, comme l'huile\u2026","rel":"","context":"Similar post","block_context":{"text":"Similar post","link":""},"img":{"alt_text":"","src":"","width":0,"height":0},"classes":[]},{"id":32383,"url":"https:\/\/sakaba.mghosteur.com\/en\/product\/sheamoisture-raw-shea-butter-deep-moisturizing-masque-56g\/","url_meta":{"origin":32386,"position":2},"title":"SHEAMOISTURE RAW SHEA BUTTER DEEP MOISTURIZING MASQUE 56G","author":"admin","date":"May 14, 2024","format":false,"excerpt":"Masque de traitement intensif pour cheveux secs, endommag\u00e9s ou en transition ! Ce masque de traitement intensif est con\u00e7u pour hydrater et revitaliser en profondeur les cheveux secs et ab\u00eem\u00e9s. Id\u00e9al pour ceux qui passent des cheveux trait\u00e9s chimiquement aux cheveux naturels. Sa formule est enrichie en beurre de karit\u00e9\u2026","rel":"","context":"Similar post","block_context":{"text":"Similar post","link":""},"img":{"alt_text":"","src":"","width":0,"height":0},"classes":[]},{"id":26088,"url":"https:\/\/sakaba.mghosteur.com\/en\/product\/carols-daughter-almond-milk-conditioner\/","url_meta":{"origin":32386,"position":3},"title":"CAROL\u2019S DAUGHTER ALMOND MILK CONDITIONER","author":"admin","date":"November 24, 2022","format":false,"excerpt":"R\u00e9paration quotidienne des dommages. Lait d'amande\/beurre d'alo\u00e8s\/huile de karit\u00e9. Inverse les dommages. Renforce et prot\u00e8ge les cheveux. Restaure la douceur. Fabriqu\u00e9 avec amour. Sans parab\u00e8nes. Sans p\u00e9trole. Sans huile min\u00e9rale. Sans colorants artificiels. Les dommages quotidiens caus\u00e9s par l'utilisation d'outils de coiffage chauffants, la coloration et m\u00eame les agressions environnementales\u2026","rel":"","context":"Similar post","block_context":{"text":"Similar post","link":""},"img":{"alt_text":"","src":"","width":0,"height":0},"classes":[]},{"id":29718,"url":"https:\/\/sakaba.mghosteur.com\/en\/product\/palmers-length-retention-shampoo\/","url_meta":{"origin":32386,"position":4},"title":"PALMERS LENGTH RETENTION SHAMPOO","author":"admin","date":"April 17, 2023","format":false,"excerpt":"Le Shampooing R\u00e9tention Longueur de la marque Palmer's est un produit doux et efficace pour nettoyer les cheveux en profondeur. Il \u00e9limine en douceur la salet\u00e9, l'huile et l'accumulation de produits capillaires tout en renfor\u00e7ant et en maintenant l'\u00e9quilibre hydrique des cheveux. Ce shampooing est con\u00e7u pour tous les motifs\u2026","rel":"","context":"Similar post","block_context":{"text":"Similar post","link":""},"img":{"alt_text":"","src":"","width":0,"height":0},"classes":[]},{"id":29708,"url":"https:\/\/sakaba.mghosteur.com\/en\/product\/palmers-length-retention-leave-in-conditioner\/","url_meta":{"origin":32386,"position":5},"title":"PALMERS LENGTH RETENTION LEAVE IN CONDITIONER","author":"admin","date":"April 14, 2023","format":false,"excerpt":"Le revitalisant sans rin\u00e7age pour la r\u00e9tention de la longueur de la marque Palmer's est un produit de soin capillaire instantan\u00e9 et cr\u00e9meux, con\u00e7u pour tous les types de cheveux boucl\u00e9s. Formul\u00e9 sans silicone, il \u00e9limine les n\u0153uds et les enchev\u00eatrements, tout en renfor\u00e7ant les m\u00e8ches pour prot\u00e9ger contre la\u2026","rel":"","context":"Similar post","block_context":{"text":"Similar post","link":""},"img":{"alt_text":"","src":"","width":0,"height":0},"classes":[]}],"_links":{"self":[{"href":"https:\/\/sakaba.mghosteur.com\/en\/wp-json\/wp\/v2\/product\/32386","targetHints":{"allow":["GET"]}}],"collection":[{"href":"https:\/\/sakaba.mghosteur.com\/en\/wp-json\/wp\/v2\/product"}],"about":[{"href":"https:\/\/sakaba.mghosteur.com\/en\/wp-json\/wp\/v2\/types\/product"}],"replies":[{"embeddable":true,"href":"https:\/\/sakaba.mghosteur.com\/en\/wp-json\/wp\/v2\/comments?post=32386"}],"version-history":[{"count":0,"href":"https:\/\/sakaba.mghosteur.com\/en\/wp-json\/wp\/v2\/product\/32386\/revisions"}],"wp:attachment":[{"href":"https:\/\/sakaba.mghosteur.com\/en\/wp-json\/wp\/v2\/media?parent=32386"}],"wp:term":[{"taxonomy":"product_brand","embeddable":true,"href":"https:\/\/sakaba.mghosteur.com\/en\/wp-json\/wp\/v2\/product_brand?post=32386"},{"taxonomy":"product_cat","embeddable":true,"href":"https:\/\/sakaba.mghosteur.com\/en\/wp-json\/wp\/v2\/product_cat?post=32386"},{"taxonomy":"product_tag","embeddable":true,"href":"https:\/\/sakaba.mghosteur.com\/en\/wp-json\/wp\/v2\/product_tag?post=32386"}],"curies":[{"name":"wp","href":"https:\/\/api.w.org\/{rel}","templated":true}]}}