{"id":32389,"date":"2024-05-14T16:17:48","date_gmt":"2024-05-14T16:17:48","guid":{"rendered":"https:\/\/sakaba.mghosteur.com\/?post_type=product&#038;p=32389"},"modified":"2024-09-01T03:51:24","modified_gmt":"2024-09-01T03:51:24","slug":"sol-de-janeiro-cheirosa-62","status":"publish","type":"product","link":"https:\/\/sakaba.mghosteur.com\/en\/product\/sol-de-janeiro-cheirosa-62\/","title":{"rendered":"SOL DE JANEIRO CHEIROSA 62"},"content":{"rendered":"<p>D\u00e9couvrez le parfum qui a d\u00e9clench\u00e9 une r\u00e9volution olfactive. Immergez-vous dans l&#8217;\u00e9ternel \u00e9t\u00e9 de Rio gr\u00e2ce \u00e0 cette version puissante et concentr\u00e9e de l&#8217;embl\u00e9matique parfum Sol de Janeiro, d\u00e9sormais propos\u00e9e dans une nouvelle formule \u00e0 la tenue renforc\u00e9e. Laissez-vous transporter par cette fragrance estivale, joyeuse et envo\u00fbtante, m\u00ealant des notes gourmandes d\u00e9licieuses et irr\u00e9sistibles, subtilement rehauss\u00e9es par des touches florales douces et du bois de santal cr\u00e9meux. Un parfum qui s\u00e9duit tout le monde et auquel personne ne peut r\u00e9sister.<\/p>\n<p>D\u00c9TAILS DU PRODUIT<br \/>\nLes premi\u00e8res effluves all\u00e9chantes de caramel sal\u00e9, de vanille voluptueuse et d&#8217;amande riche cr\u00e9ent une empreinte olfactive inoubliable, tandis que les notes plus profondes de bois de santal dor\u00e9 et de pistache viennent compl\u00e9ter et intensifier cette exp\u00e9rience parfum\u00e9e pour une tenue prolong\u00e9e. Le nom du parfum rend hommage \u00e0 l&#8217;ann\u00e9e embl\u00e9matique de 1962 \u00e0 Rio, lorsque le monde a d\u00e9couvert la parfaite muse estivale br\u00e9silienne : la Fille d&#8217;Ipanema. En tant que parfum phare de la c\u00e9l\u00e8bre cr\u00e8me br\u00e9silienne Bum Bum, il incarne l&#8217;essence m\u00eame de la &#8220;cheirosa&#8221; br\u00e9silienne, un terme signifiant que vous sentez incroyablement d\u00e9licieux.<\/p>\n<p>NOTES OLFACTIVES<br \/>\nFamille olfactive : Cheirosa 62<br \/>\nNotes de t\u00eate : Pistache, Amande<br \/>\nNotes de c\u0153ur : H\u00e9liotrope, P\u00e9tales de jasmin<br \/>\nNotes de fond : Vanille, Caramel sal\u00e9, Bois de santal<\/p>","protected":false},"excerpt":{"rendered":"<p>D\u00e9couvrez le parfum qui a d\u00e9clench\u00e9 une r\u00e9volution olfactive. Immergez-vous dans l&#8217;\u00e9ternel \u00e9t\u00e9 de Rio gr\u00e2ce \u00e0 cette version puissante et concentr\u00e9e de l&#8217;embl\u00e9matique parfum Sol de Janeiro, d\u00e9sormais propos\u00e9e dans une nouvelle formule \u00e0 la tenue renforc\u00e9e. Laissez-vous transporter par cette fragrance estivale, joyeuse et envo\u00fbtante, m\u00ealant des notes gourmandes d\u00e9licieuses et irr\u00e9sistibles, subtilement<span class=\"read-more-faq\"><a href=\"https:\/\/sakaba.mghosteur.com\/en\/product\/sol-de-janeiro-cheirosa-62\/\">Read More<\/a><\/span><\/p>","protected":false},"featured_media":0,"comment_status":"open","ping_status":"closed","template":"","meta":[],"product_brand":[974],"product_cat":[283],"product_tag":[],"class_list":{"0":"post-32389","1":"product","2":"type-product","3":"status-publish","5":"product_brand-sol-de-janeiro","6":"product_cat-aah-parfums","8":"first","9":"instock","10":"shipping-taxable","11":"product-type-simple"},"jetpack-related-posts":[],"_links":{"self":[{"href":"https:\/\/sakaba.mghosteur.com\/en\/wp-json\/wp\/v2\/product\/32389","targetHints":{"allow":["GET"]}}],"collection":[{"href":"https:\/\/sakaba.mghosteur.com\/en\/wp-json\/wp\/v2\/product"}],"about":[{"href":"https:\/\/sakaba.mghosteur.com\/en\/wp-json\/wp\/v2\/types\/product"}],"replies":[{"embeddable":true,"href":"https:\/\/sakaba.mghosteur.com\/en\/wp-json\/wp\/v2\/comments?post=32389"}],"version-history":[{"count":0,"href":"https:\/\/sakaba.mghosteur.com\/en\/wp-json\/wp\/v2\/product\/32389\/revisions"}],"wp:attachment":[{"href":"https:\/\/sakaba.mghosteur.com\/en\/wp-json\/wp\/v2\/media?parent=32389"}],"wp:term":[{"taxonomy":"product_brand","embeddable":true,"href":"https:\/\/sakaba.mghosteur.com\/en\/wp-json\/wp\/v2\/product_brand?post=32389"},{"taxonomy":"product_cat","embeddable":true,"href":"https:\/\/sakaba.mghosteur.com\/en\/wp-json\/wp\/v2\/product_cat?post=32389"},{"taxonomy":"product_tag","embeddable":true,"href":"https:\/\/sakaba.mghosteur.com\/en\/wp-json\/wp\/v2\/product_tag?post=32389"}],"curies":[{"name":"wp","href":"https:\/\/api.w.org\/{rel}","templated":true}]}}