{"id":32392,"date":"2024-05-14T16:18:42","date_gmt":"2024-05-14T16:18:42","guid":{"rendered":"https:\/\/sakaba.mghosteur.com\/?post_type=product&#038;p=32392"},"modified":"2024-05-15T15:09:38","modified_gmt":"2024-05-15T15:09:38","slug":"sol-de-janeiro-rio-body-trio","status":"publish","type":"product","link":"https:\/\/sakaba.mghosteur.com\/en\/product\/sol-de-janeiro-rio-body-trio\/","title":{"rendered":"SOL DE JANEIRO RIO BODY TRIO"},"content":{"rendered":"<p>D\u00e9couvrez un trio de cr\u00e8mes br\u00e9siliennes iconiques qui vous promet une peau magnifique. Id\u00e9al pour offrir \u00e0 vos proches ou pour vous faire plaisir, ce coffret cadeau contient les trois produits pr\u00e9f\u00e9r\u00e9s du corps br\u00e9silien.<\/p>\n<p>La Cr\u00e8me \u00e9claircissante Bom Dia\u2122 Bright Cream de 50 ml illumine votre peau tout en unifiant son teint. Elle combat les poils incarn\u00e9s et r\u00e9duit les taches pigmentaires, enveloppant votre corps d&#8217;une fragrance envo\u00fbtante m\u00ealant bois de vanille, fleurs de jasmin et musc.<\/p>\n<p>La Cr\u00e8me hydratante Beija Flor\u2122 Elasti-Cream, \u00e9galement de 50 ml, accro\u00eet l&#8217;\u00e9lasticit\u00e9 de votre peau tout en luttant contre les signes du vieillissement. Son hydratation intense et sa fragrance florale rafra\u00eechissante vous s\u00e9duiront d\u00e8s la premi\u00e8re application.<\/p>\n<p>Enfin, la Cr\u00e8me raffermissante et lissante Brazilian Bum Bum Cream de 50 ml tend et raffermit visiblement votre peau tout en la hydratant profond\u00e9ment et en stimulant ses d\u00e9fenses naturelles. Son parfum exquis de pistache, caramel sal\u00e9 et vanille laisse une empreinte d\u00e9licieusement irr\u00e9sistible.<\/p>\n<p>Offrez-vous le meilleur des soins br\u00e9siliens pour une peau sublim\u00e9e et irr\u00e9sistiblement douce avec le Coffret Cadeau Sol de Janeiro Rio Body Trio.<\/p>","protected":false},"excerpt":{"rendered":"<p>D\u00e9couvrez un trio de cr\u00e8mes br\u00e9siliennes iconiques qui vous promet une peau magnifique. Id\u00e9al pour offrir \u00e0 vos proches ou pour vous faire plaisir, ce coffret cadeau contient les trois produits pr\u00e9f\u00e9r\u00e9s du corps br\u00e9silien. La Cr\u00e8me \u00e9claircissante Bom Dia\u2122 Bright Cream de 50 ml illumine votre peau tout en unifiant son teint. Elle combat<span class=\"read-more-faq\"><a href=\"https:\/\/sakaba.mghosteur.com\/en\/product\/sol-de-janeiro-rio-body-trio\/\">Read More<\/a><\/span><\/p>","protected":false},"featured_media":0,"comment_status":"open","ping_status":"closed","template":"","meta":[],"product_brand":[974],"product_cat":[377],"product_tag":[],"class_list":{"0":"post-32392","1":"product","2":"type-product","3":"status-publish","5":"product_brand-sol-de-janeiro","6":"product_cat-bath-body-works","8":"first","9":"instock","10":"shipping-taxable","11":"product-type-simple"},"jetpack-related-posts":[{"id":32474,"url":"https:\/\/sakaba.mghosteur.com\/en\/product\/sol-janeiro-bum-bum-summer-jet-set\/","url_meta":{"origin":32392,"position":0},"title":"SOL JANEIRO BUM BUM SUMMER JET SET","author":"admin","date":"May 14, 2024","format":false,"excerpt":"D\u00e9couvrez d\u00e8s maintenant le parfum embl\u00e9matique de cette marque avec ce coffret. Voyager peut certainement affecter votre peau, mais avec l'ajout du Bum Bum Jet Set de Sol De Janeiro dans votre valise, vous pouvez \u00eatre s\u00fbr que tous vos produits de soin pr\u00e9f\u00e9r\u00e9s seront \u00e0 port\u00e9e de main cette\u2026","rel":"","context":"Similar post","block_context":{"text":"Similar post","link":""},"img":{"alt_text":"","src":"","width":0,"height":0},"classes":[]},{"id":32471,"url":"https:\/\/sakaba.mghosteur.com\/en\/product\/sol-janeiro-bum-bum-body-firmeza-oil\/","url_meta":{"origin":32392,"position":1},"title":"SOL JANEIRO BUM BUM BODY FIRMEZA OIL","author":"admin","date":"May 14, 2024","format":false,"excerpt":"D\u00e9couvrez l'huile raffermissante corporelle Bum Bum Firmeza Oil de Sol de Janeiro, une formule intens\u00e9ment hydratante qui travaille pour r\u00e9duire la sensation de gonflement et raffermir visiblement la peau, lui donnant ainsi une apparence plus ferme. Cette huile corporelle combine les bienfaits des ingr\u00e9dients suivants : Le complexe Guaran\u00e1 Caffeine+\u2026","rel":"","context":"Similar post","block_context":{"text":"Similar post","link":""},"img":{"alt_text":"","src":"","width":0,"height":0},"classes":[]},{"id":32429,"url":"https:\/\/sakaba.mghosteur.com\/en\/product\/sol-janeiro-brazilian-4-play-moisturizing-shower-cream-gel-385ml\/","url_meta":{"origin":32392,"position":2},"title":"SOL JANEIRO BRAZILIAN 4 PLAY MOISTURIZING SHOWER CREAM GEL 385ML","author":"admin","date":"May 14, 2024","format":false,"excerpt":"D\u00e9couvrez le gel-cr\u00e8me douche hydratant br\u00e9silien 4 Play (385 ml) de Sol de Janeiro, un v\u00e9ritable chef-d'\u0153uvre des soins personnels. Ce produit r\u00e9volutionnaire chouchoute votre peau tout en \u00e9veillant vos sens. Ce gel-cr\u00e8me ne se contente pas de nettoyer en profondeur, il va bien au-del\u00e0. Gr\u00e2ce \u00e0 sa formule enrichie\u2026","rel":"","context":"Similar post","block_context":{"text":"Similar post","link":""},"img":{"alt_text":"","src":"","width":0,"height":0},"classes":[]},{"id":32444,"url":"https:\/\/sakaba.mghosteur.com\/en\/product\/sol-janeiro-brazilian-bum-bum-cream-75ml\/","url_meta":{"origin":32392,"position":3},"title":"SOL JANEIRO BRAZILIAN BUM BUM CREAM 75ML","author":"admin","date":"May 14, 2024","format":false,"excerpt":"Optez pour cette cr\u00e8me de qualit\u00e9 qui promet une peau visiblement plus lisse et plus ferme. Gr\u00e2ce \u00e0 l'extrait de guaran\u00e1, riche en caf\u00e9ine et aux propri\u00e9t\u00e9s puissantes, elle agit efficacement pour am\u00e9liorer l'apparence de votre peau. Enrichie en beurre de cupua\u00e7u, connu pour son absorption rapide et sa capacit\u00e9\u2026","rel":"","context":"Similar post","block_context":{"text":"Similar post","link":""},"img":{"alt_text":"","src":"","width":0,"height":0},"classes":[]},{"id":32404,"url":"https:\/\/sakaba.mghosteur.com\/en\/product\/sol-janeiro-beija-flor-elasti-cream-75ml\/","url_meta":{"origin":32392,"position":4},"title":"SOL JANEIRO BEIJA FLOR ELASTI CREAM 75ML","author":"admin","date":"May 14, 2024","format":false,"excerpt":"D\u00e9couvrez le Beija Flor Elasti-Cream de Sol de Janeiro, une nouvelle cr\u00e8me enrichie de 75 ml. Con\u00e7ue pour am\u00e9liorer l'\u00e9lasticit\u00e9 et la fermet\u00e9 de la peau, cette cr\u00e8me riche est le dernier ajout \u00e0 la gamme \u00e0 succ\u00e8s des beurres pour le corps de Sol de Janeiro. Sa formule unique\u2026","rel":"","context":"Similar post","block_context":{"text":"Similar post","link":""},"img":{"alt_text":"","src":"","width":0,"height":0},"classes":[]},{"id":32408,"url":"https:\/\/sakaba.mghosteur.com\/en\/product\/sol-janeiro-beija-flor-elasti-cream-240ml\/","url_meta":{"origin":32392,"position":5},"title":"SOL JANEIRO BEIJA FLOR ELASTI CREAM 240ML","author":"admin","date":"May 14, 2024","format":false,"excerpt":"D\u00e9couvrez le Beija Flor Elasti-Cream de Sol de Janeiro, une nouvelle cr\u00e8me enrichie de 240 ml. Con\u00e7ue pour am\u00e9liorer l'\u00e9lasticit\u00e9 et la fermet\u00e9 de la peau, cette cr\u00e8me riche est le dernier ajout \u00e0 la gamme \u00e0 succ\u00e8s des beurres pour le corps de Sol de Janeiro. Sa formule unique\u2026","rel":"","context":"Similar post","block_context":{"text":"Similar post","link":""},"img":{"alt_text":"","src":"","width":0,"height":0},"classes":[]}],"_links":{"self":[{"href":"https:\/\/sakaba.mghosteur.com\/en\/wp-json\/wp\/v2\/product\/32392","targetHints":{"allow":["GET"]}}],"collection":[{"href":"https:\/\/sakaba.mghosteur.com\/en\/wp-json\/wp\/v2\/product"}],"about":[{"href":"https:\/\/sakaba.mghosteur.com\/en\/wp-json\/wp\/v2\/types\/product"}],"replies":[{"embeddable":true,"href":"https:\/\/sakaba.mghosteur.com\/en\/wp-json\/wp\/v2\/comments?post=32392"}],"version-history":[{"count":0,"href":"https:\/\/sakaba.mghosteur.com\/en\/wp-json\/wp\/v2\/product\/32392\/revisions"}],"wp:attachment":[{"href":"https:\/\/sakaba.mghosteur.com\/en\/wp-json\/wp\/v2\/media?parent=32392"}],"wp:term":[{"taxonomy":"product_brand","embeddable":true,"href":"https:\/\/sakaba.mghosteur.com\/en\/wp-json\/wp\/v2\/product_brand?post=32392"},{"taxonomy":"product_cat","embeddable":true,"href":"https:\/\/sakaba.mghosteur.com\/en\/wp-json\/wp\/v2\/product_cat?post=32392"},{"taxonomy":"product_tag","embeddable":true,"href":"https:\/\/sakaba.mghosteur.com\/en\/wp-json\/wp\/v2\/product_tag?post=32392"}],"curies":[{"name":"wp","href":"https:\/\/api.w.org\/{rel}","templated":true}]}}