{"id":32395,"date":"2024-05-14T16:19:35","date_gmt":"2024-05-14T16:19:35","guid":{"rendered":"https:\/\/sakaba.mghosteur.com\/?post_type=product&#038;p=32395"},"modified":"2024-05-15T15:07:00","modified_gmt":"2024-05-15T15:07:00","slug":"sol-de-janeiro-rio-deo","status":"publish","type":"product","link":"https:\/\/sakaba.mghosteur.com\/en\/product\/sol-de-janeiro-rio-deo\/","title":{"rendered":"SOL DE JANEIRO RIO DEO"},"content":{"rendered":"<p>Au Br\u00e9sil, chaque centim\u00e8tre carr\u00e9 de peau est pr\u00e9cieux. Les aisselles ne font pas exception. Le d\u00e9odorant Rio Deo, d\u00e9pourvu d&#8217;aluminium et de bicarbonate de soude, combat les odeurs, vous assurant une fra\u00eecheur agr\u00e9able du matin au soir, \u00e0 la mani\u00e8re de Sol de Janeiro. Ce d\u00e9odorant ne se contente pas de masquer les odeurs avec du parfum, il les \u00e9limine, laissant derri\u00e8re lui une d\u00e9licieuse odeur, impr\u00e9gn\u00e9e de notre parfum embl\u00e9matique Cheirosa &#8217;40 \u2013 le m\u00eame que celui de notre Bom Dia Bright\u2122 Cream.<\/p>\n<p>Formul\u00e9 \u00e0 98 % d&#8217;ingr\u00e9dients d&#8217;origine naturelle, Rio Deo agit en harmonie avec les rythmes naturels de votre corps, r\u00e9duisant le pH de la peau pour inhiber naturellement la formation des bact\u00e9ries responsables des odeurs. En plus de ses bienfaits d\u00e9odorants, ce d\u00e9odorant hydrate et apaise la peau sans jamais tirer, uniformise le teint, combat les poils incarn\u00e9s et adoucit la peau, les poils sous les aisselles et le chaume.<\/p>\n<p>Infus\u00e9 du d\u00e9licieux parfum Cheirosa &#8217;40, m\u00ealant des notes sensuelles et \u00e9l\u00e9gantes de prune ambr\u00e9e noire et de bois de vanille.<\/p>\n<p>Conseils d&#8217;utilisation :<br \/>\nAppliquer sur une peau s\u00e8che pour b\u00e9n\u00e9ficier de tous ses bienfaits. Une petite quantit\u00e9 suffit \u2013 deux passages seulement pour sentir d\u00e9licieusement br\u00e9silien.<\/p>","protected":false},"excerpt":{"rendered":"<p>Au Br\u00e9sil, chaque centim\u00e8tre carr\u00e9 de peau est pr\u00e9cieux. Les aisselles ne font pas exception. Le d\u00e9odorant Rio Deo, d\u00e9pourvu d&#8217;aluminium et de bicarbonate de soude, combat les odeurs, vous assurant une fra\u00eecheur agr\u00e9able du matin au soir, \u00e0 la mani\u00e8re de Sol de Janeiro. Ce d\u00e9odorant ne se contente pas de masquer les odeurs<span class=\"read-more-faq\"><a href=\"https:\/\/sakaba.mghosteur.com\/en\/product\/sol-de-janeiro-rio-deo\/\">Read More<\/a><\/span><\/p>","protected":false},"featured_media":0,"comment_status":"open","ping_status":"closed","template":"","meta":[],"product_brand":[974],"product_cat":[377],"product_tag":[],"class_list":{"0":"post-32395","1":"product","2":"type-product","3":"status-publish","5":"product_brand-sol-de-janeiro","6":"product_cat-bath-body-works","8":"first","9":"instock","10":"shipping-taxable","11":"product-type-simple"},"jetpack-related-posts":[{"id":32486,"url":"https:\/\/sakaba.mghosteur.com\/en\/product\/sol-janeiro-rio-radiance-240ml\/","url_meta":{"origin":32395,"position":0},"title":"SOL JANEIRO RIO RADIANCE 240ML","author":"admin","date":"May 14, 2024","format":false,"excerpt":"D\u00e9couvrez le Sol Janeiro Rio Radiance, une brume parfum\u00e9e en \u00e9dition limit\u00e9e (240 ml) qui capture l'essence de la vie br\u00e9silienne, sans le co\u00fbt du billet d'avion. Plongez-vous dans une ambiance ensoleill\u00e9e avec chaque vaporisation, rappelant les journ\u00e9es de plage, les soir\u00e9es festives et l'odeur de la cr\u00e8me solaire. Ce\u2026","rel":"","context":"Similar post","block_context":{"text":"Similar post","link":""},"img":{"alt_text":"","src":"","width":0,"height":0},"classes":[]},{"id":32468,"url":"https:\/\/sakaba.mghosteur.com\/en\/product\/sol-janeiro-brazilian-rio-radiance-90ml\/","url_meta":{"origin":32395,"position":1},"title":"SOL JANEIRO BRAZILIAN RIO RADIANCE 90ML","author":"admin","date":"May 14, 2024","format":false,"excerpt":"D\u00e9couvrez le Sol Janeiro Rio Radiance, une brume parfum\u00e9e en \u00e9dition limit\u00e9e (90 ml) qui capture l'essence de la vie br\u00e9silienne, sans le co\u00fbt du billet d'avion. Plongez-vous dans une ambiance ensoleill\u00e9e avec chaque vaporisation, rappelant les journ\u00e9es de plage, les soir\u00e9es festives et l'odeur de la cr\u00e8me solaire. Ce\u2026","rel":"","context":"Similar post","block_context":{"text":"Similar post","link":""},"img":{"alt_text":"","src":"","width":0,"height":0},"classes":[]},{"id":32331,"url":"https:\/\/sakaba.mghosteur.com\/en\/product\/janeiro-rio-deo-57g\/","url_meta":{"origin":32395,"position":2},"title":"JANEIRO RIO DEO 57G","author":"admin","date":"May 14, 2024","format":false,"excerpt":"","rel":"","context":"Similar post","block_context":{"text":"Similar post","link":""},"img":{"alt_text":"","src":"","width":0,"height":0},"classes":[]},{"id":32392,"url":"https:\/\/sakaba.mghosteur.com\/en\/product\/sol-de-janeiro-rio-body-trio\/","url_meta":{"origin":32395,"position":3},"title":"SOL DE JANEIRO RIO BODY TRIO","author":"admin","date":"May 14, 2024","format":false,"excerpt":"D\u00e9couvrez un trio de cr\u00e8mes br\u00e9siliennes iconiques qui vous promet une peau magnifique. Id\u00e9al pour offrir \u00e0 vos proches ou pour vous faire plaisir, ce coffret cadeau contient les trois produits pr\u00e9f\u00e9r\u00e9s du corps br\u00e9silien. La Cr\u00e8me \u00e9claircissante Bom Dia\u2122 Bright Cream de 50 ml illumine votre peau tout en\u2026","rel":"","context":"Similar post","block_context":{"text":"Similar post","link":""},"img":{"alt_text":"","src":"","width":0,"height":0},"classes":[]},{"id":32334,"url":"https:\/\/sakaba.mghosteur.com\/en\/product\/janereiro-rio-deo-57g-rose\/","url_meta":{"origin":32395,"position":4},"title":"JANEREIRO RIO DEO 57g rose","author":"admin","date":"May 14, 2024","format":false,"excerpt":"","rel":"","context":"Similar post","block_context":{"text":"Similar post","link":""},"img":{"alt_text":"","src":"","width":0,"height":0},"classes":[]},{"id":27136,"url":"https:\/\/sakaba.mghosteur.com\/en\/product\/necessaire-the-deodorant-gel-eucalyptus\/","url_meta":{"origin":32395,"position":5},"title":"NECESSAIRE THE DEODORANT GEL EUCALYPTUS","author":"admin","date":"November 29, 2022","format":false,"excerpt":"Le Gel D\u00e9odorant de NECESSAIRE est un produit de soin corporel clair \u00e0 s\u00e9chage rapide qui a \u00e9t\u00e9 sp\u00e9cialement con\u00e7u pour combattre les odeurs, traiter l'hyperpigmentation et minimiser les bosses. Avec une formule \u00e0 5 % d'AHA (acide alpha-hydroxyl\u00e9) et de niacinamide, ce d\u00e9odorant est hypoallerg\u00e9nique, test\u00e9 dermatologiquement et non\u2026","rel":"","context":"Similar post","block_context":{"text":"Similar post","link":""},"img":{"alt_text":"","src":"","width":0,"height":0},"classes":[]}],"_links":{"self":[{"href":"https:\/\/sakaba.mghosteur.com\/en\/wp-json\/wp\/v2\/product\/32395","targetHints":{"allow":["GET"]}}],"collection":[{"href":"https:\/\/sakaba.mghosteur.com\/en\/wp-json\/wp\/v2\/product"}],"about":[{"href":"https:\/\/sakaba.mghosteur.com\/en\/wp-json\/wp\/v2\/types\/product"}],"replies":[{"embeddable":true,"href":"https:\/\/sakaba.mghosteur.com\/en\/wp-json\/wp\/v2\/comments?post=32395"}],"version-history":[{"count":0,"href":"https:\/\/sakaba.mghosteur.com\/en\/wp-json\/wp\/v2\/product\/32395\/revisions"}],"wp:attachment":[{"href":"https:\/\/sakaba.mghosteur.com\/en\/wp-json\/wp\/v2\/media?parent=32395"}],"wp:term":[{"taxonomy":"product_brand","embeddable":true,"href":"https:\/\/sakaba.mghosteur.com\/en\/wp-json\/wp\/v2\/product_brand?post=32395"},{"taxonomy":"product_cat","embeddable":true,"href":"https:\/\/sakaba.mghosteur.com\/en\/wp-json\/wp\/v2\/product_cat?post=32395"},{"taxonomy":"product_tag","embeddable":true,"href":"https:\/\/sakaba.mghosteur.com\/en\/wp-json\/wp\/v2\/product_tag?post=32395"}],"curies":[{"name":"wp","href":"https:\/\/api.w.org\/{rel}","templated":true}]}}