{"id":32401,"date":"2024-05-14T16:21:11","date_gmt":"2024-05-14T16:21:11","guid":{"rendered":"https:\/\/sakaba.mghosteur.com\/?post_type=product&#038;p=32401"},"modified":"2024-05-15T14:46:37","modified_gmt":"2024-05-15T14:46:37","slug":"sol-janeiro-after-hours-90ml","status":"publish","type":"product","link":"https:\/\/sakaba.mghosteur.com\/en\/product\/sol-janeiro-after-hours-90ml\/","title":{"rendered":"SOL JANEIRO AFTER HOURS 90ML"},"content":{"rendered":"<p>Plongez-vous dans une brume nocturne enivrante.<\/p>\n<p>Les meilleurs moments de la nuit sont souvent les plus impr\u00e9vus. Vous d\u00e9sirez conna\u00eetre le parfum de Rio la nuit ? La brume parfum\u00e9e pour le corps et les cheveux Sol de Janeiro After Hours vous enveloppe de sa texture velout\u00e9e et de son charme envo\u00fbtant. Du cr\u00e9puscule \u00e0 l&#8217;aube, elle \u00e9voque le jasmin de minuit dans une danse olfactive captivante.<\/p>\n<p>Une brume parfum\u00e9e aux notes ambr\u00e9es et florales, un parfum en \u00e9dition limit\u00e9e pour les femmes, adapt\u00e9 pour le corps et les cheveux.<\/p>\n<p>Composition olfactive : Laissez-vous d&#8217;abord envelopper par la douceur du nectar de cassis et de poire. Puis, laissez-vous transporter par les notes velout\u00e9es de jasmin de minuit, accompagn\u00e9es de cr\u00e8me vanille et de freesia frais. Enfin, succombez \u00e0 l&#8217;\u00e9treinte chaleureuse du bois ambr\u00e9 et du patchouli caram\u00e9lis\u00e9.<\/p>\n<p>Histoire du parfum : L&#8217;artiste parfumeur Gino Percontino a compos\u00e9 ce parfum avec l&#8217;audace et la sensualit\u00e9 comme fil conducteur, une invitation \u00e0 danser toute la nuit. Il capture la chaleur distinctive du Sol de Janeiro, agr\u00e9ment\u00e9e d&#8217;une touche enivrante de jasmin de minuit.<\/p>","protected":false},"excerpt":{"rendered":"<p>Plongez-vous dans une brume nocturne enivrante. Les meilleurs moments de la nuit sont souvent les plus impr\u00e9vus. Vous d\u00e9sirez conna\u00eetre le parfum de Rio la nuit ? La brume parfum\u00e9e pour le corps et les cheveux Sol de Janeiro After Hours vous enveloppe de sa texture velout\u00e9e et de son charme envo\u00fbtant. Du cr\u00e9puscule \u00e0<span class=\"read-more-faq\"><a href=\"https:\/\/sakaba.mghosteur.com\/en\/product\/sol-janeiro-after-hours-90ml\/\">Read More<\/a><\/span><\/p>","protected":false},"featured_media":0,"comment_status":"open","ping_status":"closed","template":"","meta":[],"product_brand":[974],"product_cat":[377],"product_tag":[],"class_list":{"0":"post-32401","1":"product","2":"type-product","3":"status-publish","5":"product_brand-sol-de-janeiro","6":"product_cat-bath-body-works","8":"first","9":"instock","10":"shipping-taxable","11":"product-type-simple"},"jetpack-related-posts":[{"id":32495,"url":"https:\/\/sakaba.mghosteur.com\/en\/product\/sol-janeiro-when-in-rio-90ml\/","url_meta":{"origin":32401,"position":0},"title":"SOL JANEIRO WHEN IN RIO 90ML","author":"admin","date":"May 14, 2024","format":false,"excerpt":"D\u00e9couvrez une brume parfum\u00e9e exquise qui \u00e9voque l'essence vibrante de Rio. Capturant l'atmosph\u00e8re envo\u00fbtante de cette ville anim\u00e9e, cette fragrance s\u00e9duisante incarne l'\u00e9nergie d'une nuit \u00e9clatante et chaude. Les notes audacieuses de bergamote sauvage, de poire succulente et de jasmin cr\u00e9pusculaire se m\u00ealent harmonieusement pour cr\u00e9er une exp\u00e9rience olfactive inoubliable.\u2026","rel":"","context":"Similar post","block_context":{"text":"Similar post","link":""},"img":{"alt_text":"","src":"","width":0,"height":0},"classes":[]},{"id":32450,"url":"https:\/\/sakaba.mghosteur.com\/en\/product\/sol-janeiro-brazilian-crush-40-black-amber-plum-vanilla-rose-90ml\/","url_meta":{"origin":32401,"position":1},"title":"SOL JANEIRO BRAZILIAN CRUSH 40 BLACK AMBER PLUM &amp; VANILLA ROSE 90ML","author":"admin","date":"May 14, 2024","format":false,"excerpt":"Le Sol De Janeiro Brazil Crush Cheirosa '40 Black Amber Plum & Vanilla Woods Hair & Body Fragrance Mist (90 ml) est une brume parfum\u00e9e d\u00e9licate mais enivrante, impr\u00e9gn\u00e9e de notes de prune ambr\u00e9e noire, de bois de vanille et de fleurs de jasmin pour vous envelopper d'une fragrance exquise.\u2026","rel":"","context":"Similar post","block_context":{"text":"Similar post","link":""},"img":{"alt_text":"","src":"","width":0,"height":0},"classes":[]},{"id":32453,"url":"https:\/\/sakaba.mghosteur.com\/en\/product\/sol-janeiro-brazilian-crush-40-black-amber-plum-vanilla-rose-240ml\/","url_meta":{"origin":32401,"position":2},"title":"SOL JANEIRO BRAZILIAN CRUSH 40 BLACK AMBER PLUM &amp; VANILLA ROSE 240ML","author":"admin","date":"May 14, 2024","format":false,"excerpt":"Le Sol De Janeiro Brazil Crush Cheirosa '40 Black Amber Plum & Vanilla Woods Hair & Body Fragrance Mist (240 ml) est une brume parfum\u00e9e d\u00e9licate mais enivrante, impr\u00e9gn\u00e9e de notes de prune ambr\u00e9e noire, de bois de vanille et de fleurs de jasmin pour vous envelopper d'une fragrance exquise.\u2026","rel":"","context":"Similar post","block_context":{"text":"Similar post","link":""},"img":{"alt_text":"","src":"","width":0,"height":0},"classes":[]},{"id":32432,"url":"https:\/\/sakaba.mghosteur.com\/en\/product\/sol-janeiro-brazilian-71-caramelized-vanilla-90ml\/","url_meta":{"origin":32401,"position":3},"title":"SOL JANEIRO BRAZILIAN 71 CARAMELIZED VANILLA 90ML","author":"admin","date":"May 14, 2024","format":false,"excerpt":"D\u00e9couvrez la Brume parfum\u00e9e pour cheveux et corps Cheirosa '71 de Sol de Janeiro Brazil Crush, une exp\u00e9rience olfactive exquise qui vous transportera directement sur les plages ensoleill\u00e9es du Br\u00e9sil. Impr\u00e9gnez-vous de cette fragrance enivrante, o\u00f9 la vanille caram\u00e9lis\u00e9e se m\u00eale harmonieusement \u00e0 la douceur de la noix de macadamia\u2026","rel":"","context":"Similar post","block_context":{"text":"Similar post","link":""},"img":{"alt_text":"","src":"","width":0,"height":0},"classes":[]},{"id":32456,"url":"https:\/\/sakaba.mghosteur.com\/en\/product\/sol-janeiro-brazilian-crush-62-pistacho-salted-caramel-90ml\/","url_meta":{"origin":32401,"position":4},"title":"SOL JANEIRO BRAZILIAN CRUSH 62 PISTACHO &#038; SALTED CARAMEL 90ML","author":"admin","date":"May 14, 2024","format":false,"excerpt":"Le Brazil Crush Cheirosa '62 Pistache & Caramel Sal\u00e9 Hair & Body Fragrance Mist (240 ml) de Sol De Janeiro est bien plus qu'une simple brume parfum\u00e9e. C'est une invitation \u00e0 une exp\u00e9rience sensorielle envo\u00fbtante, inspir\u00e9e par les plages ensoleill\u00e9es de Rio de Janeiro. Cette brume multifonctionnelle captura l'essence m\u00eame\u2026","rel":"","context":"Similar post","block_context":{"text":"Similar post","link":""},"img":{"alt_text":"","src":"","width":0,"height":0},"classes":[]},{"id":32459,"url":"https:\/\/sakaba.mghosteur.com\/en\/product\/sol-janeiro-brazilian-crush-62-pistacho-salted-caramel-240ml\/","url_meta":{"origin":32401,"position":5},"title":"SOL JANEIRO BRAZILIAN CRUSH 62 PISTACHO &#038; SALTED CARAMEL 240ML","author":"admin","date":"May 14, 2024","format":false,"excerpt":"Le Brazil Crush Cheirosa '62 Pistache & Caramel Sal\u00e9 Hair & Body Fragrance Mist (240 ml) de Sol De Janeiro est bien plus qu'une simple brume parfum\u00e9e. C'est une invitation \u00e0 une exp\u00e9rience sensorielle envo\u00fbtante, inspir\u00e9e par les plages ensoleill\u00e9es de Rio de Janeiro. Cette brume multifonctionnelle captura l'essence m\u00eame\u2026","rel":"","context":"Similar post","block_context":{"text":"Similar post","link":""},"img":{"alt_text":"","src":"","width":0,"height":0},"classes":[]}],"_links":{"self":[{"href":"https:\/\/sakaba.mghosteur.com\/en\/wp-json\/wp\/v2\/product\/32401","targetHints":{"allow":["GET"]}}],"collection":[{"href":"https:\/\/sakaba.mghosteur.com\/en\/wp-json\/wp\/v2\/product"}],"about":[{"href":"https:\/\/sakaba.mghosteur.com\/en\/wp-json\/wp\/v2\/types\/product"}],"replies":[{"embeddable":true,"href":"https:\/\/sakaba.mghosteur.com\/en\/wp-json\/wp\/v2\/comments?post=32401"}],"version-history":[{"count":0,"href":"https:\/\/sakaba.mghosteur.com\/en\/wp-json\/wp\/v2\/product\/32401\/revisions"}],"wp:attachment":[{"href":"https:\/\/sakaba.mghosteur.com\/en\/wp-json\/wp\/v2\/media?parent=32401"}],"wp:term":[{"taxonomy":"product_brand","embeddable":true,"href":"https:\/\/sakaba.mghosteur.com\/en\/wp-json\/wp\/v2\/product_brand?post=32401"},{"taxonomy":"product_cat","embeddable":true,"href":"https:\/\/sakaba.mghosteur.com\/en\/wp-json\/wp\/v2\/product_cat?post=32401"},{"taxonomy":"product_tag","embeddable":true,"href":"https:\/\/sakaba.mghosteur.com\/en\/wp-json\/wp\/v2\/product_tag?post=32401"}],"curies":[{"name":"wp","href":"https:\/\/api.w.org\/{rel}","templated":true}]}}