{"id":32408,"date":"2024-05-14T16:22:56","date_gmt":"2024-05-14T16:22:56","guid":{"rendered":"https:\/\/sakaba.mghosteur.com\/?post_type=product&#038;p=32408"},"modified":"2024-05-15T14:44:33","modified_gmt":"2024-05-15T14:44:33","slug":"sol-janeiro-beija-flor-elasti-cream-240ml","status":"publish","type":"product","link":"https:\/\/sakaba.mghosteur.com\/en\/product\/sol-janeiro-beija-flor-elasti-cream-240ml\/","title":{"rendered":"SOL JANEIRO BEIJA FLOR ELASTI CREAM 240ML"},"content":{"rendered":"<p>D\u00e9couvrez le Beija Flor Elasti-Cream de Sol de Janeiro, une nouvelle cr\u00e8me enrichie de 240 ml. Con\u00e7ue pour am\u00e9liorer l&#8217;\u00e9lasticit\u00e9 et la fermet\u00e9 de la peau, cette cr\u00e8me riche est le dernier ajout \u00e0 la gamme \u00e0 succ\u00e8s des beurres pour le corps de Sol de Janeiro.<\/p>\n<p>Sa formule unique contient du collag\u00e8ne d&#8217;origine v\u00e9g\u00e9tale pour soutenir l&#8217;aspect plus ferme de la peau, ainsi que de l&#8217;huile de cacay, une alternative au r\u00e9tinol, pour encourager une texture cutan\u00e9e plus rebondie et velout\u00e9e. Le squalane v\u00e9g\u00e9tal enveloppe votre corps d&#8217;une hydratation cr\u00e9meuse, scellant l&#8217;humidit\u00e9 pour une douceur et une souplesse durables.<\/p>\n<p>Arborant le tout nouveau parfum vibrant Cheirosa \u201968, rehauss\u00e9 de jasmin br\u00e9silien et de pitaya rose, ce beurre corporel vous transporte dans un jardin luxuriant en bord de mer. Ses notes fruit\u00e9es et florales laissent sur votre peau un d\u00e9licieux parfum, pour une exp\u00e9rience sensorielle inoubliable.<\/p>","protected":false},"excerpt":{"rendered":"<p>D\u00e9couvrez le Beija Flor Elasti-Cream de Sol de Janeiro, une nouvelle cr\u00e8me enrichie de 240 ml. Con\u00e7ue pour am\u00e9liorer l&#8217;\u00e9lasticit\u00e9 et la fermet\u00e9 de la peau, cette cr\u00e8me riche est le dernier ajout \u00e0 la gamme \u00e0 succ\u00e8s des beurres pour le corps de Sol de Janeiro. Sa formule unique contient du collag\u00e8ne d&#8217;origine v\u00e9g\u00e9tale<span class=\"read-more-faq\"><a href=\"https:\/\/sakaba.mghosteur.com\/en\/product\/sol-janeiro-beija-flor-elasti-cream-240ml\/\">Read More<\/a><\/span><\/p>","protected":false},"featured_media":0,"comment_status":"open","ping_status":"closed","template":"","meta":[],"product_brand":[974],"product_cat":[377],"product_tag":[],"class_list":{"0":"post-32408","1":"product","2":"type-product","3":"status-publish","5":"product_brand-sol-de-janeiro","6":"product_cat-bath-body-works","8":"first","9":"instock","10":"shipping-taxable","11":"product-type-simple"},"jetpack-related-posts":[{"id":32404,"url":"https:\/\/sakaba.mghosteur.com\/en\/product\/sol-janeiro-beija-flor-elasti-cream-75ml\/","url_meta":{"origin":32408,"position":0},"title":"SOL JANEIRO BEIJA FLOR ELASTI CREAM 75ML","author":"admin","date":"May 14, 2024","format":false,"excerpt":"D\u00e9couvrez le Beija Flor Elasti-Cream de Sol de Janeiro, une nouvelle cr\u00e8me enrichie de 75 ml. Con\u00e7ue pour am\u00e9liorer l'\u00e9lasticit\u00e9 et la fermet\u00e9 de la peau, cette cr\u00e8me riche est le dernier ajout \u00e0 la gamme \u00e0 succ\u00e8s des beurres pour le corps de Sol de Janeiro. Sa formule unique\u2026","rel":"","context":"Similar post","block_context":{"text":"Similar post","link":""},"img":{"alt_text":"","src":"","width":0,"height":0},"classes":[]},{"id":32411,"url":"https:\/\/sakaba.mghosteur.com\/en\/product\/sol-janeiro-beija-flor-jet-set\/","url_meta":{"origin":32408,"position":1},"title":"SOL JANEIRO BEIJA FLOR JET SET","author":"admin","date":"May 14, 2024","format":false,"excerpt":"Ce coffret propose une s\u00e9lection soigneusement choisie de produits de soin, id\u00e9aux pour chouchouter votre peau. Il comprend : Gel Douche R\u00e9g\u00e9n\u00e9rant Beija Flor (90ml) : Offrez \u00e0 votre peau une exp\u00e9rience revitalisante avec ce gel douche. Sa formule cr\u00e9meuse se transforme en une mousse onctueuse, laissant votre peau hydrat\u00e9e\u2026","rel":"","context":"Similar post","block_context":{"text":"Similar post","link":""},"img":{"alt_text":"","src":"","width":0,"height":0},"classes":[]},{"id":32435,"url":"https:\/\/sakaba.mghosteur.com\/en\/product\/sol-janeiro-brazilian-beija-flor-385ml\/","url_meta":{"origin":32408,"position":2},"title":"SOL JANEIRO BRAZILIAN BEIJA FLOR 385ML","author":"admin","date":"May 14, 2024","format":false,"excerpt":"Plongez-vous dans une exp\u00e9rience de douche revitalisante avec le Gel Douche R\u00e9g\u00e9n\u00e9rant Beija Flor\u2122. Ce nettoyant pour le corps cr\u00e9meux est con\u00e7u pour reconstituer et revitaliser votre peau. Enrichi d'une alternative douce au r\u00e9tinol et de squalane v\u00e9g\u00e9talien, il favorise le renouvellement cellulaire tout en offrant une hydratation essentielle. Sa\u2026","rel":"","context":"Similar post","block_context":{"text":"Similar post","link":""},"img":{"alt_text":"","src":"","width":0,"height":0},"classes":[]},{"id":32392,"url":"https:\/\/sakaba.mghosteur.com\/en\/product\/sol-de-janeiro-rio-body-trio\/","url_meta":{"origin":32408,"position":3},"title":"SOL DE JANEIRO RIO BODY TRIO","author":"admin","date":"May 14, 2024","format":false,"excerpt":"D\u00e9couvrez un trio de cr\u00e8mes br\u00e9siliennes iconiques qui vous promet une peau magnifique. Id\u00e9al pour offrir \u00e0 vos proches ou pour vous faire plaisir, ce coffret cadeau contient les trois produits pr\u00e9f\u00e9r\u00e9s du corps br\u00e9silien. La Cr\u00e8me \u00e9claircissante Bom Dia\u2122 Bright Cream de 50 ml illumine votre peau tout en\u2026","rel":"","context":"Similar post","block_context":{"text":"Similar post","link":""},"img":{"alt_text":"","src":"","width":0,"height":0},"classes":[]},{"id":32420,"url":"https:\/\/sakaba.mghosteur.com\/en\/product\/sol-janeiro-bom-dia-bright-cream-75ml\/","url_meta":{"origin":32408,"position":4},"title":"SOL JANEIRO BOM DIA BRIGHT CREAM 75ML","author":"admin","date":"May 14, 2024","format":false,"excerpt":"D\u00e9couvrez la Cr\u00e8me hydratante BOM DIA de SOL DE JANEIRO, un soin corps retexturisant et nourrissant qui vous invite \u00e0 dire bonjour \u00e0 une peau \u00e9clatante ! Envelopp\u00e9e des notes envo\u00fbtantes de prune noire ambr\u00e9e et de bois vanill\u00e9s, cette cr\u00e8me luxueuse et intens\u00e9ment hydratante offre une exp\u00e9rience sensorielle incomparable.\u2026","rel":"","context":"Similar post","block_context":{"text":"Similar post","link":""},"img":{"alt_text":"","src":"","width":0,"height":0},"classes":[]},{"id":32423,"url":"https:\/\/sakaba.mghosteur.com\/en\/product\/sol-janeiro-bom-dia-bright-cream\/","url_meta":{"origin":32408,"position":5},"title":"SOL JANEIRO BOM DIA BRIGHT CREAM","author":"admin","date":"May 14, 2024","format":false,"excerpt":"D\u00e9couvrez la Cr\u00e8me hydratante BOM DIA de SOL DE JANEIRO, un soin corps retexturisant et nourrissant qui vous invite \u00e0 dire bonjour \u00e0 une peau \u00e9clatante ! Envelopp\u00e9e des notes envo\u00fbtantes de prune noire ambr\u00e9e et de bois vanill\u00e9s, cette cr\u00e8me luxueuse et intens\u00e9ment hydratante offre une exp\u00e9rience sensorielle incomparable.\u2026","rel":"","context":"Similar post","block_context":{"text":"Similar post","link":""},"img":{"alt_text":"","src":"","width":0,"height":0},"classes":[]}],"_links":{"self":[{"href":"https:\/\/sakaba.mghosteur.com\/en\/wp-json\/wp\/v2\/product\/32408","targetHints":{"allow":["GET"]}}],"collection":[{"href":"https:\/\/sakaba.mghosteur.com\/en\/wp-json\/wp\/v2\/product"}],"about":[{"href":"https:\/\/sakaba.mghosteur.com\/en\/wp-json\/wp\/v2\/types\/product"}],"replies":[{"embeddable":true,"href":"https:\/\/sakaba.mghosteur.com\/en\/wp-json\/wp\/v2\/comments?post=32408"}],"version-history":[{"count":0,"href":"https:\/\/sakaba.mghosteur.com\/en\/wp-json\/wp\/v2\/product\/32408\/revisions"}],"wp:attachment":[{"href":"https:\/\/sakaba.mghosteur.com\/en\/wp-json\/wp\/v2\/media?parent=32408"}],"wp:term":[{"taxonomy":"product_brand","embeddable":true,"href":"https:\/\/sakaba.mghosteur.com\/en\/wp-json\/wp\/v2\/product_brand?post=32408"},{"taxonomy":"product_cat","embeddable":true,"href":"https:\/\/sakaba.mghosteur.com\/en\/wp-json\/wp\/v2\/product_cat?post=32408"},{"taxonomy":"product_tag","embeddable":true,"href":"https:\/\/sakaba.mghosteur.com\/en\/wp-json\/wp\/v2\/product_tag?post=32408"}],"curies":[{"name":"wp","href":"https:\/\/api.w.org\/{rel}","templated":true}]}}