{"id":32411,"date":"2024-05-14T16:23:57","date_gmt":"2024-05-14T16:23:57","guid":{"rendered":"https:\/\/sakaba.mghosteur.com\/?post_type=product&#038;p=32411"},"modified":"2024-09-01T04:30:03","modified_gmt":"2024-09-01T04:30:03","slug":"sol-janeiro-beija-flor-jet-set","status":"publish","type":"product","link":"https:\/\/sakaba.mghosteur.com\/en\/product\/sol-janeiro-beija-flor-jet-set\/","title":{"rendered":"SOL JANEIRO BEIJA FLOR JET SET"},"content":{"rendered":"<p>Ce coffret propose une s\u00e9lection soigneusement choisie de produits de soin, id\u00e9aux pour chouchouter votre peau. Il comprend :<\/p>\n<ul>\n<li>Gel Douche R\u00e9g\u00e9n\u00e9rant Beija Flor (90ml) : Offrez \u00e0 votre peau une exp\u00e9rience revitalisante avec ce gel douche. Sa formule cr\u00e9meuse se transforme en une mousse onctueuse, laissant votre peau hydrat\u00e9e et rafra\u00eechie apr\u00e8s chaque utilisation.<\/li>\n<li>Cr\u00e8me-Elasti Beija Flor (50ml) : Cette cr\u00e8me luxueuse offre une hydratation profonde et durable. Enrichie en ingr\u00e9dients nourrissants, elle laisse la peau douce, souple et visiblement revitalis\u00e9e.<\/li>\n<li>Brume parfum\u00e9e pour le corps Brazilian Crush Cheirosa 68 (30 ml) : Infus\u00e9e d&#8217;un parfum envo\u00fbtant, cette brume parfum\u00e9e est parfaite pour envelopper votre corps dans un voile d\u00e9licatement parfum\u00e9. Vaporisez-la g\u00e9n\u00e9reusement sur votre peau, vos cheveux et vos v\u00eatements pour une sensation de fra\u00eecheur et une fragrance envo\u00fbtante qui dure toute la journ\u00e9e.<\/li>\n<\/ul>\n<p>Ces produits sont formul\u00e9s sans sulfates de sodium ni sodium laureth sulfate, sans parab\u00e8nes, formald\u00e9hyde ni substances lib\u00e9rant du formald\u00e9hyde, sans phtalates, huiles min\u00e9rales, palmitate de r\u00e9tinol, oxybenzone, goudron, hydroquinone, triclosan ou triclocarban. De plus, ils sont v\u00e9gans, non test\u00e9s sur les animaux, sans gluten, et leur emballage est recyclable.<\/p>\n<p>Pour une utilisation optimale :<\/p>\n<ul>\n<li>Gel Douche R\u00e9g\u00e9n\u00e9rant Beija Flor : Appliquez sur une peau humide, massez doucement pour faire mousser, puis rincez abondamment.<\/li>\n<li>Cr\u00e8me-Elasti Beija Flor : Massez sur la peau deux fois par jour en effectuant des mouvements circulaires pour une absorption maximale.<\/li>\n<li>Brume parfum\u00e9e pour le corps Brazilian Crush Cheirosa 68 : Vaporisez sur le corps, les cheveux et les v\u00eatements pour une touche parfum\u00e9e irr\u00e9sistible.<\/li>\n<\/ul>\n<p>Transformez votre routine de soin en un moment de plaisir avec ce coffret luxueux et efficace.<\/p>","protected":false},"excerpt":{"rendered":"<p>Ce coffret propose une s\u00e9lection soigneusement choisie de produits de soin, id\u00e9aux pour chouchouter votre peau. Il comprend : Gel Douche R\u00e9g\u00e9n\u00e9rant Beija Flor (90ml) : Offrez \u00e0 votre peau une exp\u00e9rience revitalisante avec ce gel douche. Sa formule cr\u00e9meuse se transforme en une mousse onctueuse, laissant votre peau hydrat\u00e9e et rafra\u00eechie apr\u00e8s chaque utilisation.<span class=\"read-more-faq\"><a href=\"https:\/\/sakaba.mghosteur.com\/en\/product\/sol-janeiro-beija-flor-jet-set\/\">Read More<\/a><\/span><\/p>","protected":false},"featured_media":0,"comment_status":"open","ping_status":"closed","template":"","meta":[],"product_brand":[974],"product_cat":[358,447,283],"product_tag":[],"class_list":{"0":"post-32411","1":"product","2":"type-product","3":"status-publish","5":"product_brand-sol-de-janeiro","6":"product_cat-bain-douche","7":"product_cat-aac-bain-et-corps","8":"product_cat-aah-parfums","10":"first","11":"instock","12":"shipping-taxable","13":"product-type-simple"},"jetpack-related-posts":[{"id":32435,"url":"https:\/\/sakaba.mghosteur.com\/en\/product\/sol-janeiro-brazilian-beija-flor-385ml\/","url_meta":{"origin":32411,"position":0},"title":"SOL JANEIRO BRAZILIAN BEIJA FLOR 385ML","author":"admin","date":"May 14, 2024","format":false,"excerpt":"Plongez-vous dans une exp\u00e9rience de douche revitalisante avec le Gel Douche R\u00e9g\u00e9n\u00e9rant Beija Flor\u2122. Ce nettoyant pour le corps cr\u00e9meux est con\u00e7u pour reconstituer et revitaliser votre peau. Enrichi d'une alternative douce au r\u00e9tinol et de squalane v\u00e9g\u00e9talien, il favorise le renouvellement cellulaire tout en offrant une hydratation essentielle. Sa\u2026","rel":"","context":"Similar post","block_context":{"text":"Similar post","link":""},"img":{"alt_text":"","src":"","width":0,"height":0},"classes":[]},{"id":32404,"url":"https:\/\/sakaba.mghosteur.com\/en\/product\/sol-janeiro-beija-flor-elasti-cream-75ml\/","url_meta":{"origin":32411,"position":1},"title":"SOL JANEIRO BEIJA FLOR ELASTI CREAM 75ML","author":"admin","date":"May 14, 2024","format":false,"excerpt":"D\u00e9couvrez le Beija Flor Elasti-Cream de Sol de Janeiro, une nouvelle cr\u00e8me enrichie de 75 ml. Con\u00e7ue pour am\u00e9liorer l'\u00e9lasticit\u00e9 et la fermet\u00e9 de la peau, cette cr\u00e8me riche est le dernier ajout \u00e0 la gamme \u00e0 succ\u00e8s des beurres pour le corps de Sol de Janeiro. Sa formule unique\u2026","rel":"","context":"Similar post","block_context":{"text":"Similar post","link":""},"img":{"alt_text":"","src":"","width":0,"height":0},"classes":[]},{"id":32408,"url":"https:\/\/sakaba.mghosteur.com\/en\/product\/sol-janeiro-beija-flor-elasti-cream-240ml\/","url_meta":{"origin":32411,"position":2},"title":"SOL JANEIRO BEIJA FLOR ELASTI CREAM 240ML","author":"admin","date":"May 14, 2024","format":false,"excerpt":"D\u00e9couvrez le Beija Flor Elasti-Cream de Sol de Janeiro, une nouvelle cr\u00e8me enrichie de 240 ml. Con\u00e7ue pour am\u00e9liorer l'\u00e9lasticit\u00e9 et la fermet\u00e9 de la peau, cette cr\u00e8me riche est le dernier ajout \u00e0 la gamme \u00e0 succ\u00e8s des beurres pour le corps de Sol de Janeiro. Sa formule unique\u2026","rel":"","context":"Similar post","block_context":{"text":"Similar post","link":""},"img":{"alt_text":"","src":"","width":0,"height":0},"classes":[]},{"id":32474,"url":"https:\/\/sakaba.mghosteur.com\/en\/product\/sol-janeiro-bum-bum-summer-jet-set\/","url_meta":{"origin":32411,"position":3},"title":"SOL JANEIRO BUM BUM SUMMER JET SET","author":"admin","date":"May 14, 2024","format":false,"excerpt":"D\u00e9couvrez d\u00e8s maintenant le parfum embl\u00e9matique de cette marque avec ce coffret. Voyager peut certainement affecter votre peau, mais avec l'ajout du Bum Bum Jet Set de Sol De Janeiro dans votre valise, vous pouvez \u00eatre s\u00fbr que tous vos produits de soin pr\u00e9f\u00e9r\u00e9s seront \u00e0 port\u00e9e de main cette\u2026","rel":"","context":"Similar post","block_context":{"text":"Similar post","link":""},"img":{"alt_text":"","src":"","width":0,"height":0},"classes":[]},{"id":32392,"url":"https:\/\/sakaba.mghosteur.com\/en\/product\/sol-de-janeiro-rio-body-trio\/","url_meta":{"origin":32411,"position":4},"title":"SOL DE JANEIRO RIO BODY TRIO","author":"admin","date":"May 14, 2024","format":false,"excerpt":"D\u00e9couvrez un trio de cr\u00e8mes br\u00e9siliennes iconiques qui vous promet une peau magnifique. Id\u00e9al pour offrir \u00e0 vos proches ou pour vous faire plaisir, ce coffret cadeau contient les trois produits pr\u00e9f\u00e9r\u00e9s du corps br\u00e9silien. La Cr\u00e8me \u00e9claircissante Bom Dia\u2122 Bright Cream de 50 ml illumine votre peau tout en\u2026","rel":"","context":"Similar post","block_context":{"text":"Similar post","link":""},"img":{"alt_text":"","src":"","width":0,"height":0},"classes":[]},{"id":32426,"url":"https:\/\/sakaba.mghosteur.com\/en\/product\/sol-janeiro-bom-dia-bright-jet-set\/","url_meta":{"origin":32411,"position":5},"title":"SOL JANEIRO BOM DIA BRIGHT JET SET","author":"admin","date":"May 14, 2024","format":false,"excerpt":"Ce coffret renferme: Une cr\u00e8me Brazilian Bom Dia Bright de 50 ml Un gel douche Bom Dia Bright Clarifying aux AHA BHA de 90 ml Une brume parfum\u00e9e pour le corps Brazilian Crush Cheirosa de 30 ml Lib\u00e9r\u00e9 des sulfates de sodium et du sodium laureth sulfate, exempt de parab\u00e8nes,\u2026","rel":"","context":"Similar post","block_context":{"text":"Similar post","link":""},"img":{"alt_text":"","src":"","width":0,"height":0},"classes":[]}],"_links":{"self":[{"href":"https:\/\/sakaba.mghosteur.com\/en\/wp-json\/wp\/v2\/product\/32411","targetHints":{"allow":["GET"]}}],"collection":[{"href":"https:\/\/sakaba.mghosteur.com\/en\/wp-json\/wp\/v2\/product"}],"about":[{"href":"https:\/\/sakaba.mghosteur.com\/en\/wp-json\/wp\/v2\/types\/product"}],"replies":[{"embeddable":true,"href":"https:\/\/sakaba.mghosteur.com\/en\/wp-json\/wp\/v2\/comments?post=32411"}],"version-history":[{"count":0,"href":"https:\/\/sakaba.mghosteur.com\/en\/wp-json\/wp\/v2\/product\/32411\/revisions"}],"wp:attachment":[{"href":"https:\/\/sakaba.mghosteur.com\/en\/wp-json\/wp\/v2\/media?parent=32411"}],"wp:term":[{"taxonomy":"product_brand","embeddable":true,"href":"https:\/\/sakaba.mghosteur.com\/en\/wp-json\/wp\/v2\/product_brand?post=32411"},{"taxonomy":"product_cat","embeddable":true,"href":"https:\/\/sakaba.mghosteur.com\/en\/wp-json\/wp\/v2\/product_cat?post=32411"},{"taxonomy":"product_tag","embeddable":true,"href":"https:\/\/sakaba.mghosteur.com\/en\/wp-json\/wp\/v2\/product_tag?post=32411"}],"curies":[{"name":"wp","href":"https:\/\/api.w.org\/{rel}","templated":true}]}}