{"id":32414,"date":"2024-05-14T16:25:44","date_gmt":"2024-05-14T16:25:44","guid":{"rendered":"https:\/\/sakaba.mghosteur.com\/?post_type=product&#038;p=32414"},"modified":"2024-05-15T13:56:13","modified_gmt":"2024-05-15T13:56:13","slug":"sol-janeiro-bikini-season-90ml","status":"publish","type":"product","link":"https:\/\/sakaba.mghosteur.com\/en\/product\/sol-janeiro-bikini-season-90ml\/","title":{"rendered":"SOL JANEIRO BIKINI SEASON 90ML"},"content":{"rendered":"<p>Plongez-vous dans l&#8217;atmosph\u00e8re d&#8217;une cabane au bord de la piscine avec la brume parfum\u00e9e Bikini Season de Sol de Janeiro, une fragrance tropicale qui \u00e9voque les plaisirs estivaux. Laissez-vous transporter par des notes enivrantes d&#8217;eau de coco et de nectar de goyave, tandis que des accords chauds d&#8217;orchid\u00e9e et d&#8217;iris sauvages caressent votre peau, rehauss\u00e9s par une touche de citron piquant. Les doux nuages de vanille flottent dans le ciel bleu, vous invitant \u00e0 savourer chaque instant de cette saison sans fin. Cette brume, offerte en \u00e9dition limit\u00e9e, vous promet une escapade olfactive exotique \u00e0 tout moment de l&#8217;ann\u00e9e. Con\u00e7u sans ingr\u00e9dients d&#8217;origine animale, ce produit convient aux adeptes du mode de vie v\u00e9g\u00e9talien.<\/p>","protected":false},"excerpt":{"rendered":"<p>Plongez-vous dans l&#8217;atmosph\u00e8re d&#8217;une cabane au bord de la piscine avec la brume parfum\u00e9e Bikini Season de Sol de Janeiro, une fragrance tropicale qui \u00e9voque les plaisirs estivaux. Laissez-vous transporter par des notes enivrantes d&#8217;eau de coco et de nectar de goyave, tandis que des accords chauds d&#8217;orchid\u00e9e et d&#8217;iris sauvages caressent votre peau, rehauss\u00e9s<span class=\"read-more-faq\"><a href=\"https:\/\/sakaba.mghosteur.com\/en\/product\/sol-janeiro-bikini-season-90ml\/\">Read More<\/a><\/span><\/p>","protected":false},"featured_media":0,"comment_status":"open","ping_status":"closed","template":"","meta":[],"product_brand":[974],"product_cat":[410,283],"product_tag":[],"class_list":{"0":"post-32414","1":"product","2":"type-product","3":"status-publish","5":"product_brand-sol-de-janeiro","6":"product_cat-fragrance","7":"product_cat-aah-parfums","9":"first","10":"instock","11":"shipping-taxable","12":"product-type-simple"},"jetpack-related-posts":[{"id":32401,"url":"https:\/\/sakaba.mghosteur.com\/en\/product\/sol-janeiro-after-hours-90ml\/","url_meta":{"origin":32414,"position":0},"title":"SOL JANEIRO AFTER HOURS 90ML","author":"admin","date":"May 14, 2024","format":false,"excerpt":"Plongez-vous dans une brume nocturne enivrante. Les meilleurs moments de la nuit sont souvent les plus impr\u00e9vus. Vous d\u00e9sirez conna\u00eetre le parfum de Rio la nuit ? La brume parfum\u00e9e pour le corps et les cheveux Sol de Janeiro After Hours vous enveloppe de sa texture velout\u00e9e et de son\u2026","rel":"","context":"Similar post","block_context":{"text":"Similar post","link":""},"img":{"alt_text":"","src":"","width":0,"height":0},"classes":[]},{"id":32432,"url":"https:\/\/sakaba.mghosteur.com\/en\/product\/sol-janeiro-brazilian-71-caramelized-vanilla-90ml\/","url_meta":{"origin":32414,"position":1},"title":"SOL JANEIRO BRAZILIAN 71 CARAMELIZED VANILLA 90ML","author":"admin","date":"May 14, 2024","format":false,"excerpt":"D\u00e9couvrez la Brume parfum\u00e9e pour cheveux et corps Cheirosa '71 de Sol de Janeiro Brazil Crush, une exp\u00e9rience olfactive exquise qui vous transportera directement sur les plages ensoleill\u00e9es du Br\u00e9sil. Impr\u00e9gnez-vous de cette fragrance enivrante, o\u00f9 la vanille caram\u00e9lis\u00e9e se m\u00eale harmonieusement \u00e0 la douceur de la noix de macadamia\u2026","rel":"","context":"Similar post","block_context":{"text":"Similar post","link":""},"img":{"alt_text":"","src":"","width":0,"height":0},"classes":[]},{"id":32486,"url":"https:\/\/sakaba.mghosteur.com\/en\/product\/sol-janeiro-rio-radiance-240ml\/","url_meta":{"origin":32414,"position":2},"title":"SOL JANEIRO RIO RADIANCE 240ML","author":"admin","date":"May 14, 2024","format":false,"excerpt":"D\u00e9couvrez le Sol Janeiro Rio Radiance, une brume parfum\u00e9e en \u00e9dition limit\u00e9e (240 ml) qui capture l'essence de la vie br\u00e9silienne, sans le co\u00fbt du billet d'avion. Plongez-vous dans une ambiance ensoleill\u00e9e avec chaque vaporisation, rappelant les journ\u00e9es de plage, les soir\u00e9es festives et l'odeur de la cr\u00e8me solaire. Ce\u2026","rel":"","context":"Similar post","block_context":{"text":"Similar post","link":""},"img":{"alt_text":"","src":"","width":0,"height":0},"classes":[]},{"id":32468,"url":"https:\/\/sakaba.mghosteur.com\/en\/product\/sol-janeiro-brazilian-rio-radiance-90ml\/","url_meta":{"origin":32414,"position":3},"title":"SOL JANEIRO BRAZILIAN RIO RADIANCE 90ML","author":"admin","date":"May 14, 2024","format":false,"excerpt":"D\u00e9couvrez le Sol Janeiro Rio Radiance, une brume parfum\u00e9e en \u00e9dition limit\u00e9e (90 ml) qui capture l'essence de la vie br\u00e9silienne, sans le co\u00fbt du billet d'avion. Plongez-vous dans une ambiance ensoleill\u00e9e avec chaque vaporisation, rappelant les journ\u00e9es de plage, les soir\u00e9es festives et l'odeur de la cr\u00e8me solaire. Ce\u2026","rel":"","context":"Similar post","block_context":{"text":"Similar post","link":""},"img":{"alt_text":"","src":"","width":0,"height":0},"classes":[]},{"id":32495,"url":"https:\/\/sakaba.mghosteur.com\/en\/product\/sol-janeiro-when-in-rio-90ml\/","url_meta":{"origin":32414,"position":4},"title":"SOL JANEIRO WHEN IN RIO 90ML","author":"admin","date":"May 14, 2024","format":false,"excerpt":"D\u00e9couvrez une brume parfum\u00e9e exquise qui \u00e9voque l'essence vibrante de Rio. Capturant l'atmosph\u00e8re envo\u00fbtante de cette ville anim\u00e9e, cette fragrance s\u00e9duisante incarne l'\u00e9nergie d'une nuit \u00e9clatante et chaude. Les notes audacieuses de bergamote sauvage, de poire succulente et de jasmin cr\u00e9pusculaire se m\u00ealent harmonieusement pour cr\u00e9er une exp\u00e9rience olfactive inoubliable.\u2026","rel":"","context":"Similar post","block_context":{"text":"Similar post","link":""},"img":{"alt_text":"","src":"","width":0,"height":0},"classes":[]},{"id":32480,"url":"https:\/\/sakaba.mghosteur.com\/en\/product\/sol-janeiro-fragrance-cheiroisa-59-240ml\/","url_meta":{"origin":32414,"position":5},"title":"SOL JANEIRO FRAGRANCE CHEIROISA 59 240ML","author":"admin","date":"May 14, 2024","format":false,"excerpt":"D\u00e9couvrez le Brazilian Crush Cheirosa 59, une brume parfum\u00e9e captivante pour le corps et les cheveux. Transportez-vous vers les chaudes soir\u00e9es br\u00e9siliennes avec ses accords envo\u00fbtants d\u2019orchid\u00e9e vanille, de violette sucr\u00e9e et de bois de santal pur. Cette brume parfum\u00e9e vous offre une exp\u00e9rience sensorielle unique, \u00e9veillant vos sens avec\u2026","rel":"","context":"Similar post","block_context":{"text":"Similar post","link":""},"img":{"alt_text":"","src":"","width":0,"height":0},"classes":[]}],"_links":{"self":[{"href":"https:\/\/sakaba.mghosteur.com\/en\/wp-json\/wp\/v2\/product\/32414","targetHints":{"allow":["GET"]}}],"collection":[{"href":"https:\/\/sakaba.mghosteur.com\/en\/wp-json\/wp\/v2\/product"}],"about":[{"href":"https:\/\/sakaba.mghosteur.com\/en\/wp-json\/wp\/v2\/types\/product"}],"replies":[{"embeddable":true,"href":"https:\/\/sakaba.mghosteur.com\/en\/wp-json\/wp\/v2\/comments?post=32414"}],"version-history":[{"count":0,"href":"https:\/\/sakaba.mghosteur.com\/en\/wp-json\/wp\/v2\/product\/32414\/revisions"}],"wp:attachment":[{"href":"https:\/\/sakaba.mghosteur.com\/en\/wp-json\/wp\/v2\/media?parent=32414"}],"wp:term":[{"taxonomy":"product_brand","embeddable":true,"href":"https:\/\/sakaba.mghosteur.com\/en\/wp-json\/wp\/v2\/product_brand?post=32414"},{"taxonomy":"product_cat","embeddable":true,"href":"https:\/\/sakaba.mghosteur.com\/en\/wp-json\/wp\/v2\/product_cat?post=32414"},{"taxonomy":"product_tag","embeddable":true,"href":"https:\/\/sakaba.mghosteur.com\/en\/wp-json\/wp\/v2\/product_tag?post=32414"}],"curies":[{"name":"wp","href":"https:\/\/api.w.org\/{rel}","templated":true}]}}