{"id":32417,"date":"2024-05-14T16:26:42","date_gmt":"2024-05-14T16:26:42","guid":{"rendered":"https:\/\/sakaba.mghosteur.com\/?post_type=product&#038;p=32417"},"modified":"2024-09-01T03:51:52","modified_gmt":"2024-09-01T03:51:52","slug":"sol-janeiro-bom-dia-bright-clarifying-aha-bha-body-wash-385ml","status":"publish","type":"product","link":"https:\/\/sakaba.mghosteur.com\/en\/product\/sol-janeiro-bom-dia-bright-clarifying-aha-bha-body-wash-385ml\/","title":{"rendered":"SOL JANEIRO BOM DIA BRIGHT CLARIFYING AHA BHA BODY WASH 385ML"},"content":{"rendered":"<p>SOL DE JANEIRO BOM DIA BRIGHT GEL DOUCHE CLARIFIANT AHA BHA 385 ML<\/p>\n<p>D\u00e9couvrez une exp\u00e9rience matinale rafra\u00eechissante avec le gel douche clarifiant Bom Dia Bright AHA &amp; BHA (385 ml) de Sol de Janeiro.<\/p>\n<p>Cette fusion exaltante d&#8217;acides alpha-hydroxy et de salicyliques, subtilement parfum\u00e9e de notes de fleurs de jasmin et d&#8217;orchid\u00e9es br\u00e9siliennes, ravive votre peau avec douceur. Enrichi d&#8217;extraits de banane et de mangue, ce gel nourrissant offre une exfoliation d\u00e9licate pour r\u00e9v\u00e9ler une peau douce et soyeuse. Sa formule g\u00e9latineuse, associ\u00e9e \u00e0 un syst\u00e8me nettoyant \u00e0 base de noix de coco, pr\u00e9vient la congestion et les poils incarn\u00e9s tout en hydratant en profondeur.<\/p>\n<p>Rituel d&#8217;utilisation : Appliquez sur l&#8217;ensemble du corps en mouvements circulaires pendant 30 \u00e0 60 secondes. Rincez abondamment pour d\u00e9voiler une peau \u00e9clatante de vitalit\u00e9.<\/p>","protected":false},"excerpt":{"rendered":"<p>SOL DE JANEIRO BOM DIA BRIGHT GEL DOUCHE CLARIFIANT AHA BHA 385 ML D\u00e9couvrez une exp\u00e9rience matinale rafra\u00eechissante avec le gel douche clarifiant Bom Dia Bright AHA &amp; BHA (385 ml) de Sol de Janeiro. Cette fusion exaltante d&#8217;acides alpha-hydroxy et de salicyliques, subtilement parfum\u00e9e de notes de fleurs de jasmin et d&#8217;orchid\u00e9es br\u00e9siliennes, ravive<span class=\"read-more-faq\"><a href=\"https:\/\/sakaba.mghosteur.com\/en\/product\/sol-janeiro-bom-dia-bright-clarifying-aha-bha-body-wash-385ml\/\">Read More<\/a><\/span><\/p>","protected":false},"featured_media":0,"comment_status":"open","ping_status":"closed","template":"","meta":[],"product_brand":[974],"product_cat":[358,447],"product_tag":[],"class_list":{"0":"post-32417","1":"product","2":"type-product","3":"status-publish","5":"product_brand-sol-de-janeiro","6":"product_cat-bain-douche","7":"product_cat-aac-bain-et-corps","9":"first","10":"instock","11":"shipping-taxable","12":"product-type-simple"},"jetpack-related-posts":[{"id":32426,"url":"https:\/\/sakaba.mghosteur.com\/en\/product\/sol-janeiro-bom-dia-bright-jet-set\/","url_meta":{"origin":32417,"position":0},"title":"SOL JANEIRO BOM DIA BRIGHT JET SET","author":"admin","date":"May 14, 2024","format":false,"excerpt":"Ce coffret renferme: Une cr\u00e8me Brazilian Bom Dia Bright de 50 ml Un gel douche Bom Dia Bright Clarifying aux AHA BHA de 90 ml Une brume parfum\u00e9e pour le corps Brazilian Crush Cheirosa de 30 ml Lib\u00e9r\u00e9 des sulfates de sodium et du sodium laureth sulfate, exempt de parab\u00e8nes,\u2026","rel":"","context":"Similar post","block_context":{"text":"Similar post","link":""},"img":{"alt_text":"","src":"","width":0,"height":0},"classes":[]},{"id":32420,"url":"https:\/\/sakaba.mghosteur.com\/en\/product\/sol-janeiro-bom-dia-bright-cream-75ml\/","url_meta":{"origin":32417,"position":1},"title":"SOL JANEIRO BOM DIA BRIGHT CREAM 75ML","author":"admin","date":"May 14, 2024","format":false,"excerpt":"D\u00e9couvrez la Cr\u00e8me hydratante BOM DIA de SOL DE JANEIRO, un soin corps retexturisant et nourrissant qui vous invite \u00e0 dire bonjour \u00e0 une peau \u00e9clatante ! Envelopp\u00e9e des notes envo\u00fbtantes de prune noire ambr\u00e9e et de bois vanill\u00e9s, cette cr\u00e8me luxueuse et intens\u00e9ment hydratante offre une exp\u00e9rience sensorielle incomparable.\u2026","rel":"","context":"Similar post","block_context":{"text":"Similar post","link":""},"img":{"alt_text":"","src":"","width":0,"height":0},"classes":[]},{"id":32423,"url":"https:\/\/sakaba.mghosteur.com\/en\/product\/sol-janeiro-bom-dia-bright-cream\/","url_meta":{"origin":32417,"position":2},"title":"SOL JANEIRO BOM DIA BRIGHT CREAM","author":"admin","date":"May 14, 2024","format":false,"excerpt":"D\u00e9couvrez la Cr\u00e8me hydratante BOM DIA de SOL DE JANEIRO, un soin corps retexturisant et nourrissant qui vous invite \u00e0 dire bonjour \u00e0 une peau \u00e9clatante ! Envelopp\u00e9e des notes envo\u00fbtantes de prune noire ambr\u00e9e et de bois vanill\u00e9s, cette cr\u00e8me luxueuse et intens\u00e9ment hydratante offre une exp\u00e9rience sensorielle incomparable.\u2026","rel":"","context":"Similar post","block_context":{"text":"Similar post","link":""},"img":{"alt_text":"","src":"","width":0,"height":0},"classes":[]},{"id":32429,"url":"https:\/\/sakaba.mghosteur.com\/en\/product\/sol-janeiro-brazilian-4-play-moisturizing-shower-cream-gel-385ml\/","url_meta":{"origin":32417,"position":3},"title":"SOL JANEIRO BRAZILIAN 4 PLAY MOISTURIZING SHOWER CREAM GEL 385ML","author":"admin","date":"May 14, 2024","format":false,"excerpt":"D\u00e9couvrez le gel-cr\u00e8me douche hydratant br\u00e9silien 4 Play (385 ml) de Sol de Janeiro, un v\u00e9ritable chef-d'\u0153uvre des soins personnels. Ce produit r\u00e9volutionnaire chouchoute votre peau tout en \u00e9veillant vos sens. Ce gel-cr\u00e8me ne se contente pas de nettoyer en profondeur, il va bien au-del\u00e0. Gr\u00e2ce \u00e0 sa formule enrichie\u2026","rel":"","context":"Similar post","block_context":{"text":"Similar post","link":""},"img":{"alt_text":"","src":"","width":0,"height":0},"classes":[]},{"id":32392,"url":"https:\/\/sakaba.mghosteur.com\/en\/product\/sol-de-janeiro-rio-body-trio\/","url_meta":{"origin":32417,"position":4},"title":"SOL DE JANEIRO RIO BODY TRIO","author":"admin","date":"May 14, 2024","format":false,"excerpt":"D\u00e9couvrez un trio de cr\u00e8mes br\u00e9siliennes iconiques qui vous promet une peau magnifique. Id\u00e9al pour offrir \u00e0 vos proches ou pour vous faire plaisir, ce coffret cadeau contient les trois produits pr\u00e9f\u00e9r\u00e9s du corps br\u00e9silien. La Cr\u00e8me \u00e9claircissante Bom Dia\u2122 Bright Cream de 50 ml illumine votre peau tout en\u2026","rel":"","context":"Similar post","block_context":{"text":"Similar post","link":""},"img":{"alt_text":"","src":"","width":0,"height":0},"classes":[]},{"id":32438,"url":"https:\/\/sakaba.mghosteur.com\/en\/product\/sol-janeiro-brazilian-bom-dia-body-scrub-220g\/","url_meta":{"origin":32417,"position":5},"title":"SOL JANEIRO BRAZILIAN BOM DIA BODY SCRUB 220G","author":"admin","date":"May 14, 2024","format":false,"excerpt":"D\u00e9couvrez le gommage corporel revitalisant Bom Dia (220 g) de Sol de Janeiro pour r\u00e9v\u00e9ler une peau radieuse et douce. Inspir\u00e9 du somptueux sable dor\u00e9 de Rio, ce gommage riche poss\u00e8de une texture ultra-fine compos\u00e9e de cristaux de sucre et de graines de cupua\u00e7u broy\u00e9es pour \u00e9liminer les cellules mortes\u2026","rel":"","context":"Similar post","block_context":{"text":"Similar post","link":""},"img":{"alt_text":"","src":"","width":0,"height":0},"classes":[]}],"_links":{"self":[{"href":"https:\/\/sakaba.mghosteur.com\/en\/wp-json\/wp\/v2\/product\/32417","targetHints":{"allow":["GET"]}}],"collection":[{"href":"https:\/\/sakaba.mghosteur.com\/en\/wp-json\/wp\/v2\/product"}],"about":[{"href":"https:\/\/sakaba.mghosteur.com\/en\/wp-json\/wp\/v2\/types\/product"}],"replies":[{"embeddable":true,"href":"https:\/\/sakaba.mghosteur.com\/en\/wp-json\/wp\/v2\/comments?post=32417"}],"version-history":[{"count":0,"href":"https:\/\/sakaba.mghosteur.com\/en\/wp-json\/wp\/v2\/product\/32417\/revisions"}],"wp:attachment":[{"href":"https:\/\/sakaba.mghosteur.com\/en\/wp-json\/wp\/v2\/media?parent=32417"}],"wp:term":[{"taxonomy":"product_brand","embeddable":true,"href":"https:\/\/sakaba.mghosteur.com\/en\/wp-json\/wp\/v2\/product_brand?post=32417"},{"taxonomy":"product_cat","embeddable":true,"href":"https:\/\/sakaba.mghosteur.com\/en\/wp-json\/wp\/v2\/product_cat?post=32417"},{"taxonomy":"product_tag","embeddable":true,"href":"https:\/\/sakaba.mghosteur.com\/en\/wp-json\/wp\/v2\/product_tag?post=32417"}],"curies":[{"name":"wp","href":"https:\/\/api.w.org\/{rel}","templated":true}]}}