{"id":32429,"date":"2024-05-14T16:30:07","date_gmt":"2024-05-14T16:30:07","guid":{"rendered":"https:\/\/sakaba.mghosteur.com\/?post_type=product&#038;p=32429"},"modified":"2024-05-15T13:52:43","modified_gmt":"2024-05-15T13:52:43","slug":"sol-janeiro-brazilian-4-play-moisturizing-shower-cream-gel-385ml","status":"publish","type":"product","link":"https:\/\/sakaba.mghosteur.com\/en\/product\/sol-janeiro-brazilian-4-play-moisturizing-shower-cream-gel-385ml\/","title":{"rendered":"SOL JANEIRO BRAZILIAN 4 PLAY MOISTURIZING SHOWER CREAM GEL 385ML"},"content":{"rendered":"<p>D\u00e9couvrez le gel-cr\u00e8me douche hydratant br\u00e9silien 4 Play (385 ml) de Sol de Janeiro, un v\u00e9ritable chef-d&#8217;\u0153uvre des soins personnels. Ce produit r\u00e9volutionnaire chouchoute votre peau tout en \u00e9veillant vos sens.<\/p>\n<p>Ce gel-cr\u00e8me ne se contente pas de nettoyer en profondeur, il va bien au-del\u00e0. Gr\u00e2ce \u00e0 sa formule enrichie en huile d&#8217;a\u00e7a\u00ef, r\u00e9put\u00e9e pour ses propri\u00e9t\u00e9s antioxydantes, en beurre de cupua\u00e7u et en huile de noix de coco, votre peau est intens\u00e9ment hydrat\u00e9e et incroyablement douce.<\/p>\n<p>Laissez-vous envo\u00fbter par le parfum envo\u00fbtant de Cheirosa &#8217;62, une fragrance iconique aux d\u00e9licates notes de pistache, de vanille et de caramel sal\u00e9. Chaque douche devient ainsi un moment de pur plaisir et de bien-\u00eatre.<\/p>\n<p>Fini les compromis entre efficacit\u00e9 et douceur : avec le gel-cr\u00e8me douche hydratant br\u00e9silien 4 Play, profitez d&#8217;une peau propre, hydrat\u00e9e et divinement parfum\u00e9e. Offrez-vous cette exp\u00e9rience sensorielle unique d\u00e8s maintenant !<\/p>\n<p>Conseils d&#8217;utilisation : Appliquez sur la peau mouill\u00e9e, massez d\u00e9licatement et rincez abondamment.<\/p>","protected":false},"excerpt":{"rendered":"<p>D\u00e9couvrez le gel-cr\u00e8me douche hydratant br\u00e9silien 4 Play (385 ml) de Sol de Janeiro, un v\u00e9ritable chef-d&#8217;\u0153uvre des soins personnels. Ce produit r\u00e9volutionnaire chouchoute votre peau tout en \u00e9veillant vos sens. Ce gel-cr\u00e8me ne se contente pas de nettoyer en profondeur, il va bien au-del\u00e0. Gr\u00e2ce \u00e0 sa formule enrichie en huile d&#8217;a\u00e7a\u00ef, r\u00e9put\u00e9e pour<span class=\"read-more-faq\"><a href=\"https:\/\/sakaba.mghosteur.com\/en\/product\/sol-janeiro-brazilian-4-play-moisturizing-shower-cream-gel-385ml\/\">Read More<\/a><\/span><\/p>","protected":false},"featured_media":0,"comment_status":"open","ping_status":"closed","template":"","meta":[],"product_brand":[974],"product_cat":[377],"product_tag":[],"class_list":{"0":"post-32429","1":"product","2":"type-product","3":"status-publish","5":"product_brand-sol-de-janeiro","6":"product_cat-bath-body-works","8":"first","9":"instock","10":"shipping-taxable","11":"product-type-simple"},"jetpack-related-posts":[{"id":32474,"url":"https:\/\/sakaba.mghosteur.com\/en\/product\/sol-janeiro-bum-bum-summer-jet-set\/","url_meta":{"origin":32429,"position":0},"title":"SOL JANEIRO BUM BUM SUMMER JET SET","author":"admin","date":"May 14, 2024","format":false,"excerpt":"D\u00e9couvrez d\u00e8s maintenant le parfum embl\u00e9matique de cette marque avec ce coffret. Voyager peut certainement affecter votre peau, mais avec l'ajout du Bum Bum Jet Set de Sol De Janeiro dans votre valise, vous pouvez \u00eatre s\u00fbr que tous vos produits de soin pr\u00e9f\u00e9r\u00e9s seront \u00e0 port\u00e9e de main cette\u2026","rel":"","context":"Similar post","block_context":{"text":"Similar post","link":""},"img":{"alt_text":"","src":"","width":0,"height":0},"classes":[]},{"id":32411,"url":"https:\/\/sakaba.mghosteur.com\/en\/product\/sol-janeiro-beija-flor-jet-set\/","url_meta":{"origin":32429,"position":1},"title":"SOL JANEIRO BEIJA FLOR JET SET","author":"admin","date":"May 14, 2024","format":false,"excerpt":"Ce coffret propose une s\u00e9lection soigneusement choisie de produits de soin, id\u00e9aux pour chouchouter votre peau. Il comprend : Gel Douche R\u00e9g\u00e9n\u00e9rant Beija Flor (90ml) : Offrez \u00e0 votre peau une exp\u00e9rience revitalisante avec ce gel douche. Sa formule cr\u00e9meuse se transforme en une mousse onctueuse, laissant votre peau hydrat\u00e9e\u2026","rel":"","context":"Similar post","block_context":{"text":"Similar post","link":""},"img":{"alt_text":"","src":"","width":0,"height":0},"classes":[]},{"id":32417,"url":"https:\/\/sakaba.mghosteur.com\/en\/product\/sol-janeiro-bom-dia-bright-clarifying-aha-bha-body-wash-385ml\/","url_meta":{"origin":32429,"position":2},"title":"SOL JANEIRO BOM DIA BRIGHT CLARIFYING AHA BHA BODY WASH 385ML","author":"admin","date":"May 14, 2024","format":false,"excerpt":"SOL DE JANEIRO BOM DIA BRIGHT GEL DOUCHE CLARIFIANT AHA BHA 385 ML D\u00e9couvrez une exp\u00e9rience matinale rafra\u00eechissante avec le gel douche clarifiant Bom Dia Bright AHA & BHA (385 ml) de Sol de Janeiro. Cette fusion exaltante d'acides alpha-hydroxy et de salicyliques, subtilement parfum\u00e9e de notes de fleurs de\u2026","rel":"","context":"Similar post","block_context":{"text":"Similar post","link":""},"img":{"alt_text":"","src":"","width":0,"height":0},"classes":[]},{"id":32392,"url":"https:\/\/sakaba.mghosteur.com\/en\/product\/sol-de-janeiro-rio-body-trio\/","url_meta":{"origin":32429,"position":3},"title":"SOL DE JANEIRO RIO BODY TRIO","author":"admin","date":"May 14, 2024","format":false,"excerpt":"D\u00e9couvrez un trio de cr\u00e8mes br\u00e9siliennes iconiques qui vous promet une peau magnifique. Id\u00e9al pour offrir \u00e0 vos proches ou pour vous faire plaisir, ce coffret cadeau contient les trois produits pr\u00e9f\u00e9r\u00e9s du corps br\u00e9silien. La Cr\u00e8me \u00e9claircissante Bom Dia\u2122 Bright Cream de 50 ml illumine votre peau tout en\u2026","rel":"","context":"Similar post","block_context":{"text":"Similar post","link":""},"img":{"alt_text":"","src":"","width":0,"height":0},"classes":[]},{"id":32426,"url":"https:\/\/sakaba.mghosteur.com\/en\/product\/sol-janeiro-bom-dia-bright-jet-set\/","url_meta":{"origin":32429,"position":4},"title":"SOL JANEIRO BOM DIA BRIGHT JET SET","author":"admin","date":"May 14, 2024","format":false,"excerpt":"Ce coffret renferme: Une cr\u00e8me Brazilian Bom Dia Bright de 50 ml Un gel douche Bom Dia Bright Clarifying aux AHA BHA de 90 ml Une brume parfum\u00e9e pour le corps Brazilian Crush Cheirosa de 30 ml Lib\u00e9r\u00e9 des sulfates de sodium et du sodium laureth sulfate, exempt de parab\u00e8nes,\u2026","rel":"","context":"Similar post","block_context":{"text":"Similar post","link":""},"img":{"alt_text":"","src":"","width":0,"height":0},"classes":[]},{"id":32471,"url":"https:\/\/sakaba.mghosteur.com\/en\/product\/sol-janeiro-bum-bum-body-firmeza-oil\/","url_meta":{"origin":32429,"position":5},"title":"SOL JANEIRO BUM BUM BODY FIRMEZA OIL","author":"admin","date":"May 14, 2024","format":false,"excerpt":"D\u00e9couvrez l'huile raffermissante corporelle Bum Bum Firmeza Oil de Sol de Janeiro, une formule intens\u00e9ment hydratante qui travaille pour r\u00e9duire la sensation de gonflement et raffermir visiblement la peau, lui donnant ainsi une apparence plus ferme. Cette huile corporelle combine les bienfaits des ingr\u00e9dients suivants : Le complexe Guaran\u00e1 Caffeine+\u2026","rel":"","context":"Similar post","block_context":{"text":"Similar post","link":""},"img":{"alt_text":"","src":"","width":0,"height":0},"classes":[]}],"_links":{"self":[{"href":"https:\/\/sakaba.mghosteur.com\/en\/wp-json\/wp\/v2\/product\/32429","targetHints":{"allow":["GET"]}}],"collection":[{"href":"https:\/\/sakaba.mghosteur.com\/en\/wp-json\/wp\/v2\/product"}],"about":[{"href":"https:\/\/sakaba.mghosteur.com\/en\/wp-json\/wp\/v2\/types\/product"}],"replies":[{"embeddable":true,"href":"https:\/\/sakaba.mghosteur.com\/en\/wp-json\/wp\/v2\/comments?post=32429"}],"version-history":[{"count":0,"href":"https:\/\/sakaba.mghosteur.com\/en\/wp-json\/wp\/v2\/product\/32429\/revisions"}],"wp:attachment":[{"href":"https:\/\/sakaba.mghosteur.com\/en\/wp-json\/wp\/v2\/media?parent=32429"}],"wp:term":[{"taxonomy":"product_brand","embeddable":true,"href":"https:\/\/sakaba.mghosteur.com\/en\/wp-json\/wp\/v2\/product_brand?post=32429"},{"taxonomy":"product_cat","embeddable":true,"href":"https:\/\/sakaba.mghosteur.com\/en\/wp-json\/wp\/v2\/product_cat?post=32429"},{"taxonomy":"product_tag","embeddable":true,"href":"https:\/\/sakaba.mghosteur.com\/en\/wp-json\/wp\/v2\/product_tag?post=32429"}],"curies":[{"name":"wp","href":"https:\/\/api.w.org\/{rel}","templated":true}]}}