{"id":32432,"date":"2024-05-14T16:31:03","date_gmt":"2024-05-14T16:31:03","guid":{"rendered":"https:\/\/sakaba.mghosteur.com\/?post_type=product&#038;p=32432"},"modified":"2024-08-29T02:20:19","modified_gmt":"2024-08-29T02:20:19","slug":"sol-janeiro-brazilian-71-caramelized-vanilla-90ml","status":"publish","type":"product","link":"https:\/\/sakaba.mghosteur.com\/en\/product\/sol-janeiro-brazilian-71-caramelized-vanilla-90ml\/","title":{"rendered":"SOL JANEIRO BRAZILIAN 71 CARAMELIZED VANILLA 90ML"},"content":{"rendered":"<p>D\u00e9couvrez la Brume parfum\u00e9e pour cheveux et corps Cheirosa &#8217;71 de Sol de Janeiro Brazil Crush, une exp\u00e9rience olfactive exquise qui vous transportera directement sur les plages ensoleill\u00e9es du Br\u00e9sil. Impr\u00e9gnez-vous de cette fragrance enivrante, o\u00f9 la vanille caram\u00e9lis\u00e9e se m\u00eale harmonieusement \u00e0 la douceur de la noix de macadamia grill\u00e9e, cr\u00e9ant ainsi un parfum gourmand et irr\u00e9sistible.<\/p>\n<p>Cette brume luxueuse est polyvalente : utilisez-la pour parfumer d\u00e9licatement votre peau, vos cheveux, vos v\u00eatements, votre lingerie ou m\u00eame votre linge de lit. Offrez-vous une sensation de fra\u00eecheur et de bien-\u00eatre \u00e0 tout moment de la journ\u00e9e en vous enveloppant de ce parfum envo\u00fbtant.<\/p>\n<p>Conseil d&#8217;utilisation : Pour une exp\u00e9rience sensorielle prolong\u00e9e, vaporisez la brume sur vos cheveux, vos v\u00eatements et votre lingerie. Laissez-vous enivrer par les d\u00e9licates notes de vanille caram\u00e9lis\u00e9e, de noix de macadamia grill\u00e9e et de f\u00e8ve tonka qui vous accompagneront tout au long de la journ\u00e9e.<\/p>","protected":false},"excerpt":{"rendered":"<p>D\u00e9couvrez la Brume parfum\u00e9e pour cheveux et corps Cheirosa &#8217;71 de Sol de Janeiro Brazil Crush, une exp\u00e9rience olfactive exquise qui vous transportera directement sur les plages ensoleill\u00e9es du Br\u00e9sil. Impr\u00e9gnez-vous de cette fragrance enivrante, o\u00f9 la vanille caram\u00e9lis\u00e9e se m\u00eale harmonieusement \u00e0 la douceur de la noix de macadamia grill\u00e9e, cr\u00e9ant ainsi un parfum<span class=\"read-more-faq\"><a href=\"https:\/\/sakaba.mghosteur.com\/en\/product\/sol-janeiro-brazilian-71-caramelized-vanilla-90ml\/\">Read More<\/a><\/span><\/p>","protected":false},"featured_media":0,"comment_status":"open","ping_status":"closed","template":"","meta":[],"product_brand":[974],"product_cat":[283],"product_tag":[],"class_list":{"0":"post-32432","1":"product","2":"type-product","3":"status-publish","5":"product_brand-sol-de-janeiro","6":"product_cat-aah-parfums","8":"first","9":"instock","10":"shipping-taxable","11":"product-type-simple"},"jetpack-related-posts":[{"id":32486,"url":"https:\/\/sakaba.mghosteur.com\/en\/product\/sol-janeiro-rio-radiance-240ml\/","url_meta":{"origin":32432,"position":0},"title":"SOL JANEIRO RIO RADIANCE 240ML","author":"admin","date":"May 14, 2024","format":false,"excerpt":"D\u00e9couvrez le Sol Janeiro Rio Radiance, une brume parfum\u00e9e en \u00e9dition limit\u00e9e (240 ml) qui capture l'essence de la vie br\u00e9silienne, sans le co\u00fbt du billet d'avion. Plongez-vous dans une ambiance ensoleill\u00e9e avec chaque vaporisation, rappelant les journ\u00e9es de plage, les soir\u00e9es festives et l'odeur de la cr\u00e8me solaire. Ce\u2026","rel":"","context":"Similar post","block_context":{"text":"Similar post","link":""},"img":{"alt_text":"","src":"","width":0,"height":0},"classes":[]},{"id":32468,"url":"https:\/\/sakaba.mghosteur.com\/en\/product\/sol-janeiro-brazilian-rio-radiance-90ml\/","url_meta":{"origin":32432,"position":1},"title":"SOL JANEIRO BRAZILIAN RIO RADIANCE 90ML","author":"admin","date":"May 14, 2024","format":false,"excerpt":"D\u00e9couvrez le Sol Janeiro Rio Radiance, une brume parfum\u00e9e en \u00e9dition limit\u00e9e (90 ml) qui capture l'essence de la vie br\u00e9silienne, sans le co\u00fbt du billet d'avion. Plongez-vous dans une ambiance ensoleill\u00e9e avec chaque vaporisation, rappelant les journ\u00e9es de plage, les soir\u00e9es festives et l'odeur de la cr\u00e8me solaire. Ce\u2026","rel":"","context":"Similar post","block_context":{"text":"Similar post","link":""},"img":{"alt_text":"","src":"","width":0,"height":0},"classes":[]},{"id":32401,"url":"https:\/\/sakaba.mghosteur.com\/en\/product\/sol-janeiro-after-hours-90ml\/","url_meta":{"origin":32432,"position":2},"title":"SOL JANEIRO AFTER HOURS 90ML","author":"admin","date":"May 14, 2024","format":false,"excerpt":"Plongez-vous dans une brume nocturne enivrante. Les meilleurs moments de la nuit sont souvent les plus impr\u00e9vus. Vous d\u00e9sirez conna\u00eetre le parfum de Rio la nuit ? La brume parfum\u00e9e pour le corps et les cheveux Sol de Janeiro After Hours vous enveloppe de sa texture velout\u00e9e et de son\u2026","rel":"","context":"Similar post","block_context":{"text":"Similar post","link":""},"img":{"alt_text":"","src":"","width":0,"height":0},"classes":[]},{"id":32456,"url":"https:\/\/sakaba.mghosteur.com\/en\/product\/sol-janeiro-brazilian-crush-62-pistacho-salted-caramel-90ml\/","url_meta":{"origin":32432,"position":3},"title":"SOL JANEIRO BRAZILIAN CRUSH 62 PISTACHO &#038; SALTED CARAMEL 90ML","author":"admin","date":"May 14, 2024","format":false,"excerpt":"Le Brazil Crush Cheirosa '62 Pistache & Caramel Sal\u00e9 Hair & Body Fragrance Mist (240 ml) de Sol De Janeiro est bien plus qu'une simple brume parfum\u00e9e. C'est une invitation \u00e0 une exp\u00e9rience sensorielle envo\u00fbtante, inspir\u00e9e par les plages ensoleill\u00e9es de Rio de Janeiro. Cette brume multifonctionnelle captura l'essence m\u00eame\u2026","rel":"","context":"Similar post","block_context":{"text":"Similar post","link":""},"img":{"alt_text":"","src":"","width":0,"height":0},"classes":[]},{"id":32459,"url":"https:\/\/sakaba.mghosteur.com\/en\/product\/sol-janeiro-brazilian-crush-62-pistacho-salted-caramel-240ml\/","url_meta":{"origin":32432,"position":4},"title":"SOL JANEIRO BRAZILIAN CRUSH 62 PISTACHO &#038; SALTED CARAMEL 240ML","author":"admin","date":"May 14, 2024","format":false,"excerpt":"Le Brazil Crush Cheirosa '62 Pistache & Caramel Sal\u00e9 Hair & Body Fragrance Mist (240 ml) de Sol De Janeiro est bien plus qu'une simple brume parfum\u00e9e. C'est une invitation \u00e0 une exp\u00e9rience sensorielle envo\u00fbtante, inspir\u00e9e par les plages ensoleill\u00e9es de Rio de Janeiro. Cette brume multifonctionnelle captura l'essence m\u00eame\u2026","rel":"","context":"Similar post","block_context":{"text":"Similar post","link":""},"img":{"alt_text":"","src":"","width":0,"height":0},"classes":[]},{"id":32480,"url":"https:\/\/sakaba.mghosteur.com\/en\/product\/sol-janeiro-fragrance-cheiroisa-59-240ml\/","url_meta":{"origin":32432,"position":5},"title":"SOL JANEIRO FRAGRANCE CHEIROISA 59 240ML","author":"admin","date":"May 14, 2024","format":false,"excerpt":"D\u00e9couvrez le Brazilian Crush Cheirosa 59, une brume parfum\u00e9e captivante pour le corps et les cheveux. Transportez-vous vers les chaudes soir\u00e9es br\u00e9siliennes avec ses accords envo\u00fbtants d\u2019orchid\u00e9e vanille, de violette sucr\u00e9e et de bois de santal pur. Cette brume parfum\u00e9e vous offre une exp\u00e9rience sensorielle unique, \u00e9veillant vos sens avec\u2026","rel":"","context":"Similar post","block_context":{"text":"Similar post","link":""},"img":{"alt_text":"","src":"","width":0,"height":0},"classes":[]}],"_links":{"self":[{"href":"https:\/\/sakaba.mghosteur.com\/en\/wp-json\/wp\/v2\/product\/32432","targetHints":{"allow":["GET"]}}],"collection":[{"href":"https:\/\/sakaba.mghosteur.com\/en\/wp-json\/wp\/v2\/product"}],"about":[{"href":"https:\/\/sakaba.mghosteur.com\/en\/wp-json\/wp\/v2\/types\/product"}],"replies":[{"embeddable":true,"href":"https:\/\/sakaba.mghosteur.com\/en\/wp-json\/wp\/v2\/comments?post=32432"}],"version-history":[{"count":0,"href":"https:\/\/sakaba.mghosteur.com\/en\/wp-json\/wp\/v2\/product\/32432\/revisions"}],"wp:attachment":[{"href":"https:\/\/sakaba.mghosteur.com\/en\/wp-json\/wp\/v2\/media?parent=32432"}],"wp:term":[{"taxonomy":"product_brand","embeddable":true,"href":"https:\/\/sakaba.mghosteur.com\/en\/wp-json\/wp\/v2\/product_brand?post=32432"},{"taxonomy":"product_cat","embeddable":true,"href":"https:\/\/sakaba.mghosteur.com\/en\/wp-json\/wp\/v2\/product_cat?post=32432"},{"taxonomy":"product_tag","embeddable":true,"href":"https:\/\/sakaba.mghosteur.com\/en\/wp-json\/wp\/v2\/product_tag?post=32432"}],"curies":[{"name":"wp","href":"https:\/\/api.w.org\/{rel}","templated":true}]}}