{"id":32438,"date":"2024-05-14T16:32:43","date_gmt":"2024-05-14T16:32:43","guid":{"rendered":"https:\/\/sakaba.mghosteur.com\/?post_type=product&#038;p=32438"},"modified":"2024-05-15T13:00:23","modified_gmt":"2024-05-15T13:00:23","slug":"sol-janeiro-brazilian-bom-dia-body-scrub-220g","status":"publish","type":"product","link":"https:\/\/sakaba.mghosteur.com\/en\/product\/sol-janeiro-brazilian-bom-dia-body-scrub-220g\/","title":{"rendered":"SOL JANEIRO BRAZILIAN BOM DIA BODY SCRUB 220G"},"content":{"rendered":"<p>D\u00e9couvrez le gommage corporel revitalisant Bom Dia (220 g) de Sol de Janeiro pour r\u00e9v\u00e9ler une peau radieuse et douce. Inspir\u00e9 du somptueux sable dor\u00e9 de Rio, ce gommage riche poss\u00e8de une texture ultra-fine compos\u00e9e de cristaux de sucre et de graines de cupua\u00e7u broy\u00e9es pour \u00e9liminer les cellules mortes de la peau et stimuler la circulation. Il est \u00e9galement infus\u00e9 d&#8217;un m\u00e9lange hydratant de beurres de noix de coco et d&#8217;a\u00e7ai, qui fondent sur la peau pour aider \u00e0 nourrir et revitaliser le corps de la t\u00eate aux pieds. Un bonus? Le parfum chaud et floral qui apporte la plage \u00e0 votre rituel de soins personnels avec des notes d&#8217;orchid\u00e9e br\u00e9silienne et des nuances de bois de vanille.<\/p>\n<p>Pour une utilisation optimale, pr\u00e9levez une quantit\u00e9 g\u00e9n\u00e9reuse et appliquez sur la peau humide, en massant par mouvements circulaires pour stimuler la circulation et intensifier les bienfaits du lissage de la peau.<\/p>","protected":false},"excerpt":{"rendered":"<p>D\u00e9couvrez le gommage corporel revitalisant Bom Dia (220 g) de Sol de Janeiro pour r\u00e9v\u00e9ler une peau radieuse et douce. Inspir\u00e9 du somptueux sable dor\u00e9 de Rio, ce gommage riche poss\u00e8de une texture ultra-fine compos\u00e9e de cristaux de sucre et de graines de cupua\u00e7u broy\u00e9es pour \u00e9liminer les cellules mortes de la peau et stimuler<span class=\"read-more-faq\"><a href=\"https:\/\/sakaba.mghosteur.com\/en\/product\/sol-janeiro-brazilian-bom-dia-body-scrub-220g\/\">Read More<\/a><\/span><\/p>","protected":false},"featured_media":0,"comment_status":"open","ping_status":"closed","template":"","meta":[],"product_brand":[974],"product_cat":[377],"product_tag":[],"class_list":{"0":"post-32438","1":"product","2":"type-product","3":"status-publish","5":"product_brand-sol-de-janeiro","6":"product_cat-bath-body-works","8":"first","9":"instock","10":"shipping-taxable","11":"product-type-simple"},"jetpack-related-posts":[],"_links":{"self":[{"href":"https:\/\/sakaba.mghosteur.com\/en\/wp-json\/wp\/v2\/product\/32438","targetHints":{"allow":["GET"]}}],"collection":[{"href":"https:\/\/sakaba.mghosteur.com\/en\/wp-json\/wp\/v2\/product"}],"about":[{"href":"https:\/\/sakaba.mghosteur.com\/en\/wp-json\/wp\/v2\/types\/product"}],"replies":[{"embeddable":true,"href":"https:\/\/sakaba.mghosteur.com\/en\/wp-json\/wp\/v2\/comments?post=32438"}],"version-history":[{"count":0,"href":"https:\/\/sakaba.mghosteur.com\/en\/wp-json\/wp\/v2\/product\/32438\/revisions"}],"wp:attachment":[{"href":"https:\/\/sakaba.mghosteur.com\/en\/wp-json\/wp\/v2\/media?parent=32438"}],"wp:term":[{"taxonomy":"product_brand","embeddable":true,"href":"https:\/\/sakaba.mghosteur.com\/en\/wp-json\/wp\/v2\/product_brand?post=32438"},{"taxonomy":"product_cat","embeddable":true,"href":"https:\/\/sakaba.mghosteur.com\/en\/wp-json\/wp\/v2\/product_cat?post=32438"},{"taxonomy":"product_tag","embeddable":true,"href":"https:\/\/sakaba.mghosteur.com\/en\/wp-json\/wp\/v2\/product_tag?post=32438"}],"curies":[{"name":"wp","href":"https:\/\/api.w.org\/{rel}","templated":true}]}}