{"id":32444,"date":"2024-05-14T16:34:35","date_gmt":"2024-05-14T16:34:35","guid":{"rendered":"https:\/\/sakaba.mghosteur.com\/?post_type=product&#038;p=32444"},"modified":"2024-05-15T12:53:03","modified_gmt":"2024-05-15T12:53:03","slug":"sol-janeiro-brazilian-bum-bum-cream-75ml","status":"publish","type":"product","link":"https:\/\/sakaba.mghosteur.com\/en\/product\/sol-janeiro-brazilian-bum-bum-cream-75ml\/","title":{"rendered":"SOL JANEIRO BRAZILIAN BUM BUM CREAM 75ML"},"content":{"rendered":"<p>Optez pour cette cr\u00e8me de qualit\u00e9 qui promet une peau visiblement plus lisse et plus ferme. Gr\u00e2ce \u00e0 l&#8217;extrait de guaran\u00e1, riche en caf\u00e9ine et aux propri\u00e9t\u00e9s puissantes, elle agit efficacement pour am\u00e9liorer l&#8217;apparence de votre peau. Enrichie en beurre de cupua\u00e7u, connu pour son absorption rapide et sa capacit\u00e9 \u00e0 hydrater en profondeur, cette cr\u00e8me p\u00e9n\u00e8tre rapidement dans la peau, fournissant une hydratation intense et des acides gras essentiels pour une peau douce et soyeuse instantan\u00e9e.<\/p>\n<p><em><strong>Contenance 75ml\u00a0<\/strong><\/em><\/p>","protected":false},"excerpt":{"rendered":"<p>Optez pour cette cr\u00e8me de qualit\u00e9 qui promet une peau visiblement plus lisse et plus ferme. Gr\u00e2ce \u00e0 l&#8217;extrait de guaran\u00e1, riche en caf\u00e9ine et aux propri\u00e9t\u00e9s puissantes, elle agit efficacement pour am\u00e9liorer l&#8217;apparence de votre peau. Enrichie en beurre de cupua\u00e7u, connu pour son absorption rapide et sa capacit\u00e9 \u00e0 hydrater en profondeur, cette<span class=\"read-more-faq\"><a href=\"https:\/\/sakaba.mghosteur.com\/en\/product\/sol-janeiro-brazilian-bum-bum-cream-75ml\/\">Read More<\/a><\/span><\/p>","protected":false},"featured_media":0,"comment_status":"open","ping_status":"closed","template":"","meta":[],"product_brand":[974],"product_cat":[377],"product_tag":[],"class_list":{"0":"post-32444","1":"product","2":"type-product","3":"status-publish","5":"product_brand-sol-de-janeiro","6":"product_cat-bath-body-works","8":"first","9":"instock","10":"shipping-taxable","11":"product-type-simple"},"jetpack-related-posts":[{"id":32420,"url":"https:\/\/sakaba.mghosteur.com\/en\/product\/sol-janeiro-bom-dia-bright-cream-75ml\/","url_meta":{"origin":32444,"position":0},"title":"SOL JANEIRO BOM DIA BRIGHT CREAM 75ML","author":"admin","date":"May 14, 2024","format":false,"excerpt":"D\u00e9couvrez la Cr\u00e8me hydratante BOM DIA de SOL DE JANEIRO, un soin corps retexturisant et nourrissant qui vous invite \u00e0 dire bonjour \u00e0 une peau \u00e9clatante ! Envelopp\u00e9e des notes envo\u00fbtantes de prune noire ambr\u00e9e et de bois vanill\u00e9s, cette cr\u00e8me luxueuse et intens\u00e9ment hydratante offre une exp\u00e9rience sensorielle incomparable.\u2026","rel":"","context":"Similar post","block_context":{"text":"Similar post","link":""},"img":{"alt_text":"","src":"","width":0,"height":0},"classes":[]},{"id":32489,"url":"https:\/\/sakaba.mghosteur.com\/en\/product\/sol-janeiro-rio-radiance-cream-75ml\/","url_meta":{"origin":32444,"position":1},"title":"SOL JANEIRO RIO RADIANCE CREAM 75ML","author":"admin","date":"May 14, 2024","format":false,"excerpt":"D\u00e9couvrez la cr\u00e8me pour le corps Rio Radiance de Sol de Janeiro, un essentiel pour une peau resplendissante toute l'ann\u00e9e. Envelopp\u00e9e dans des notes envo\u00fbtantes de tub\u00e9reuse solaire et de lait de coco, cette cr\u00e8me capture l'essence du soleil sur votre peau, vous transportant instantan\u00e9ment vers des vacances tropicales. Cette\u2026","rel":"","context":"Similar post","block_context":{"text":"Similar post","link":""},"img":{"alt_text":"","src":"","width":0,"height":0},"classes":[]},{"id":32404,"url":"https:\/\/sakaba.mghosteur.com\/en\/product\/sol-janeiro-beija-flor-elasti-cream-75ml\/","url_meta":{"origin":32444,"position":2},"title":"SOL JANEIRO BEIJA FLOR ELASTI CREAM 75ML","author":"admin","date":"May 14, 2024","format":false,"excerpt":"D\u00e9couvrez le Beija Flor Elasti-Cream de Sol de Janeiro, une nouvelle cr\u00e8me enrichie de 75 ml. Con\u00e7ue pour am\u00e9liorer l'\u00e9lasticit\u00e9 et la fermet\u00e9 de la peau, cette cr\u00e8me riche est le dernier ajout \u00e0 la gamme \u00e0 succ\u00e8s des beurres pour le corps de Sol de Janeiro. Sa formule unique\u2026","rel":"","context":"Similar post","block_context":{"text":"Similar post","link":""},"img":{"alt_text":"","src":"","width":0,"height":0},"classes":[]},{"id":32471,"url":"https:\/\/sakaba.mghosteur.com\/en\/product\/sol-janeiro-bum-bum-body-firmeza-oil\/","url_meta":{"origin":32444,"position":3},"title":"SOL JANEIRO BUM BUM BODY FIRMEZA OIL","author":"admin","date":"May 14, 2024","format":false,"excerpt":"D\u00e9couvrez l'huile raffermissante corporelle Bum Bum Firmeza Oil de Sol de Janeiro, une formule intens\u00e9ment hydratante qui travaille pour r\u00e9duire la sensation de gonflement et raffermir visiblement la peau, lui donnant ainsi une apparence plus ferme. Cette huile corporelle combine les bienfaits des ingr\u00e9dients suivants : Le complexe Guaran\u00e1 Caffeine+\u2026","rel":"","context":"Similar post","block_context":{"text":"Similar post","link":""},"img":{"alt_text":"","src":"","width":0,"height":0},"classes":[]},{"id":32474,"url":"https:\/\/sakaba.mghosteur.com\/en\/product\/sol-janeiro-bum-bum-summer-jet-set\/","url_meta":{"origin":32444,"position":4},"title":"SOL JANEIRO BUM BUM SUMMER JET SET","author":"admin","date":"May 14, 2024","format":false,"excerpt":"D\u00e9couvrez d\u00e8s maintenant le parfum embl\u00e9matique de cette marque avec ce coffret. Voyager peut certainement affecter votre peau, mais avec l'ajout du Bum Bum Jet Set de Sol De Janeiro dans votre valise, vous pouvez \u00eatre s\u00fbr que tous vos produits de soin pr\u00e9f\u00e9r\u00e9s seront \u00e0 port\u00e9e de main cette\u2026","rel":"","context":"Similar post","block_context":{"text":"Similar post","link":""},"img":{"alt_text":"","src":"","width":0,"height":0},"classes":[]},{"id":32392,"url":"https:\/\/sakaba.mghosteur.com\/en\/product\/sol-de-janeiro-rio-body-trio\/","url_meta":{"origin":32444,"position":5},"title":"SOL DE JANEIRO RIO BODY TRIO","author":"admin","date":"May 14, 2024","format":false,"excerpt":"D\u00e9couvrez un trio de cr\u00e8mes br\u00e9siliennes iconiques qui vous promet une peau magnifique. Id\u00e9al pour offrir \u00e0 vos proches ou pour vous faire plaisir, ce coffret cadeau contient les trois produits pr\u00e9f\u00e9r\u00e9s du corps br\u00e9silien. La Cr\u00e8me \u00e9claircissante Bom Dia\u2122 Bright Cream de 50 ml illumine votre peau tout en\u2026","rel":"","context":"Similar post","block_context":{"text":"Similar post","link":""},"img":{"alt_text":"","src":"","width":0,"height":0},"classes":[]}],"_links":{"self":[{"href":"https:\/\/sakaba.mghosteur.com\/en\/wp-json\/wp\/v2\/product\/32444","targetHints":{"allow":["GET"]}}],"collection":[{"href":"https:\/\/sakaba.mghosteur.com\/en\/wp-json\/wp\/v2\/product"}],"about":[{"href":"https:\/\/sakaba.mghosteur.com\/en\/wp-json\/wp\/v2\/types\/product"}],"replies":[{"embeddable":true,"href":"https:\/\/sakaba.mghosteur.com\/en\/wp-json\/wp\/v2\/comments?post=32444"}],"version-history":[{"count":0,"href":"https:\/\/sakaba.mghosteur.com\/en\/wp-json\/wp\/v2\/product\/32444\/revisions"}],"wp:attachment":[{"href":"https:\/\/sakaba.mghosteur.com\/en\/wp-json\/wp\/v2\/media?parent=32444"}],"wp:term":[{"taxonomy":"product_brand","embeddable":true,"href":"https:\/\/sakaba.mghosteur.com\/en\/wp-json\/wp\/v2\/product_brand?post=32444"},{"taxonomy":"product_cat","embeddable":true,"href":"https:\/\/sakaba.mghosteur.com\/en\/wp-json\/wp\/v2\/product_cat?post=32444"},{"taxonomy":"product_tag","embeddable":true,"href":"https:\/\/sakaba.mghosteur.com\/en\/wp-json\/wp\/v2\/product_tag?post=32444"}],"curies":[{"name":"wp","href":"https:\/\/api.w.org\/{rel}","templated":true}]}}