{"id":32450,"date":"2024-05-14T16:36:25","date_gmt":"2024-05-14T16:36:25","guid":{"rendered":"https:\/\/sakaba.mghosteur.com\/?post_type=product&#038;p=32450"},"modified":"2024-08-29T02:22:35","modified_gmt":"2024-08-29T02:22:35","slug":"sol-janeiro-brazilian-crush-40-black-amber-plum-vanilla-rose-90ml","status":"publish","type":"product","link":"https:\/\/sakaba.mghosteur.com\/en\/product\/sol-janeiro-brazilian-crush-40-black-amber-plum-vanilla-rose-90ml\/","title":{"rendered":"SOL JANEIRO BRAZILIAN CRUSH 40 BLACK AMBER PLUM &amp; VANILLA ROSE 90ML"},"content":{"rendered":"<p>Le Sol De Janeiro Brazil Crush Cheirosa &#8217;40 Black Amber Plum &amp; Vanilla Woods Hair &amp; Body Fragrance Mist (90 ml) est une brume parfum\u00e9e d\u00e9licate mais enivrante, impr\u00e9gn\u00e9e de notes de prune ambr\u00e9e noire, de bois de vanille et de fleurs de jasmin pour vous envelopper d&#8217;une fragrance exquise.<\/p>\n<p>Cette composition captivante \u00e9voque le glamour des bals du carnaval de Rio, fusionnant des notes olfactives qui refl\u00e8tent la vivacit\u00e9 et l&#8217;extravagance de cette c\u00e9l\u00e9bration br\u00e9silienne embl\u00e9matique. Dermatologiquement test\u00e9, ce produit est formul\u00e9 sans sulfate, phtalate et parab\u00e8ne, en respectant les valeurs des v\u00e9g\u00e9taliens et en garantissant le respect des animaux.<\/p>\n<p>Ses notes de t\u00eate captivantes de prune ambr\u00e9e noire et de cr\u00e8me de cassis ouvrent la voie \u00e0 un c\u0153ur envo\u00fbtant de fleurs de jasmin et d&#8217;orchid\u00e9e br\u00e9silienne, tandis que ses notes de fond de bois de vanille et de musc chaud ajoutent une profondeur sensuelle \u00e0 cette exp\u00e9rience parfum\u00e9e unique.<\/p>","protected":false},"excerpt":{"rendered":"<p>Le Sol De Janeiro Brazil Crush Cheirosa &#8217;40 Black Amber Plum &amp; Vanilla Woods Hair &amp; Body Fragrance Mist (90 ml) est une brume parfum\u00e9e d\u00e9licate mais enivrante, impr\u00e9gn\u00e9e de notes de prune ambr\u00e9e noire, de bois de vanille et de fleurs de jasmin pour vous envelopper d&#8217;une fragrance exquise. Cette composition captivante \u00e9voque le<span class=\"read-more-faq\"><a href=\"https:\/\/sakaba.mghosteur.com\/en\/product\/sol-janeiro-brazilian-crush-40-black-amber-plum-vanilla-rose-90ml\/\">Read More<\/a><\/span><\/p>","protected":false},"featured_media":0,"comment_status":"open","ping_status":"closed","template":"","meta":[],"product_brand":[974],"product_cat":[283],"product_tag":[],"class_list":{"0":"post-32450","1":"product","2":"type-product","3":"status-publish","5":"product_brand-sol-de-janeiro","6":"product_cat-aah-parfums","8":"first","9":"instock","10":"shipping-taxable","11":"product-type-simple"},"jetpack-related-posts":[{"id":32453,"url":"https:\/\/sakaba.mghosteur.com\/en\/product\/sol-janeiro-brazilian-crush-40-black-amber-plum-vanilla-rose-240ml\/","url_meta":{"origin":32450,"position":0},"title":"SOL JANEIRO BRAZILIAN CRUSH 40 BLACK AMBER PLUM &amp; VANILLA ROSE 240ML","author":"admin","date":"May 14, 2024","format":false,"excerpt":"Le Sol De Janeiro Brazil Crush Cheirosa '40 Black Amber Plum & Vanilla Woods Hair & Body Fragrance Mist (240 ml) est une brume parfum\u00e9e d\u00e9licate mais enivrante, impr\u00e9gn\u00e9e de notes de prune ambr\u00e9e noire, de bois de vanille et de fleurs de jasmin pour vous envelopper d'une fragrance exquise.\u2026","rel":"","context":"Similar post","block_context":{"text":"Similar post","link":""},"img":{"alt_text":"","src":"","width":0,"height":0},"classes":[]},{"id":32480,"url":"https:\/\/sakaba.mghosteur.com\/en\/product\/sol-janeiro-fragrance-cheiroisa-59-240ml\/","url_meta":{"origin":32450,"position":1},"title":"SOL JANEIRO FRAGRANCE CHEIROISA 59 240ML","author":"admin","date":"May 14, 2024","format":false,"excerpt":"D\u00e9couvrez le Brazilian Crush Cheirosa 59, une brume parfum\u00e9e captivante pour le corps et les cheveux. Transportez-vous vers les chaudes soir\u00e9es br\u00e9siliennes avec ses accords envo\u00fbtants d\u2019orchid\u00e9e vanille, de violette sucr\u00e9e et de bois de santal pur. Cette brume parfum\u00e9e vous offre une exp\u00e9rience sensorielle unique, \u00e9veillant vos sens avec\u2026","rel":"","context":"Similar post","block_context":{"text":"Similar post","link":""},"img":{"alt_text":"","src":"","width":0,"height":0},"classes":[]},{"id":32483,"url":"https:\/\/sakaba.mghosteur.com\/en\/product\/sol-janeiro-fragrance-cheirosa-59-90ml\/","url_meta":{"origin":32450,"position":2},"title":"SOL JANEIRO FRAGRANCE CHEIROSA 59 90ML","author":"admin","date":"May 14, 2024","format":false,"excerpt":"D\u00e9couvrez le Brazilian Crush Cheirosa 59, une brume parfum\u00e9e captivante pour le corps et les cheveux. Transportez-vous vers les chaudes soir\u00e9es br\u00e9siliennes avec ses accords envo\u00fbtants d\u2019orchid\u00e9e vanille, de violette sucr\u00e9e et de bois de santal pur. Cette brume parfum\u00e9e vous offre une exp\u00e9rience sensorielle unique, \u00e9veillant vos sens avec\u2026","rel":"","context":"Similar post","block_context":{"text":"Similar post","link":""},"img":{"alt_text":"","src":"","width":0,"height":0},"classes":[]},{"id":32456,"url":"https:\/\/sakaba.mghosteur.com\/en\/product\/sol-janeiro-brazilian-crush-62-pistacho-salted-caramel-90ml\/","url_meta":{"origin":32450,"position":3},"title":"SOL JANEIRO BRAZILIAN CRUSH 62 PISTACHO &#038; SALTED CARAMEL 90ML","author":"admin","date":"May 14, 2024","format":false,"excerpt":"Le Brazil Crush Cheirosa '62 Pistache & Caramel Sal\u00e9 Hair & Body Fragrance Mist (240 ml) de Sol De Janeiro est bien plus qu'une simple brume parfum\u00e9e. C'est une invitation \u00e0 une exp\u00e9rience sensorielle envo\u00fbtante, inspir\u00e9e par les plages ensoleill\u00e9es de Rio de Janeiro. Cette brume multifonctionnelle captura l'essence m\u00eame\u2026","rel":"","context":"Similar post","block_context":{"text":"Similar post","link":""},"img":{"alt_text":"","src":"","width":0,"height":0},"classes":[]},{"id":32459,"url":"https:\/\/sakaba.mghosteur.com\/en\/product\/sol-janeiro-brazilian-crush-62-pistacho-salted-caramel-240ml\/","url_meta":{"origin":32450,"position":4},"title":"SOL JANEIRO BRAZILIAN CRUSH 62 PISTACHO &#038; SALTED CARAMEL 240ML","author":"admin","date":"May 14, 2024","format":false,"excerpt":"Le Brazil Crush Cheirosa '62 Pistache & Caramel Sal\u00e9 Hair & Body Fragrance Mist (240 ml) de Sol De Janeiro est bien plus qu'une simple brume parfum\u00e9e. C'est une invitation \u00e0 une exp\u00e9rience sensorielle envo\u00fbtante, inspir\u00e9e par les plages ensoleill\u00e9es de Rio de Janeiro. Cette brume multifonctionnelle captura l'essence m\u00eame\u2026","rel":"","context":"Similar post","block_context":{"text":"Similar post","link":""},"img":{"alt_text":"","src":"","width":0,"height":0},"classes":[]},{"id":32392,"url":"https:\/\/sakaba.mghosteur.com\/en\/product\/sol-de-janeiro-rio-body-trio\/","url_meta":{"origin":32450,"position":5},"title":"SOL DE JANEIRO RIO BODY TRIO","author":"admin","date":"May 14, 2024","format":false,"excerpt":"D\u00e9couvrez un trio de cr\u00e8mes br\u00e9siliennes iconiques qui vous promet une peau magnifique. Id\u00e9al pour offrir \u00e0 vos proches ou pour vous faire plaisir, ce coffret cadeau contient les trois produits pr\u00e9f\u00e9r\u00e9s du corps br\u00e9silien. La Cr\u00e8me \u00e9claircissante Bom Dia\u2122 Bright Cream de 50 ml illumine votre peau tout en\u2026","rel":"","context":"Similar post","block_context":{"text":"Similar post","link":""},"img":{"alt_text":"","src":"","width":0,"height":0},"classes":[]}],"_links":{"self":[{"href":"https:\/\/sakaba.mghosteur.com\/en\/wp-json\/wp\/v2\/product\/32450","targetHints":{"allow":["GET"]}}],"collection":[{"href":"https:\/\/sakaba.mghosteur.com\/en\/wp-json\/wp\/v2\/product"}],"about":[{"href":"https:\/\/sakaba.mghosteur.com\/en\/wp-json\/wp\/v2\/types\/product"}],"replies":[{"embeddable":true,"href":"https:\/\/sakaba.mghosteur.com\/en\/wp-json\/wp\/v2\/comments?post=32450"}],"version-history":[{"count":0,"href":"https:\/\/sakaba.mghosteur.com\/en\/wp-json\/wp\/v2\/product\/32450\/revisions"}],"wp:attachment":[{"href":"https:\/\/sakaba.mghosteur.com\/en\/wp-json\/wp\/v2\/media?parent=32450"}],"wp:term":[{"taxonomy":"product_brand","embeddable":true,"href":"https:\/\/sakaba.mghosteur.com\/en\/wp-json\/wp\/v2\/product_brand?post=32450"},{"taxonomy":"product_cat","embeddable":true,"href":"https:\/\/sakaba.mghosteur.com\/en\/wp-json\/wp\/v2\/product_cat?post=32450"},{"taxonomy":"product_tag","embeddable":true,"href":"https:\/\/sakaba.mghosteur.com\/en\/wp-json\/wp\/v2\/product_tag?post=32450"}],"curies":[{"name":"wp","href":"https:\/\/api.w.org\/{rel}","templated":true}]}}