{"id":32459,"date":"2024-05-14T16:39:04","date_gmt":"2024-05-14T16:39:04","guid":{"rendered":"https:\/\/sakaba.mghosteur.com\/?post_type=product&#038;p=32459"},"modified":"2024-05-15T12:31:22","modified_gmt":"2024-05-15T12:31:22","slug":"sol-janeiro-brazilian-crush-62-pistacho-salted-caramel-240ml","status":"publish","type":"product","link":"https:\/\/sakaba.mghosteur.com\/en\/product\/sol-janeiro-brazilian-crush-62-pistacho-salted-caramel-240ml\/","title":{"rendered":"SOL JANEIRO BRAZILIAN CRUSH 62 PISTACHO &#038; SALTED CARAMEL 240ML"},"content":{"rendered":"<p>Le Brazil Crush Cheirosa &#8217;62 Pistache &amp; Caramel Sal\u00e9 Hair &amp; Body Fragrance Mist (240 ml) de Sol De Janeiro est bien plus qu&#8217;une simple brume parfum\u00e9e. C&#8217;est une invitation \u00e0 une exp\u00e9rience sensorielle envo\u00fbtante, inspir\u00e9e par les plages ensoleill\u00e9es de Rio de Janeiro.<\/p>\n<p>Cette brume multifonctionnelle captura l&#8217;essence m\u00eame de la sensualit\u00e9 br\u00e9silienne, vous enveloppant d&#8217;un m\u00e9lange irr\u00e9sistible de pistache cr\u00e9meuse et de caramel sal\u00e9. Avec des notes florales d&#8217;h\u00e9liotrope et de jasmin, ainsi que des accents bois\u00e9s de santal, chaque vaporisation vous transporte vers un paradis olfactif exotique.<\/p>\n<p>Con\u00e7u pour \u00eatre utilis\u00e9 sur le corps, les cheveux et m\u00eame la lingerie, ce mist vous assure une pr\u00e9sence envo\u00fbtante du cr\u00e9puscule \u00e0 l&#8217;aube. Dermatologiquement test\u00e9 et exempt de sulfates, de phtalates et de parab\u00e8nes, il incarne l&#8217;engagement de Sol De Janeiro envers la qualit\u00e9 et le respect de votre peau. De plus, sa formule respectueuse des animaux et des v\u00e9g\u00e9taliens vous permet de vous adonner au luxe sans compromis.<\/p>\n<p>Laissez-vous emporter par les d\u00e9licates notes de pistache et d&#8217;amande en t\u00eate, suivi par la chaleur envo\u00fbtante de l&#8217;h\u00e9liotrope et des p\u00e9tales de jasmin au c\u0153ur. Enfin, savourez les accords sensuels de vanille, de caramel sal\u00e9 et de bois de santal qui persistent sur votre peau, vous laissant dans un \u00e9tat de s\u00e9duction et d&#8217;\u00e9l\u00e9gance incomparable.<\/p>","protected":false},"excerpt":{"rendered":"<p>Le Brazil Crush Cheirosa &#8217;62 Pistache &amp; Caramel Sal\u00e9 Hair &amp; Body Fragrance Mist (240 ml) de Sol De Janeiro est bien plus qu&#8217;une simple brume parfum\u00e9e. C&#8217;est une invitation \u00e0 une exp\u00e9rience sensorielle envo\u00fbtante, inspir\u00e9e par les plages ensoleill\u00e9es de Rio de Janeiro. Cette brume multifonctionnelle captura l&#8217;essence m\u00eame de la sensualit\u00e9 br\u00e9silienne, vous<span class=\"read-more-faq\"><a href=\"https:\/\/sakaba.mghosteur.com\/en\/product\/sol-janeiro-brazilian-crush-62-pistacho-salted-caramel-240ml\/\">Read More<\/a><\/span><\/p>","protected":false},"featured_media":0,"comment_status":"open","ping_status":"closed","template":"","meta":[],"product_brand":[974],"product_cat":[283],"product_tag":[],"class_list":{"0":"post-32459","1":"product","2":"type-product","3":"status-publish","5":"product_brand-sol-de-janeiro","6":"product_cat-aah-parfums","8":"first","9":"instock","10":"shipping-taxable","11":"product-type-simple"},"jetpack-related-posts":[{"id":32456,"url":"https:\/\/sakaba.mghosteur.com\/en\/product\/sol-janeiro-brazilian-crush-62-pistacho-salted-caramel-90ml\/","url_meta":{"origin":32459,"position":0},"title":"SOL JANEIRO BRAZILIAN CRUSH 62 PISTACHO &#038; SALTED CARAMEL 90ML","author":"admin","date":"May 14, 2024","format":false,"excerpt":"Le Brazil Crush Cheirosa '62 Pistache & Caramel Sal\u00e9 Hair & Body Fragrance Mist (240 ml) de Sol De Janeiro est bien plus qu'une simple brume parfum\u00e9e. C'est une invitation \u00e0 une exp\u00e9rience sensorielle envo\u00fbtante, inspir\u00e9e par les plages ensoleill\u00e9es de Rio de Janeiro. Cette brume multifonctionnelle captura l'essence m\u00eame\u2026","rel":"","context":"Similar post","block_context":{"text":"Similar post","link":""},"img":{"alt_text":"","src":"","width":0,"height":0},"classes":[]},{"id":32389,"url":"https:\/\/sakaba.mghosteur.com\/en\/product\/sol-de-janeiro-cheirosa-62\/","url_meta":{"origin":32459,"position":1},"title":"SOL DE JANEIRO CHEIROSA 62","author":"admin","date":"May 14, 2024","format":false,"excerpt":"D\u00e9couvrez le parfum qui a d\u00e9clench\u00e9 une r\u00e9volution olfactive. Immergez-vous dans l'\u00e9ternel \u00e9t\u00e9 de Rio gr\u00e2ce \u00e0 cette version puissante et concentr\u00e9e de l'embl\u00e9matique parfum Sol de Janeiro, d\u00e9sormais propos\u00e9e dans une nouvelle formule \u00e0 la tenue renforc\u00e9e. Laissez-vous transporter par cette fragrance estivale, joyeuse et envo\u00fbtante, m\u00ealant des notes\u2026","rel":"","context":"Similar post","block_context":{"text":"Similar post","link":""},"img":{"alt_text":"","src":"","width":0,"height":0},"classes":[]},{"id":32429,"url":"https:\/\/sakaba.mghosteur.com\/en\/product\/sol-janeiro-brazilian-4-play-moisturizing-shower-cream-gel-385ml\/","url_meta":{"origin":32459,"position":2},"title":"SOL JANEIRO BRAZILIAN 4 PLAY MOISTURIZING SHOWER CREAM GEL 385ML","author":"admin","date":"May 14, 2024","format":false,"excerpt":"D\u00e9couvrez le gel-cr\u00e8me douche hydratant br\u00e9silien 4 Play (385 ml) de Sol de Janeiro, un v\u00e9ritable chef-d'\u0153uvre des soins personnels. Ce produit r\u00e9volutionnaire chouchoute votre peau tout en \u00e9veillant vos sens. Ce gel-cr\u00e8me ne se contente pas de nettoyer en profondeur, il va bien au-del\u00e0. Gr\u00e2ce \u00e0 sa formule enrichie\u2026","rel":"","context":"Similar post","block_context":{"text":"Similar post","link":""},"img":{"alt_text":"","src":"","width":0,"height":0},"classes":[]},{"id":32450,"url":"https:\/\/sakaba.mghosteur.com\/en\/product\/sol-janeiro-brazilian-crush-40-black-amber-plum-vanilla-rose-90ml\/","url_meta":{"origin":32459,"position":3},"title":"SOL JANEIRO BRAZILIAN CRUSH 40 BLACK AMBER PLUM &amp; VANILLA ROSE 90ML","author":"admin","date":"May 14, 2024","format":false,"excerpt":"Le Sol De Janeiro Brazil Crush Cheirosa '40 Black Amber Plum & Vanilla Woods Hair & Body Fragrance Mist (90 ml) est une brume parfum\u00e9e d\u00e9licate mais enivrante, impr\u00e9gn\u00e9e de notes de prune ambr\u00e9e noire, de bois de vanille et de fleurs de jasmin pour vous envelopper d'une fragrance exquise.\u2026","rel":"","context":"Similar post","block_context":{"text":"Similar post","link":""},"img":{"alt_text":"","src":"","width":0,"height":0},"classes":[]},{"id":32453,"url":"https:\/\/sakaba.mghosteur.com\/en\/product\/sol-janeiro-brazilian-crush-40-black-amber-plum-vanilla-rose-240ml\/","url_meta":{"origin":32459,"position":4},"title":"SOL JANEIRO BRAZILIAN CRUSH 40 BLACK AMBER PLUM &amp; VANILLA ROSE 240ML","author":"admin","date":"May 14, 2024","format":false,"excerpt":"Le Sol De Janeiro Brazil Crush Cheirosa '40 Black Amber Plum & Vanilla Woods Hair & Body Fragrance Mist (240 ml) est une brume parfum\u00e9e d\u00e9licate mais enivrante, impr\u00e9gn\u00e9e de notes de prune ambr\u00e9e noire, de bois de vanille et de fleurs de jasmin pour vous envelopper d'une fragrance exquise.\u2026","rel":"","context":"Similar post","block_context":{"text":"Similar post","link":""},"img":{"alt_text":"","src":"","width":0,"height":0},"classes":[]},{"id":32471,"url":"https:\/\/sakaba.mghosteur.com\/en\/product\/sol-janeiro-bum-bum-body-firmeza-oil\/","url_meta":{"origin":32459,"position":5},"title":"SOL JANEIRO BUM BUM BODY FIRMEZA OIL","author":"admin","date":"May 14, 2024","format":false,"excerpt":"D\u00e9couvrez l'huile raffermissante corporelle Bum Bum Firmeza Oil de Sol de Janeiro, une formule intens\u00e9ment hydratante qui travaille pour r\u00e9duire la sensation de gonflement et raffermir visiblement la peau, lui donnant ainsi une apparence plus ferme. Cette huile corporelle combine les bienfaits des ingr\u00e9dients suivants : Le complexe Guaran\u00e1 Caffeine+\u2026","rel":"","context":"Similar post","block_context":{"text":"Similar post","link":""},"img":{"alt_text":"","src":"","width":0,"height":0},"classes":[]}],"_links":{"self":[{"href":"https:\/\/sakaba.mghosteur.com\/en\/wp-json\/wp\/v2\/product\/32459","targetHints":{"allow":["GET"]}}],"collection":[{"href":"https:\/\/sakaba.mghosteur.com\/en\/wp-json\/wp\/v2\/product"}],"about":[{"href":"https:\/\/sakaba.mghosteur.com\/en\/wp-json\/wp\/v2\/types\/product"}],"replies":[{"embeddable":true,"href":"https:\/\/sakaba.mghosteur.com\/en\/wp-json\/wp\/v2\/comments?post=32459"}],"version-history":[{"count":0,"href":"https:\/\/sakaba.mghosteur.com\/en\/wp-json\/wp\/v2\/product\/32459\/revisions"}],"wp:attachment":[{"href":"https:\/\/sakaba.mghosteur.com\/en\/wp-json\/wp\/v2\/media?parent=32459"}],"wp:term":[{"taxonomy":"product_brand","embeddable":true,"href":"https:\/\/sakaba.mghosteur.com\/en\/wp-json\/wp\/v2\/product_brand?post=32459"},{"taxonomy":"product_cat","embeddable":true,"href":"https:\/\/sakaba.mghosteur.com\/en\/wp-json\/wp\/v2\/product_cat?post=32459"},{"taxonomy":"product_tag","embeddable":true,"href":"https:\/\/sakaba.mghosteur.com\/en\/wp-json\/wp\/v2\/product_tag?post=32459"}],"curies":[{"name":"wp","href":"https:\/\/api.w.org\/{rel}","templated":true}]}}