{"id":32468,"date":"2024-05-14T16:41:34","date_gmt":"2024-05-14T16:41:34","guid":{"rendered":"https:\/\/sakaba.mghosteur.com\/?post_type=product&#038;p=32468"},"modified":"2024-08-29T02:23:23","modified_gmt":"2024-08-29T02:23:23","slug":"sol-janeiro-brazilian-rio-radiance-90ml","status":"publish","type":"product","link":"https:\/\/sakaba.mghosteur.com\/en\/product\/sol-janeiro-brazilian-rio-radiance-90ml\/","title":{"rendered":"SOL JANEIRO BRAZILIAN RIO RADIANCE 90ML"},"content":{"rendered":"<p>D\u00e9couvrez le Sol Janeiro Rio Radiance, une brume parfum\u00e9e en \u00e9dition limit\u00e9e (90 ml) qui capture l&#8217;essence de la vie br\u00e9silienne, sans le co\u00fbt du billet d&#8217;avion. Plongez-vous dans une ambiance ensoleill\u00e9e avec chaque vaporisation, rappelant les journ\u00e9es de plage, les soir\u00e9es festives et l&#8217;odeur de la cr\u00e8me solaire.<\/p>\n<p>Ce parfum est une ode \u00e0 l&#8217;\u00e9t\u00e9, avec un c\u0153ur enivrant de tub\u00e9reuse solaire, d&#8217;ylang-ylang et de mangue juteuse. Les notes douces de lait de coco et de sable chaud s&#8217;ouvrent sur la peau, tandis que la vanille cr\u00e9meuse et l&#8217;ambre sensuel persistent tout au long de la journ\u00e9e. Cette brume puissante capture v\u00e9ritablement l&#8217;\u00e9nergie du soleil.<\/p>\n<p>Pour l&#8217;utiliser, vaporisez g\u00e9n\u00e9reusement sur tout le corps. Vous pouvez \u00e9galement l&#8217;utiliser sur vos cheveux et v\u00eatements pour un parfum qui dure toute la journ\u00e9e<\/p>","protected":false},"excerpt":{"rendered":"<p>D\u00e9couvrez le Sol Janeiro Rio Radiance, une brume parfum\u00e9e en \u00e9dition limit\u00e9e (90 ml) qui capture l&#8217;essence de la vie br\u00e9silienne, sans le co\u00fbt du billet d&#8217;avion. Plongez-vous dans une ambiance ensoleill\u00e9e avec chaque vaporisation, rappelant les journ\u00e9es de plage, les soir\u00e9es festives et l&#8217;odeur de la cr\u00e8me solaire. Ce parfum est une ode \u00e0<span class=\"read-more-faq\"><a href=\"https:\/\/sakaba.mghosteur.com\/en\/product\/sol-janeiro-brazilian-rio-radiance-90ml\/\">Read More<\/a><\/span><\/p>","protected":false},"featured_media":0,"comment_status":"open","ping_status":"closed","template":"","meta":[],"product_brand":[974],"product_cat":[283],"product_tag":[],"class_list":{"0":"post-32468","1":"product","2":"type-product","3":"status-publish","5":"product_brand-sol-de-janeiro","6":"product_cat-aah-parfums","8":"first","9":"instock","10":"shipping-taxable","11":"product-type-simple"},"jetpack-related-posts":[{"id":32486,"url":"https:\/\/sakaba.mghosteur.com\/en\/product\/sol-janeiro-rio-radiance-240ml\/","url_meta":{"origin":32468,"position":0},"title":"SOL JANEIRO RIO RADIANCE 240ML","author":"admin","date":"May 14, 2024","format":false,"excerpt":"D\u00e9couvrez le Sol Janeiro Rio Radiance, une brume parfum\u00e9e en \u00e9dition limit\u00e9e (240 ml) qui capture l'essence de la vie br\u00e9silienne, sans le co\u00fbt du billet d'avion. Plongez-vous dans une ambiance ensoleill\u00e9e avec chaque vaporisation, rappelant les journ\u00e9es de plage, les soir\u00e9es festives et l'odeur de la cr\u00e8me solaire. Ce\u2026","rel":"","context":"Similar post","block_context":{"text":"Similar post","link":""},"img":{"alt_text":"","src":"","width":0,"height":0},"classes":[]},{"id":32432,"url":"https:\/\/sakaba.mghosteur.com\/en\/product\/sol-janeiro-brazilian-71-caramelized-vanilla-90ml\/","url_meta":{"origin":32468,"position":1},"title":"SOL JANEIRO BRAZILIAN 71 CARAMELIZED VANILLA 90ML","author":"admin","date":"May 14, 2024","format":false,"excerpt":"D\u00e9couvrez la Brume parfum\u00e9e pour cheveux et corps Cheirosa '71 de Sol de Janeiro Brazil Crush, une exp\u00e9rience olfactive exquise qui vous transportera directement sur les plages ensoleill\u00e9es du Br\u00e9sil. Impr\u00e9gnez-vous de cette fragrance enivrante, o\u00f9 la vanille caram\u00e9lis\u00e9e se m\u00eale harmonieusement \u00e0 la douceur de la noix de macadamia\u2026","rel":"","context":"Similar post","block_context":{"text":"Similar post","link":""},"img":{"alt_text":"","src":"","width":0,"height":0},"classes":[]},{"id":32489,"url":"https:\/\/sakaba.mghosteur.com\/en\/product\/sol-janeiro-rio-radiance-cream-75ml\/","url_meta":{"origin":32468,"position":2},"title":"SOL JANEIRO RIO RADIANCE CREAM 75ML","author":"admin","date":"May 14, 2024","format":false,"excerpt":"D\u00e9couvrez la cr\u00e8me pour le corps Rio Radiance de Sol de Janeiro, un essentiel pour une peau resplendissante toute l'ann\u00e9e. Envelopp\u00e9e dans des notes envo\u00fbtantes de tub\u00e9reuse solaire et de lait de coco, cette cr\u00e8me capture l'essence du soleil sur votre peau, vous transportant instantan\u00e9ment vers des vacances tropicales. Cette\u2026","rel":"","context":"Similar post","block_context":{"text":"Similar post","link":""},"img":{"alt_text":"","src":"","width":0,"height":0},"classes":[]},{"id":32492,"url":"https:\/\/sakaba.mghosteur.com\/en\/product\/sol-janeiro-rio-radiance-cream-240ml\/","url_meta":{"origin":32468,"position":3},"title":"SOL JANEIRO RIO RADIANCE CREAM 240ml","author":"admin","date":"May 14, 2024","format":false,"excerpt":"D\u00e9couvrez la cr\u00e8me pour le corps Rio Radiance de Sol de Janeiro, un essentiel pour une peau resplendissante toute l'ann\u00e9e. Envelopp\u00e9e dans des notes envo\u00fbtantes de tub\u00e9reuse solaire et de lait de coco, cette cr\u00e8me capture l'essence du soleil sur votre peau, vous transportant instantan\u00e9ment vers des vacances tropicales. Cette\u2026","rel":"","context":"Similar post","block_context":{"text":"Similar post","link":""},"img":{"alt_text":"","src":"","width":0,"height":0},"classes":[]},{"id":32411,"url":"https:\/\/sakaba.mghosteur.com\/en\/product\/sol-janeiro-beija-flor-jet-set\/","url_meta":{"origin":32468,"position":4},"title":"SOL JANEIRO BEIJA FLOR JET SET","author":"admin","date":"May 14, 2024","format":false,"excerpt":"Ce coffret propose une s\u00e9lection soigneusement choisie de produits de soin, id\u00e9aux pour chouchouter votre peau. Il comprend : Gel Douche R\u00e9g\u00e9n\u00e9rant Beija Flor (90ml) : Offrez \u00e0 votre peau une exp\u00e9rience revitalisante avec ce gel douche. Sa formule cr\u00e9meuse se transforme en une mousse onctueuse, laissant votre peau hydrat\u00e9e\u2026","rel":"","context":"Similar post","block_context":{"text":"Similar post","link":""},"img":{"alt_text":"","src":"","width":0,"height":0},"classes":[]},{"id":32456,"url":"https:\/\/sakaba.mghosteur.com\/en\/product\/sol-janeiro-brazilian-crush-62-pistacho-salted-caramel-90ml\/","url_meta":{"origin":32468,"position":5},"title":"SOL JANEIRO BRAZILIAN CRUSH 62 PISTACHO &#038; SALTED CARAMEL 90ML","author":"admin","date":"May 14, 2024","format":false,"excerpt":"Le Brazil Crush Cheirosa '62 Pistache & Caramel Sal\u00e9 Hair & Body Fragrance Mist (240 ml) de Sol De Janeiro est bien plus qu'une simple brume parfum\u00e9e. C'est une invitation \u00e0 une exp\u00e9rience sensorielle envo\u00fbtante, inspir\u00e9e par les plages ensoleill\u00e9es de Rio de Janeiro. Cette brume multifonctionnelle captura l'essence m\u00eame\u2026","rel":"","context":"Similar post","block_context":{"text":"Similar post","link":""},"img":{"alt_text":"","src":"","width":0,"height":0},"classes":[]}],"_links":{"self":[{"href":"https:\/\/sakaba.mghosteur.com\/en\/wp-json\/wp\/v2\/product\/32468","targetHints":{"allow":["GET"]}}],"collection":[{"href":"https:\/\/sakaba.mghosteur.com\/en\/wp-json\/wp\/v2\/product"}],"about":[{"href":"https:\/\/sakaba.mghosteur.com\/en\/wp-json\/wp\/v2\/types\/product"}],"replies":[{"embeddable":true,"href":"https:\/\/sakaba.mghosteur.com\/en\/wp-json\/wp\/v2\/comments?post=32468"}],"version-history":[{"count":0,"href":"https:\/\/sakaba.mghosteur.com\/en\/wp-json\/wp\/v2\/product\/32468\/revisions"}],"wp:attachment":[{"href":"https:\/\/sakaba.mghosteur.com\/en\/wp-json\/wp\/v2\/media?parent=32468"}],"wp:term":[{"taxonomy":"product_brand","embeddable":true,"href":"https:\/\/sakaba.mghosteur.com\/en\/wp-json\/wp\/v2\/product_brand?post=32468"},{"taxonomy":"product_cat","embeddable":true,"href":"https:\/\/sakaba.mghosteur.com\/en\/wp-json\/wp\/v2\/product_cat?post=32468"},{"taxonomy":"product_tag","embeddable":true,"href":"https:\/\/sakaba.mghosteur.com\/en\/wp-json\/wp\/v2\/product_tag?post=32468"}],"curies":[{"name":"wp","href":"https:\/\/api.w.org\/{rel}","templated":true}]}}