{"id":32471,"date":"2024-05-14T16:42:31","date_gmt":"2024-05-14T16:42:31","guid":{"rendered":"https:\/\/sakaba.mghosteur.com\/?post_type=product&#038;p=32471"},"modified":"2024-05-15T12:24:59","modified_gmt":"2024-05-15T12:24:59","slug":"sol-janeiro-bum-bum-body-firmeza-oil","status":"publish","type":"product","link":"https:\/\/sakaba.mghosteur.com\/en\/product\/sol-janeiro-bum-bum-body-firmeza-oil\/","title":{"rendered":"SOL JANEIRO BUM BUM BODY FIRMEZA OIL"},"content":{"rendered":"<p>D\u00e9couvrez l&#8217;huile raffermissante corporelle Bum Bum Firmeza Oil de Sol de Janeiro, une formule intens\u00e9ment hydratante qui travaille pour r\u00e9duire la sensation de gonflement et raffermir visiblement la peau, lui donnant ainsi une apparence plus ferme.<\/p>\n<p>Cette huile corporelle combine les bienfaits des ingr\u00e9dients suivants :<\/p>\n<ul>\n<li>Le complexe Guaran\u00e1 Caffeine+ : Raffermit visiblement la peau.<\/li>\n<li>Extrait de microalgues : Diminue visiblement la sensation de bouffissure.<\/li>\n<li>Huile d&#8217;olive br\u00e9silienne : Nourrit sans laisser de sensation de gras.<\/li>\n<\/ul>\n<p>Hydratante en profondeur, cette huile raffermissante enveloppe la peau dans un parfum envo\u00fbtant aux notes de pistache et de caramel sal\u00e9, embl\u00e9matique de Sol de Janeiro. Pour une routine compl\u00e8te de soins raffermissants, combinez-la avec Bum Bum Body Scrub pour exfolier, puis avec Brazilian Bum Bum Cream pour sceller l&#8217;hydratation et obtenir une peau visiblement plus ferme.<\/p>\n<p>Contenance : 100ml<\/p>","protected":false},"excerpt":{"rendered":"<p>D\u00e9couvrez l&#8217;huile raffermissante corporelle Bum Bum Firmeza Oil de Sol de Janeiro, une formule intens\u00e9ment hydratante qui travaille pour r\u00e9duire la sensation de gonflement et raffermir visiblement la peau, lui donnant ainsi une apparence plus ferme. Cette huile corporelle combine les bienfaits des ingr\u00e9dients suivants : Le complexe Guaran\u00e1 Caffeine+ : Raffermit visiblement la peau.<span class=\"read-more-faq\"><a href=\"https:\/\/sakaba.mghosteur.com\/en\/product\/sol-janeiro-bum-bum-body-firmeza-oil\/\">Read More<\/a><\/span><\/p>","protected":false},"featured_media":0,"comment_status":"open","ping_status":"closed","template":"","meta":[],"product_brand":[974],"product_cat":[377],"product_tag":[],"class_list":{"0":"post-32471","1":"product","2":"type-product","3":"status-publish","5":"product_brand-sol-de-janeiro","6":"product_cat-bath-body-works","8":"first","9":"instock","10":"shipping-taxable","11":"product-type-simple"},"jetpack-related-posts":[{"id":32392,"url":"https:\/\/sakaba.mghosteur.com\/en\/product\/sol-de-janeiro-rio-body-trio\/","url_meta":{"origin":32471,"position":0},"title":"SOL DE JANEIRO RIO BODY TRIO","author":"admin","date":"May 14, 2024","format":false,"excerpt":"D\u00e9couvrez un trio de cr\u00e8mes br\u00e9siliennes iconiques qui vous promet une peau magnifique. Id\u00e9al pour offrir \u00e0 vos proches ou pour vous faire plaisir, ce coffret cadeau contient les trois produits pr\u00e9f\u00e9r\u00e9s du corps br\u00e9silien. La Cr\u00e8me \u00e9claircissante Bom Dia\u2122 Bright Cream de 50 ml illumine votre peau tout en\u2026","rel":"","context":"Similar post","block_context":{"text":"Similar post","link":""},"img":{"alt_text":"","src":"","width":0,"height":0},"classes":[]},{"id":32444,"url":"https:\/\/sakaba.mghosteur.com\/en\/product\/sol-janeiro-brazilian-bum-bum-cream-75ml\/","url_meta":{"origin":32471,"position":1},"title":"SOL JANEIRO BRAZILIAN BUM BUM CREAM 75ML","author":"admin","date":"May 14, 2024","format":false,"excerpt":"Optez pour cette cr\u00e8me de qualit\u00e9 qui promet une peau visiblement plus lisse et plus ferme. Gr\u00e2ce \u00e0 l'extrait de guaran\u00e1, riche en caf\u00e9ine et aux propri\u00e9t\u00e9s puissantes, elle agit efficacement pour am\u00e9liorer l'apparence de votre peau. Enrichie en beurre de cupua\u00e7u, connu pour son absorption rapide et sa capacit\u00e9\u2026","rel":"","context":"Similar post","block_context":{"text":"Similar post","link":""},"img":{"alt_text":"","src":"","width":0,"height":0},"classes":[]},{"id":32441,"url":"https:\/\/sakaba.mghosteur.com\/en\/product\/sol-janeiro-brazilian-bum-bum-body-scrub-220g\/","url_meta":{"origin":32471,"position":2},"title":"SOL JANEIRO BRAZILIAN BUM BUM BODY SCRUB 220G","author":"admin","date":"May 14, 2024","format":false,"excerpt":"Ce gommage pour le corps ultra fin et l\u00e9g\u00e8rement scintillant offre une exp\u00e9rience digne d\u2019un soin au spa : sa formule exfolie en douceur, nourrit et r\u00e9v\u00e8le la peau douce d\u2019\u00e9t\u00e9 que l\u2019on aime avoir toute l\u2019ann\u00e9e. Ce cocktail br\u00e9silien lissant contient des graines de cupua\u00e7u concass\u00e9es, des cristaux de\u2026","rel":"","context":"Similar post","block_context":{"text":"Similar post","link":""},"img":{"alt_text":"","src":"","width":0,"height":0},"classes":[]},{"id":32474,"url":"https:\/\/sakaba.mghosteur.com\/en\/product\/sol-janeiro-bum-bum-summer-jet-set\/","url_meta":{"origin":32471,"position":3},"title":"SOL JANEIRO BUM BUM SUMMER JET SET","author":"admin","date":"May 14, 2024","format":false,"excerpt":"D\u00e9couvrez d\u00e8s maintenant le parfum embl\u00e9matique de cette marque avec ce coffret. Voyager peut certainement affecter votre peau, mais avec l'ajout du Bum Bum Jet Set de Sol De Janeiro dans votre valise, vous pouvez \u00eatre s\u00fbr que tous vos produits de soin pr\u00e9f\u00e9r\u00e9s seront \u00e0 port\u00e9e de main cette\u2026","rel":"","context":"Similar post","block_context":{"text":"Similar post","link":""},"img":{"alt_text":"","src":"","width":0,"height":0},"classes":[]},{"id":32447,"url":"https:\/\/sakaba.mghosteur.com\/en\/product\/sol-janeiro-brazilian-bum-bum-cream-220g\/","url_meta":{"origin":32471,"position":4},"title":"SOL JANEIRO BRAZILIAN BUM BUM CREAM 220G","author":"admin","date":"May 14, 2024","format":false,"excerpt":"","rel":"","context":"Similar post","block_context":{"text":"Similar post","link":""},"img":{"alt_text":"","src":"","width":0,"height":0},"classes":[]},{"id":32389,"url":"https:\/\/sakaba.mghosteur.com\/en\/product\/sol-de-janeiro-cheirosa-62\/","url_meta":{"origin":32471,"position":5},"title":"SOL DE JANEIRO CHEIROSA 62","author":"admin","date":"May 14, 2024","format":false,"excerpt":"D\u00e9couvrez le parfum qui a d\u00e9clench\u00e9 une r\u00e9volution olfactive. Immergez-vous dans l'\u00e9ternel \u00e9t\u00e9 de Rio gr\u00e2ce \u00e0 cette version puissante et concentr\u00e9e de l'embl\u00e9matique parfum Sol de Janeiro, d\u00e9sormais propos\u00e9e dans une nouvelle formule \u00e0 la tenue renforc\u00e9e. Laissez-vous transporter par cette fragrance estivale, joyeuse et envo\u00fbtante, m\u00ealant des notes\u2026","rel":"","context":"Similar post","block_context":{"text":"Similar post","link":""},"img":{"alt_text":"","src":"","width":0,"height":0},"classes":[]}],"_links":{"self":[{"href":"https:\/\/sakaba.mghosteur.com\/en\/wp-json\/wp\/v2\/product\/32471","targetHints":{"allow":["GET"]}}],"collection":[{"href":"https:\/\/sakaba.mghosteur.com\/en\/wp-json\/wp\/v2\/product"}],"about":[{"href":"https:\/\/sakaba.mghosteur.com\/en\/wp-json\/wp\/v2\/types\/product"}],"replies":[{"embeddable":true,"href":"https:\/\/sakaba.mghosteur.com\/en\/wp-json\/wp\/v2\/comments?post=32471"}],"version-history":[{"count":0,"href":"https:\/\/sakaba.mghosteur.com\/en\/wp-json\/wp\/v2\/product\/32471\/revisions"}],"wp:attachment":[{"href":"https:\/\/sakaba.mghosteur.com\/en\/wp-json\/wp\/v2\/media?parent=32471"}],"wp:term":[{"taxonomy":"product_brand","embeddable":true,"href":"https:\/\/sakaba.mghosteur.com\/en\/wp-json\/wp\/v2\/product_brand?post=32471"},{"taxonomy":"product_cat","embeddable":true,"href":"https:\/\/sakaba.mghosteur.com\/en\/wp-json\/wp\/v2\/product_cat?post=32471"},{"taxonomy":"product_tag","embeddable":true,"href":"https:\/\/sakaba.mghosteur.com\/en\/wp-json\/wp\/v2\/product_tag?post=32471"}],"curies":[{"name":"wp","href":"https:\/\/api.w.org\/{rel}","templated":true}]}}