{"id":32474,"date":"2024-05-14T16:43:26","date_gmt":"2024-05-14T16:43:26","guid":{"rendered":"https:\/\/sakaba.mghosteur.com\/?post_type=product&#038;p=32474"},"modified":"2024-08-29T02:24:35","modified_gmt":"2024-08-29T02:24:35","slug":"sol-janeiro-bum-bum-summer-jet-set","status":"publish","type":"product","link":"https:\/\/sakaba.mghosteur.com\/en\/product\/sol-janeiro-bum-bum-summer-jet-set\/","title":{"rendered":"SOL JANEIRO BUM BUM SUMMER JET SET"},"content":{"rendered":"<p>D\u00e9couvrez d\u00e8s maintenant le parfum embl\u00e9matique de cette marque avec ce coffret.<\/p>\n<p>Voyager peut certainement affecter votre peau, mais avec l&#8217;ajout du Bum Bum Jet Set de Sol De Janeiro dans votre valise, vous pouvez \u00eatre s\u00fbr que tous vos produits de soin pr\u00e9f\u00e9r\u00e9s seront \u00e0 port\u00e9e de main cette saison. Ce coffret comprend la c\u00e9l\u00e8bre cr\u00e8me br\u00e9silienne Bum Bum, le gel-cr\u00e8me douche Brazil 4 Play et la brume parfum\u00e9e pour le corps Brazil Crush. Avec ces produits, votre peau sera irr\u00e9sistiblement douce et d\u00e9licatement parfum\u00e9e, vous permettant de profiter pleinement du soleil.<\/p>\n<p>Points forts:<\/p>\n<ul>\n<li>Produits v\u00e9g\u00e9taliens<\/li>\n<li>Fabriqu\u00e9s aux \u00c9tats-Unis<\/li>\n<\/ul>\n<p>Contenu du coffret:<\/p>\n<ul>\n<li>Cr\u00e8me Bum Bum br\u00e9silienne 50 ml<\/li>\n<li>Gel-cr\u00e8me douche br\u00e9silien 4 Play 90 ml<\/li>\n<li>Brume parfum\u00e9e pour le corps Brazil Crush 30 ml<\/li>\n<\/ul>\n<p>Recommand\u00e9 pour les peaux s\u00e8ches, ce coffret est votre alli\u00e9 id\u00e9al pour une peau matte et douce, o\u00f9 que vous alliez.<\/p>","protected":false},"excerpt":{"rendered":"<p>D\u00e9couvrez d\u00e8s maintenant le parfum embl\u00e9matique de cette marque avec ce coffret. Voyager peut certainement affecter votre peau, mais avec l&#8217;ajout du Bum Bum Jet Set de Sol De Janeiro dans votre valise, vous pouvez \u00eatre s\u00fbr que tous vos produits de soin pr\u00e9f\u00e9r\u00e9s seront \u00e0 port\u00e9e de main cette saison. Ce coffret comprend la<span class=\"read-more-faq\"><a href=\"https:\/\/sakaba.mghosteur.com\/en\/product\/sol-janeiro-bum-bum-summer-jet-set\/\">Read More<\/a><\/span><\/p>","protected":false},"featured_media":0,"comment_status":"open","ping_status":"closed","template":"","meta":[],"product_brand":[974],"product_cat":[447,283],"product_tag":[],"class_list":{"0":"post-32474","1":"product","2":"type-product","3":"status-publish","5":"product_brand-sol-de-janeiro","6":"product_cat-aac-bain-et-corps","7":"product_cat-aah-parfums","9":"first","10":"instock","11":"shipping-taxable","12":"product-type-simple"},"jetpack-related-posts":[{"id":32392,"url":"https:\/\/sakaba.mghosteur.com\/en\/product\/sol-de-janeiro-rio-body-trio\/","url_meta":{"origin":32474,"position":0},"title":"SOL DE JANEIRO RIO BODY TRIO","author":"admin","date":"May 14, 2024","format":false,"excerpt":"D\u00e9couvrez un trio de cr\u00e8mes br\u00e9siliennes iconiques qui vous promet une peau magnifique. Id\u00e9al pour offrir \u00e0 vos proches ou pour vous faire plaisir, ce coffret cadeau contient les trois produits pr\u00e9f\u00e9r\u00e9s du corps br\u00e9silien. La Cr\u00e8me \u00e9claircissante Bom Dia\u2122 Bright Cream de 50 ml illumine votre peau tout en\u2026","rel":"","context":"Similar post","block_context":{"text":"Similar post","link":""},"img":{"alt_text":"","src":"","width":0,"height":0},"classes":[]},{"id":32441,"url":"https:\/\/sakaba.mghosteur.com\/en\/product\/sol-janeiro-brazilian-bum-bum-body-scrub-220g\/","url_meta":{"origin":32474,"position":1},"title":"SOL JANEIRO BRAZILIAN BUM BUM BODY SCRUB 220G","author":"admin","date":"May 14, 2024","format":false,"excerpt":"Ce gommage pour le corps ultra fin et l\u00e9g\u00e8rement scintillant offre une exp\u00e9rience digne d\u2019un soin au spa : sa formule exfolie en douceur, nourrit et r\u00e9v\u00e8le la peau douce d\u2019\u00e9t\u00e9 que l\u2019on aime avoir toute l\u2019ann\u00e9e. Ce cocktail br\u00e9silien lissant contient des graines de cupua\u00e7u concass\u00e9es, des cristaux de\u2026","rel":"","context":"Similar post","block_context":{"text":"Similar post","link":""},"img":{"alt_text":"","src":"","width":0,"height":0},"classes":[]},{"id":32411,"url":"https:\/\/sakaba.mghosteur.com\/en\/product\/sol-janeiro-beija-flor-jet-set\/","url_meta":{"origin":32474,"position":2},"title":"SOL JANEIRO BEIJA FLOR JET SET","author":"admin","date":"May 14, 2024","format":false,"excerpt":"Ce coffret propose une s\u00e9lection soigneusement choisie de produits de soin, id\u00e9aux pour chouchouter votre peau. Il comprend : Gel Douche R\u00e9g\u00e9n\u00e9rant Beija Flor (90ml) : Offrez \u00e0 votre peau une exp\u00e9rience revitalisante avec ce gel douche. Sa formule cr\u00e9meuse se transforme en une mousse onctueuse, laissant votre peau hydrat\u00e9e\u2026","rel":"","context":"Similar post","block_context":{"text":"Similar post","link":""},"img":{"alt_text":"","src":"","width":0,"height":0},"classes":[]},{"id":32471,"url":"https:\/\/sakaba.mghosteur.com\/en\/product\/sol-janeiro-bum-bum-body-firmeza-oil\/","url_meta":{"origin":32474,"position":3},"title":"SOL JANEIRO BUM BUM BODY FIRMEZA OIL","author":"admin","date":"May 14, 2024","format":false,"excerpt":"D\u00e9couvrez l'huile raffermissante corporelle Bum Bum Firmeza Oil de Sol de Janeiro, une formule intens\u00e9ment hydratante qui travaille pour r\u00e9duire la sensation de gonflement et raffermir visiblement la peau, lui donnant ainsi une apparence plus ferme. Cette huile corporelle combine les bienfaits des ingr\u00e9dients suivants : Le complexe Guaran\u00e1 Caffeine+\u2026","rel":"","context":"Similar post","block_context":{"text":"Similar post","link":""},"img":{"alt_text":"","src":"","width":0,"height":0},"classes":[]},{"id":32426,"url":"https:\/\/sakaba.mghosteur.com\/en\/product\/sol-janeiro-bom-dia-bright-jet-set\/","url_meta":{"origin":32474,"position":4},"title":"SOL JANEIRO BOM DIA BRIGHT JET SET","author":"admin","date":"May 14, 2024","format":false,"excerpt":"Ce coffret renferme: Une cr\u00e8me Brazilian Bom Dia Bright de 50 ml Un gel douche Bom Dia Bright Clarifying aux AHA BHA de 90 ml Une brume parfum\u00e9e pour le corps Brazilian Crush Cheirosa de 30 ml Lib\u00e9r\u00e9 des sulfates de sodium et du sodium laureth sulfate, exempt de parab\u00e8nes,\u2026","rel":"","context":"Similar post","block_context":{"text":"Similar post","link":""},"img":{"alt_text":"","src":"","width":0,"height":0},"classes":[]},{"id":32444,"url":"https:\/\/sakaba.mghosteur.com\/en\/product\/sol-janeiro-brazilian-bum-bum-cream-75ml\/","url_meta":{"origin":32474,"position":5},"title":"SOL JANEIRO BRAZILIAN BUM BUM CREAM 75ML","author":"admin","date":"May 14, 2024","format":false,"excerpt":"Optez pour cette cr\u00e8me de qualit\u00e9 qui promet une peau visiblement plus lisse et plus ferme. Gr\u00e2ce \u00e0 l'extrait de guaran\u00e1, riche en caf\u00e9ine et aux propri\u00e9t\u00e9s puissantes, elle agit efficacement pour am\u00e9liorer l'apparence de votre peau. Enrichie en beurre de cupua\u00e7u, connu pour son absorption rapide et sa capacit\u00e9\u2026","rel":"","context":"Similar post","block_context":{"text":"Similar post","link":""},"img":{"alt_text":"","src":"","width":0,"height":0},"classes":[]}],"_links":{"self":[{"href":"https:\/\/sakaba.mghosteur.com\/en\/wp-json\/wp\/v2\/product\/32474","targetHints":{"allow":["GET"]}}],"collection":[{"href":"https:\/\/sakaba.mghosteur.com\/en\/wp-json\/wp\/v2\/product"}],"about":[{"href":"https:\/\/sakaba.mghosteur.com\/en\/wp-json\/wp\/v2\/types\/product"}],"replies":[{"embeddable":true,"href":"https:\/\/sakaba.mghosteur.com\/en\/wp-json\/wp\/v2\/comments?post=32474"}],"version-history":[{"count":0,"href":"https:\/\/sakaba.mghosteur.com\/en\/wp-json\/wp\/v2\/product\/32474\/revisions"}],"wp:attachment":[{"href":"https:\/\/sakaba.mghosteur.com\/en\/wp-json\/wp\/v2\/media?parent=32474"}],"wp:term":[{"taxonomy":"product_brand","embeddable":true,"href":"https:\/\/sakaba.mghosteur.com\/en\/wp-json\/wp\/v2\/product_brand?post=32474"},{"taxonomy":"product_cat","embeddable":true,"href":"https:\/\/sakaba.mghosteur.com\/en\/wp-json\/wp\/v2\/product_cat?post=32474"},{"taxonomy":"product_tag","embeddable":true,"href":"https:\/\/sakaba.mghosteur.com\/en\/wp-json\/wp\/v2\/product_tag?post=32474"}],"curies":[{"name":"wp","href":"https:\/\/api.w.org\/{rel}","templated":true}]}}