{"id":32477,"date":"2024-05-14T16:44:17","date_gmt":"2024-05-14T16:44:17","guid":{"rendered":"https:\/\/sakaba.mghosteur.com\/?post_type=product&#038;p=32477"},"modified":"2024-08-29T02:25:25","modified_gmt":"2024-08-29T02:25:25","slug":"sol-janeiro-delicia-drench-body-butter-240ml","status":"publish","type":"product","link":"https:\/\/sakaba.mghosteur.com\/en\/product\/sol-janeiro-delicia-drench-body-butter-240ml\/","title":{"rendered":"SOL JANEIRO DELICIA DRENCH BODY BUTTER 240ml"},"content":{"rendered":"<p>D\u00e9couvrez le beurre corporel Delicia Drench de Sol de Janeiro, un incontournable pour les peaux s\u00e8ches. Ce d\u00e9lice en pot de 240 ml est con\u00e7u pour hydrater et revitaliser en profondeur votre peau assoiff\u00e9e.<\/p>\n<p>Enrichi d&#8217;un m\u00e9lange exquis d&#8217;ingr\u00e9dients, incluant le complexe apaisant br\u00e9silien propre \u00e0 la marque, compos\u00e9 de r\u00e9sine de copaiba et d&#8217;huile de graines de passiflore, ce beurre corporel agit en synergie avec le beurre de bacuri pour restaurer la barri\u00e8re cutan\u00e9e en acides gras essentiels et pr\u00e9server l&#8217;hydratation. Sa formule renferme \u00e9galement de l&#8217;hibiscus pr\u00e9biotique, r\u00e9put\u00e9 pour ses propri\u00e9t\u00e9s nourrissantes, ainsi que de l&#8217;acide hyaluronique pour une hydratation prolong\u00e9e. Et son parfum envo\u00fbtant, m\u00e9lange subtil de prune velours, de violettes sucr\u00e9es, d&#8217;orchid\u00e9e vanille, de bois de santal pur et de v\u00e9tiver, saura \u00e9veiller vos sens \u00e0 chaque application.<\/p>\n<p>Pour b\u00e9n\u00e9ficier pleinement de ses bienfaits, massez g\u00e9n\u00e9reusement sur tout le corps, en insistant sur les zones les plus s\u00e8ches. Prenez le temps de savourer cette exp\u00e9rience sensorielle et utilisez quotidiennement pour des r\u00e9sultats optimaux.<\/p>","protected":false},"excerpt":{"rendered":"<p>D\u00e9couvrez le beurre corporel Delicia Drench de Sol de Janeiro, un incontournable pour les peaux s\u00e8ches. Ce d\u00e9lice en pot de 240 ml est con\u00e7u pour hydrater et revitaliser en profondeur votre peau assoiff\u00e9e. Enrichi d&#8217;un m\u00e9lange exquis d&#8217;ingr\u00e9dients, incluant le complexe apaisant br\u00e9silien propre \u00e0 la marque, compos\u00e9 de r\u00e9sine de copaiba et d&#8217;huile<span class=\"read-more-faq\"><a href=\"https:\/\/sakaba.mghosteur.com\/en\/product\/sol-janeiro-delicia-drench-body-butter-240ml\/\">Read More<\/a><\/span><\/p>","protected":false},"featured_media":0,"comment_status":"open","ping_status":"closed","template":"","meta":[],"product_brand":[974],"product_cat":[447,1061],"product_tag":[],"class_list":{"0":"post-32477","1":"product","2":"type-product","3":"status-publish","5":"product_brand-sol-de-janeiro","6":"product_cat-aac-bain-et-corps","7":"product_cat-lait-huile_corporelle","9":"first","10":"instock","11":"shipping-taxable","12":"product-type-simple"},"jetpack-related-posts":[{"id":32398,"url":"https:\/\/sakaba.mghosteur.com\/en\/product\/sol-janeiro-delicia-drench-body-butter-75ml\/","url_meta":{"origin":32477,"position":0},"title":"SOL JANEIRO DELICIA DRENCH BODY BUTTER 75ml","author":"admin","date":"May 14, 2024","format":false,"excerpt":"Dites adieu \u00e0 la peau s\u00e8che avec le beurre corporel Delicia Drench (75 ml) de Sol de Janeiro. Ce d\u00e9licieux beurre corporel est une v\u00e9ritable oasis pour votre peau assoiff\u00e9e. Infus\u00e9 avec un m\u00e9lange exotique d'ingr\u00e9dients riches, incluant le complexe apaisant br\u00e9silien de la marque - un mariage subtil de\u2026","rel":"","context":"Similar post","block_context":{"text":"Similar post","link":""},"img":{"alt_text":"","src":"","width":0,"height":0},"classes":[]},{"id":32404,"url":"https:\/\/sakaba.mghosteur.com\/en\/product\/sol-janeiro-beija-flor-elasti-cream-75ml\/","url_meta":{"origin":32477,"position":1},"title":"SOL JANEIRO BEIJA FLOR ELASTI CREAM 75ML","author":"admin","date":"May 14, 2024","format":false,"excerpt":"D\u00e9couvrez le Beija Flor Elasti-Cream de Sol de Janeiro, une nouvelle cr\u00e8me enrichie de 75 ml. Con\u00e7ue pour am\u00e9liorer l'\u00e9lasticit\u00e9 et la fermet\u00e9 de la peau, cette cr\u00e8me riche est le dernier ajout \u00e0 la gamme \u00e0 succ\u00e8s des beurres pour le corps de Sol de Janeiro. Sa formule unique\u2026","rel":"","context":"Similar post","block_context":{"text":"Similar post","link":""},"img":{"alt_text":"","src":"","width":0,"height":0},"classes":[]},{"id":32408,"url":"https:\/\/sakaba.mghosteur.com\/en\/product\/sol-janeiro-beija-flor-elasti-cream-240ml\/","url_meta":{"origin":32477,"position":2},"title":"SOL JANEIRO BEIJA FLOR ELASTI CREAM 240ML","author":"admin","date":"May 14, 2024","format":false,"excerpt":"D\u00e9couvrez le Beija Flor Elasti-Cream de Sol de Janeiro, une nouvelle cr\u00e8me enrichie de 240 ml. Con\u00e7ue pour am\u00e9liorer l'\u00e9lasticit\u00e9 et la fermet\u00e9 de la peau, cette cr\u00e8me riche est le dernier ajout \u00e0 la gamme \u00e0 succ\u00e8s des beurres pour le corps de Sol de Janeiro. Sa formule unique\u2026","rel":"","context":"Similar post","block_context":{"text":"Similar post","link":""},"img":{"alt_text":"","src":"","width":0,"height":0},"classes":[]},{"id":32420,"url":"https:\/\/sakaba.mghosteur.com\/en\/product\/sol-janeiro-bom-dia-bright-cream-75ml\/","url_meta":{"origin":32477,"position":3},"title":"SOL JANEIRO BOM DIA BRIGHT CREAM 75ML","author":"admin","date":"May 14, 2024","format":false,"excerpt":"D\u00e9couvrez la Cr\u00e8me hydratante BOM DIA de SOL DE JANEIRO, un soin corps retexturisant et nourrissant qui vous invite \u00e0 dire bonjour \u00e0 une peau \u00e9clatante ! Envelopp\u00e9e des notes envo\u00fbtantes de prune noire ambr\u00e9e et de bois vanill\u00e9s, cette cr\u00e8me luxueuse et intens\u00e9ment hydratante offre une exp\u00e9rience sensorielle incomparable.\u2026","rel":"","context":"Similar post","block_context":{"text":"Similar post","link":""},"img":{"alt_text":"","src":"","width":0,"height":0},"classes":[]},{"id":32423,"url":"https:\/\/sakaba.mghosteur.com\/en\/product\/sol-janeiro-bom-dia-bright-cream\/","url_meta":{"origin":32477,"position":4},"title":"SOL JANEIRO BOM DIA BRIGHT CREAM","author":"admin","date":"May 14, 2024","format":false,"excerpt":"D\u00e9couvrez la Cr\u00e8me hydratante BOM DIA de SOL DE JANEIRO, un soin corps retexturisant et nourrissant qui vous invite \u00e0 dire bonjour \u00e0 une peau \u00e9clatante ! Envelopp\u00e9e des notes envo\u00fbtantes de prune noire ambr\u00e9e et de bois vanill\u00e9s, cette cr\u00e8me luxueuse et intens\u00e9ment hydratante offre une exp\u00e9rience sensorielle incomparable.\u2026","rel":"","context":"Similar post","block_context":{"text":"Similar post","link":""},"img":{"alt_text":"","src":"","width":0,"height":0},"classes":[]},{"id":32438,"url":"https:\/\/sakaba.mghosteur.com\/en\/product\/sol-janeiro-brazilian-bom-dia-body-scrub-220g\/","url_meta":{"origin":32477,"position":5},"title":"SOL JANEIRO BRAZILIAN BOM DIA BODY SCRUB 220G","author":"admin","date":"May 14, 2024","format":false,"excerpt":"D\u00e9couvrez le gommage corporel revitalisant Bom Dia (220 g) de Sol de Janeiro pour r\u00e9v\u00e9ler une peau radieuse et douce. Inspir\u00e9 du somptueux sable dor\u00e9 de Rio, ce gommage riche poss\u00e8de une texture ultra-fine compos\u00e9e de cristaux de sucre et de graines de cupua\u00e7u broy\u00e9es pour \u00e9liminer les cellules mortes\u2026","rel":"","context":"Similar post","block_context":{"text":"Similar post","link":""},"img":{"alt_text":"","src":"","width":0,"height":0},"classes":[]}],"_links":{"self":[{"href":"https:\/\/sakaba.mghosteur.com\/en\/wp-json\/wp\/v2\/product\/32477","targetHints":{"allow":["GET"]}}],"collection":[{"href":"https:\/\/sakaba.mghosteur.com\/en\/wp-json\/wp\/v2\/product"}],"about":[{"href":"https:\/\/sakaba.mghosteur.com\/en\/wp-json\/wp\/v2\/types\/product"}],"replies":[{"embeddable":true,"href":"https:\/\/sakaba.mghosteur.com\/en\/wp-json\/wp\/v2\/comments?post=32477"}],"version-history":[{"count":0,"href":"https:\/\/sakaba.mghosteur.com\/en\/wp-json\/wp\/v2\/product\/32477\/revisions"}],"wp:attachment":[{"href":"https:\/\/sakaba.mghosteur.com\/en\/wp-json\/wp\/v2\/media?parent=32477"}],"wp:term":[{"taxonomy":"product_brand","embeddable":true,"href":"https:\/\/sakaba.mghosteur.com\/en\/wp-json\/wp\/v2\/product_brand?post=32477"},{"taxonomy":"product_cat","embeddable":true,"href":"https:\/\/sakaba.mghosteur.com\/en\/wp-json\/wp\/v2\/product_cat?post=32477"},{"taxonomy":"product_tag","embeddable":true,"href":"https:\/\/sakaba.mghosteur.com\/en\/wp-json\/wp\/v2\/product_tag?post=32477"}],"curies":[{"name":"wp","href":"https:\/\/api.w.org\/{rel}","templated":true}]}}