{"id":32483,"date":"2024-05-14T16:46:11","date_gmt":"2024-05-14T16:46:11","guid":{"rendered":"https:\/\/sakaba.mghosteur.com\/?post_type=product&#038;p=32483"},"modified":"2024-05-15T12:19:13","modified_gmt":"2024-05-15T12:19:13","slug":"sol-janeiro-fragrance-cheirosa-59-90ml","status":"publish","type":"product","link":"https:\/\/sakaba.mghosteur.com\/en\/product\/sol-janeiro-fragrance-cheirosa-59-90ml\/","title":{"rendered":"SOL JANEIRO FRAGRANCE CHEIROSA 59 90ML"},"content":{"rendered":"<p>D\u00e9couvrez le Brazilian Crush Cheirosa 59, une brume parfum\u00e9e captivante pour le corps et les cheveux. Transportez-vous vers les chaudes soir\u00e9es br\u00e9siliennes avec ses accords envo\u00fbtants d\u2019orchid\u00e9e vanille, de violette sucr\u00e9e et de bois de santal pur. Cette brume parfum\u00e9e vous offre une exp\u00e9rience sensorielle unique, \u00e9veillant vos sens avec un m\u00e9lange bois\u00e9 et vanill\u00e9 qui stimule l&#8217;humeur. L\u00e9ger mais enveloppant, ce parfum r\u00e9v\u00e8le des notes douces et cr\u00e9meuses de prune velours, de violette sucr\u00e9e et d\u2019orchid\u00e9e vanille, avec des nuances riches d\u2019ambre fouett\u00e9, de bois de santal pur et de v\u00e9tiver frais. Laissez-vous emporter par ce parfum exaltant qui vous assure des compliments \u00e0 chaque instant. Profitez de cette douce d\u00e9lice pour une fragrance durable et envo\u00fbtante.<\/p>","protected":false},"excerpt":{"rendered":"<p>D\u00e9couvrez le Brazilian Crush Cheirosa 59, une brume parfum\u00e9e captivante pour le corps et les cheveux. Transportez-vous vers les chaudes soir\u00e9es br\u00e9siliennes avec ses accords envo\u00fbtants d\u2019orchid\u00e9e vanille, de violette sucr\u00e9e et de bois de santal pur. Cette brume parfum\u00e9e vous offre une exp\u00e9rience sensorielle unique, \u00e9veillant vos sens avec un m\u00e9lange bois\u00e9 et vanill\u00e9<span class=\"read-more-faq\"><a href=\"https:\/\/sakaba.mghosteur.com\/en\/product\/sol-janeiro-fragrance-cheirosa-59-90ml\/\">Read More<\/a><\/span><\/p>","protected":false},"featured_media":0,"comment_status":"open","ping_status":"closed","template":"","meta":[],"product_brand":[974],"product_cat":[377],"product_tag":[],"class_list":{"0":"post-32483","1":"product","2":"type-product","3":"status-publish","5":"product_brand-sol-de-janeiro","6":"product_cat-bath-body-works","8":"first","9":"instock","10":"shipping-taxable","11":"product-type-simple"},"jetpack-related-posts":[{"id":32480,"url":"https:\/\/sakaba.mghosteur.com\/en\/product\/sol-janeiro-fragrance-cheiroisa-59-240ml\/","url_meta":{"origin":32483,"position":0},"title":"SOL JANEIRO FRAGRANCE CHEIROISA 59 240ML","author":"admin","date":"May 14, 2024","format":false,"excerpt":"D\u00e9couvrez le Brazilian Crush Cheirosa 59, une brume parfum\u00e9e captivante pour le corps et les cheveux. Transportez-vous vers les chaudes soir\u00e9es br\u00e9siliennes avec ses accords envo\u00fbtants d\u2019orchid\u00e9e vanille, de violette sucr\u00e9e et de bois de santal pur. Cette brume parfum\u00e9e vous offre une exp\u00e9rience sensorielle unique, \u00e9veillant vos sens avec\u2026","rel":"","context":"Similar post","block_context":{"text":"Similar post","link":""},"img":{"alt_text":"","src":"","width":0,"height":0},"classes":[]},{"id":32450,"url":"https:\/\/sakaba.mghosteur.com\/en\/product\/sol-janeiro-brazilian-crush-40-black-amber-plum-vanilla-rose-90ml\/","url_meta":{"origin":32483,"position":1},"title":"SOL JANEIRO BRAZILIAN CRUSH 40 BLACK AMBER PLUM &amp; VANILLA ROSE 90ML","author":"admin","date":"May 14, 2024","format":false,"excerpt":"Le Sol De Janeiro Brazil Crush Cheirosa '40 Black Amber Plum & Vanilla Woods Hair & Body Fragrance Mist (90 ml) est une brume parfum\u00e9e d\u00e9licate mais enivrante, impr\u00e9gn\u00e9e de notes de prune ambr\u00e9e noire, de bois de vanille et de fleurs de jasmin pour vous envelopper d'une fragrance exquise.\u2026","rel":"","context":"Similar post","block_context":{"text":"Similar post","link":""},"img":{"alt_text":"","src":"","width":0,"height":0},"classes":[]},{"id":32453,"url":"https:\/\/sakaba.mghosteur.com\/en\/product\/sol-janeiro-brazilian-crush-40-black-amber-plum-vanilla-rose-240ml\/","url_meta":{"origin":32483,"position":2},"title":"SOL JANEIRO BRAZILIAN CRUSH 40 BLACK AMBER PLUM &amp; VANILLA ROSE 240ML","author":"admin","date":"May 14, 2024","format":false,"excerpt":"Le Sol De Janeiro Brazil Crush Cheirosa '40 Black Amber Plum & Vanilla Woods Hair & Body Fragrance Mist (240 ml) est une brume parfum\u00e9e d\u00e9licate mais enivrante, impr\u00e9gn\u00e9e de notes de prune ambr\u00e9e noire, de bois de vanille et de fleurs de jasmin pour vous envelopper d'une fragrance exquise.\u2026","rel":"","context":"Similar post","block_context":{"text":"Similar post","link":""},"img":{"alt_text":"","src":"","width":0,"height":0},"classes":[]},{"id":32389,"url":"https:\/\/sakaba.mghosteur.com\/en\/product\/sol-de-janeiro-cheirosa-62\/","url_meta":{"origin":32483,"position":3},"title":"SOL DE JANEIRO CHEIROSA 62","author":"admin","date":"May 14, 2024","format":false,"excerpt":"D\u00e9couvrez le parfum qui a d\u00e9clench\u00e9 une r\u00e9volution olfactive. Immergez-vous dans l'\u00e9ternel \u00e9t\u00e9 de Rio gr\u00e2ce \u00e0 cette version puissante et concentr\u00e9e de l'embl\u00e9matique parfum Sol de Janeiro, d\u00e9sormais propos\u00e9e dans une nouvelle formule \u00e0 la tenue renforc\u00e9e. Laissez-vous transporter par cette fragrance estivale, joyeuse et envo\u00fbtante, m\u00ealant des notes\u2026","rel":"","context":"Similar post","block_context":{"text":"Similar post","link":""},"img":{"alt_text":"","src":"","width":0,"height":0},"classes":[]},{"id":32456,"url":"https:\/\/sakaba.mghosteur.com\/en\/product\/sol-janeiro-brazilian-crush-62-pistacho-salted-caramel-90ml\/","url_meta":{"origin":32483,"position":4},"title":"SOL JANEIRO BRAZILIAN CRUSH 62 PISTACHO &#038; SALTED CARAMEL 90ML","author":"admin","date":"May 14, 2024","format":false,"excerpt":"Le Brazil Crush Cheirosa '62 Pistache & Caramel Sal\u00e9 Hair & Body Fragrance Mist (240 ml) de Sol De Janeiro est bien plus qu'une simple brume parfum\u00e9e. C'est une invitation \u00e0 une exp\u00e9rience sensorielle envo\u00fbtante, inspir\u00e9e par les plages ensoleill\u00e9es de Rio de Janeiro. Cette brume multifonctionnelle captura l'essence m\u00eame\u2026","rel":"","context":"Similar post","block_context":{"text":"Similar post","link":""},"img":{"alt_text":"","src":"","width":0,"height":0},"classes":[]},{"id":32459,"url":"https:\/\/sakaba.mghosteur.com\/en\/product\/sol-janeiro-brazilian-crush-62-pistacho-salted-caramel-240ml\/","url_meta":{"origin":32483,"position":5},"title":"SOL JANEIRO BRAZILIAN CRUSH 62 PISTACHO &#038; SALTED CARAMEL 240ML","author":"admin","date":"May 14, 2024","format":false,"excerpt":"Le Brazil Crush Cheirosa '62 Pistache & Caramel Sal\u00e9 Hair & Body Fragrance Mist (240 ml) de Sol De Janeiro est bien plus qu'une simple brume parfum\u00e9e. C'est une invitation \u00e0 une exp\u00e9rience sensorielle envo\u00fbtante, inspir\u00e9e par les plages ensoleill\u00e9es de Rio de Janeiro. Cette brume multifonctionnelle captura l'essence m\u00eame\u2026","rel":"","context":"Similar post","block_context":{"text":"Similar post","link":""},"img":{"alt_text":"","src":"","width":0,"height":0},"classes":[]}],"_links":{"self":[{"href":"https:\/\/sakaba.mghosteur.com\/en\/wp-json\/wp\/v2\/product\/32483","targetHints":{"allow":["GET"]}}],"collection":[{"href":"https:\/\/sakaba.mghosteur.com\/en\/wp-json\/wp\/v2\/product"}],"about":[{"href":"https:\/\/sakaba.mghosteur.com\/en\/wp-json\/wp\/v2\/types\/product"}],"replies":[{"embeddable":true,"href":"https:\/\/sakaba.mghosteur.com\/en\/wp-json\/wp\/v2\/comments?post=32483"}],"version-history":[{"count":0,"href":"https:\/\/sakaba.mghosteur.com\/en\/wp-json\/wp\/v2\/product\/32483\/revisions"}],"wp:attachment":[{"href":"https:\/\/sakaba.mghosteur.com\/en\/wp-json\/wp\/v2\/media?parent=32483"}],"wp:term":[{"taxonomy":"product_brand","embeddable":true,"href":"https:\/\/sakaba.mghosteur.com\/en\/wp-json\/wp\/v2\/product_brand?post=32483"},{"taxonomy":"product_cat","embeddable":true,"href":"https:\/\/sakaba.mghosteur.com\/en\/wp-json\/wp\/v2\/product_cat?post=32483"},{"taxonomy":"product_tag","embeddable":true,"href":"https:\/\/sakaba.mghosteur.com\/en\/wp-json\/wp\/v2\/product_tag?post=32483"}],"curies":[{"name":"wp","href":"https:\/\/api.w.org\/{rel}","templated":true}]}}