{"id":32489,"date":"2024-05-14T16:48:12","date_gmt":"2024-05-14T16:48:12","guid":{"rendered":"https:\/\/sakaba.mghosteur.com\/?post_type=product&#038;p=32489"},"modified":"2024-08-08T02:41:12","modified_gmt":"2024-08-08T02:41:12","slug":"sol-janeiro-rio-radiance-cream-75ml","status":"publish","type":"product","link":"https:\/\/sakaba.mghosteur.com\/en\/product\/sol-janeiro-rio-radiance-cream-75ml\/","title":{"rendered":"SOL JANEIRO RIO RADIANCE CREAM 75ML"},"content":{"rendered":"<p>D\u00e9couvrez la cr\u00e8me pour le corps Rio Radiance de Sol de Janeiro, un essentiel pour une peau resplendissante toute l&#8217;ann\u00e9e. Envelopp\u00e9e dans des notes envo\u00fbtantes de tub\u00e9reuse solaire et de lait de coco, cette cr\u00e8me capture l&#8217;essence du soleil sur votre peau, vous transportant instantan\u00e9ment vers des vacances tropicales.<\/p>\n<p>Cette formule l\u00e9g\u00e8re et parfum\u00e9e, infus\u00e9e de vitamine C, offre une hydratation nourrissante qui laisse la peau douce et soyeuse. Con\u00e7ue pour tous les types de peau et recommand\u00e9e pour les peaux d\u00e9shydrat\u00e9es, elle est enrichie en squal\u00e8ne, qui imite naturellement les huiles de la peau pour restaurer son \u00e9clat et sa vitalit\u00e9.<\/p>\n<p>Fabriqu\u00e9e avec soin aux \u00c9tats-Unis et respectant des normes strictes de qualit\u00e9, cette cr\u00e8me est sans gluten, sans paraben et v\u00e9g\u00e9talienne, assurant une exp\u00e9rience de beaut\u00e9 sans compromis.<\/p>\n<p>Offrez \u00e0 votre peau le traitement luxueux qu&#8217;elle m\u00e9rite avec la cr\u00e8me pour le corps Rio Radiance de Sol de Janeiro.<\/p>","protected":false},"excerpt":{"rendered":"<p>D\u00e9couvrez la cr\u00e8me pour le corps Rio Radiance de Sol de Janeiro, un essentiel pour une peau resplendissante toute l&#8217;ann\u00e9e. Envelopp\u00e9e dans des notes envo\u00fbtantes de tub\u00e9reuse solaire et de lait de coco, cette cr\u00e8me capture l&#8217;essence du soleil sur votre peau, vous transportant instantan\u00e9ment vers des vacances tropicales. Cette formule l\u00e9g\u00e8re et parfum\u00e9e, infus\u00e9e<span class=\"read-more-faq\"><a href=\"https:\/\/sakaba.mghosteur.com\/en\/product\/sol-janeiro-rio-radiance-cream-75ml\/\">Read More<\/a><\/span><\/p>","protected":false},"featured_media":0,"comment_status":"open","ping_status":"closed","template":"","meta":[],"product_brand":[974],"product_cat":[447,1061],"product_tag":[],"class_list":{"0":"post-32489","1":"product","2":"type-product","3":"status-publish","5":"product_brand-sol-de-janeiro","6":"product_cat-aac-bain-et-corps","7":"product_cat-lait-huile_corporelle","9":"first","10":"instock","11":"shipping-taxable","12":"product-type-simple"},"jetpack-related-posts":[{"id":32492,"url":"https:\/\/sakaba.mghosteur.com\/en\/product\/sol-janeiro-rio-radiance-cream-240ml\/","url_meta":{"origin":32489,"position":0},"title":"SOL JANEIRO RIO RADIANCE CREAM 240ml","author":"admin","date":"May 14, 2024","format":false,"excerpt":"D\u00e9couvrez la cr\u00e8me pour le corps Rio Radiance de Sol de Janeiro, un essentiel pour une peau resplendissante toute l'ann\u00e9e. Envelopp\u00e9e dans des notes envo\u00fbtantes de tub\u00e9reuse solaire et de lait de coco, cette cr\u00e8me capture l'essence du soleil sur votre peau, vous transportant instantan\u00e9ment vers des vacances tropicales. Cette\u2026","rel":"","context":"Similar post","block_context":{"text":"Similar post","link":""},"img":{"alt_text":"","src":"","width":0,"height":0},"classes":[]},{"id":32486,"url":"https:\/\/sakaba.mghosteur.com\/en\/product\/sol-janeiro-rio-radiance-240ml\/","url_meta":{"origin":32489,"position":1},"title":"SOL JANEIRO RIO RADIANCE 240ML","author":"admin","date":"May 14, 2024","format":false,"excerpt":"D\u00e9couvrez le Sol Janeiro Rio Radiance, une brume parfum\u00e9e en \u00e9dition limit\u00e9e (240 ml) qui capture l'essence de la vie br\u00e9silienne, sans le co\u00fbt du billet d'avion. Plongez-vous dans une ambiance ensoleill\u00e9e avec chaque vaporisation, rappelant les journ\u00e9es de plage, les soir\u00e9es festives et l'odeur de la cr\u00e8me solaire. Ce\u2026","rel":"","context":"Similar post","block_context":{"text":"Similar post","link":""},"img":{"alt_text":"","src":"","width":0,"height":0},"classes":[]},{"id":32468,"url":"https:\/\/sakaba.mghosteur.com\/en\/product\/sol-janeiro-brazilian-rio-radiance-90ml\/","url_meta":{"origin":32489,"position":2},"title":"SOL JANEIRO BRAZILIAN RIO RADIANCE 90ML","author":"admin","date":"May 14, 2024","format":false,"excerpt":"D\u00e9couvrez le Sol Janeiro Rio Radiance, une brume parfum\u00e9e en \u00e9dition limit\u00e9e (90 ml) qui capture l'essence de la vie br\u00e9silienne, sans le co\u00fbt du billet d'avion. Plongez-vous dans une ambiance ensoleill\u00e9e avec chaque vaporisation, rappelant les journ\u00e9es de plage, les soir\u00e9es festives et l'odeur de la cr\u00e8me solaire. Ce\u2026","rel":"","context":"Similar post","block_context":{"text":"Similar post","link":""},"img":{"alt_text":"","src":"","width":0,"height":0},"classes":[]},{"id":32392,"url":"https:\/\/sakaba.mghosteur.com\/en\/product\/sol-de-janeiro-rio-body-trio\/","url_meta":{"origin":32489,"position":3},"title":"SOL DE JANEIRO RIO BODY TRIO","author":"admin","date":"May 14, 2024","format":false,"excerpt":"D\u00e9couvrez un trio de cr\u00e8mes br\u00e9siliennes iconiques qui vous promet une peau magnifique. Id\u00e9al pour offrir \u00e0 vos proches ou pour vous faire plaisir, ce coffret cadeau contient les trois produits pr\u00e9f\u00e9r\u00e9s du corps br\u00e9silien. La Cr\u00e8me \u00e9claircissante Bom Dia\u2122 Bright Cream de 50 ml illumine votre peau tout en\u2026","rel":"","context":"Similar post","block_context":{"text":"Similar post","link":""},"img":{"alt_text":"","src":"","width":0,"height":0},"classes":[]},{"id":32395,"url":"https:\/\/sakaba.mghosteur.com\/en\/product\/sol-de-janeiro-rio-deo\/","url_meta":{"origin":32489,"position":4},"title":"SOL DE JANEIRO RIO DEO","author":"admin","date":"May 14, 2024","format":false,"excerpt":"Au Br\u00e9sil, chaque centim\u00e8tre carr\u00e9 de peau est pr\u00e9cieux. Les aisselles ne font pas exception. Le d\u00e9odorant Rio Deo, d\u00e9pourvu d'aluminium et de bicarbonate de soude, combat les odeurs, vous assurant une fra\u00eecheur agr\u00e9able du matin au soir, \u00e0 la mani\u00e8re de Sol de Janeiro. Ce d\u00e9odorant ne se contente\u2026","rel":"","context":"Similar post","block_context":{"text":"Similar post","link":""},"img":{"alt_text":"","src":"","width":0,"height":0},"classes":[]},{"id":32441,"url":"https:\/\/sakaba.mghosteur.com\/en\/product\/sol-janeiro-brazilian-bum-bum-body-scrub-220g\/","url_meta":{"origin":32489,"position":5},"title":"SOL JANEIRO BRAZILIAN BUM BUM BODY SCRUB 220G","author":"admin","date":"May 14, 2024","format":false,"excerpt":"Ce gommage pour le corps ultra fin et l\u00e9g\u00e8rement scintillant offre une exp\u00e9rience digne d\u2019un soin au spa : sa formule exfolie en douceur, nourrit et r\u00e9v\u00e8le la peau douce d\u2019\u00e9t\u00e9 que l\u2019on aime avoir toute l\u2019ann\u00e9e. Ce cocktail br\u00e9silien lissant contient des graines de cupua\u00e7u concass\u00e9es, des cristaux de\u2026","rel":"","context":"Similar post","block_context":{"text":"Similar post","link":""},"img":{"alt_text":"","src":"","width":0,"height":0},"classes":[]}],"_links":{"self":[{"href":"https:\/\/sakaba.mghosteur.com\/en\/wp-json\/wp\/v2\/product\/32489","targetHints":{"allow":["GET"]}}],"collection":[{"href":"https:\/\/sakaba.mghosteur.com\/en\/wp-json\/wp\/v2\/product"}],"about":[{"href":"https:\/\/sakaba.mghosteur.com\/en\/wp-json\/wp\/v2\/types\/product"}],"replies":[{"embeddable":true,"href":"https:\/\/sakaba.mghosteur.com\/en\/wp-json\/wp\/v2\/comments?post=32489"}],"version-history":[{"count":0,"href":"https:\/\/sakaba.mghosteur.com\/en\/wp-json\/wp\/v2\/product\/32489\/revisions"}],"wp:attachment":[{"href":"https:\/\/sakaba.mghosteur.com\/en\/wp-json\/wp\/v2\/media?parent=32489"}],"wp:term":[{"taxonomy":"product_brand","embeddable":true,"href":"https:\/\/sakaba.mghosteur.com\/en\/wp-json\/wp\/v2\/product_brand?post=32489"},{"taxonomy":"product_cat","embeddable":true,"href":"https:\/\/sakaba.mghosteur.com\/en\/wp-json\/wp\/v2\/product_cat?post=32489"},{"taxonomy":"product_tag","embeddable":true,"href":"https:\/\/sakaba.mghosteur.com\/en\/wp-json\/wp\/v2\/product_tag?post=32489"}],"curies":[{"name":"wp","href":"https:\/\/api.w.org\/{rel}","templated":true}]}}