{"id":32495,"date":"2024-05-14T16:49:53","date_gmt":"2024-05-14T16:49:53","guid":{"rendered":"https:\/\/sakaba.mghosteur.com\/?post_type=product&#038;p=32495"},"modified":"2024-05-15T12:11:28","modified_gmt":"2024-05-15T12:11:28","slug":"sol-janeiro-when-in-rio-90ml","status":"publish","type":"product","link":"https:\/\/sakaba.mghosteur.com\/en\/product\/sol-janeiro-when-in-rio-90ml\/","title":{"rendered":"SOL JANEIRO WHEN IN RIO 90ML"},"content":{"rendered":"<p>D\u00e9couvrez une brume parfum\u00e9e exquise qui \u00e9voque l&#8217;essence vibrante de Rio. Capturant l&#8217;atmosph\u00e8re envo\u00fbtante de cette ville anim\u00e9e, cette fragrance s\u00e9duisante incarne l&#8217;\u00e9nergie d&#8217;une nuit \u00e9clatante et chaude. Les notes audacieuses de bergamote sauvage, de poire succulente et de jasmin cr\u00e9pusculaire se m\u00ealent harmonieusement pour cr\u00e9er une exp\u00e9rience olfactive inoubliable. Laissez-vous transporter vers des rues anim\u00e9es et des soir\u00e9es enivrantes avec cette brume parfum\u00e9e ambr\u00e9e et chaleureuse, une \u00e9dition limit\u00e9e qui c\u00e9l\u00e8bre la magie de l&#8217;\u00e9t\u00e9.<\/p>","protected":false},"excerpt":{"rendered":"<p>D\u00e9couvrez une brume parfum\u00e9e exquise qui \u00e9voque l&#8217;essence vibrante de Rio. Capturant l&#8217;atmosph\u00e8re envo\u00fbtante de cette ville anim\u00e9e, cette fragrance s\u00e9duisante incarne l&#8217;\u00e9nergie d&#8217;une nuit \u00e9clatante et chaude. Les notes audacieuses de bergamote sauvage, de poire succulente et de jasmin cr\u00e9pusculaire se m\u00ealent harmonieusement pour cr\u00e9er une exp\u00e9rience olfactive inoubliable. Laissez-vous transporter vers des rues<span class=\"read-more-faq\"><a href=\"https:\/\/sakaba.mghosteur.com\/en\/product\/sol-janeiro-when-in-rio-90ml\/\">Read More<\/a><\/span><\/p>","protected":false},"featured_media":0,"comment_status":"open","ping_status":"closed","template":"","meta":[],"product_brand":[974],"product_cat":[283],"product_tag":[],"class_list":{"0":"post-32495","1":"product","2":"type-product","3":"status-publish","5":"product_brand-sol-de-janeiro","6":"product_cat-aah-parfums","8":"first","9":"instock","10":"shipping-taxable","11":"product-type-simple"},"jetpack-related-posts":[{"id":32486,"url":"https:\/\/sakaba.mghosteur.com\/en\/product\/sol-janeiro-rio-radiance-240ml\/","url_meta":{"origin":32495,"position":0},"title":"SOL JANEIRO RIO RADIANCE 240ML","author":"admin","date":"May 14, 2024","format":false,"excerpt":"D\u00e9couvrez le Sol Janeiro Rio Radiance, une brume parfum\u00e9e en \u00e9dition limit\u00e9e (240 ml) qui capture l'essence de la vie br\u00e9silienne, sans le co\u00fbt du billet d'avion. Plongez-vous dans une ambiance ensoleill\u00e9e avec chaque vaporisation, rappelant les journ\u00e9es de plage, les soir\u00e9es festives et l'odeur de la cr\u00e8me solaire. Ce\u2026","rel":"","context":"Similar post","block_context":{"text":"Similar post","link":""},"img":{"alt_text":"","src":"","width":0,"height":0},"classes":[]},{"id":32468,"url":"https:\/\/sakaba.mghosteur.com\/en\/product\/sol-janeiro-brazilian-rio-radiance-90ml\/","url_meta":{"origin":32495,"position":1},"title":"SOL JANEIRO BRAZILIAN RIO RADIANCE 90ML","author":"admin","date":"May 14, 2024","format":false,"excerpt":"D\u00e9couvrez le Sol Janeiro Rio Radiance, une brume parfum\u00e9e en \u00e9dition limit\u00e9e (90 ml) qui capture l'essence de la vie br\u00e9silienne, sans le co\u00fbt du billet d'avion. Plongez-vous dans une ambiance ensoleill\u00e9e avec chaque vaporisation, rappelant les journ\u00e9es de plage, les soir\u00e9es festives et l'odeur de la cr\u00e8me solaire. Ce\u2026","rel":"","context":"Similar post","block_context":{"text":"Similar post","link":""},"img":{"alt_text":"","src":"","width":0,"height":0},"classes":[]},{"id":32401,"url":"https:\/\/sakaba.mghosteur.com\/en\/product\/sol-janeiro-after-hours-90ml\/","url_meta":{"origin":32495,"position":2},"title":"SOL JANEIRO AFTER HOURS 90ML","author":"admin","date":"May 14, 2024","format":false,"excerpt":"Plongez-vous dans une brume nocturne enivrante. Les meilleurs moments de la nuit sont souvent les plus impr\u00e9vus. Vous d\u00e9sirez conna\u00eetre le parfum de Rio la nuit ? La brume parfum\u00e9e pour le corps et les cheveux Sol de Janeiro After Hours vous enveloppe de sa texture velout\u00e9e et de son\u2026","rel":"","context":"Similar post","block_context":{"text":"Similar post","link":""},"img":{"alt_text":"","src":"","width":0,"height":0},"classes":[]},{"id":23175,"url":"https:\/\/sakaba.mghosteur.com\/en\/product\/victoria-secret-brume-parfumee\/","url_meta":{"origin":32495,"position":3},"title":"VICTORIA SECRET BRUME PARFUMEE","author":"admin","date":"October 26, 2022","format":false,"excerpt":"","rel":"","context":"Similar post","block_context":{"text":"Similar post","link":""},"img":{"alt_text":"","src":"","width":0,"height":0},"classes":[]},{"id":32450,"url":"https:\/\/sakaba.mghosteur.com\/en\/product\/sol-janeiro-brazilian-crush-40-black-amber-plum-vanilla-rose-90ml\/","url_meta":{"origin":32495,"position":4},"title":"SOL JANEIRO BRAZILIAN CRUSH 40 BLACK AMBER PLUM &amp; VANILLA ROSE 90ML","author":"admin","date":"May 14, 2024","format":false,"excerpt":"Le Sol De Janeiro Brazil Crush Cheirosa '40 Black Amber Plum & Vanilla Woods Hair & Body Fragrance Mist (90 ml) est une brume parfum\u00e9e d\u00e9licate mais enivrante, impr\u00e9gn\u00e9e de notes de prune ambr\u00e9e noire, de bois de vanille et de fleurs de jasmin pour vous envelopper d'une fragrance exquise.\u2026","rel":"","context":"Similar post","block_context":{"text":"Similar post","link":""},"img":{"alt_text":"","src":"","width":0,"height":0},"classes":[]},{"id":32453,"url":"https:\/\/sakaba.mghosteur.com\/en\/product\/sol-janeiro-brazilian-crush-40-black-amber-plum-vanilla-rose-240ml\/","url_meta":{"origin":32495,"position":5},"title":"SOL JANEIRO BRAZILIAN CRUSH 40 BLACK AMBER PLUM &amp; VANILLA ROSE 240ML","author":"admin","date":"May 14, 2024","format":false,"excerpt":"Le Sol De Janeiro Brazil Crush Cheirosa '40 Black Amber Plum & Vanilla Woods Hair & Body Fragrance Mist (240 ml) est une brume parfum\u00e9e d\u00e9licate mais enivrante, impr\u00e9gn\u00e9e de notes de prune ambr\u00e9e noire, de bois de vanille et de fleurs de jasmin pour vous envelopper d'une fragrance exquise.\u2026","rel":"","context":"Similar post","block_context":{"text":"Similar post","link":""},"img":{"alt_text":"","src":"","width":0,"height":0},"classes":[]}],"_links":{"self":[{"href":"https:\/\/sakaba.mghosteur.com\/en\/wp-json\/wp\/v2\/product\/32495","targetHints":{"allow":["GET"]}}],"collection":[{"href":"https:\/\/sakaba.mghosteur.com\/en\/wp-json\/wp\/v2\/product"}],"about":[{"href":"https:\/\/sakaba.mghosteur.com\/en\/wp-json\/wp\/v2\/types\/product"}],"replies":[{"embeddable":true,"href":"https:\/\/sakaba.mghosteur.com\/en\/wp-json\/wp\/v2\/comments?post=32495"}],"version-history":[{"count":0,"href":"https:\/\/sakaba.mghosteur.com\/en\/wp-json\/wp\/v2\/product\/32495\/revisions"}],"wp:attachment":[{"href":"https:\/\/sakaba.mghosteur.com\/en\/wp-json\/wp\/v2\/media?parent=32495"}],"wp:term":[{"taxonomy":"product_brand","embeddable":true,"href":"https:\/\/sakaba.mghosteur.com\/en\/wp-json\/wp\/v2\/product_brand?post=32495"},{"taxonomy":"product_cat","embeddable":true,"href":"https:\/\/sakaba.mghosteur.com\/en\/wp-json\/wp\/v2\/product_cat?post=32495"},{"taxonomy":"product_tag","embeddable":true,"href":"https:\/\/sakaba.mghosteur.com\/en\/wp-json\/wp\/v2\/product_tag?post=32495"}],"curies":[{"name":"wp","href":"https:\/\/api.w.org\/{rel}","templated":true}]}}