{"id":32498,"date":"2024-05-14T17:30:49","date_gmt":"2024-05-14T17:30:49","guid":{"rendered":"https:\/\/sakaba.mghosteur.com\/?post_type=product&#038;p=32498"},"modified":"2024-08-21T17:32:54","modified_gmt":"2024-08-21T17:32:54","slug":"tiam-berry-very-soft-peeling-gel","status":"publish","type":"product","link":"https:\/\/sakaba.mghosteur.com\/en\/product\/tiam-berry-very-soft-peeling-gel\/","title":{"rendered":"TIAM BERRY VERY SOFT PEELING GEL"},"content":{"rendered":"<p>Le Peeling TIAM Berry Gel Peeling Tr\u00e8s Doux offre une texture gel remarquablement d\u00e9licate qui n&#8217;entra\u00eene aucune irritation, adapt\u00e9e m\u00eame aux peaux les plus sensibles. Ce gel peeling doux exfolie en douceur la couche corn\u00e9e, favorisant ainsi une meilleure microcirculation tout en stimulant les processus de cicatrisation et de renouvellement cutan\u00e9. En plus d&#8217;am\u00e9liorer le teint et d&#8217;unifier la peau, ce peeling pr\u00e9vient \u00e9galement l&#8217;inflammation, offrant ainsi une solution compl\u00e8te pour une peau \u00e9clatante et saine.<\/p>","protected":false},"excerpt":{"rendered":"<p>Le Peeling TIAM Berry Gel Peeling Tr\u00e8s Doux offre une texture gel remarquablement d\u00e9licate qui n&#8217;entra\u00eene aucune irritation, adapt\u00e9e m\u00eame aux peaux les plus sensibles. Ce gel peeling doux exfolie en douceur la couche corn\u00e9e, favorisant ainsi une meilleure microcirculation tout en stimulant les processus de cicatrisation et de renouvellement cutan\u00e9. En plus d&#8217;am\u00e9liorer le<span class=\"read-more-faq\"><a href=\"https:\/\/sakaba.mghosteur.com\/en\/product\/tiam-berry-very-soft-peeling-gel\/\">Read More<\/a><\/span><\/p>","protected":false},"featured_media":0,"comment_status":"open","ping_status":"closed","template":"","meta":[],"product_brand":[989],"product_cat":[293,1018,451,334],"product_tag":[],"class_list":{"0":"post-32498","1":"product","2":"type-product","3":"status-publish","5":"product_brand-tiam","6":"product_cat-anti-taches","7":"product_cat-aai-produis-coreens","8":"product_cat-aab-soin-du-visage","9":"product_cat-traitement-serum","11":"first","12":"instock","13":"shipping-taxable","14":"product-type-simple"},"jetpack-related-posts":[{"id":31590,"url":"https:\/\/sakaba.mghosteur.com\/en\/product\/cosrx-low-ph-good-night-soft-peeling-gel\/","url_meta":{"origin":32498,"position":0},"title":"COSRX LOW PH GOOD NIGHT SOFT PEELING GEL","author":"admin","date":"May 10, 2024","format":false,"excerpt":"Gel peeling doux \u00e0 faible pH enrichi d'ingr\u00e9dients d'origine naturelle pour am\u00e9liorer l'\u00e9tat de la peau. Avec un pH similaire \u00e0 celui des composants protecteurs de la peau et de la barri\u00e8re, ce gel fonctionne parfaitement m\u00eame pour les peaux sensibles. Rapide, facile et pratique, ce gel peeling s'utilise directement\u2026","rel":"","context":"Similar post","block_context":{"text":"Similar post","link":""},"img":{"alt_text":"","src":"","width":0,"height":0},"classes":[]},{"id":26611,"url":"https:\/\/sakaba.mghosteur.com\/en\/product\/advance-white-glycolic-peeling-gel\/","url_meta":{"origin":32498,"position":1},"title":"ADVANCE WHITE GLYCOLIC PEELING GEL","author":"admin","date":"November 28, 2022","format":false,"excerpt":"","rel":"","context":"Similar post","block_context":{"text":"Similar post","link":""},"img":{"alt_text":"","src":"","width":0,"height":0},"classes":[]},{"id":27664,"url":"https:\/\/sakaba.mghosteur.com\/en\/product\/refresh-skin-therapy-fruit-acid-15-gel-peel\/","url_meta":{"origin":32498,"position":2},"title":"Refresh Skin Therapy Fruit Acid 15% gel Peel","author":"admin","date":"November 29, 2022","format":false,"excerpt":"Le gel peeling aux acides de fruits 15 % de Refresh Skin Therapy est un produit cosm\u00e9tique qui utilise des acides de fruits pour exfolier et renouveler la peau. Il peut aider \u00e0 r\u00e9duire les ridules et les rides, \u00e0 \u00e9claircir les taches pigmentaires et \u00e0 acc\u00e9l\u00e9rer le renouvellement de\u2026","rel":"","context":"Similar post","block_context":{"text":"Similar post","link":""},"img":{"alt_text":"","src":"","width":0,"height":0},"classes":[]},{"id":26852,"url":"https:\/\/sakaba.mghosteur.com\/en\/product\/skin-perfecting-25aha-2bha-exfoliant-peel\/","url_meta":{"origin":32498,"position":3},"title":"SKIN PERFECTING 25%AHA +2%BHA EXFOLIANT PEEL","author":"admin","date":"November 28, 2022","format":false,"excerpt":"D\u00e9couvrez le Peeling Exfoliant 25% AHA + 2% BHA de la marque Paula's Choice, un gommage exfoliant multi-acides qui transformera votre peau en profondeur. Ce produit unique en son genre est con\u00e7u pour lisser les rides, affiner la texture de la peau, \u00e9claircir le teint et d\u00e9sobstruer les pores pour\u2026","rel":"","context":"Similar post","block_context":{"text":"Similar post","link":""},"img":{"alt_text":"","src":"","width":0,"height":0},"classes":[]},{"id":27943,"url":"https:\/\/sakaba.mghosteur.com\/en\/product\/dr-dennis-gross-alpha-beta-peeling-quotidien\/","url_meta":{"origin":32498,"position":4},"title":"Dr DENNIS GROSS ALPHA BETA PEELING QUOTIDIEN","author":"admin","date":"November 29, 2022","format":false,"excerpt":"","rel":"","context":"Similar post","block_context":{"text":"Similar post","link":""},"img":{"alt_text":"","src":"","width":0,"height":0},"classes":[]},{"id":27952,"url":"https:\/\/sakaba.mghosteur.com\/en\/product\/dr-dennis-gross-alpha-beta-peeling-quotidien-2\/","url_meta":{"origin":32498,"position":5},"title":"Dr DENNIS GROSS ALPHA BETA PEELING QUOTIDIEN","author":"admin","date":"November 29, 2022","format":false,"excerpt":"","rel":"","context":"Similar post","block_context":{"text":"Similar post","link":""},"img":{"alt_text":"","src":"","width":0,"height":0},"classes":[]}],"_links":{"self":[{"href":"https:\/\/sakaba.mghosteur.com\/en\/wp-json\/wp\/v2\/product\/32498","targetHints":{"allow":["GET"]}}],"collection":[{"href":"https:\/\/sakaba.mghosteur.com\/en\/wp-json\/wp\/v2\/product"}],"about":[{"href":"https:\/\/sakaba.mghosteur.com\/en\/wp-json\/wp\/v2\/types\/product"}],"replies":[{"embeddable":true,"href":"https:\/\/sakaba.mghosteur.com\/en\/wp-json\/wp\/v2\/comments?post=32498"}],"version-history":[{"count":0,"href":"https:\/\/sakaba.mghosteur.com\/en\/wp-json\/wp\/v2\/product\/32498\/revisions"}],"wp:attachment":[{"href":"https:\/\/sakaba.mghosteur.com\/en\/wp-json\/wp\/v2\/media?parent=32498"}],"wp:term":[{"taxonomy":"product_brand","embeddable":true,"href":"https:\/\/sakaba.mghosteur.com\/en\/wp-json\/wp\/v2\/product_brand?post=32498"},{"taxonomy":"product_cat","embeddable":true,"href":"https:\/\/sakaba.mghosteur.com\/en\/wp-json\/wp\/v2\/product_cat?post=32498"},{"taxonomy":"product_tag","embeddable":true,"href":"https:\/\/sakaba.mghosteur.com\/en\/wp-json\/wp\/v2\/product_tag?post=32498"}],"curies":[{"name":"wp","href":"https:\/\/api.w.org\/{rel}","templated":true}]}}