{"id":32501,"date":"2024-05-14T17:31:43","date_gmt":"2024-05-14T17:31:43","guid":{"rendered":"https:\/\/sakaba.mghosteur.com\/?post_type=product&#038;p=32501"},"modified":"2024-08-21T23:39:45","modified_gmt":"2024-08-21T23:39:45","slug":"tiam-daily-sun-care-cream","status":"publish","type":"product","link":"https:\/\/sakaba.mghosteur.com\/en\/product\/tiam-daily-sun-care-cream\/","title":{"rendered":"TIAM DAILY SUN CARE CREAM"},"content":{"rendered":"<p>CR\u00c8ME SOLAIRE QUOTIDIENNE<\/p>\n<p>Description<\/p>\n<p>La Cr\u00e8me Solaire Quotidienne offre une protection efficace contre les rayons UV, que ce soit \u00e0 l&#8217;int\u00e9rieur ou \u00e0 l&#8217;ext\u00e9rieur. Sa formule chimique pr\u00e9vient les dommages cutan\u00e9s caus\u00e9s par le soleil au quotidien. Dot\u00e9e d&#8217;une texture l\u00e9g\u00e8re, elle procure un confort imm\u00e9diat \u00e0 la peau et s&#8217;absorbe rapidement, laissant un fini \u00e9clatant et invisible qui s&#8217;adapte \u00e0 toutes les carnations.<\/p>\n<p>Mode d&#8217;emploi<\/p>\n<p>Appliquez la cr\u00e8me en derni\u00e8re \u00e9tape de votre routine quotidienne avant de sortir. Utilisez environ 2 \u00e0 3 doigts de produit et assurez-vous de l&#8217;appliquer uniform\u00e9ment sur l&#8217;ensemble de votre peau.<\/p>","protected":false},"excerpt":{"rendered":"<p>CR\u00c8ME SOLAIRE QUOTIDIENNE Description La Cr\u00e8me Solaire Quotidienne offre une protection efficace contre les rayons UV, que ce soit \u00e0 l&#8217;int\u00e9rieur ou \u00e0 l&#8217;ext\u00e9rieur. Sa formule chimique pr\u00e9vient les dommages cutan\u00e9s caus\u00e9s par le soleil au quotidien. Dot\u00e9e d&#8217;une texture l\u00e9g\u00e8re, elle procure un confort imm\u00e9diat \u00e0 la peau et s&#8217;absorbe rapidement, laissant un fini<span class=\"read-more-faq\"><a href=\"https:\/\/sakaba.mghosteur.com\/en\/product\/tiam-daily-sun-care-cream\/\">Read More<\/a><\/span><\/p>","protected":false},"featured_media":0,"comment_status":"open","ping_status":"closed","template":"","meta":[],"product_brand":[989],"product_cat":[1055,1018,451],"product_tag":[],"class_list":{"0":"post-32501","1":"product","2":"type-product","3":"status-publish","5":"product_brand-tiam","6":"product_cat-protection-solaire-visage","7":"product_cat-aai-produis-coreens","8":"product_cat-aab-soin-du-visage","10":"first","11":"instock","12":"shipping-taxable","13":"product-type-simple"},"jetpack-related-posts":[{"id":31422,"url":"https:\/\/sakaba.mghosteur.com\/en\/product\/paula-choice-clear-60ml\/","url_meta":{"origin":32501,"position":0},"title":"PAULA CHOICE CLEAR 60ML","author":"admin","date":"May 10, 2024","format":false,"excerpt":"D\u00e9couvrez notre hydratant le plus l\u00e9ger, parfaitement adapt\u00e9 aux peaux grasses sujettes aux imperfections. Cette cr\u00e8me fluide ultra-l\u00e9g\u00e8re agit en plusieurs \u00e9tapes pour offrir \u00e0 votre peau une protection et une hydratation optimales : Matifie la peau : Sa formule sp\u00e9ciale aide \u00e0 r\u00e9duire l'exc\u00e8s de s\u00e9bum, laissant votre peau\u2026","rel":"","context":"Similar post","block_context":{"text":"Similar post","link":""},"img":{"alt_text":"","src":"","width":0,"height":0},"classes":[]},{"id":30202,"url":"https:\/\/sakaba.mghosteur.com\/en\/product\/necessaire-the-sunscreen-lecran-solaire\/","url_meta":{"origin":32501,"position":1},"title":"NECESSAIRE THE SUNSCREEN L&#8217;ECRAN SOLAIRE","author":"admin","date":"May 4, 2023","format":false,"excerpt":"D\u00e9couvrez la Cr\u00e8me Solaire Min\u00e9rale SPF 30 Voyage de la marque NECESSAIRE, la solution id\u00e9ale pour prot\u00e9ger votre peau des rayons du soleil tout en prenant soin d'elle. Cette cr\u00e8me solaire 100% min\u00e9rale est infus\u00e9e d'actifs de soin tels que l'Acide Hyaluronique, la Niacinamide et le Panth\u00e9nol pour hydrater votre\u2026","rel":"","context":"Similar post","block_context":{"text":"Similar post","link":""},"img":{"alt_text":"","src":"","width":0,"height":0},"classes":[]},{"id":29074,"url":"https:\/\/sakaba.mghosteur.com\/en\/product\/cerave-hydrating-sunscreen-50face-spf-50\/","url_meta":{"origin":32501,"position":2},"title":"CERAVE HYDRATING SUNSCREEN 50face spf 50","author":"admin","date":"March 13, 2023","format":false,"excerpt":"La Cr\u00e8me Solaire Hydratante Min\u00e9rale SPF 50 Lotion Visage de la marque CeraVe est la solution parfaite pour prot\u00e9ger votre peau du soleil tout en la nourrissant et l'hydratant en profondeur. Cette cr\u00e8me solaire min\u00e9rale douce mais efficace est sp\u00e9cialement con\u00e7ue pour le visage et offre une protection \u00e0 large\u2026","rel":"","context":"Similar post","block_context":{"text":"Similar post","link":""},"img":{"alt_text":"","src":"","width":0,"height":0},"classes":[]},{"id":29036,"url":"https:\/\/sakaba.mghosteur.com\/en\/product\/cerave-hydrating-sunscreen-broad-spectrum-spf30-fac\/","url_meta":{"origin":32501,"position":3},"title":"CERAVE HYDRATING SUNSCREEN broad spectrum spf30 FAC","author":"admin","date":"March 10, 2023","format":false,"excerpt":"La Cr\u00e8me solaire hydratante \u00e0 large spectre FPS 30 pour le visage et le corps de la marque CeraVe est un produit de qualit\u00e9 sup\u00e9rieure con\u00e7u pour prot\u00e9ger votre peau contre les rayons nocifs du soleil. Cette formule hybride est adapt\u00e9e \u00e0 tous les types de peau, offrant une protection\u2026","rel":"","context":"Similar post","block_context":{"text":"Similar post","link":""},"img":{"alt_text":"","src":"","width":0,"height":0},"classes":[]},{"id":24574,"url":"https:\/\/sakaba.mghosteur.com\/en\/product\/aveeno-clear-complexion-sheer-daily-moisturizer\/","url_meta":{"origin":32501,"position":4},"title":"AVEENO CLEAR COMPLEXION SHEER DAILY MOISTURIZER","author":"admin","date":"November 10, 2022","format":false,"excerpt":"Hydratez la peau, unifiez le teint et aidez \u00e0 r\u00e9v\u00e9ler le v\u00e9ritable \u00e9clat de votre peau avec l'hydratant quotidien transparent Aveeno Clear Complexion avec \u00e9cran solaire SPF 30. Sp\u00e9cialement formul\u00e9e pour les peaux sujettes aux \u00e9ruptions cutan\u00e9es, cette lotion l\u00e9g\u00e8re pour le visage contient un complexe total de soja pour\u2026","rel":"","context":"Similar post","block_context":{"text":"Similar post","link":""},"img":{"alt_text":"","src":"","width":0,"height":0},"classes":[]},{"id":33969,"url":"https:\/\/sakaba.mghosteur.com\/en\/product\/black-girl-sunscreen-lotion-for-face-and-body-30\/","url_meta":{"origin":32501,"position":5},"title":"BLACK GIRL SUNSCREEN LOTION FOR FACE AND BODY 30","author":"admin","date":"May 24, 2024","format":false,"excerpt":"Cr\u00e8me solaire con\u00e7ue par des femmes de couleur pour les personnes de couleur, car nous aussi nous attraperons des coups de soleil. Une cr\u00e8me solaire \u00e0 usage quotidien, remplie d'ingr\u00e9dients cl\u00e9s, qui prot\u00e9gera votre peau du soleil et fera \u00e9galement office de lotion hydratante. La cr\u00e8me solaire Black Girl s\u00e8che\u2026","rel":"","context":"Similar post","block_context":{"text":"Similar post","link":""},"img":{"alt_text":"","src":"","width":0,"height":0},"classes":[]}],"_links":{"self":[{"href":"https:\/\/sakaba.mghosteur.com\/en\/wp-json\/wp\/v2\/product\/32501","targetHints":{"allow":["GET"]}}],"collection":[{"href":"https:\/\/sakaba.mghosteur.com\/en\/wp-json\/wp\/v2\/product"}],"about":[{"href":"https:\/\/sakaba.mghosteur.com\/en\/wp-json\/wp\/v2\/types\/product"}],"replies":[{"embeddable":true,"href":"https:\/\/sakaba.mghosteur.com\/en\/wp-json\/wp\/v2\/comments?post=32501"}],"version-history":[{"count":0,"href":"https:\/\/sakaba.mghosteur.com\/en\/wp-json\/wp\/v2\/product\/32501\/revisions"}],"wp:attachment":[{"href":"https:\/\/sakaba.mghosteur.com\/en\/wp-json\/wp\/v2\/media?parent=32501"}],"wp:term":[{"taxonomy":"product_brand","embeddable":true,"href":"https:\/\/sakaba.mghosteur.com\/en\/wp-json\/wp\/v2\/product_brand?post=32501"},{"taxonomy":"product_cat","embeddable":true,"href":"https:\/\/sakaba.mghosteur.com\/en\/wp-json\/wp\/v2\/product_cat?post=32501"},{"taxonomy":"product_tag","embeddable":true,"href":"https:\/\/sakaba.mghosteur.com\/en\/wp-json\/wp\/v2\/product_tag?post=32501"}],"curies":[{"name":"wp","href":"https:\/\/api.w.org\/{rel}","templated":true}]}}