{"id":32504,"date":"2024-05-14T17:32:29","date_gmt":"2024-05-14T17:32:29","guid":{"rendered":"https:\/\/sakaba.mghosteur.com\/?post_type=product&#038;p=32504"},"modified":"2024-08-22T00:17:36","modified_gmt":"2024-08-22T00:17:36","slug":"tiam-vita-b3-mis-toner","status":"publish","type":"product","link":"https:\/\/sakaba.mghosteur.com\/en\/product\/tiam-vita-b3-mis-toner\/","title":{"rendered":"TIAM VITA B3 MIS TONER"},"content":{"rendered":"<p><strong>Je Ingr\u00e9dients:<\/strong><\/p>\n<ul>\n<li>Eau<\/li>\n<li>Niacinamide (3 %)<\/li>\n<li>1,2-hexanediol<\/li>\n<li>Butyl\u00e8ne glycol<\/li>\n<li>Propanediol<\/li>\n<li>Extrait de fruit de Vitis Vinifera (raisin)<\/li>\n<li>Acide tranexamique<\/li>\n<li>\u00c9ther \u00e9thylascorbylique<\/li>\n<li>Panth\u00e9nol<\/li>\n<li>Glyc\u00e9rine<\/li>\n<li>B\u00eata-glucane<\/li>\n<\/ul>\n<p><strong>Mode d&#8217;emploi:<\/strong> Tenez le flacon \u00e0 une distance d&#8217;environ 20 cm de votre visage, fermez les yeux, puis vaporisez d\u00e9licatement sur l&#8217;ensemble de votre peau. Pour une utilisation plus cibl\u00e9e, vaporisez directement sur des cotons et essuyez doucement sur votre visage.<\/p>\n<p>Offrez \u00e0 votre peau le soin qu&#8217;elle m\u00e9rite avec notre Toner Brume Vita B3 et retrouvez une peau \u00e9clatante de sant\u00e9 au quotidien.<\/p>","protected":false},"excerpt":{"rendered":"<p>Je Ingr\u00e9dients: Eau Niacinamide (3 %) 1,2-hexanediol Butyl\u00e8ne glycol Propanediol Extrait de fruit de Vitis Vinifera (raisin) Acide tranexamique \u00c9ther \u00e9thylascorbylique Panth\u00e9nol Glyc\u00e9rine B\u00eata-glucane Mode d&#8217;emploi: Tenez le flacon \u00e0 une distance d&#8217;environ 20 cm de votre visage, fermez les yeux, puis vaporisez d\u00e9licatement sur l&#8217;ensemble de votre peau. Pour une utilisation plus cibl\u00e9e, vaporisez<span class=\"read-more-faq\"><a href=\"https:\/\/sakaba.mghosteur.com\/en\/product\/tiam-vita-b3-mis-toner\/\">Read More<\/a><\/span><\/p>","protected":false},"featured_media":0,"comment_status":"open","ping_status":"closed","template":"","meta":[],"product_brand":[989],"product_cat":[324,1018,451],"product_tag":[],"class_list":{"0":"post-32504","1":"product","2":"type-product","3":"status-publish","5":"product_brand-tiam","6":"product_cat-demaquillant-nettoyant","7":"product_cat-aai-produis-coreens","8":"product_cat-aab-soin-du-visage","10":"first","11":"instock","12":"shipping-taxable","13":"product-type-simple"},"jetpack-related-posts":[{"id":33029,"url":"https:\/\/sakaba.mghosteur.com\/en\/product\/dove-even-tone-rejuvenanting-vit-b3\/","url_meta":{"origin":32504,"position":0},"title":"Dove Even Tone Rejuvenanting +Vit B3","author":"admin","date":"May 17, 2024","format":false,"excerpt":"","rel":"","context":"Similar post","block_context":{"text":"Similar post","link":""},"img":{"alt_text":"","src":"","width":0,"height":0},"classes":[]},{"id":33025,"url":"https:\/\/sakaba.mghosteur.com\/en\/product\/dove-even-tone-calming-breeze-vit-b3\/","url_meta":{"origin":32504,"position":1},"title":"Dove Even Tone Calming Breeze +Vit B3","author":"admin","date":"May 17, 2024","format":false,"excerpt":"","rel":"","context":"Similar post","block_context":{"text":"Similar post","link":""},"img":{"alt_text":"","src":"","width":0,"height":0},"classes":[]},{"id":33033,"url":"https:\/\/sakaba.mghosteur.com\/en\/product\/dove-even-tone-restoring-powder-vit-b3\/","url_meta":{"origin":32504,"position":2},"title":"Dove Even Tone Restoring Powder +Vit B3","author":"admin","date":"May 17, 2024","format":false,"excerpt":"","rel":"","context":"Similar post","block_context":{"text":"Similar post","link":""},"img":{"alt_text":"","src":"","width":0,"height":0},"classes":[]},{"id":27610,"url":"https:\/\/sakaba.mghosteur.com\/en\/product\/vita-b3-source\/","url_meta":{"origin":32504,"position":3},"title":"VITA B3 SOURCE","author":"admin","date":"November 29, 2022","format":false,"excerpt":"","rel":"","context":"Similar post","block_context":{"text":"Similar post","link":""},"img":{"alt_text":"","src":"","width":0,"height":0},"classes":[]},{"id":32507,"url":"https:\/\/sakaba.mghosteur.com\/en\/product\/tiam-vita-b5-toner\/","url_meta":{"origin":32504,"position":4},"title":"TIAM VITA B5 TONER","author":"admin","date":"May 14, 2024","format":false,"excerpt":"D\u00e9couvrez le Tonique Vita B5, une solution hautement hydratante enrichie en provitamine B5 (panth\u00e9nol) \u00e0 une concentration de 10 000 PPM. Con\u00e7u pour revitaliser la peau, ce tonique est formul\u00e9 sans alcool ni parfum, et poss\u00e8de un faible pH qui r\u00e9tablit l'hydratation naturelle de la peau tout en maintenant son\u2026","rel":"","context":"Similar post","block_context":{"text":"Similar post","link":""},"img":{"alt_text":"","src":"","width":0,"height":0},"classes":[]},{"id":31836,"url":"https:\/\/sakaba.mghosteur.com\/en\/product\/olay-tone-serum-max-b3-2x-viamin-c\/","url_meta":{"origin":32504,"position":5},"title":"OLAY TONE SERUM MAX B3+ 2X VIAMIN C","author":"admin","date":"May 10, 2024","format":false,"excerpt":"Lib\u00e9rez votre \u00e9clat int\u00e9rieur avec le s\u00e9rum tonifiant Regenerist MAX d'OLAY, formul\u00e9 avec 2 fois plus de vitamine C. Ce s\u00e9rum l\u00e9ger p\u00e9n\u00e8tre la surface de votre peau pour att\u00e9nuer visiblement les taches et uniformiser l'apparence du teint. \u00c9labor\u00e9e avec une concentration maximale de complexe \u00e9nergisant pour la peau avec\u2026","rel":"","context":"Similar post","block_context":{"text":"Similar post","link":""},"img":{"alt_text":"","src":"","width":0,"height":0},"classes":[]}],"_links":{"self":[{"href":"https:\/\/sakaba.mghosteur.com\/en\/wp-json\/wp\/v2\/product\/32504","targetHints":{"allow":["GET"]}}],"collection":[{"href":"https:\/\/sakaba.mghosteur.com\/en\/wp-json\/wp\/v2\/product"}],"about":[{"href":"https:\/\/sakaba.mghosteur.com\/en\/wp-json\/wp\/v2\/types\/product"}],"replies":[{"embeddable":true,"href":"https:\/\/sakaba.mghosteur.com\/en\/wp-json\/wp\/v2\/comments?post=32504"}],"version-history":[{"count":0,"href":"https:\/\/sakaba.mghosteur.com\/en\/wp-json\/wp\/v2\/product\/32504\/revisions"}],"wp:attachment":[{"href":"https:\/\/sakaba.mghosteur.com\/en\/wp-json\/wp\/v2\/media?parent=32504"}],"wp:term":[{"taxonomy":"product_brand","embeddable":true,"href":"https:\/\/sakaba.mghosteur.com\/en\/wp-json\/wp\/v2\/product_brand?post=32504"},{"taxonomy":"product_cat","embeddable":true,"href":"https:\/\/sakaba.mghosteur.com\/en\/wp-json\/wp\/v2\/product_cat?post=32504"},{"taxonomy":"product_tag","embeddable":true,"href":"https:\/\/sakaba.mghosteur.com\/en\/wp-json\/wp\/v2\/product_tag?post=32504"}],"curies":[{"name":"wp","href":"https:\/\/api.w.org\/{rel}","templated":true}]}}