{"id":32507,"date":"2024-05-14T17:33:47","date_gmt":"2024-05-14T17:33:47","guid":{"rendered":"https:\/\/sakaba.mghosteur.com\/?post_type=product&#038;p=32507"},"modified":"2024-08-08T02:41:55","modified_gmt":"2024-08-08T02:41:55","slug":"tiam-vita-b5-toner","status":"publish","type":"product","link":"https:\/\/sakaba.mghosteur.com\/en\/product\/tiam-vita-b5-toner\/","title":{"rendered":"TIAM VITA B5 TONER"},"content":{"rendered":"<p>D\u00e9couvrez le Tonique Vita B5, une solution hautement hydratante enrichie en provitamine B5 (panth\u00e9nol) \u00e0 une concentration de 10 000 PPM. Con\u00e7u pour revitaliser la peau, ce tonique est formul\u00e9 sans alcool ni parfum, et poss\u00e8de un faible pH qui r\u00e9tablit l&#8217;hydratation naturelle de la peau tout en maintenant son \u00e9quilibre pH optimal.<\/p>\n<p>Mode d&#8217;emploi : Appliquez g\u00e9n\u00e9reusement sur votre visage, en utilisant un coton ou directement avec vos mains, pour une hydratation en profondeur. Profitez des bienfaits revigorants du Tonique Vita B5 pour une peau \u00e9clatante et parfaitement \u00e9quilibr\u00e9e.<\/p>","protected":false},"excerpt":{"rendered":"<p>D\u00e9couvrez le Tonique Vita B5, une solution hautement hydratante enrichie en provitamine B5 (panth\u00e9nol) \u00e0 une concentration de 10 000 PPM. Con\u00e7u pour revitaliser la peau, ce tonique est formul\u00e9 sans alcool ni parfum, et poss\u00e8de un faible pH qui r\u00e9tablit l&#8217;hydratation naturelle de la peau tout en maintenant son \u00e9quilibre pH optimal. Mode d&#8217;emploi<span class=\"read-more-faq\"><a href=\"https:\/\/sakaba.mghosteur.com\/en\/product\/tiam-vita-b5-toner\/\">Read More<\/a><\/span><\/p>","protected":false},"featured_media":0,"comment_status":"open","ping_status":"closed","template":"","meta":[],"product_brand":[989],"product_cat":[324,1018,451],"product_tag":[],"class_list":{"0":"post-32507","1":"product","2":"type-product","3":"status-publish","5":"product_brand-tiam","6":"product_cat-demaquillant-nettoyant","7":"product_cat-aai-produis-coreens","8":"product_cat-aab-soin-du-visage","10":"first","11":"instock","12":"shipping-taxable","13":"product-type-simple"},"jetpack-related-posts":[{"id":27471,"url":"https:\/\/sakaba.mghosteur.com\/en\/product\/the-ordinary-amino-acids-b5\/","url_meta":{"origin":32507,"position":0},"title":"The Ordinary Amino Acids + B5","author":"admin","date":"November 29, 2022","format":false,"excerpt":"Le s\u00e9rum Amino Acids + B5 de la marque The Ordinary est un produit ultra-fin qui aide votre peau \u00e0 maintenir sa barri\u00e8re d'hydratation naturelle. La formule de ce s\u00e9rum \u00e0 base d'eau contient une solution concentr\u00e9e \u00e0 17% (en poids) d'acides amin\u00e9s et de d\u00e9riv\u00e9s d'acides amin\u00e9s qui imitent\u2026","rel":"","context":"Similar post","block_context":{"text":"Similar post","link":""},"img":{"alt_text":"","src":"","width":0,"height":0},"classes":[]},{"id":27450,"url":"https:\/\/sakaba.mghosteur.com\/en\/product\/the-ordinary-hyaluronic-acid-2-b5\/","url_meta":{"origin":32507,"position":1},"title":"The Ordinary Hyaluronic Acid 2% + B5","author":"admin","date":"November 29, 2022","format":false,"excerpt":"L'Acide Hyaluronique 2% + B5 de la marque The Ordinary est une formule hautement efficace pour hydrater la peau et cibler les signes de vieillissement. Cette formule innovante combine des mol\u00e9cules d'acide hyaluronique de poids mol\u00e9culaire faible, moyen et \u00e9lev\u00e9 avec un polym\u00e8re crois\u00e9 HA de nouvelle g\u00e9n\u00e9ration pour offrir\u2026","rel":"","context":"Similar post","block_context":{"text":"Similar post","link":""},"img":{"alt_text":"","src":"","width":0,"height":0},"classes":[]},{"id":31381,"url":"https:\/\/sakaba.mghosteur.com\/en\/product\/beauty-of-joseon-light-on-serum-centella-vita-c\/","url_meta":{"origin":32507,"position":2},"title":"BEAUTY OF JOSEON LIGHT ON SERUM CENTELLA VITA C","author":"admin","date":"May 10, 2024","format":false,"excerpt":"D\u00e9couvrez le s\u00e9rum Lumi\u00e8re Activ\u00e9e : Centella + Vita C. Ce s\u00e9rum \u00e9claircissant associe l'extrait de Centella Asiatica et la vitamine C pour offrir une exp\u00e9rience de soin de la peau in\u00e9gal\u00e9e. Ce produit innovant r\u00e9sout les probl\u00e8mes courants associ\u00e9s aux s\u00e9rums \u00e0 base de vitamine C pure. Fini le\u2026","rel":"","context":"Similar post","block_context":{"text":"Similar post","link":""},"img":{"alt_text":"","src":"","width":0,"height":0},"classes":[]},{"id":56135,"url":"https:\/\/sakaba.mghosteur.com\/en\/product\/anua-heartleaf-70-intense-calming-cream\/","url_meta":{"origin":32507,"position":3},"title":"Anua Heartleaf 70 Intense Calming Cream","author":"Sope DIA","date":"January 2, 2026","format":false,"excerpt":"LOTION TONIQUE APAISANTE POUR LE VISAGE \u2013 Enrichie en extrait de feuille de c\u0153ur \u00e0 la plus haute concentration, reconnu pour ses effets calmants, cette lotion tonique est con\u00e7ue pour apaiser, tonifier, hydrater et \u00e9quilibrer le pH de la peau. R\u00c9PARE LA BARRI\u00c8RE CUTAN\u00c9E ENDOMMAG\u00c9E \u2013 Contient des c\u00e9ramides et\u2026","rel":"","context":"Similar post","block_context":{"text":"Similar post","link":""},"img":{"alt_text":"","src":"","width":0,"height":0},"classes":[]},{"id":33283,"url":"https:\/\/sakaba.mghosteur.com\/en\/product\/la-roche-posay-cicaplast-baume-b5\/","url_meta":{"origin":32507,"position":4},"title":"LA ROCHE POSAY CICAPLAST BAUME B5+","author":"admin","date":"May 20, 2024","format":false,"excerpt":"","rel":"","context":"Similar post","block_context":{"text":"Similar post","link":""},"img":{"alt_text":"","src":"","width":0,"height":0},"classes":[]},{"id":24526,"url":"https:\/\/sakaba.mghosteur.com\/en\/product\/cerave-hydrating-toner\/","url_meta":{"origin":32507,"position":5},"title":"CERAVE HYDRATING TONER","author":"admin","date":"November 10, 2022","format":false,"excerpt":"Le tonique hydratant de CeraVe est un produit incontournable pour une peau saine et bien hydrat\u00e9e. Avec sa formule douce et non dess\u00e9chante, ce toner \u00e9quilibre le pH de la peau et aide \u00e0 \u00e9liminer les r\u00e9sidus laiss\u00e9s apr\u00e8s le nettoyage du visage. Gr\u00e2ce \u00e0 sa composition riche en c\u00e9ramides,\u2026","rel":"","context":"Similar post","block_context":{"text":"Similar post","link":""},"img":{"alt_text":"","src":"","width":0,"height":0},"classes":[]}],"_links":{"self":[{"href":"https:\/\/sakaba.mghosteur.com\/en\/wp-json\/wp\/v2\/product\/32507","targetHints":{"allow":["GET"]}}],"collection":[{"href":"https:\/\/sakaba.mghosteur.com\/en\/wp-json\/wp\/v2\/product"}],"about":[{"href":"https:\/\/sakaba.mghosteur.com\/en\/wp-json\/wp\/v2\/types\/product"}],"replies":[{"embeddable":true,"href":"https:\/\/sakaba.mghosteur.com\/en\/wp-json\/wp\/v2\/comments?post=32507"}],"version-history":[{"count":0,"href":"https:\/\/sakaba.mghosteur.com\/en\/wp-json\/wp\/v2\/product\/32507\/revisions"}],"wp:attachment":[{"href":"https:\/\/sakaba.mghosteur.com\/en\/wp-json\/wp\/v2\/media?parent=32507"}],"wp:term":[{"taxonomy":"product_brand","embeddable":true,"href":"https:\/\/sakaba.mghosteur.com\/en\/wp-json\/wp\/v2\/product_brand?post=32507"},{"taxonomy":"product_cat","embeddable":true,"href":"https:\/\/sakaba.mghosteur.com\/en\/wp-json\/wp\/v2\/product_cat?post=32507"},{"taxonomy":"product_tag","embeddable":true,"href":"https:\/\/sakaba.mghosteur.com\/en\/wp-json\/wp\/v2\/product_tag?post=32507"}],"curies":[{"name":"wp","href":"https:\/\/api.w.org\/{rel}","templated":true}]}}