{"id":32594,"date":"2024-05-15T16:07:36","date_gmt":"2024-05-15T16:07:36","guid":{"rendered":"https:\/\/sakaba.mghosteur.com\/?post_type=product&#038;p=32594"},"modified":"2024-08-08T13:25:56","modified_gmt":"2024-08-08T13:25:56","slug":"mac-retro-matte-liquid-lipcolour-116-carnivorous","status":"publish","type":"product","link":"https:\/\/sakaba.mghosteur.com\/en\/product\/mac-retro-matte-liquid-lipcolour-116-carnivorous\/","title":{"rendered":"MAC RETRO MATTE LIQUID LIPCOLOUR  116 CARNIVOROUS"},"content":{"rendered":"","protected":false},"excerpt":{"rendered":"","protected":false},"featured_media":0,"comment_status":"open","ping_status":"closed","template":"","meta":[],"product_brand":[909],"product_cat":[305,289],"product_tag":[],"class_list":{"0":"post-32594","1":"product","2":"type-product","3":"status-publish","5":"product_brand-mac","6":"product_cat-levres","7":"product_cat-aaa-maquillage","9":"first","10":"instock","11":"shipping-taxable","12":"product-type-simple"},"jetpack-related-posts":[{"id":32660,"url":"https:\/\/sakaba.mghosteur.com\/en\/product\/mac-retro-matte-liquid-lipcolour-107-lady-be-good\/","url_meta":{"origin":32594,"position":0},"title":"MAC RETRO MATTE LIQUID LIPCOLOUR 107 LADY BE GOOD","author":"admin","date":"May 15, 2024","format":false,"excerpt":"","rel":"","context":"Similar post","block_context":{"text":"Similar post","link":""},"img":{"alt_text":"","src":"","width":0,"height":0},"classes":[]},{"id":33454,"url":"https:\/\/sakaba.mghosteur.com\/en\/product\/mac-retro-matte-lipstick-708-bronx\/","url_meta":{"origin":32594,"position":1},"title":"MAC RETRO MATTE LIPSTICK 708 BRONX","author":"admin","date":"May 21, 2024","format":false,"excerpt":"","rel":"","context":"Similar post","block_context":{"text":"Similar post","link":""},"img":{"alt_text":"","src":"","width":0,"height":0},"classes":[]},{"id":23812,"url":"https:\/\/sakaba.mghosteur.com\/en\/product\/modest-matte-liquid-liptick\/","url_meta":{"origin":32594,"position":2},"title":"MODEST MATTE LIQUID LIPTICK","author":"admin","date":"November 4, 2022","format":false,"excerpt":"","rel":"","context":"Similar post","block_context":{"text":"Similar post","link":""},"img":{"alt_text":"","src":"","width":0,"height":0},"classes":[]},{"id":25018,"url":"https:\/\/sakaba.mghosteur.com\/en\/product\/rare-beauty-perfect-strokes-matte-liquid-liner\/","url_meta":{"origin":32594,"position":3},"title":"RARE BEAUTY PERFECT STROKES MATTE LIQUID LINER","author":"admin","date":"November 11, 2022","format":false,"excerpt":"","rel":"","context":"Similar post","block_context":{"text":"Similar post","link":""},"img":{"alt_text":"","src":"","width":0,"height":0},"classes":[]},{"id":26898,"url":"https:\/\/sakaba.mghosteur.com\/en\/product\/cosrx-bha-blackhead-power-liquid\/","url_meta":{"origin":32594,"position":4},"title":"COSRX BHA BLACKHEAD POWER LIQUID","author":"admin","date":"November 28, 2022","format":false,"excerpt":"Le produit est un liquide anti-points noirs BHA de la marque COSRX. Il contient de la BHA et de la niacinamide pour une exfoliation douce et un contr\u00f4le du s\u00e9bum. Il est id\u00e9al pour les utilisateurs d'acide de niveau interm\u00e9diaire. Ce liquide exfoliant vous permettra de dire adieu aux points\u2026","rel":"","context":"Similar post","block_context":{"text":"Similar post","link":""},"img":{"alt_text":"","src":"","width":0,"height":0},"classes":[]},{"id":33811,"url":"https:\/\/sakaba.mghosteur.com\/en\/product\/milani-amore-matte-satin-matte-lip-creme\/","url_meta":{"origin":32594,"position":5},"title":"MILANI Amore Matte Satin Matte LIP CREME","author":"admin","date":"May 23, 2024","format":false,"excerpt":"","rel":"","context":"Similar post","block_context":{"text":"Similar post","link":""},"img":{"alt_text":"","src":"","width":0,"height":0},"classes":[]}],"_links":{"self":[{"href":"https:\/\/sakaba.mghosteur.com\/en\/wp-json\/wp\/v2\/product\/32594","targetHints":{"allow":["GET"]}}],"collection":[{"href":"https:\/\/sakaba.mghosteur.com\/en\/wp-json\/wp\/v2\/product"}],"about":[{"href":"https:\/\/sakaba.mghosteur.com\/en\/wp-json\/wp\/v2\/types\/product"}],"replies":[{"embeddable":true,"href":"https:\/\/sakaba.mghosteur.com\/en\/wp-json\/wp\/v2\/comments?post=32594"}],"version-history":[{"count":0,"href":"https:\/\/sakaba.mghosteur.com\/en\/wp-json\/wp\/v2\/product\/32594\/revisions"}],"wp:attachment":[{"href":"https:\/\/sakaba.mghosteur.com\/en\/wp-json\/wp\/v2\/media?parent=32594"}],"wp:term":[{"taxonomy":"product_brand","embeddable":true,"href":"https:\/\/sakaba.mghosteur.com\/en\/wp-json\/wp\/v2\/product_brand?post=32594"},{"taxonomy":"product_cat","embeddable":true,"href":"https:\/\/sakaba.mghosteur.com\/en\/wp-json\/wp\/v2\/product_cat?post=32594"},{"taxonomy":"product_tag","embeddable":true,"href":"https:\/\/sakaba.mghosteur.com\/en\/wp-json\/wp\/v2\/product_tag?post=32594"}],"curies":[{"name":"wp","href":"https:\/\/api.w.org\/{rel}","templated":true}]}}