{"id":32618,"date":"2024-05-15T16:20:52","date_gmt":"2024-05-15T16:20:52","guid":{"rendered":"https:\/\/sakaba.mghosteur.com\/?post_type=product&#038;p=32618"},"modified":"2024-08-08T18:28:02","modified_gmt":"2024-08-08T18:28:02","slug":"olehenriksen-banana-bright-vitamin-cserum","status":"publish","type":"product","link":"https:\/\/sakaba.mghosteur.com\/en\/product\/olehenriksen-banana-bright-vitamin-cserum\/","title":{"rendered":"OLEHENRIKSEN BANANA Bright VITAMIN CSERUM"},"content":{"rendered":"<p>Enrichi de trois actifs qui donnent de l&#8217;\u00e9clat, le s\u00e9rum Banana Bright Vitamin C d&#8217;Ole Henriksen illumine, \u00e9quilibre et prot\u00e8ge visiblement la peau des polluants et des agresseurs ternes. Une concentration de 15 % de vitamine C favorise un teint plus lumineux et plus rebondi. R\u00e9put\u00e9 pour ses bienfaits unifiants, cet ingr\u00e9dient riche en antioxydants aide \u00e0 att\u00e9nuer les taches brunes visibles.<\/p>","protected":false},"excerpt":{"rendered":"<p>Enrichi de trois actifs qui donnent de l&#8217;\u00e9clat, le s\u00e9rum Banana Bright Vitamin C d&#8217;Ole Henriksen illumine, \u00e9quilibre et prot\u00e8ge visiblement la peau des polluants et des agresseurs ternes. Une concentration de 15 % de vitamine C favorise un teint plus lumineux et plus rebondi. R\u00e9put\u00e9 pour ses bienfaits unifiants, cet ingr\u00e9dient riche en antioxydants<span class=\"read-more-faq\"><a href=\"https:\/\/sakaba.mghosteur.com\/en\/product\/olehenriksen-banana-bright-vitamin-cserum\/\">Read More<\/a><\/span><\/p>","protected":false},"featured_media":0,"comment_status":"open","ping_status":"closed","template":"","meta":[],"product_brand":[943],"product_cat":[293,291,451,334],"product_tag":[],"class_list":{"0":"post-32618","1":"product","2":"type-product","3":"status-publish","5":"product_brand-olehenriksen","6":"product_cat-anti-taches","7":"product_cat-eclaircissant","8":"product_cat-aab-soin-du-visage","9":"product_cat-traitement-serum","11":"first","12":"instock","13":"shipping-taxable","14":"product-type-simple"},"jetpack-related-posts":[{"id":27702,"url":"https:\/\/sakaba.mghosteur.com\/en\/product\/banana-bright-vitamin-c-serum\/","url_meta":{"origin":32618,"position":0},"title":"BANANA Bright VITAMIN C SERUM","author":"admin","date":"November 29, 2022","format":false,"excerpt":"","rel":"","context":"Similar post","block_context":{"text":"Similar post","link":""},"img":{"alt_text":"","src":"","width":0,"height":0},"classes":[]},{"id":32977,"url":"https:\/\/sakaba.mghosteur.com\/en\/product\/bright-plus-serum-intensif-eclaircissant-anti-tach\/","url_meta":{"origin":32618,"position":1},"title":"BRIGHT PLUS SERUM INTENSIF ECLAIRCISSANT ANTI TACHE","author":"admin","date":"May 17, 2024","format":false,"excerpt":"S\u00e9rum puissant \u00e0 absorption rapide qui illumine visiblement, aide \u00e0 raviver la peau terne et cible les taches brunes caus\u00e9es par la pollution, les rayons UV nocifs et les imperfections. La formule avanc\u00e9e infus\u00e9e d'extraits de superfruits (nouveau myrte rose et graine de cerise ac\u00e9rola, mieux connue pour sa forte\u2026","rel":"","context":"Similar post","block_context":{"text":"Similar post","link":""},"img":{"alt_text":"","src":"","width":0,"height":0},"classes":[]},{"id":32420,"url":"https:\/\/sakaba.mghosteur.com\/en\/product\/sol-janeiro-bom-dia-bright-cream-75ml\/","url_meta":{"origin":32618,"position":2},"title":"SOL JANEIRO BOM DIA BRIGHT CREAM 75ML","author":"admin","date":"May 14, 2024","format":false,"excerpt":"D\u00e9couvrez la Cr\u00e8me hydratante BOM DIA de SOL DE JANEIRO, un soin corps retexturisant et nourrissant qui vous invite \u00e0 dire bonjour \u00e0 une peau \u00e9clatante ! Envelopp\u00e9e des notes envo\u00fbtantes de prune noire ambr\u00e9e et de bois vanill\u00e9s, cette cr\u00e8me luxueuse et intens\u00e9ment hydratante offre une exp\u00e9rience sensorielle incomparable.\u2026","rel":"","context":"Similar post","block_context":{"text":"Similar post","link":""},"img":{"alt_text":"","src":"","width":0,"height":0},"classes":[]},{"id":32423,"url":"https:\/\/sakaba.mghosteur.com\/en\/product\/sol-janeiro-bom-dia-bright-cream\/","url_meta":{"origin":32618,"position":3},"title":"SOL JANEIRO BOM DIA BRIGHT CREAM","author":"admin","date":"May 14, 2024","format":false,"excerpt":"D\u00e9couvrez la Cr\u00e8me hydratante BOM DIA de SOL DE JANEIRO, un soin corps retexturisant et nourrissant qui vous invite \u00e0 dire bonjour \u00e0 une peau \u00e9clatante ! Envelopp\u00e9e des notes envo\u00fbtantes de prune noire ambr\u00e9e et de bois vanill\u00e9s, cette cr\u00e8me luxueuse et intens\u00e9ment hydratante offre une exp\u00e9rience sensorielle incomparable.\u2026","rel":"","context":"Similar post","block_context":{"text":"Similar post","link":""},"img":{"alt_text":"","src":"","width":0,"height":0},"classes":[]},{"id":27695,"url":"https:\/\/sakaba.mghosteur.com\/en\/product\/banana-bright-eye-creme\/","url_meta":{"origin":32618,"position":4},"title":"BANANA BRIGHT EYE CREME","author":"admin","date":"November 29, 2022","format":false,"excerpt":"","rel":"","context":"Similar post","block_context":{"text":"Similar post","link":""},"img":{"alt_text":"","src":"","width":0,"height":0},"classes":[]},{"id":27505,"url":"https:\/\/sakaba.mghosteur.com\/en\/product\/ginger-vitamin-c-bright-spot-tonic\/","url_meta":{"origin":32618,"position":5},"title":"GINGER + VITAMIN C BRIGHT SPOT TONIC","author":"admin","date":"November 29, 2022","format":false,"excerpt":"","rel":"","context":"Similar post","block_context":{"text":"Similar post","link":""},"img":{"alt_text":"","src":"","width":0,"height":0},"classes":[]}],"_links":{"self":[{"href":"https:\/\/sakaba.mghosteur.com\/en\/wp-json\/wp\/v2\/product\/32618","targetHints":{"allow":["GET"]}}],"collection":[{"href":"https:\/\/sakaba.mghosteur.com\/en\/wp-json\/wp\/v2\/product"}],"about":[{"href":"https:\/\/sakaba.mghosteur.com\/en\/wp-json\/wp\/v2\/types\/product"}],"replies":[{"embeddable":true,"href":"https:\/\/sakaba.mghosteur.com\/en\/wp-json\/wp\/v2\/comments?post=32618"}],"version-history":[{"count":0,"href":"https:\/\/sakaba.mghosteur.com\/en\/wp-json\/wp\/v2\/product\/32618\/revisions"}],"wp:attachment":[{"href":"https:\/\/sakaba.mghosteur.com\/en\/wp-json\/wp\/v2\/media?parent=32618"}],"wp:term":[{"taxonomy":"product_brand","embeddable":true,"href":"https:\/\/sakaba.mghosteur.com\/en\/wp-json\/wp\/v2\/product_brand?post=32618"},{"taxonomy":"product_cat","embeddable":true,"href":"https:\/\/sakaba.mghosteur.com\/en\/wp-json\/wp\/v2\/product_cat?post=32618"},{"taxonomy":"product_tag","embeddable":true,"href":"https:\/\/sakaba.mghosteur.com\/en\/wp-json\/wp\/v2\/product_tag?post=32618"}],"curies":[{"name":"wp","href":"https:\/\/api.w.org\/{rel}","templated":true}]}}