{"id":32627,"date":"2024-05-15T16:24:03","date_gmt":"2024-05-15T16:24:03","guid":{"rendered":"https:\/\/sakaba.mghosteur.com\/?post_type=product&#038;p=32627"},"modified":"2024-05-15T16:24:03","modified_gmt":"2024-05-15T16:24:03","slug":"bougies-eucalyptus-mint","status":"publish","type":"product","link":"https:\/\/sakaba.mghosteur.com\/en\/product\/bougies-eucalyptus-mint\/","title":{"rendered":"BOUGIES EUCALYPTUS MINT"},"content":{"rendered":"","protected":false},"excerpt":{"rendered":"","protected":false},"featured_media":0,"comment_status":"open","ping_status":"closed","template":"","meta":[],"product_brand":[1039],"product_cat":[377],"product_tag":[],"class_list":{"0":"post-32627","1":"product","2":"type-product","3":"status-publish","5":"product_brand-white-barn","6":"product_cat-bath-body-works","8":"first","9":"instock","10":"shipping-taxable","11":"product-type-simple"},"jetpack-related-posts":[{"id":32742,"url":"https:\/\/sakaba.mghosteur.com\/en\/product\/white-barn-eucalyptus-mint\/","url_meta":{"origin":32627,"position":0},"title":"WHITE BARN EUCALYPTUS MINT","author":"admin","date":"May 15, 2024","format":false,"excerpt":"","rel":"","context":"Similar post","block_context":{"text":"Similar post","link":""},"img":{"alt_text":"","src":"","width":0,"height":0},"classes":[]},{"id":34368,"url":"https:\/\/sakaba.mghosteur.com\/en\/product\/essential-oils-eucalyptus\/","url_meta":{"origin":32627,"position":1},"title":"Essential Oils  Eucalyptus","author":"admin","date":"May 28, 2024","format":false,"excerpt":"","rel":"","context":"Similar post","block_context":{"text":"Similar post","link":""},"img":{"alt_text":"","src":"","width":0,"height":0},"classes":[]},{"id":30088,"url":"https:\/\/sakaba.mghosteur.com\/en\/product\/pure-castile-liquid-soap-eucalyptus\/","url_meta":{"origin":32627,"position":2},"title":"Dr. Bronners PURE-CASTILE LIQUID SOAP Eucalyptus","author":"admin","date":"May 3, 2023","format":false,"excerpt":"","rel":"","context":"Similar post","block_context":{"text":"Similar post","link":""},"img":{"alt_text":"","src":"","width":0,"height":0},"classes":[]},{"id":30123,"url":"https:\/\/sakaba.mghosteur.com\/en\/product\/dr-bronners-savon-pure-castille-eucalyptus\/","url_meta":{"origin":32627,"position":3},"title":"Dr. Bronners SAVON PURE CASTILLE Eucalyptus","author":"admin","date":"May 3, 2023","format":false,"excerpt":"Terreux et chaleureux, avec une puissante explosion de menthol pour ouvrir les voies respiratoires et concentrer l'esprit\u00a0!\u00a0Parfum\u00e9 uniquement avec de l'huile d'eucalyptus biologique, notre pain de savon Eucalyptus Pure-Castile est fabriqu\u00e9 avec des ingr\u00e9dients certifi\u00e9s issus du commerce \u00e9quitable et de l'huile de graines de chanvre biologique cultiv\u00e9e aux \u00c9tats-Unis\u2026","rel":"","context":"Similar post","block_context":{"text":"Similar post","link":""},"img":{"alt_text":"","src":"","width":0,"height":0},"classes":[]},{"id":30215,"url":"https:\/\/sakaba.mghosteur.com\/en\/product\/the-body-wash-le-nettoyant-corps-eucalyptus\/","url_meta":{"origin":32627,"position":4},"title":"THE BODY WASH LE NETTOYANT CORPS Eucalyptus","author":"admin","date":"May 4, 2023","format":false,"excerpt":"D\u00e9couvrez le Nettoyant pour le corps Eucalyptus de la marque N\u00e9cessaire, con\u00e7u pour prendre soin de votre corps tout en pr\u00e9servant l'environnement. Infus\u00e9 de niacinamide, de glyc\u00e9rine et d'huile de marula riche en vitamine C\/E + om\u00e9ga 6\/9, ce nettoyant hybride gel-huile est parfait pour \u00e9quilibrer, r\u00e9g\u00e9n\u00e9rer et adoucir votre\u2026","rel":"","context":"Similar post","block_context":{"text":"Similar post","link":""},"img":{"alt_text":"","src":"","width":0,"height":0},"classes":[]},{"id":34356,"url":"https:\/\/sakaba.mghosteur.com\/en\/product\/dr-bronners-soap-bar-pure-castile-all-one-hemp-eucalyptus\/","url_meta":{"origin":32627,"position":5},"title":"Dr. Bronners Soap Bar Pure Castile All One Hemp &#8211; Eucalyptus","author":"admin","date":"May 28, 2024","format":false,"excerpt":"","rel":"","context":"Similar post","block_context":{"text":"Similar post","link":""},"img":{"alt_text":"","src":"","width":0,"height":0},"classes":[]}],"_links":{"self":[{"href":"https:\/\/sakaba.mghosteur.com\/en\/wp-json\/wp\/v2\/product\/32627","targetHints":{"allow":["GET"]}}],"collection":[{"href":"https:\/\/sakaba.mghosteur.com\/en\/wp-json\/wp\/v2\/product"}],"about":[{"href":"https:\/\/sakaba.mghosteur.com\/en\/wp-json\/wp\/v2\/types\/product"}],"replies":[{"embeddable":true,"href":"https:\/\/sakaba.mghosteur.com\/en\/wp-json\/wp\/v2\/comments?post=32627"}],"version-history":[{"count":0,"href":"https:\/\/sakaba.mghosteur.com\/en\/wp-json\/wp\/v2\/product\/32627\/revisions"}],"wp:attachment":[{"href":"https:\/\/sakaba.mghosteur.com\/en\/wp-json\/wp\/v2\/media?parent=32627"}],"wp:term":[{"taxonomy":"product_brand","embeddable":true,"href":"https:\/\/sakaba.mghosteur.com\/en\/wp-json\/wp\/v2\/product_brand?post=32627"},{"taxonomy":"product_cat","embeddable":true,"href":"https:\/\/sakaba.mghosteur.com\/en\/wp-json\/wp\/v2\/product_cat?post=32627"},{"taxonomy":"product_tag","embeddable":true,"href":"https:\/\/sakaba.mghosteur.com\/en\/wp-json\/wp\/v2\/product_tag?post=32627"}],"curies":[{"name":"wp","href":"https:\/\/api.w.org\/{rel}","templated":true}]}}