{"id":32647,"date":"2024-05-15T16:30:57","date_gmt":"2024-05-15T16:30:57","guid":{"rendered":"https:\/\/sakaba.mghosteur.com\/?post_type=product&#038;p=32647"},"modified":"2024-08-25T17:23:08","modified_gmt":"2024-08-25T17:23:08","slug":"white-barn-hello-sunshine","status":"publish","type":"product","link":"https:\/\/sakaba.mghosteur.com\/en\/product\/white-barn-hello-sunshine\/","title":{"rendered":"WHITE BARN HELLO SUNSHINE BOUGIE"},"content":{"rendered":"<p>Un citron vif, des notes d&#8217;\u00e9corce de citron vert et de douces notes de mandarine r\u00e9unies dans la bougie la plus joyeuse de tous les temps !<\/p>","protected":false},"excerpt":{"rendered":"<p>Un citron vif, des notes d&#8217;\u00e9corce de citron vert et de douces notes de mandarine r\u00e9unies dans la bougie la plus joyeuse de tous les temps !<\/p>","protected":false},"featured_media":0,"comment_status":"open","ping_status":"closed","template":"","meta":[],"product_brand":[1039],"product_cat":[418,283],"product_tag":[],"class_list":{"0":"post-32647","1":"product","2":"type-product","3":"status-publish","5":"product_brand-white-barn","6":"product_cat-bougies-et-senteurs","7":"product_cat-aah-parfums","9":"first","10":"instock","11":"shipping-taxable","12":"product-type-simple"},"jetpack-related-posts":[{"id":33077,"url":"https:\/\/sakaba.mghosteur.com\/en\/product\/oyemi-savon-noir-doux-citron\/","url_meta":{"origin":32647,"position":0},"title":"OYEMI SAVON NOIR DOUX CITRON","author":"admin","date":"May 17, 2024","format":false,"excerpt":"","rel":"","context":"Similar post","block_context":{"text":"Similar post","link":""},"img":{"alt_text":"","src":"","width":0,"height":0},"classes":[]},{"id":30341,"url":"https:\/\/sakaba.mghosteur.com\/en\/product\/neutrogena-oil-balancing-facial-wash\/","url_meta":{"origin":32647,"position":1},"title":"NEUTROGENA OIL BALANCING FACIAL WASH","author":"admin","date":"May 8, 2023","format":false,"excerpt":"D\u00e9couvrez le nettoyant visage \u00e9quilibrant NEUTROGENA \u00e0 base de citron vert et d'aloe vera, con\u00e7u pour les peaux grasses et d\u00e9velopp\u00e9 avec des dermatologues. Ce nettoyant quotidien vivifiant pour le visage aide \u00e0 resserrer les pores et matifier la peau, la laissant parfaitement \u00e9quilibr\u00e9e. Formul\u00e9 sans huile, ce nettoyant pour\u2026","rel":"","context":"Similar post","block_context":{"text":"Similar post","link":""},"img":{"alt_text":"","src":"","width":0,"height":0},"classes":[]},{"id":34128,"url":"https:\/\/sakaba.mghosteur.com\/en\/product\/bougie-parfume-whipped-vanilla\/","url_meta":{"origin":32647,"position":2},"title":"BOUGIE PARFUME WHIPPED VANILLA","author":"admin","date":"May 27, 2024","format":false,"excerpt":"","rel":"","context":"Similar post","block_context":{"text":"Similar post","link":""},"img":{"alt_text":"","src":"","width":0,"height":0},"classes":[]},{"id":32627,"url":"https:\/\/sakaba.mghosteur.com\/en\/product\/bougies-eucalyptus-mint\/","url_meta":{"origin":32647,"position":3},"title":"BOUGIES EUCALYPTUS MINT","author":"admin","date":"May 15, 2024","format":false,"excerpt":"","rel":"","context":"Similar post","block_context":{"text":"Similar post","link":""},"img":{"alt_text":"","src":"","width":0,"height":0},"classes":[]},{"id":32630,"url":"https:\/\/sakaba.mghosteur.com\/en\/product\/bougies-peach-bellini\/","url_meta":{"origin":32647,"position":4},"title":"BOUGIES PEACH BELLINI","author":"admin","date":"May 15, 2024","format":false,"excerpt":"","rel":"","context":"Similar post","block_context":{"text":"Similar post","link":""},"img":{"alt_text":"","src":"","width":0,"height":0},"classes":[]},{"id":32621,"url":"https:\/\/sakaba.mghosteur.com\/en\/product\/white-barn-bougies-cactus-blossom\/","url_meta":{"origin":32647,"position":5},"title":"WHITE BARN BOUGIES CACTUS BLOSSOM","author":"admin","date":"May 15, 2024","format":false,"excerpt":"","rel":"","context":"Similar post","block_context":{"text":"Similar post","link":""},"img":{"alt_text":"","src":"","width":0,"height":0},"classes":[]}],"_links":{"self":[{"href":"https:\/\/sakaba.mghosteur.com\/en\/wp-json\/wp\/v2\/product\/32647","targetHints":{"allow":["GET"]}}],"collection":[{"href":"https:\/\/sakaba.mghosteur.com\/en\/wp-json\/wp\/v2\/product"}],"about":[{"href":"https:\/\/sakaba.mghosteur.com\/en\/wp-json\/wp\/v2\/types\/product"}],"replies":[{"embeddable":true,"href":"https:\/\/sakaba.mghosteur.com\/en\/wp-json\/wp\/v2\/comments?post=32647"}],"version-history":[{"count":0,"href":"https:\/\/sakaba.mghosteur.com\/en\/wp-json\/wp\/v2\/product\/32647\/revisions"}],"wp:attachment":[{"href":"https:\/\/sakaba.mghosteur.com\/en\/wp-json\/wp\/v2\/media?parent=32647"}],"wp:term":[{"taxonomy":"product_brand","embeddable":true,"href":"https:\/\/sakaba.mghosteur.com\/en\/wp-json\/wp\/v2\/product_brand?post=32647"},{"taxonomy":"product_cat","embeddable":true,"href":"https:\/\/sakaba.mghosteur.com\/en\/wp-json\/wp\/v2\/product_cat?post=32647"},{"taxonomy":"product_tag","embeddable":true,"href":"https:\/\/sakaba.mghosteur.com\/en\/wp-json\/wp\/v2\/product_tag?post=32647"}],"curies":[{"name":"wp","href":"https:\/\/api.w.org\/{rel}","templated":true}]}}