{"id":32663,"date":"2024-05-15T16:37:02","date_gmt":"2024-05-15T16:37:02","guid":{"rendered":"https:\/\/sakaba.mghosteur.com\/?post_type=product&#038;p=32663"},"modified":"2024-06-07T14:28:57","modified_gmt":"2024-06-07T14:28:57","slug":"olehenriksen-invigorating-night-transformation-gel","status":"publish","type":"product","link":"https:\/\/sakaba.mghosteur.com\/en\/product\/olehenriksen-invigorating-night-transformation-gel\/","title":{"rendered":"OLEHENRIKSEN INVIGORATING NIGHT TRANSFORMATION GEL"},"content":{"rendered":"","protected":false},"excerpt":{"rendered":"","protected":false},"featured_media":0,"comment_status":"open","ping_status":"closed","template":"","meta":[],"product_brand":[943],"product_cat":[332,451],"product_tag":[],"class_list":{"0":"post-32663","1":"product","2":"type-product","3":"status-publish","5":"product_brand-olehenriksen","6":"product_cat-creme-nuit","7":"product_cat-aab-soin-du-visage","9":"first","10":"instock","11":"shipping-taxable","12":"product-type-simple"},"jetpack-related-posts":[{"id":32670,"url":"https:\/\/sakaba.mghosteur.com\/en\/product\/olehenriksen-transforming-walnut-scrub-2\/","url_meta":{"origin":32663,"position":0},"title":"OLEHENRIKSEN TRANSFORMING WALNUT SCRUB 28g","author":"admin","date":"May 15, 2024","format":false,"excerpt":"Le gommage transformant aux noix d'Ole Henriksen est un gommage visage 2 en 1 qui exfolie et nettoie pour purifier les pores. Il contient de la poudre de noix, du ginseng et des extraits de camomille. Il peut \u00eatre utilis\u00e9 sur tous les types de peau, y compris les peaux\u2026","rel":"","context":"Similar post","block_context":{"text":"Similar post","link":""},"img":{"alt_text":"","src":"","width":0,"height":0},"classes":[]},{"id":31590,"url":"https:\/\/sakaba.mghosteur.com\/en\/product\/cosrx-low-ph-good-night-soft-peeling-gel\/","url_meta":{"origin":32663,"position":1},"title":"COSRX LOW PH GOOD NIGHT SOFT PEELING GEL","author":"admin","date":"May 10, 2024","format":false,"excerpt":"Gel peeling doux \u00e0 faible pH enrichi d'ingr\u00e9dients d'origine naturelle pour am\u00e9liorer l'\u00e9tat de la peau. Avec un pH similaire \u00e0 celui des composants protecteurs de la peau et de la barri\u00e8re, ce gel fonctionne parfaitement m\u00eame pour les peaux sensibles. Rapide, facile et pratique, ce gel peeling s'utilise directement\u2026","rel":"","context":"Similar post","block_context":{"text":"Similar post","link":""},"img":{"alt_text":"","src":"","width":0,"height":0},"classes":[]},{"id":29354,"url":"https:\/\/sakaba.mghosteur.com\/en\/product\/paula-choice-hydrating-gel-to-cream-cleanser\/","url_meta":{"origin":32663,"position":2},"title":"PAULA CHOICE HYDRATING GEL TO CREAM CLEANSER","author":"admin","date":"April 3, 2023","format":false,"excerpt":"D\u00e9couvrez ce nettoyant gel-cr\u00e8me hydratant de la marque Paula's Choice. Il nettoie en douceur votre peau en \u00e9liminant la salet\u00e9, le s\u00e9bum et le maquillage, tout en rin\u00e7ant les polluants nocifs qui peuvent causer des signes pr\u00e9matur\u00e9s de vieillissement. Sa formule \u00e0 base de superaliments rend votre peau fra\u00eeche et\u2026","rel":"","context":"Similar post","block_context":{"text":"Similar post","link":""},"img":{"alt_text":"","src":"","width":0,"height":0},"classes":[]},{"id":32186,"url":"https:\/\/sakaba.mghosteur.com\/en\/product\/tree-hut-vanilla-faoming-gel-wash-soothe-renew\/","url_meta":{"origin":32663,"position":3},"title":"TREE HUT VANILLA FAOMING GEL WASH SOOTHE + RENEW","author":"admin","date":"May 13, 2024","format":false,"excerpt":"Adoucissez votre routine de douche avec le parfum chaleureux de la vanille ! La formule gel juteuse se transforme en une mousse luxueuse qui chouchoute la peau, la laissant douce, propre et hydrat\u00e9e. Les produits nettoyants Tree Hut sont infus\u00e9s d'un complexe d'huiles hydratantes, contenant des huiles d'avocat, de kiwi\u2026","rel":"","context":"Similar post","block_context":{"text":"Similar post","link":""},"img":{"alt_text":"","src":"","width":0,"height":0},"classes":[]},{"id":32411,"url":"https:\/\/sakaba.mghosteur.com\/en\/product\/sol-janeiro-beija-flor-jet-set\/","url_meta":{"origin":32663,"position":4},"title":"SOL JANEIRO BEIJA FLOR JET SET","author":"admin","date":"May 14, 2024","format":false,"excerpt":"Ce coffret propose une s\u00e9lection soigneusement choisie de produits de soin, id\u00e9aux pour chouchouter votre peau. Il comprend : Gel Douche R\u00e9g\u00e9n\u00e9rant Beija Flor (90ml) : Offrez \u00e0 votre peau une exp\u00e9rience revitalisante avec ce gel douche. Sa formule cr\u00e9meuse se transforme en une mousse onctueuse, laissant votre peau hydrat\u00e9e\u2026","rel":"","context":"Similar post","block_context":{"text":"Similar post","link":""},"img":{"alt_text":"","src":"","width":0,"height":0},"classes":[]},{"id":27690,"url":"https:\/\/sakaba.mghosteur.com\/en\/product\/olehenriksen-transforming-walnut-scrub\/","url_meta":{"origin":32663,"position":5},"title":"OLEHENRIKSEN TRANSFORMING WALNUT SCRUB","author":"admin","date":"November 29, 2022","format":false,"excerpt":"","rel":"","context":"Similar post","block_context":{"text":"Similar post","link":""},"img":{"alt_text":"","src":"","width":0,"height":0},"classes":[]}],"_links":{"self":[{"href":"https:\/\/sakaba.mghosteur.com\/en\/wp-json\/wp\/v2\/product\/32663","targetHints":{"allow":["GET"]}}],"collection":[{"href":"https:\/\/sakaba.mghosteur.com\/en\/wp-json\/wp\/v2\/product"}],"about":[{"href":"https:\/\/sakaba.mghosteur.com\/en\/wp-json\/wp\/v2\/types\/product"}],"replies":[{"embeddable":true,"href":"https:\/\/sakaba.mghosteur.com\/en\/wp-json\/wp\/v2\/comments?post=32663"}],"version-history":[{"count":0,"href":"https:\/\/sakaba.mghosteur.com\/en\/wp-json\/wp\/v2\/product\/32663\/revisions"}],"wp:attachment":[{"href":"https:\/\/sakaba.mghosteur.com\/en\/wp-json\/wp\/v2\/media?parent=32663"}],"wp:term":[{"taxonomy":"product_brand","embeddable":true,"href":"https:\/\/sakaba.mghosteur.com\/en\/wp-json\/wp\/v2\/product_brand?post=32663"},{"taxonomy":"product_cat","embeddable":true,"href":"https:\/\/sakaba.mghosteur.com\/en\/wp-json\/wp\/v2\/product_cat?post=32663"},{"taxonomy":"product_tag","embeddable":true,"href":"https:\/\/sakaba.mghosteur.com\/en\/wp-json\/wp\/v2\/product_tag?post=32663"}],"curies":[{"name":"wp","href":"https:\/\/api.w.org\/{rel}","templated":true}]}}