{"id":32670,"date":"2024-05-15T16:38:47","date_gmt":"2024-05-15T16:38:47","guid":{"rendered":"https:\/\/sakaba.mghosteur.com\/?post_type=product&#038;p=32670"},"modified":"2024-09-01T14:42:57","modified_gmt":"2024-09-01T14:42:57","slug":"olehenriksen-transforming-walnut-scrub-2","status":"publish","type":"product","link":"https:\/\/sakaba.mghosteur.com\/en\/product\/olehenriksen-transforming-walnut-scrub-2\/","title":{"rendered":"OLEHENRIKSEN TRANSFORMING WALNUT SCRUB 28g"},"content":{"rendered":"<p>Le gommage transformant aux noix d&#8217;Ole Henriksen est un gommage visage 2 en 1 qui exfolie et nettoie pour purifier les pores. Il contient de la poudre de noix, du ginseng et des extraits de camomille. Il peut \u00eatre utilis\u00e9 sur tous les types de peau, y compris les peaux grasses et mixtes.<\/p>","protected":false},"excerpt":{"rendered":"<p>Le gommage transformant aux noix d&#8217;Ole Henriksen est un gommage visage 2 en 1 qui exfolie et nettoie pour purifier les pores. Il contient de la poudre de noix, du ginseng et des extraits de camomille. Il peut \u00eatre utilis\u00e9 sur tous les types de peau, y compris les peaux grasses et mixtes.<\/p>","protected":false},"featured_media":0,"comment_status":"open","ping_status":"closed","template":"","meta":[],"product_brand":[943],"product_cat":[324,451],"product_tag":[],"class_list":{"0":"post-32670","1":"product","2":"type-product","3":"status-publish","5":"product_brand-olehenriksen","6":"product_cat-demaquillant-nettoyant","7":"product_cat-aab-soin-du-visage","9":"first","10":"instock","11":"shipping-taxable","12":"product-type-simple"},"jetpack-related-posts":[{"id":33036,"url":"https:\/\/sakaba.mghosteur.com\/en\/product\/dove-exfoliant-body-polish-brown-sugar-coconut\/","url_meta":{"origin":32670,"position":0},"title":"DOVE EXFOLIANT BODY POLISH BROWN SUGAR &amp; COCONUT","author":"admin","date":"May 17, 2024","format":false,"excerpt":"Un gommage corporel au doux parfum de noix de coco qui r\u00e9v\u00e8le votre \u00e9clat naturel en exfoliant la peau en profondeur. Le gommage corporel exfoliant \u00e9limine la peau terne et s\u00e8che \u2022 Fabriqu\u00e9 \u00e0 partir de nettoyants naturels sans sulfate \u2022 Enrichi avec \u00bc de cr\u00e8me hydratante pour prendre soin\u2026","rel":"","context":"Similar post","block_context":{"text":"Similar post","link":""},"img":{"alt_text":"","src":"","width":0,"height":0},"classes":[]},{"id":24412,"url":"https:\/\/sakaba.mghosteur.com\/en\/product\/palmers-coconut-sugar-facial-scrub\/","url_meta":{"origin":32670,"position":1},"title":"PALMERS COCONUT SUGAR FACIAL SCRUB","author":"admin","date":"November 10, 2022","format":false,"excerpt":"D\u00e9couvrez l'huile pour le visage \u00e0 la noix de coco Palmer's, un produit qui peut faire des merveilles pour votre peau. Cette huile est con\u00e7ue pour polir, exfolier et adoucir votre peau, tout en resurfa\u00e7ant sa texture pour un teint plus lumineux et plus frais. Il est suffisamment doux pour\u2026","rel":"","context":"Similar post","block_context":{"text":"Similar post","link":""},"img":{"alt_text":"","src":"","width":0,"height":0},"classes":[]},{"id":33045,"url":"https:\/\/sakaba.mghosteur.com\/en\/product\/dove-exfoliant-body-polish-rice-milk\/","url_meta":{"origin":32670,"position":2},"title":"DOVE EXFOLIANT BODY POLISH RICE MILK","author":"admin","date":"May 17, 2024","format":false,"excerpt":"Un gommage corporel cr\u00e9meux enrichi au lait de riz et \u00e0 la macadamia qui utilise une exfoliation mod\u00e9r\u00e9e pour r\u00e9v\u00e9ler une peau douce et soyeuse. Le gommage corporel exfoliant utilise une exfoliation mod\u00e9r\u00e9e pour \u00e9liminer les peaux mortes \u2022 Formule avec des nettoyants sans sulfate SLES d'origine naturelle \u2022 Formul\u00e9\u2026","rel":"","context":"Similar post","block_context":{"text":"Similar post","link":""},"img":{"alt_text":"","src":"","width":0,"height":0},"classes":[]},{"id":25288,"url":"https:\/\/sakaba.mghosteur.com\/en\/product\/ogx-coconut-coffees-crub-wash\/","url_meta":{"origin":32670,"position":3},"title":"OGX COCONUT COFFEE SCRUB &amp; WASH","author":"admin","date":"November 14, 2022","format":false,"excerpt":"Gommage nettoyant, lissant et caf\u00e9 \u00e0 la noix de coco. Tensioactifs sans sulfate. Aide \u00e0 adoucir votre peau avec ce m\u00e9lange revigorant et hydratant infus\u00e9 de caf\u00e9 arabica exotique et d'huile de noix de coco. Boostez l'hydratation tout en favorisant la souplesse de la peau. \u00c9veillez vos sens avec le\u2026","rel":"","context":"Similar post","block_context":{"text":"Similar post","link":""},"img":{"alt_text":"","src":"","width":0,"height":0},"classes":[]},{"id":32438,"url":"https:\/\/sakaba.mghosteur.com\/en\/product\/sol-janeiro-brazilian-bom-dia-body-scrub-220g\/","url_meta":{"origin":32670,"position":4},"title":"SOL JANEIRO BRAZILIAN BOM DIA BODY SCRUB 220G","author":"admin","date":"May 14, 2024","format":false,"excerpt":"D\u00e9couvrez le gommage corporel revitalisant Bom Dia (220 g) de Sol de Janeiro pour r\u00e9v\u00e9ler une peau radieuse et douce. Inspir\u00e9 du somptueux sable dor\u00e9 de Rio, ce gommage riche poss\u00e8de une texture ultra-fine compos\u00e9e de cristaux de sucre et de graines de cupua\u00e7u broy\u00e9es pour \u00e9liminer les cellules mortes\u2026","rel":"","context":"Similar post","block_context":{"text":"Similar post","link":""},"img":{"alt_text":"","src":"","width":0,"height":0},"classes":[]},{"id":24246,"url":"https:\/\/sakaba.mghosteur.com\/en\/product\/victoria-secret-exfolianting-body-scrub\/","url_meta":{"origin":32670,"position":5},"title":"VICTORIA SECRET EXFOLIATING BODY SCRUB COCONUT MILK &amp; ROSE","author":"admin","date":"November 9, 2022","format":false,"excerpt":"Un nouveau genre de rituel corporel quotidien. R\u00e9v\u00e9lez une peau lisse et douce avec ce gommage au sucre riche. \u00c9limine la peau s\u00e8che gr\u00e2ce \u00e0 la poudre de coquille de noix exfoliante. Sentez-vous calme avec le parfum du lait de coco et de la rose. C'est une v\u00e9ritable tranquillit\u00e9. Fait\u2026","rel":"","context":"Similar post","block_context":{"text":"Similar post","link":""},"img":{"alt_text":"","src":"","width":0,"height":0},"classes":[]}],"_links":{"self":[{"href":"https:\/\/sakaba.mghosteur.com\/en\/wp-json\/wp\/v2\/product\/32670","targetHints":{"allow":["GET"]}}],"collection":[{"href":"https:\/\/sakaba.mghosteur.com\/en\/wp-json\/wp\/v2\/product"}],"about":[{"href":"https:\/\/sakaba.mghosteur.com\/en\/wp-json\/wp\/v2\/types\/product"}],"replies":[{"embeddable":true,"href":"https:\/\/sakaba.mghosteur.com\/en\/wp-json\/wp\/v2\/comments?post=32670"}],"version-history":[{"count":0,"href":"https:\/\/sakaba.mghosteur.com\/en\/wp-json\/wp\/v2\/product\/32670\/revisions"}],"wp:attachment":[{"href":"https:\/\/sakaba.mghosteur.com\/en\/wp-json\/wp\/v2\/media?parent=32670"}],"wp:term":[{"taxonomy":"product_brand","embeddable":true,"href":"https:\/\/sakaba.mghosteur.com\/en\/wp-json\/wp\/v2\/product_brand?post=32670"},{"taxonomy":"product_cat","embeddable":true,"href":"https:\/\/sakaba.mghosteur.com\/en\/wp-json\/wp\/v2\/product_cat?post=32670"},{"taxonomy":"product_tag","embeddable":true,"href":"https:\/\/sakaba.mghosteur.com\/en\/wp-json\/wp\/v2\/product_tag?post=32670"}],"curies":[{"name":"wp","href":"https:\/\/api.w.org\/{rel}","templated":true}]}}