{"id":32679,"date":"2024-05-15T16:41:26","date_gmt":"2024-05-15T16:41:26","guid":{"rendered":"https:\/\/sakaba.mghosteur.com\/?post_type=product&#038;p=32679"},"modified":"2024-06-07T14:20:51","modified_gmt":"2024-06-07T14:20:51","slug":"sephora-best-skin-ever-fond-de-teint-44y","status":"publish","type":"product","link":"https:\/\/sakaba.mghosteur.com\/en\/product\/sephora-best-skin-ever-fond-de-teint-44y\/","title":{"rendered":"SEPHORA BEST SKIN EVER FOND DE TEINT 44Y"},"content":{"rendered":"","protected":false},"excerpt":{"rendered":"","protected":false},"featured_media":0,"comment_status":"open","ping_status":"closed","template":"","meta":[],"product_brand":[966],"product_cat":[289,311],"product_tag":[],"class_list":{"0":"post-32679","1":"product","2":"type-product","3":"status-publish","5":"product_brand-sephora","6":"product_cat-aaa-maquillage","7":"product_cat-teint","9":"first","10":"instock","11":"shipping-taxable","12":"product-type-simple"},"jetpack-related-posts":[{"id":34709,"url":"https:\/\/sakaba.mghosteur.com\/en\/product\/sephora-best-skin-fond-de-teint-61p\/","url_meta":{"origin":32679,"position":0},"title":"SEPHORA BEST SKIN FOND DE TEINT 61P","author":"admin","date":"May 30, 2024","format":false,"excerpt":"","rel":"","context":"Similar post","block_context":{"text":"Similar post","link":""},"img":{"alt_text":"","src":"","width":0,"height":0},"classes":[]},{"id":34706,"url":"https:\/\/sakaba.mghosteur.com\/en\/product\/sephora-best-skin-ever-concealer-29y\/","url_meta":{"origin":32679,"position":1},"title":"SEPHORA BEST SKIN EVER  CONCEALER 29Y","author":"admin","date":"May 30, 2024","format":false,"excerpt":"","rel":"","context":"Similar post","block_context":{"text":"Similar post","link":""},"img":{"alt_text":"","src":"","width":0,"height":0},"classes":[]},{"id":22948,"url":"https:\/\/sakaba.mghosteur.com\/en\/product\/ake-up-for-ever-ultra-hd-fond-de-teint-foundation\/","url_meta":{"origin":32679,"position":2},"title":"ake Up For Ever Ultra Hd Fond de teint Foundation","author":"admin","date":"October 25, 2022","format":false,"excerpt":"","rel":"","context":"Similar post","block_context":{"text":"Similar post","link":""},"img":{"alt_text":"","src":"","width":0,"height":0},"classes":[]},{"id":32703,"url":"https:\/\/sakaba.mghosteur.com\/en\/product\/sephora-cream-lip-stain-90-sunrise-pink\/","url_meta":{"origin":32679,"position":3},"title":"Sephora Cream Lip Stain 90 Sunrise Pink","author":"admin","date":"May 15, 2024","format":false,"excerpt":"Ce rouge \u00e0 l\u00e8vres \u00e0 couvrance \u00e9lev\u00e9e est un best-seller qui glisse en douceur et se transforme d'une texture cr\u00e9meuse en une teinte soyeuse et l\u00e9g\u00e8re. Infus\u00e9e d'huile d'avocat, la formule longue tenue offre une couleur riche qui est confortable, ne colle jamais et ne dess\u00e8che pas les l\u00e8vres.","rel":"","context":"Similar post","block_context":{"text":"Similar post","link":""},"img":{"alt_text":"","src":"","width":0,"height":0},"classes":[]},{"id":33765,"url":"https:\/\/sakaba.mghosteur.com\/en\/product\/bobbi-brown-skin-long-wear-weightless-foundation-s-8-walnut\/","url_meta":{"origin":32679,"position":4},"title":"Bobbi Brown Skin Long-Wear Weightless Foundation S 8-Walnut","author":"admin","date":"May 23, 2024","format":false,"excerpt":"Un fond de teint couvrant et couvrant qui dure 16 heures avec un fini mat naturel et multidimensionnel, confortable, respirant et l\u00e9ger.","rel":"","context":"Similar post","block_context":{"text":"Similar post","link":""},"img":{"alt_text":"","src":"","width":0,"height":0},"classes":[]},{"id":32685,"url":"https:\/\/sakaba.mghosteur.com\/en\/product\/sephora-colorful-blush-23-passionate\/","url_meta":{"origin":32679,"position":5},"title":"SEPHORA COLORFUL BLUSH 23 PASSIONATE","author":"admin","date":"May 15, 2024","format":false,"excerpt":"","rel":"","context":"Similar post","block_context":{"text":"Similar post","link":""},"img":{"alt_text":"","src":"","width":0,"height":0},"classes":[]}],"_links":{"self":[{"href":"https:\/\/sakaba.mghosteur.com\/en\/wp-json\/wp\/v2\/product\/32679","targetHints":{"allow":["GET"]}}],"collection":[{"href":"https:\/\/sakaba.mghosteur.com\/en\/wp-json\/wp\/v2\/product"}],"about":[{"href":"https:\/\/sakaba.mghosteur.com\/en\/wp-json\/wp\/v2\/types\/product"}],"replies":[{"embeddable":true,"href":"https:\/\/sakaba.mghosteur.com\/en\/wp-json\/wp\/v2\/comments?post=32679"}],"version-history":[{"count":0,"href":"https:\/\/sakaba.mghosteur.com\/en\/wp-json\/wp\/v2\/product\/32679\/revisions"}],"wp:attachment":[{"href":"https:\/\/sakaba.mghosteur.com\/en\/wp-json\/wp\/v2\/media?parent=32679"}],"wp:term":[{"taxonomy":"product_brand","embeddable":true,"href":"https:\/\/sakaba.mghosteur.com\/en\/wp-json\/wp\/v2\/product_brand?post=32679"},{"taxonomy":"product_cat","embeddable":true,"href":"https:\/\/sakaba.mghosteur.com\/en\/wp-json\/wp\/v2\/product_cat?post=32679"},{"taxonomy":"product_tag","embeddable":true,"href":"https:\/\/sakaba.mghosteur.com\/en\/wp-json\/wp\/v2\/product_tag?post=32679"}],"curies":[{"name":"wp","href":"https:\/\/api.w.org\/{rel}","templated":true}]}}