{"id":32688,"date":"2024-05-15T16:43:57","date_gmt":"2024-05-15T16:43:57","guid":{"rendered":"https:\/\/sakaba.mghosteur.com\/?post_type=product&#038;p=32688"},"modified":"2024-09-01T03:55:37","modified_gmt":"2024-09-01T03:55:37","slug":"sephora-colorful-blush-matte-06-flirt-it-up","status":"publish","type":"product","link":"https:\/\/sakaba.mghosteur.com\/en\/product\/sephora-colorful-blush-matte-06-flirt-it-up\/","title":{"rendered":"SEPHORA COLORFUL BLUSH MATTE 06 FLIRT IT UP"},"content":{"rendered":"","protected":false},"excerpt":{"rendered":"","protected":false},"featured_media":0,"comment_status":"open","ping_status":"closed","template":"","meta":[],"product_brand":[966],"product_cat":[289,311],"product_tag":[],"class_list":{"0":"post-32688","1":"product","2":"type-product","3":"status-publish","5":"product_brand-sephora","6":"product_cat-aaa-maquillage","7":"product_cat-teint","9":"first","10":"instock","11":"shipping-taxable","12":"product-type-simple"},"jetpack-related-posts":[{"id":32685,"url":"https:\/\/sakaba.mghosteur.com\/en\/product\/sephora-colorful-blush-23-passionate\/","url_meta":{"origin":32688,"position":0},"title":"SEPHORA COLORFUL BLUSH 23 PASSIONATE","author":"admin","date":"May 15, 2024","format":false,"excerpt":"","rel":"","context":"Similar post","block_context":{"text":"Similar post","link":""},"img":{"alt_text":"","src":"","width":0,"height":0},"classes":[]},{"id":32065,"url":"https:\/\/sakaba.mghosteur.com\/en\/product\/sephora-colorful-blush-05-sweet-on-you\/","url_meta":{"origin":32688,"position":1},"title":"SEPHORA COLORFUL BLUSH 05 SWEET ON YOU","author":"admin","date":"May 13, 2024","format":false,"excerpt":"","rel":"","context":"Similar post","block_context":{"text":"Similar post","link":""},"img":{"alt_text":"","src":"","width":0,"height":0},"classes":[]},{"id":32682,"url":"https:\/\/sakaba.mghosteur.com\/en\/product\/sephora-colorful-blush-17-hey-jalousy\/","url_meta":{"origin":32688,"position":2},"title":"SEPHORA COLORFUL BLUSH 17 HEY JALOUSY","author":"admin","date":"May 15, 2024","format":false,"excerpt":"","rel":"","context":"Similar post","block_context":{"text":"Similar post","link":""},"img":{"alt_text":"","src":"","width":0,"height":0},"classes":[]},{"id":32691,"url":"https:\/\/sakaba.mghosteur.com\/en\/product\/sephora-colorful-blush-shimmer-29-fascinated\/","url_meta":{"origin":32688,"position":3},"title":"SEPHORA COLORFUL BLUSH SHIMMER 29 FASCINATED","author":"admin","date":"May 15, 2024","format":false,"excerpt":"","rel":"","context":"Similar post","block_context":{"text":"Similar post","link":""},"img":{"alt_text":"","src":"","width":0,"height":0},"classes":[]},{"id":32059,"url":"https:\/\/sakaba.mghosteur.com\/en\/product\/sephora-mascara-01-ultra-black-size-up\/","url_meta":{"origin":32688,"position":4},"title":"SEPHORA MASCARA 01 ULTRA BLACK SIZE UP","author":"admin","date":"May 13, 2024","format":false,"excerpt":"Description du produit Ce mascara Sephora Collection offre un volume instantan\u00e9 extra large et allonge et bouclera les cils pour des r\u00e9sultats spectaculaires en un seul geste. Quel type de maquillage ressemble \u00e0 un maquillage quotidien. Les cils ne peuvent jamais \u00eatre trop grands : plus de volume, veuillez vous\u2026","rel":"","context":"Similar post","block_context":{"text":"Similar post","link":""},"img":{"alt_text":"","src":"","width":0,"height":0},"classes":[]},{"id":22983,"url":"https:\/\/sakaba.mghosteur.com\/en\/product\/make-up-for-ever-matte-velvet-skin\/","url_meta":{"origin":32688,"position":5},"title":"Make Up For Ever Matte Velvet Skin","author":"admin","date":"October 25, 2022","format":false,"excerpt":"","rel":"","context":"Similar post","block_context":{"text":"Similar post","link":""},"img":{"alt_text":"","src":"","width":0,"height":0},"classes":[]}],"_links":{"self":[{"href":"https:\/\/sakaba.mghosteur.com\/en\/wp-json\/wp\/v2\/product\/32688","targetHints":{"allow":["GET"]}}],"collection":[{"href":"https:\/\/sakaba.mghosteur.com\/en\/wp-json\/wp\/v2\/product"}],"about":[{"href":"https:\/\/sakaba.mghosteur.com\/en\/wp-json\/wp\/v2\/types\/product"}],"replies":[{"embeddable":true,"href":"https:\/\/sakaba.mghosteur.com\/en\/wp-json\/wp\/v2\/comments?post=32688"}],"version-history":[{"count":0,"href":"https:\/\/sakaba.mghosteur.com\/en\/wp-json\/wp\/v2\/product\/32688\/revisions"}],"wp:attachment":[{"href":"https:\/\/sakaba.mghosteur.com\/en\/wp-json\/wp\/v2\/media?parent=32688"}],"wp:term":[{"taxonomy":"product_brand","embeddable":true,"href":"https:\/\/sakaba.mghosteur.com\/en\/wp-json\/wp\/v2\/product_brand?post=32688"},{"taxonomy":"product_cat","embeddable":true,"href":"https:\/\/sakaba.mghosteur.com\/en\/wp-json\/wp\/v2\/product_cat?post=32688"},{"taxonomy":"product_tag","embeddable":true,"href":"https:\/\/sakaba.mghosteur.com\/en\/wp-json\/wp\/v2\/product_tag?post=32688"}],"curies":[{"name":"wp","href":"https:\/\/api.w.org\/{rel}","templated":true}]}}