{"id":32691,"date":"2024-05-15T16:44:52","date_gmt":"2024-05-15T16:44:52","guid":{"rendered":"https:\/\/sakaba.mghosteur.com\/?post_type=product&#038;p=32691"},"modified":"2024-09-01T03:56:04","modified_gmt":"2024-09-01T03:56:04","slug":"sephora-colorful-blush-shimmer-29-fascinated","status":"publish","type":"product","link":"https:\/\/sakaba.mghosteur.com\/en\/product\/sephora-colorful-blush-shimmer-29-fascinated\/","title":{"rendered":"SEPHORA COLORFUL BLUSH SHIMMER 29 FASCINATED"},"content":{"rendered":"","protected":false},"excerpt":{"rendered":"","protected":false},"featured_media":0,"comment_status":"open","ping_status":"closed","template":"","meta":[],"product_brand":[966],"product_cat":[289,311],"product_tag":[],"class_list":{"0":"post-32691","1":"product","2":"type-product","3":"status-publish","5":"product_brand-sephora","6":"product_cat-aaa-maquillage","7":"product_cat-teint","9":"first","10":"instock","11":"shipping-taxable","12":"product-type-simple"},"jetpack-related-posts":[{"id":32685,"url":"https:\/\/sakaba.mghosteur.com\/en\/product\/sephora-colorful-blush-23-passionate\/","url_meta":{"origin":32691,"position":0},"title":"SEPHORA COLORFUL BLUSH 23 PASSIONATE","author":"admin","date":"May 15, 2024","format":false,"excerpt":"","rel":"","context":"Similar post","block_context":{"text":"Similar post","link":""},"img":{"alt_text":"","src":"","width":0,"height":0},"classes":[]},{"id":32065,"url":"https:\/\/sakaba.mghosteur.com\/en\/product\/sephora-colorful-blush-05-sweet-on-you\/","url_meta":{"origin":32691,"position":1},"title":"SEPHORA COLORFUL BLUSH 05 SWEET ON YOU","author":"admin","date":"May 13, 2024","format":false,"excerpt":"","rel":"","context":"Similar post","block_context":{"text":"Similar post","link":""},"img":{"alt_text":"","src":"","width":0,"height":0},"classes":[]},{"id":32682,"url":"https:\/\/sakaba.mghosteur.com\/en\/product\/sephora-colorful-blush-17-hey-jalousy\/","url_meta":{"origin":32691,"position":2},"title":"SEPHORA COLORFUL BLUSH 17 HEY JALOUSY","author":"admin","date":"May 15, 2024","format":false,"excerpt":"","rel":"","context":"Similar post","block_context":{"text":"Similar post","link":""},"img":{"alt_text":"","src":"","width":0,"height":0},"classes":[]},{"id":32688,"url":"https:\/\/sakaba.mghosteur.com\/en\/product\/sephora-colorful-blush-matte-06-flirt-it-up\/","url_meta":{"origin":32691,"position":3},"title":"SEPHORA COLORFUL BLUSH MATTE 06 FLIRT IT UP","author":"admin","date":"May 15, 2024","format":false,"excerpt":"","rel":"","context":"Similar post","block_context":{"text":"Similar post","link":""},"img":{"alt_text":"","src":"","width":0,"height":0},"classes":[]},{"id":24570,"url":"https:\/\/sakaba.mghosteur.com\/en\/product\/estee-lauder-party-shimmer-limited-edition\/","url_meta":{"origin":32691,"position":4},"title":"Estee Lauder Party Shimmer &#8211; Limited Edition","author":"admin","date":"November 10, 2022","format":false,"excerpt":"","rel":"","context":"Similar post","block_context":{"text":"Similar post","link":""},"img":{"alt_text":"","src":"","width":0,"height":0},"classes":[]},{"id":34670,"url":"https:\/\/sakaba.mghosteur.com\/en\/product\/fenty-trio-conceal-contour-highlight-deep\/","url_meta":{"origin":32691,"position":5},"title":"FENTY TRIO CONCEAL ,CONTOUR ,HIGHLIGHT DEEP","author":"admin","date":"May 30, 2024","format":false,"excerpt":"Un trio magn\u00e9tis\u00e9 de b\u00e2tons de maquillage longue tenue, l\u00e9gers comme l'air, s\u00e9lectionn\u00e9s en fonction du teint, avec deux Match Stix MATTE Skinsticks pour dissimuler et contourner, et un Match Stix SHIMMER Skinstick pour mettre en valeur. Avec les Match Stix Trios, faites passer votre teint au niveau sup\u00e9rieur sans\u2026","rel":"","context":"Similar post","block_context":{"text":"Similar post","link":""},"img":{"alt_text":"","src":"","width":0,"height":0},"classes":[]}],"_links":{"self":[{"href":"https:\/\/sakaba.mghosteur.com\/en\/wp-json\/wp\/v2\/product\/32691","targetHints":{"allow":["GET"]}}],"collection":[{"href":"https:\/\/sakaba.mghosteur.com\/en\/wp-json\/wp\/v2\/product"}],"about":[{"href":"https:\/\/sakaba.mghosteur.com\/en\/wp-json\/wp\/v2\/types\/product"}],"replies":[{"embeddable":true,"href":"https:\/\/sakaba.mghosteur.com\/en\/wp-json\/wp\/v2\/comments?post=32691"}],"version-history":[{"count":0,"href":"https:\/\/sakaba.mghosteur.com\/en\/wp-json\/wp\/v2\/product\/32691\/revisions"}],"wp:attachment":[{"href":"https:\/\/sakaba.mghosteur.com\/en\/wp-json\/wp\/v2\/media?parent=32691"}],"wp:term":[{"taxonomy":"product_brand","embeddable":true,"href":"https:\/\/sakaba.mghosteur.com\/en\/wp-json\/wp\/v2\/product_brand?post=32691"},{"taxonomy":"product_cat","embeddable":true,"href":"https:\/\/sakaba.mghosteur.com\/en\/wp-json\/wp\/v2\/product_cat?post=32691"},{"taxonomy":"product_tag","embeddable":true,"href":"https:\/\/sakaba.mghosteur.com\/en\/wp-json\/wp\/v2\/product_tag?post=32691"}],"curies":[{"name":"wp","href":"https:\/\/api.w.org\/{rel}","templated":true}]}}