{"id":32697,"date":"2024-05-15T16:48:16","date_gmt":"2024-05-15T16:48:16","guid":{"rendered":"https:\/\/sakaba.mghosteur.com\/?post_type=product&#038;p=32697"},"modified":"2024-08-14T22:09:34","modified_gmt":"2024-08-14T22:09:34","slug":"sephora-cream-lip-satin-26","status":"publish","type":"product","link":"https:\/\/sakaba.mghosteur.com\/en\/product\/sephora-cream-lip-satin-26\/","title":{"rendered":"SEPHORA CREAM LIP  SATIN 26"},"content":{"rendered":"","protected":false},"excerpt":{"rendered":"","protected":false},"featured_media":0,"comment_status":"open","ping_status":"closed","template":"","meta":[],"product_brand":[966],"product_cat":[305,289],"product_tag":[],"class_list":{"0":"post-32697","1":"product","2":"type-product","3":"status-publish","5":"product_brand-sephora","6":"product_cat-levres","7":"product_cat-aaa-maquillage","9":"first","10":"instock","11":"shipping-taxable","12":"product-type-simple"},"jetpack-related-posts":[{"id":32700,"url":"https:\/\/sakaba.mghosteur.com\/en\/product\/sephora-cream-lip-stain-28-night-bird\/","url_meta":{"origin":32697,"position":0},"title":"Sephora Cream Lip Stain 28 Night Bird","author":"admin","date":"May 15, 2024","format":false,"excerpt":"","rel":"","context":"Similar post","block_context":{"text":"Similar post","link":""},"img":{"alt_text":"","src":"","width":0,"height":0},"classes":[]},{"id":32703,"url":"https:\/\/sakaba.mghosteur.com\/en\/product\/sephora-cream-lip-stain-90-sunrise-pink\/","url_meta":{"origin":32697,"position":1},"title":"Sephora Cream Lip Stain 90 Sunrise Pink","author":"admin","date":"May 15, 2024","format":false,"excerpt":"Ce rouge \u00e0 l\u00e8vres \u00e0 couvrance \u00e9lev\u00e9e est un best-seller qui glisse en douceur et se transforme d'une texture cr\u00e9meuse en une teinte soyeuse et l\u00e9g\u00e8re. Infus\u00e9e d'huile d'avocat, la formule longue tenue offre une couleur riche qui est confortable, ne colle jamais et ne dess\u00e8che pas les l\u00e8vres.","rel":"","context":"Similar post","block_context":{"text":"Similar post","link":""},"img":{"alt_text":"","src":"","width":0,"height":0},"classes":[]},{"id":33811,"url":"https:\/\/sakaba.mghosteur.com\/en\/product\/milani-amore-matte-satin-matte-lip-creme\/","url_meta":{"origin":32697,"position":2},"title":"MILANI Amore Matte Satin Matte LIP CREME","author":"admin","date":"May 23, 2024","format":false,"excerpt":"","rel":"","context":"Similar post","block_context":{"text":"Similar post","link":""},"img":{"alt_text":"","src":"","width":0,"height":0},"classes":[]},{"id":23651,"url":"https:\/\/sakaba.mghosteur.com\/en\/product\/bene-tint-rose-tinted-lip-cheek-satin\/","url_meta":{"origin":32697,"position":3},"title":"BENE TINT ROSE TINTED LIP &amp; CHEEK SATIN","author":"admin","date":"November 3, 2022","format":false,"excerpt":"Ce rouge \u00e0 l\u00e8vres et \u00e0 joues rouge vif et anti-bavures est le rouge \u00e0 l\u00e8vres le plus passionn\u00e9 que vous puissiez obtenir avec un flacon. L'applicateur \u00e0 l\u00e8vres pr\u00e9cis glisse directement pour un look magnifique en quelques secondes. Appliquez sur les l\u00e8vres et les joues pour une couleur vibrante\u2026","rel":"","context":"Similar post","block_context":{"text":"Similar post","link":""},"img":{"alt_text":"","src":"","width":0,"height":0},"classes":[]},{"id":23686,"url":"https:\/\/sakaba.mghosteur.com\/en\/product\/nyx-sofmatte-lip-cream-smlc\/","url_meta":{"origin":32697,"position":4},"title":"NYX Sofmatte Lip Cream SMLC","author":"admin","date":"November 3, 2022","format":false,"excerpt":"","rel":"","context":"Similar post","block_context":{"text":"Similar post","link":""},"img":{"alt_text":"","src":"","width":0,"height":0},"classes":[]},{"id":23608,"url":"https:\/\/sakaba.mghosteur.com\/en\/product\/gloss-bomb-cream-doubletake-lip-duo\/","url_meta":{"origin":32697,"position":5},"title":"GLOSS BOMB CREAM DOUBLETAKE LIP DUO","author":"admin","date":"November 3, 2022","format":false,"excerpt":"","rel":"","context":"Similar post","block_context":{"text":"Similar post","link":""},"img":{"alt_text":"","src":"","width":0,"height":0},"classes":[]}],"_links":{"self":[{"href":"https:\/\/sakaba.mghosteur.com\/en\/wp-json\/wp\/v2\/product\/32697","targetHints":{"allow":["GET"]}}],"collection":[{"href":"https:\/\/sakaba.mghosteur.com\/en\/wp-json\/wp\/v2\/product"}],"about":[{"href":"https:\/\/sakaba.mghosteur.com\/en\/wp-json\/wp\/v2\/types\/product"}],"replies":[{"embeddable":true,"href":"https:\/\/sakaba.mghosteur.com\/en\/wp-json\/wp\/v2\/comments?post=32697"}],"version-history":[{"count":0,"href":"https:\/\/sakaba.mghosteur.com\/en\/wp-json\/wp\/v2\/product\/32697\/revisions"}],"wp:attachment":[{"href":"https:\/\/sakaba.mghosteur.com\/en\/wp-json\/wp\/v2\/media?parent=32697"}],"wp:term":[{"taxonomy":"product_brand","embeddable":true,"href":"https:\/\/sakaba.mghosteur.com\/en\/wp-json\/wp\/v2\/product_brand?post=32697"},{"taxonomy":"product_cat","embeddable":true,"href":"https:\/\/sakaba.mghosteur.com\/en\/wp-json\/wp\/v2\/product_cat?post=32697"},{"taxonomy":"product_tag","embeddable":true,"href":"https:\/\/sakaba.mghosteur.com\/en\/wp-json\/wp\/v2\/product_tag?post=32697"}],"curies":[{"name":"wp","href":"https:\/\/api.w.org\/{rel}","templated":true}]}}