{"id":32700,"date":"2024-05-15T16:49:07","date_gmt":"2024-05-15T16:49:07","guid":{"rendered":"https:\/\/sakaba.mghosteur.com\/?post_type=product&#038;p=32700"},"modified":"2024-08-14T22:10:28","modified_gmt":"2024-08-14T22:10:28","slug":"sephora-cream-lip-stain-28-night-bird","status":"publish","type":"product","link":"https:\/\/sakaba.mghosteur.com\/en\/product\/sephora-cream-lip-stain-28-night-bird\/","title":{"rendered":"Sephora Cream Lip Stain 28 Night Bird"},"content":{"rendered":"","protected":false},"excerpt":{"rendered":"","protected":false},"featured_media":0,"comment_status":"open","ping_status":"closed","template":"","meta":[],"product_brand":[966],"product_cat":[305,289],"product_tag":[],"class_list":{"0":"post-32700","1":"product","2":"type-product","3":"status-publish","5":"product_brand-sephora","6":"product_cat-levres","7":"product_cat-aaa-maquillage","9":"first","10":"instock","11":"shipping-taxable","12":"product-type-simple"},"jetpack-related-posts":[{"id":32703,"url":"https:\/\/sakaba.mghosteur.com\/en\/product\/sephora-cream-lip-stain-90-sunrise-pink\/","url_meta":{"origin":32700,"position":0},"title":"Sephora Cream Lip Stain 90 Sunrise Pink","author":"admin","date":"May 15, 2024","format":false,"excerpt":"Ce rouge \u00e0 l\u00e8vres \u00e0 couvrance \u00e9lev\u00e9e est un best-seller qui glisse en douceur et se transforme d'une texture cr\u00e9meuse en une teinte soyeuse et l\u00e9g\u00e8re. Infus\u00e9e d'huile d'avocat, la formule longue tenue offre une couleur riche qui est confortable, ne colle jamais et ne dess\u00e8che pas les l\u00e8vres.","rel":"","context":"Similar post","block_context":{"text":"Similar post","link":""},"img":{"alt_text":"","src":"","width":0,"height":0},"classes":[]},{"id":32697,"url":"https:\/\/sakaba.mghosteur.com\/en\/product\/sephora-cream-lip-satin-26\/","url_meta":{"origin":32700,"position":1},"title":"SEPHORA CREAM LIP  SATIN 26","author":"admin","date":"May 15, 2024","format":false,"excerpt":"","rel":"","context":"Similar post","block_context":{"text":"Similar post","link":""},"img":{"alt_text":"","src":"","width":0,"height":0},"classes":[]},{"id":27636,"url":"https:\/\/sakaba.mghosteur.com\/en\/product\/anti-aging-night-cream\/","url_meta":{"origin":32700,"position":2},"title":"ANTI AGING NIGHT CREAM","author":"admin","date":"November 29, 2022","format":false,"excerpt":"","rel":"","context":"Similar post","block_context":{"text":"Similar post","link":""},"img":{"alt_text":"","src":"","width":0,"height":0},"classes":[]},{"id":24404,"url":"https:\/\/sakaba.mghosteur.com\/en\/product\/palmers-cocoa-butter-moisture-night-cream\/","url_meta":{"origin":32700,"position":3},"title":"PALMERS COCOA BUTTER MOISTURE NIGHT CREAM","author":"admin","date":"November 10, 2022","format":false,"excerpt":"De plus, cette cr\u00e8me de nuit hydratante riche de Palmer's est non com\u00e9dog\u00e8ne, ce qui signifie qu'elle n'obstrue pas les pores et est donc sans danger pour les peaux sensibles. Cette cr\u00e8me a \u00e9galement \u00e9t\u00e9 test\u00e9e dermatologiquement, vous pouvez donc \u00eatre s\u00fbr que votre peau est entre de bonnes mains.\u2026","rel":"","context":"Similar post","block_context":{"text":"Similar post","link":""},"img":{"alt_text":"","src":"","width":0,"height":0},"classes":[]},{"id":23686,"url":"https:\/\/sakaba.mghosteur.com\/en\/product\/nyx-sofmatte-lip-cream-smlc\/","url_meta":{"origin":32700,"position":4},"title":"NYX Sofmatte Lip Cream SMLC","author":"admin","date":"November 3, 2022","format":false,"excerpt":"","rel":"","context":"Similar post","block_context":{"text":"Similar post","link":""},"img":{"alt_text":"","src":"","width":0,"height":0},"classes":[]},{"id":23608,"url":"https:\/\/sakaba.mghosteur.com\/en\/product\/gloss-bomb-cream-doubletake-lip-duo\/","url_meta":{"origin":32700,"position":5},"title":"GLOSS BOMB CREAM DOUBLETAKE LIP DUO","author":"admin","date":"November 3, 2022","format":false,"excerpt":"","rel":"","context":"Similar post","block_context":{"text":"Similar post","link":""},"img":{"alt_text":"","src":"","width":0,"height":0},"classes":[]}],"_links":{"self":[{"href":"https:\/\/sakaba.mghosteur.com\/en\/wp-json\/wp\/v2\/product\/32700","targetHints":{"allow":["GET"]}}],"collection":[{"href":"https:\/\/sakaba.mghosteur.com\/en\/wp-json\/wp\/v2\/product"}],"about":[{"href":"https:\/\/sakaba.mghosteur.com\/en\/wp-json\/wp\/v2\/types\/product"}],"replies":[{"embeddable":true,"href":"https:\/\/sakaba.mghosteur.com\/en\/wp-json\/wp\/v2\/comments?post=32700"}],"version-history":[{"count":0,"href":"https:\/\/sakaba.mghosteur.com\/en\/wp-json\/wp\/v2\/product\/32700\/revisions"}],"wp:attachment":[{"href":"https:\/\/sakaba.mghosteur.com\/en\/wp-json\/wp\/v2\/media?parent=32700"}],"wp:term":[{"taxonomy":"product_brand","embeddable":true,"href":"https:\/\/sakaba.mghosteur.com\/en\/wp-json\/wp\/v2\/product_brand?post=32700"},{"taxonomy":"product_cat","embeddable":true,"href":"https:\/\/sakaba.mghosteur.com\/en\/wp-json\/wp\/v2\/product_cat?post=32700"},{"taxonomy":"product_tag","embeddable":true,"href":"https:\/\/sakaba.mghosteur.com\/en\/wp-json\/wp\/v2\/product_tag?post=32700"}],"curies":[{"name":"wp","href":"https:\/\/api.w.org\/{rel}","templated":true}]}}