{"id":32703,"date":"2024-05-15T16:49:58","date_gmt":"2024-05-15T16:49:58","guid":{"rendered":"https:\/\/sakaba.mghosteur.com\/?post_type=product&#038;p=32703"},"modified":"2024-08-25T03:51:59","modified_gmt":"2024-08-25T03:51:59","slug":"sephora-cream-lip-stain-90-sunrise-pink","status":"publish","type":"product","link":"https:\/\/sakaba.mghosteur.com\/en\/product\/sephora-cream-lip-stain-90-sunrise-pink\/","title":{"rendered":"Sephora Cream Lip Stain 90 Sunrise Pink"},"content":{"rendered":"<p>Ce rouge \u00e0 l\u00e8vres \u00e0 couvrance \u00e9lev\u00e9e est un best-seller qui glisse en douceur et se transforme d&#8217;une texture cr\u00e9meuse en une teinte soyeuse et l\u00e9g\u00e8re. Infus\u00e9e d&#8217;huile d&#8217;avocat, la formule longue tenue offre une couleur riche qui est confortable, ne colle jamais et ne dess\u00e8che pas les l\u00e8vres.<\/p>","protected":false},"excerpt":{"rendered":"<p>Ce rouge \u00e0 l\u00e8vres \u00e0 couvrance \u00e9lev\u00e9e est un best-seller qui glisse en douceur et se transforme d&#8217;une texture cr\u00e9meuse en une teinte soyeuse et l\u00e9g\u00e8re. Infus\u00e9e d&#8217;huile d&#8217;avocat, la formule longue tenue offre une couleur riche qui est confortable, ne colle jamais et ne dess\u00e8che pas les l\u00e8vres.<\/p>","protected":false},"featured_media":0,"comment_status":"open","ping_status":"closed","template":"","meta":[],"product_brand":[966],"product_cat":[305,289],"product_tag":[],"class_list":{"0":"post-32703","1":"product","2":"type-product","3":"status-publish","5":"product_brand-sephora","6":"product_cat-levres","7":"product_cat-aaa-maquillage","9":"first","10":"instock","11":"shipping-taxable","12":"product-type-simple"},"jetpack-related-posts":[{"id":31550,"url":"https:\/\/sakaba.mghosteur.com\/en\/product\/vaseline-lip-therapy-original\/","url_meta":{"origin":32703,"position":0},"title":"VASELINE LIP THERAPY ORIGINAL","author":"admin","date":"May 10, 2024","format":false,"excerpt":"Le baume \u00e0 l\u00e8vres Vaseline Lip Therapy Mini Original est un incontournable pour garder vos l\u00e8vres hydrat\u00e9es et en bonne sant\u00e9. Cliniquement prouv\u00e9 pour gu\u00e9rir les l\u00e8vres s\u00e8ches, sa formule non collante et douce fond d\u00e9licatement sur vos l\u00e8vres, procurant un soulagement durable. Pr\u00e9sent\u00e9 dans un emballage embl\u00e9matique, ce baume\u2026","rel":"","context":"Similar post","block_context":{"text":"Similar post","link":""},"img":{"alt_text":"","src":"","width":0,"height":0},"classes":[]},{"id":34646,"url":"https:\/\/sakaba.mghosteur.com\/en\/product\/fenty-pro-kissr-coffret-soin-du-levres\/","url_meta":{"origin":32703,"position":1},"title":"FENTY PRO KISS&#8217;R COFFRET SOIN DU LEVRES","author":"admin","date":"May 30, 2024","format":false,"excerpt":"Fenty Beauty Pro Kiss'r Duo Scrubstick + Lip Balm Set est un\u00a0ensemble de deux produits essentiels pour\u00a0le soin des\u00a0l\u00e8vres.\u00a0Offrez\u00a0\u00e0 vos l\u00e8vres le traitement qu'elles m\u00e9ritent! Pr\u00e9parez vos l\u00e8vres en les exfoliant \u00e0 l'aide du Pro Kiss'r scrub pour les lisser instantan\u00e9ment. Faites les ensuite briller gr\u00e2ce au mini Pro Kiss'r\u2026","rel":"","context":"Similar post","block_context":{"text":"Similar post","link":""},"img":{"alt_text":"","src":"","width":0,"height":0},"classes":[]},{"id":24832,"url":"https:\/\/sakaba.mghosteur.com\/en\/product\/eos-100-natural-shea-lip-balm-vanilla-bean\/","url_meta":{"origin":32703,"position":2},"title":"EOS 100% Natural Shea Lip Balm Vanilla Bean","author":"admin","date":"November 11, 2022","format":false,"excerpt":"Le Baume \u00e0 L\u00e8vres B\u00e2ton Vanille de la marque EOS est un produit de beaut\u00e9 naturel et biologique qui hydrate et nourrit vos l\u00e8vres tout en leur offrant une saveur de vanille douce, riche et cr\u00e9meuse. Ce baume \u00e0 l\u00e8vres est compos\u00e9 d'ingr\u00e9dients de qualit\u00e9 sup\u00e9rieure, tels que l'huile de\u2026","rel":"","context":"Similar post","block_context":{"text":"Similar post","link":""},"img":{"alt_text":"","src":"","width":0,"height":0},"classes":[]},{"id":29462,"url":"https:\/\/sakaba.mghosteur.com\/en\/product\/lip-plump-rafraichir-aha-bha-vitamine-c-levres-repulpantes\/","url_meta":{"origin":32703,"position":3},"title":"Lip Plump &#8211; Rafra\u00eechir AHA BHA Vitamine C L\u00e8vres Repulpantes","author":"admin","date":"April 4, 2023","format":false,"excerpt":"Le Lip Plump de la marque COSRX est un produit ultra-\u00e9clatant qui utilise des ingr\u00e9dients comme la volufiline et des d\u00e9riv\u00e9s de vitamines pour donner un effet repulpant \u00e0 vos l\u00e8vres. Ce produit est disponible en format de 0.70 fl.oz \/ 20g. Avec le Lip Plump, vos l\u00e8vres seront volumis\u00e9es\u2026","rel":"","context":"Similar post","block_context":{"text":"Similar post","link":""},"img":{"alt_text":"","src":"","width":0,"height":0},"classes":[]},{"id":23602,"url":"https:\/\/sakaba.mghosteur.com\/en\/product\/fenty-beauty-lip-loving-scrubstick\/","url_meta":{"origin":32703,"position":4},"title":"PRO KISS&#8217;R LIP-LOVING SCRUBSTICK","author":"admin","date":"November 2, 2022","format":false,"excerpt":"Le PRO KISS'R LIP-LOVING SCRUBSTICK est un stick exfoliant pour les l\u00e8vres qui vous donnera des l\u00e8vres douces et lisses en un rien de temps. Ce b\u00e2ton pratique contient des grains exfoliants de noyau d'abricot pour exfolier en douceur et nourrir les l\u00e8vres, sans le d\u00e9sordre des exfoliants traditionnels. Il\u2026","rel":"","context":"Similar post","block_context":{"text":"Similar post","link":""},"img":{"alt_text":"","src":"","width":0,"height":0},"classes":[]},{"id":31456,"url":"https:\/\/sakaba.mghosteur.com\/en\/product\/laneige-baume-brillant-pour-les-levres-berry\/","url_meta":{"origin":32703,"position":5},"title":"LANEIGE BAUME BRILLANT POUR LES LEVRES BERRY","author":"admin","date":"May 10, 2024","format":false,"excerpt":"D\u00e9couvrez le partenaire id\u00e9al du Lip Sleeping Mask pour des l\u00e8vres prot\u00e9g\u00e9es et hydrat\u00e9es toute la journ\u00e9e ! Le Lip Glowy Balm fusionne les bienfaits d'un baume et d'un gloss en un seul produit ! Hydratant et nourrissant, ce baume contient des beurres de karit\u00e9 qui facilitent son application, laissant\u2026","rel":"","context":"Similar post","block_context":{"text":"Similar post","link":""},"img":{"alt_text":"","src":"","width":0,"height":0},"classes":[]}],"_links":{"self":[{"href":"https:\/\/sakaba.mghosteur.com\/en\/wp-json\/wp\/v2\/product\/32703","targetHints":{"allow":["GET"]}}],"collection":[{"href":"https:\/\/sakaba.mghosteur.com\/en\/wp-json\/wp\/v2\/product"}],"about":[{"href":"https:\/\/sakaba.mghosteur.com\/en\/wp-json\/wp\/v2\/types\/product"}],"replies":[{"embeddable":true,"href":"https:\/\/sakaba.mghosteur.com\/en\/wp-json\/wp\/v2\/comments?post=32703"}],"version-history":[{"count":0,"href":"https:\/\/sakaba.mghosteur.com\/en\/wp-json\/wp\/v2\/product\/32703\/revisions"}],"wp:attachment":[{"href":"https:\/\/sakaba.mghosteur.com\/en\/wp-json\/wp\/v2\/media?parent=32703"}],"wp:term":[{"taxonomy":"product_brand","embeddable":true,"href":"https:\/\/sakaba.mghosteur.com\/en\/wp-json\/wp\/v2\/product_brand?post=32703"},{"taxonomy":"product_cat","embeddable":true,"href":"https:\/\/sakaba.mghosteur.com\/en\/wp-json\/wp\/v2\/product_cat?post=32703"},{"taxonomy":"product_tag","embeddable":true,"href":"https:\/\/sakaba.mghosteur.com\/en\/wp-json\/wp\/v2\/product_tag?post=32703"}],"curies":[{"name":"wp","href":"https:\/\/api.w.org\/{rel}","templated":true}]}}