{"id":32706,"date":"2024-05-15T16:50:51","date_gmt":"2024-05-15T16:50:51","guid":{"rendered":"https:\/\/sakaba.mghosteur.com\/?post_type=product&#038;p=32706"},"modified":"2024-09-01T03:57:08","modified_gmt":"2024-09-01T03:57:08","slug":"sephora-ensemble-de-rasoir-pour-le-sourcils","status":"publish","type":"product","link":"https:\/\/sakaba.mghosteur.com\/en\/product\/sephora-ensemble-de-rasoir-pour-le-sourcils\/","title":{"rendered":"SEPHORA ENSEMBLE DE RASOIR POUR LE SOURCILS"},"content":{"rendered":"","protected":false},"excerpt":{"rendered":"","protected":false},"featured_media":0,"comment_status":"open","ping_status":"closed","template":"","meta":[],"product_brand":[966],"product_cat":[289,320],"product_tag":[],"class_list":{"0":"post-32706","1":"product","2":"type-product","3":"status-publish","5":"product_brand-sephora","6":"product_cat-aaa-maquillage","7":"product_cat-sourcils","9":"first","10":"instock","11":"shipping-taxable","12":"product-type-simple"},"jetpack-related-posts":[{"id":32709,"url":"https:\/\/sakaba.mghosteur.com\/en\/product\/sephora-ensemble-de-rasoir-pour-le-visage\/","url_meta":{"origin":32706,"position":0},"title":"SEPHORA ENSEMBLE DE RASOIR POUR LE VISAGE","author":"admin","date":"May 15, 2024","format":false,"excerpt":"","rel":"","context":"Similar post","block_context":{"text":"Similar post","link":""},"img":{"alt_text":"","src":"","width":0,"height":0},"classes":[]},{"id":32694,"url":"https:\/\/sakaba.mghosteur.com\/en\/product\/sephora-crayon-sourcils-retractable-marron\/","url_meta":{"origin":32706,"position":1},"title":"SEPHORA CRAYON SOURCILS RETRACTABLE MARRON","author":"admin","date":"May 15, 2024","format":false,"excerpt":"","rel":"","context":"Similar post","block_context":{"text":"Similar post","link":""},"img":{"alt_text":"","src":"","width":0,"height":0},"classes":[]},{"id":24285,"url":"https:\/\/sakaba.mghosteur.com\/en\/product\/the-ordinary-hair-care-multi-peptide-serum\/","url_meta":{"origin":32706,"position":2},"title":"THE ORDINARY LASH AND BROW SERUM","author":"admin","date":"November 9, 2022","format":false,"excerpt":"Obtenez des cils et des sourcils plus \u00e9pais et plus sains avec le s\u00e9rum multi-peptide pour les cils et les sourcils de The Ordinary. Cette formule l\u00e9g\u00e8re et non grasse contient 11 ingr\u00e9dients actifs, dont quatre complexes peptidiques et une s\u00e9rie d'extraits naturels, pour aider \u00e0 nourrir et \u00e0 prot\u00e9ger\u2026","rel":"","context":"Similar post","block_context":{"text":"Similar post","link":""},"img":{"alt_text":"","src":"","width":0,"height":0},"classes":[]},{"id":32895,"url":"https:\/\/sakaba.mghosteur.com\/en\/product\/gillette-rasoir\/","url_meta":{"origin":32706,"position":3},"title":"GILLETTE RASOIR","author":"admin","date":"May 16, 2024","format":false,"excerpt":"","rel":"","context":"Similar post","block_context":{"text":"Similar post","link":""},"img":{"alt_text":"","src":"","width":0,"height":0},"classes":[]},{"id":32714,"url":"https:\/\/sakaba.mghosteur.com\/en\/product\/sephora-eyeliner-noir\/","url_meta":{"origin":32706,"position":4},"title":"SEPHORA EYELINER NOIR","author":"admin","date":"May 15, 2024","format":false,"excerpt":"","rel":"","context":"Similar post","block_context":{"text":"Similar post","link":""},"img":{"alt_text":"","src":"","width":0,"height":0},"classes":[]},{"id":32685,"url":"https:\/\/sakaba.mghosteur.com\/en\/product\/sephora-colorful-blush-23-passionate\/","url_meta":{"origin":32706,"position":5},"title":"SEPHORA COLORFUL BLUSH 23 PASSIONATE","author":"admin","date":"May 15, 2024","format":false,"excerpt":"","rel":"","context":"Similar post","block_context":{"text":"Similar post","link":""},"img":{"alt_text":"","src":"","width":0,"height":0},"classes":[]}],"_links":{"self":[{"href":"https:\/\/sakaba.mghosteur.com\/en\/wp-json\/wp\/v2\/product\/32706","targetHints":{"allow":["GET"]}}],"collection":[{"href":"https:\/\/sakaba.mghosteur.com\/en\/wp-json\/wp\/v2\/product"}],"about":[{"href":"https:\/\/sakaba.mghosteur.com\/en\/wp-json\/wp\/v2\/types\/product"}],"replies":[{"embeddable":true,"href":"https:\/\/sakaba.mghosteur.com\/en\/wp-json\/wp\/v2\/comments?post=32706"}],"version-history":[{"count":0,"href":"https:\/\/sakaba.mghosteur.com\/en\/wp-json\/wp\/v2\/product\/32706\/revisions"}],"wp:attachment":[{"href":"https:\/\/sakaba.mghosteur.com\/en\/wp-json\/wp\/v2\/media?parent=32706"}],"wp:term":[{"taxonomy":"product_brand","embeddable":true,"href":"https:\/\/sakaba.mghosteur.com\/en\/wp-json\/wp\/v2\/product_brand?post=32706"},{"taxonomy":"product_cat","embeddable":true,"href":"https:\/\/sakaba.mghosteur.com\/en\/wp-json\/wp\/v2\/product_cat?post=32706"},{"taxonomy":"product_tag","embeddable":true,"href":"https:\/\/sakaba.mghosteur.com\/en\/wp-json\/wp\/v2\/product_tag?post=32706"}],"curies":[{"name":"wp","href":"https:\/\/api.w.org\/{rel}","templated":true}]}}