{"id":32714,"date":"2024-05-15T16:54:24","date_gmt":"2024-05-15T16:54:24","guid":{"rendered":"https:\/\/sakaba.mghosteur.com\/?post_type=product&#038;p=32714"},"modified":"2024-09-01T03:58:51","modified_gmt":"2024-09-01T03:58:51","slug":"sephora-eyeliner-noir","status":"publish","type":"product","link":"https:\/\/sakaba.mghosteur.com\/en\/product\/sephora-eyeliner-noir\/","title":{"rendered":"SEPHORA EYELINER NOIR"},"content":{"rendered":"","protected":false},"excerpt":{"rendered":"","protected":false},"featured_media":0,"comment_status":"open","ping_status":"closed","template":"","meta":[],"product_brand":[966],"product_cat":[289,297],"product_tag":[],"class_list":{"0":"post-32714","1":"product","2":"type-product","3":"status-publish","5":"product_brand-sephora","6":"product_cat-aaa-maquillage","7":"product_cat-yeux","9":"first","10":"instock","11":"shipping-taxable","12":"product-type-simple"},"jetpack-related-posts":[{"id":32059,"url":"https:\/\/sakaba.mghosteur.com\/en\/product\/sephora-mascara-01-ultra-black-size-up\/","url_meta":{"origin":32714,"position":0},"title":"SEPHORA MASCARA 01 ULTRA BLACK SIZE UP","author":"admin","date":"May 13, 2024","format":false,"excerpt":"Description du produit Ce mascara Sephora Collection offre un volume instantan\u00e9 extra large et allonge et bouclera les cils pour des r\u00e9sultats spectaculaires en un seul geste. Quel type de maquillage ressemble \u00e0 un maquillage quotidien. Les cils ne peuvent jamais \u00eatre trop grands : plus de volume, veuillez vous\u2026","rel":"","context":"Similar post","block_context":{"text":"Similar post","link":""},"img":{"alt_text":"","src":"","width":0,"height":0},"classes":[]},{"id":24755,"url":"https:\/\/sakaba.mghosteur.com\/en\/product\/magic-eyeliner-2-in-1-adhesive-eyeliner\/","url_meta":{"origin":32714,"position":1},"title":"MAGIC EYELINER 2 IN 1 ADHESIVE EYELINER","author":"admin","date":"November 10, 2022","format":false,"excerpt":"","rel":"","context":"Similar post","block_context":{"text":"Similar post","link":""},"img":{"alt_text":"","src":"","width":0,"height":0},"classes":[]},{"id":32706,"url":"https:\/\/sakaba.mghosteur.com\/en\/product\/sephora-ensemble-de-rasoir-pour-le-sourcils\/","url_meta":{"origin":32714,"position":2},"title":"SEPHORA ENSEMBLE DE RASOIR POUR LE SOURCILS","author":"admin","date":"May 15, 2024","format":false,"excerpt":"","rel":"","context":"Similar post","block_context":{"text":"Similar post","link":""},"img":{"alt_text":"","src":"","width":0,"height":0},"classes":[]},{"id":32709,"url":"https:\/\/sakaba.mghosteur.com\/en\/product\/sephora-ensemble-de-rasoir-pour-le-visage\/","url_meta":{"origin":32714,"position":3},"title":"SEPHORA ENSEMBLE DE RASOIR POUR LE VISAGE","author":"admin","date":"May 15, 2024","format":false,"excerpt":"","rel":"","context":"Similar post","block_context":{"text":"Similar post","link":""},"img":{"alt_text":"","src":"","width":0,"height":0},"classes":[]},{"id":24924,"url":"https:\/\/sakaba.mghosteur.com\/en\/product\/kolh-eyeliner\/","url_meta":{"origin":32714,"position":4},"title":"Kolh Eyeliner","author":"admin","date":"November 11, 2022","format":false,"excerpt":"15","rel":"","context":"Similar post","block_context":{"text":"Similar post","link":""},"img":{"alt_text":"","src":"","width":0,"height":0},"classes":[]},{"id":32685,"url":"https:\/\/sakaba.mghosteur.com\/en\/product\/sephora-colorful-blush-23-passionate\/","url_meta":{"origin":32714,"position":5},"title":"SEPHORA COLORFUL BLUSH 23 PASSIONATE","author":"admin","date":"May 15, 2024","format":false,"excerpt":"","rel":"","context":"Similar post","block_context":{"text":"Similar post","link":""},"img":{"alt_text":"","src":"","width":0,"height":0},"classes":[]}],"_links":{"self":[{"href":"https:\/\/sakaba.mghosteur.com\/en\/wp-json\/wp\/v2\/product\/32714","targetHints":{"allow":["GET"]}}],"collection":[{"href":"https:\/\/sakaba.mghosteur.com\/en\/wp-json\/wp\/v2\/product"}],"about":[{"href":"https:\/\/sakaba.mghosteur.com\/en\/wp-json\/wp\/v2\/types\/product"}],"replies":[{"embeddable":true,"href":"https:\/\/sakaba.mghosteur.com\/en\/wp-json\/wp\/v2\/comments?post=32714"}],"version-history":[{"count":0,"href":"https:\/\/sakaba.mghosteur.com\/en\/wp-json\/wp\/v2\/product\/32714\/revisions"}],"wp:attachment":[{"href":"https:\/\/sakaba.mghosteur.com\/en\/wp-json\/wp\/v2\/media?parent=32714"}],"wp:term":[{"taxonomy":"product_brand","embeddable":true,"href":"https:\/\/sakaba.mghosteur.com\/en\/wp-json\/wp\/v2\/product_brand?post=32714"},{"taxonomy":"product_cat","embeddable":true,"href":"https:\/\/sakaba.mghosteur.com\/en\/wp-json\/wp\/v2\/product_cat?post=32714"},{"taxonomy":"product_tag","embeddable":true,"href":"https:\/\/sakaba.mghosteur.com\/en\/wp-json\/wp\/v2\/product_tag?post=32714"}],"curies":[{"name":"wp","href":"https:\/\/api.w.org\/{rel}","templated":true}]}}