{"id":32721,"date":"2024-05-15T16:56:25","date_gmt":"2024-05-15T16:56:25","guid":{"rendered":"https:\/\/sakaba.mghosteur.com\/?post_type=product&#038;p=32721"},"modified":"2024-09-01T04:00:18","modified_gmt":"2024-09-01T04:00:18","slug":"sephora-poudre-56-neutral-toffee-caramel","status":"publish","type":"product","link":"https:\/\/sakaba.mghosteur.com\/en\/product\/sephora-poudre-56-neutral-toffee-caramel\/","title":{"rendered":"Sephora poudre 56 NEUTRAL TOFFEE CARAMEL"},"content":{"rendered":"","protected":false},"excerpt":{"rendered":"","protected":false},"featured_media":0,"comment_status":"open","ping_status":"closed","template":"","meta":[],"product_brand":[966],"product_cat":[289,311],"product_tag":[],"class_list":{"0":"post-32721","1":"product","2":"type-product","3":"status-publish","5":"product_brand-sephora","6":"product_cat-aaa-maquillage","7":"product_cat-teint","9":"first","10":"instock","11":"shipping-taxable","12":"product-type-simple"},"jetpack-related-posts":[{"id":32724,"url":"https:\/\/sakaba.mghosteur.com\/en\/product\/sephora-poudre-60-warm-toffee-caramel\/","url_meta":{"origin":32721,"position":0},"title":"Sephora poudre 60 WARM TOFFEE CARAMEL","author":"admin","date":"May 15, 2024","format":false,"excerpt":"","rel":"","context":"Similar post","block_context":{"text":"Similar post","link":""},"img":{"alt_text":"","src":"","width":0,"height":0},"classes":[]},{"id":32718,"url":"https:\/\/sakaba.mghosteur.com\/en\/product\/sephora-poudre-34-peach-fawn\/","url_meta":{"origin":32721,"position":1},"title":"Sephora poudre 34 PEACH FAWN","author":"admin","date":"May 15, 2024","format":false,"excerpt":"","rel":"","context":"Similar post","block_context":{"text":"Similar post","link":""},"img":{"alt_text":"","src":"","width":0,"height":0},"classes":[]},{"id":32864,"url":"https:\/\/sakaba.mghosteur.com\/en\/product\/dermablend-poudre-intense-caramel-35c\/","url_meta":{"origin":32721,"position":2},"title":"DERMABLEND POUDRE INTENSE CARAMEL 35C","author":"admin","date":"May 16, 2024","format":false,"excerpt":"","rel":"","context":"Similar post","block_context":{"text":"Similar post","link":""},"img":{"alt_text":"","src":"","width":0,"height":0},"classes":[]},{"id":34533,"url":"https:\/\/sakaba.mghosteur.com\/en\/product\/fenty-beauty-sun-stalk-r-caramel-cutie-06\/","url_meta":{"origin":32721,"position":3},"title":"FENTY BEAUTY SUN STALK R CARAMEL CUTIE 06","author":"admin","date":"May 29, 2024","format":false,"excerpt":"Poudre bronzante longue tenue et r\u00e9sistante au transfert qui donne vie \u00e0 tous les tons de peau avec un \u00e9clat ensoleill\u00e9 instantan\u00e9.","rel":"","context":"Similar post","block_context":{"text":"Similar post","link":""},"img":{"alt_text":"","src":"","width":0,"height":0},"classes":[]},{"id":33604,"url":"https:\/\/sakaba.mghosteur.com\/en\/product\/l-a-girl-pro-conceal-gc-984-toffee\/","url_meta":{"origin":32721,"position":4},"title":"L.A.GIRL Pro Conceal GC-984 TOFFEE","author":"admin","date":"May 22, 2024","format":false,"excerpt":"","rel":"","context":"Similar post","block_context":{"text":"Similar post","link":""},"img":{"alt_text":"","src":"","width":0,"height":0},"classes":[]},{"id":32714,"url":"https:\/\/sakaba.mghosteur.com\/en\/product\/sephora-eyeliner-noir\/","url_meta":{"origin":32721,"position":5},"title":"SEPHORA EYELINER NOIR","author":"admin","date":"May 15, 2024","format":false,"excerpt":"","rel":"","context":"Similar post","block_context":{"text":"Similar post","link":""},"img":{"alt_text":"","src":"","width":0,"height":0},"classes":[]}],"_links":{"self":[{"href":"https:\/\/sakaba.mghosteur.com\/en\/wp-json\/wp\/v2\/product\/32721","targetHints":{"allow":["GET"]}}],"collection":[{"href":"https:\/\/sakaba.mghosteur.com\/en\/wp-json\/wp\/v2\/product"}],"about":[{"href":"https:\/\/sakaba.mghosteur.com\/en\/wp-json\/wp\/v2\/types\/product"}],"replies":[{"embeddable":true,"href":"https:\/\/sakaba.mghosteur.com\/en\/wp-json\/wp\/v2\/comments?post=32721"}],"version-history":[{"count":0,"href":"https:\/\/sakaba.mghosteur.com\/en\/wp-json\/wp\/v2\/product\/32721\/revisions"}],"wp:attachment":[{"href":"https:\/\/sakaba.mghosteur.com\/en\/wp-json\/wp\/v2\/media?parent=32721"}],"wp:term":[{"taxonomy":"product_brand","embeddable":true,"href":"https:\/\/sakaba.mghosteur.com\/en\/wp-json\/wp\/v2\/product_brand?post=32721"},{"taxonomy":"product_cat","embeddable":true,"href":"https:\/\/sakaba.mghosteur.com\/en\/wp-json\/wp\/v2\/product_cat?post=32721"},{"taxonomy":"product_tag","embeddable":true,"href":"https:\/\/sakaba.mghosteur.com\/en\/wp-json\/wp\/v2\/product_tag?post=32721"}],"curies":[{"name":"wp","href":"https:\/\/api.w.org\/{rel}","templated":true}]}}