{"id":32818,"date":"2024-05-16T15:25:53","date_gmt":"2024-05-16T15:25:53","guid":{"rendered":"https:\/\/sakaba.mghosteur.com\/?post_type=product&#038;p=32818"},"modified":"2024-09-09T02:11:34","modified_gmt":"2024-09-09T02:11:34","slug":"ambi-skincare-fade-cream-normal-skin","status":"publish","type":"product","link":"https:\/\/sakaba.mghosteur.com\/en\/product\/ambi-skincare-fade-cream-normal-skin\/","title":{"rendered":"AMBI SKINCARE FADE CREAM NORMAL SKIN"},"content":{"rendered":"","protected":false},"excerpt":{"rendered":"","protected":false},"featured_media":0,"comment_status":"open","ping_status":"closed","template":"","meta":[],"product_brand":[781],"product_cat":[291,331,451],"product_tag":[],"class_list":{"0":"post-32818","1":"product","2":"type-product","3":"status-publish","5":"product_brand-ambi","6":"product_cat-eclaircissant","7":"product_cat-hydratant-visage","8":"product_cat-aab-soin-du-visage","10":"first","11":"instock","12":"shipping-taxable","13":"product-type-simple"},"jetpack-related-posts":[{"id":32821,"url":"https:\/\/sakaba.mghosteur.com\/en\/product\/ambi-skincare-fade-cream-oily-skin\/","url_meta":{"origin":32818,"position":0},"title":"AMBI skincare Fade Cream OILY SKIN","author":"admin","date":"May 16, 2024","format":false,"excerpt":"","rel":"","context":"Similar post","block_context":{"text":"Similar post","link":""},"img":{"alt_text":"","src":"","width":0,"height":0},"classes":[]},{"id":25619,"url":"https:\/\/sakaba.mghosteur.com\/en\/product\/nadinola-skin-discoloration-fade-cream-ultra-for-normal-skin\/","url_meta":{"origin":32818,"position":1},"title":"Nadinola Skin Discoloration Fade Cream \u2013 Ultra for Normal Skin","author":"admin","date":"November 14, 2022","format":false,"excerpt":"","rel":"","context":"Similar post","block_context":{"text":"Similar post","link":""},"img":{"alt_text":"","src":"","width":0,"height":0},"classes":[]},{"id":26623,"url":"https:\/\/sakaba.mghosteur.com\/en\/product\/alpha-skin-care-dual-action-fade-cream\/","url_meta":{"origin":32818,"position":2},"title":"ALPHA SKIN CARE DUAL ACTION FADE CREAM","author":"admin","date":"November 28, 2022","format":false,"excerpt":"","rel":"","context":"Similar post","block_context":{"text":"Similar post","link":""},"img":{"alt_text":"","src":"","width":0,"height":0},"classes":[]},{"id":25623,"url":"https:\/\/sakaba.mghosteur.com\/en\/product\/nadinola-skin-discoloration-fade-cream-deluxe-for-oily-skiin\/","url_meta":{"origin":32818,"position":3},"title":"Nadinola Skin Discoloration Fade Cream Deluxe for oily Skiin","author":"admin","date":"November 14, 2022","format":false,"excerpt":"","rel":"","context":"Similar post","block_context":{"text":"Similar post","link":""},"img":{"alt_text":"","src":"","width":0,"height":0},"classes":[]},{"id":29743,"url":"https:\/\/sakaba.mghosteur.com\/en\/product\/skin-success-fade-cream-anti-dark-spot\/","url_meta":{"origin":32818,"position":4},"title":"SKIN SUCCESS  FADE CREAM ANTI DARK SPOT","author":"admin","date":"April 18, 2023","format":false,"excerpt":"D\u00e9couvrez la cr\u00e8me anti-taches Palmer's pour une peau \u00e9clatante et sans taches ! Formul\u00e9e pour tous les types de peau, cette cr\u00e8me cible les taches brunes, les taches de vieillesse et \u00e9quilibre le teint irr\u00e9gulier et la d\u00e9coloration. Elle aide \u00e9galement \u00e0 am\u00e9liorer la souplesse et l'\u00e9lasticit\u00e9 de la peau,\u2026","rel":"","context":"Similar post","block_context":{"text":"Similar post","link":""},"img":{"alt_text":"","src":"","width":0,"height":0},"classes":[]},{"id":26481,"url":"https:\/\/sakaba.mghosteur.com\/en\/product\/palmers-skin-success-fade-cream\/","url_meta":{"origin":32818,"position":5},"title":"PALMERS SKIN SUCCESS FADE CREAM","author":"admin","date":"November 25, 2022","format":false,"excerpt":"D\u00e9couvrez la cr\u00e8me anti-taches fonc\u00e9es de la marque Palmer's, sp\u00e9cialement formul\u00e9e pour tous les types de peau chevelu. Cette cr\u00e8me cible efficacement les taches brunes, les taches de vieillesse et le teint irr\u00e9gulier, tout en \u00e9quilibrant la d\u00e9coloration de la peau. En plus d'am\u00e9liorer la souplesse et l'\u00e9lasticit\u00e9 de votre\u2026","rel":"","context":"Similar post","block_context":{"text":"Similar post","link":""},"img":{"alt_text":"","src":"","width":0,"height":0},"classes":[]}],"_links":{"self":[{"href":"https:\/\/sakaba.mghosteur.com\/en\/wp-json\/wp\/v2\/product\/32818","targetHints":{"allow":["GET"]}}],"collection":[{"href":"https:\/\/sakaba.mghosteur.com\/en\/wp-json\/wp\/v2\/product"}],"about":[{"href":"https:\/\/sakaba.mghosteur.com\/en\/wp-json\/wp\/v2\/types\/product"}],"replies":[{"embeddable":true,"href":"https:\/\/sakaba.mghosteur.com\/en\/wp-json\/wp\/v2\/comments?post=32818"}],"version-history":[{"count":0,"href":"https:\/\/sakaba.mghosteur.com\/en\/wp-json\/wp\/v2\/product\/32818\/revisions"}],"wp:attachment":[{"href":"https:\/\/sakaba.mghosteur.com\/en\/wp-json\/wp\/v2\/media?parent=32818"}],"wp:term":[{"taxonomy":"product_brand","embeddable":true,"href":"https:\/\/sakaba.mghosteur.com\/en\/wp-json\/wp\/v2\/product_brand?post=32818"},{"taxonomy":"product_cat","embeddable":true,"href":"https:\/\/sakaba.mghosteur.com\/en\/wp-json\/wp\/v2\/product_cat?post=32818"},{"taxonomy":"product_tag","embeddable":true,"href":"https:\/\/sakaba.mghosteur.com\/en\/wp-json\/wp\/v2\/product_tag?post=32818"}],"curies":[{"name":"wp","href":"https:\/\/api.w.org\/{rel}","templated":true}]}}